{"id":4449,"date":"2024-04-09T13:48:09","date_gmt":"2024-04-09T11:48:09","guid":{"rendered":"https:\/\/dhr.se\/goteborg\/?page_id=4449"},"modified":"2024-04-09T14:12:29","modified_gmt":"2024-04-09T12:12:29","slug":"fardtjanst","status":"publish","type":"page","link":"https:\/\/dhr.se\/goteborg\/fardtjanst\/","title":{"rendered":"F\u00e4rdtj\u00e4nst"},"content":{"rendered":"<section class=\"block-simple-text\">\n    <div class=\"main\">\n        <div class=\"main-inner\">\n            <div class=\"ingress text-darker\"><p>Senaste nytt i arbetet med F\u00e4rdtj\u00e4nsten.<\/p>\n<p>DHRG har tillsammans med Serviceresor fortsatt att g\u00e5 igenom fr\u00e5geformul\u00e4ret ANBARO.<br \/>\nServiceresors \u201dn\u00f6jd kundindex\u201d, det har aldrig varit under 90% trots st\u00e4ndiga f\u00f6rs\u00e4mringar i reglementet och servicegrad och kvalitet!<\/p>\n<p>Vid genomg\u00e5ng av fr\u00e5geformul\u00e4ret kan vi konstatera att de flesta fr\u00e5gorna handlar om vad serviceresor tycker \u00e4r intressant om serviceresor. H\u00e4r kan du titta p\u00e5 deras fr\u00e5geformul\u00e4r <a href=\"https:\/\/dhr.se\/goteborg\/wp-content\/uploads\/sites\/3\/2024\/04\/ANBAROfardtjanstformular.pdf\">Anbaro<\/a>.<br \/>\nVad resen\u00e4rerna tycker om serviceresor saknas i stor utstr\u00e4ckning. Fr\u00e5gor som DHRG vill ha med:<\/p>\n<ul>\n<li>Vad du tycker om F\u00e4rdtj\u00e4nsten?<\/li>\n<li>Hur vill du att F\u00e4rdtj\u00e4nsten skall Fungera?<\/li>\n<li>Har du tillr\u00e4ckligt med resor?<\/li>\n<li>\u00c4r du n\u00f6jd med f\u00e4rdtj\u00e4nsttaxan?<\/li>\n<\/ul>\n<p>Har du som medlem n\u00e5gra fr\u00e5gor som du skulle vilja ha med? Maila dessa till: <a href=\"mailto:goteborg@dhr.se\">goteborg@dhr.se<\/a> S\u00e4tt rubriken: \u201dANBARO\u201d ser fram emot dina fr\u00e5gor och\/eller synpunkter.<\/p>\n<p>Gl\u00f6m inte att delta i v\u00e5rt nystartade projekt \u201dBrukarrevision f\u00e4rdtj\u00e4nst\u201d, se M\u00f6tesPunkt nr 3 sid 7 \u201dFungerar inte resan med F\u00e4rdtj\u00e4nsten\u201d.<\/p>\n<p>&nbsp;<\/p>\n<p>&nbsp;<\/p>\n<p>&nbsp;<\/p>\n<p>&nbsp;<\/p>\n<p>&nbsp;<\/p>\n<p>&nbsp;<\/p>\n<p>&nbsp;<\/p>\n<\/div>\n            <div class=\"content\"><\/div>\n        <\/div>\n    <\/div>\n<\/section>","protected":false},"excerpt":{"rendered":"","protected":false},"author":7,"featured_media":0,"parent":0,"menu_order":0,"comment_status":"closed","ping_status":"closed","template":"","meta":{"_acf_changed":false,"_monsterinsights_skip_tracking":false,"_monsterinsights_sitenote_active":false,"_monsterinsights_sitenote_note":"","_monsterinsights_sitenote_category":0,"footnotes":""},"class_list":["post-4449","page","type-page","status-publish","hentry"],"acf":[],"yoast_head":"<!-- This site is optimized with the Yoast SEO plugin v27.2 - https:\/\/yoast.com\/product\/yoast-seo-wordpress\/ -->\n<title>F\u00e4rdtj\u00e4nst - DHR - G\u00f6teborg<\/title>\n<meta name=\"robots\" content=\"index, follow, max-snippet:-1, max-image-preview:large, max-video-preview:-1\" \/>\n<link rel=\"canonical\" href=\"https:\/\/dhr.se\/goteborg\/fardtjanst\/\" \/>\n<meta property=\"og:locale\" content=\"sv_SE\" \/>\n<meta property=\"og:type\" content=\"article\" \/>\n<meta property=\"og:title\" content=\"F\u00e4rdtj\u00e4nst - DHR - G\u00f6teborg\" \/>\n<meta property=\"og:url\" content=\"https:\/\/dhr.se\/goteborg\/fardtjanst\/\" \/>\n<meta property=\"og:site_name\" content=\"DHR - G\u00f6teborg\" \/>\n<meta property=\"article:modified_time\" content=\"2024-04-09T12:12:29+00:00\" \/>\n<meta name=\"twitter:card\" content=\"summary_large_image\" \/>\n<script type=\"application\/ld+json\" class=\"yoast-schema-graph\">{\"@context\":\"https:\/\/schema.org\",\"@graph\":[{\"@type\":\"WebPage\",\"@id\":\"https:\/\/dhr.se\/goteborg\/fardtjanst\/\",\"url\":\"https:\/\/dhr.se\/goteborg\/fardtjanst\/\",\"name\":\"F\u00e4rdtj\u00e4nst - DHR - G\u00f6teborg\",\"isPartOf\":{\"@id\":\"https:\/\/dhr.se\/goteborg\/#website\"},\"datePublished\":\"2024-04-09T11:48:09+00:00\",\"dateModified\":\"2024-04-09T12:12:29+00:00\",\"breadcrumb\":{\"@id\":\"https:\/\/dhr.se\/goteborg\/fardtjanst\/#breadcrumb\"},\"inLanguage\":\"sv-SE\",\"potentialAction\":[{\"@type\":\"ReadAction\",\"target\":[\"https:\/\/dhr.se\/goteborg\/fardtjanst\/\"]}]},{\"@type\":\"BreadcrumbList\",\"@id\":\"https:\/\/dhr.se\/goteborg\/fardtjanst\/#breadcrumb\",\"itemListElement\":[{\"@type\":\"ListItem\",\"position\":1,\"name\":\"Hem\",\"item\":\"https:\/\/dhr.se\/goteborg\/\"},{\"@type\":\"ListItem\",\"position\":2,\"name\":\"F\u00e4rdtj\u00e4nst\"}]},{\"@type\":\"WebSite\",\"@id\":\"https:\/\/dhr.se\/goteborg\/#website\",\"url\":\"https:\/\/dhr.se\/goteborg\/\",\"name\":\"DHR - G\u00f6teborg\",\"description\":\"Delaktighet, r\u00f6relsefrihet och handlingskraft\",\"potentialAction\":[{\"@type\":\"SearchAction\",\"target\":{\"@type\":\"EntryPoint\",\"urlTemplate\":\"https:\/\/dhr.se\/goteborg\/?s={search_term_string}\"},\"query-input\":{\"@type\":\"PropertyValueSpecification\",\"valueRequired\":true,\"valueName\":\"search_term_string\"}}],\"inLanguage\":\"sv-SE\"}]}<\/script>\n<!-- \/ Yoast SEO plugin. -->","yoast_head_json":{"title":"F\u00e4rdtj\u00e4nst - DHR - G\u00f6teborg","robots":{"index":"index","follow":"follow","max-snippet":"max-snippet:-1","max-image-preview":"max-image-preview:large","max-video-preview":"max-video-preview:-1"},"canonical":"https:\/\/dhr.se\/goteborg\/fardtjanst\/","og_locale":"sv_SE","og_type":"article","og_title":"F\u00e4rdtj\u00e4nst - DHR - G\u00f6teborg","og_url":"https:\/\/dhr.se\/goteborg\/fardtjanst\/","og_site_name":"DHR - G\u00f6teborg","article_modified_time":"2024-04-09T12:12:29+00:00","twitter_card":"summary_large_image","schema":{"@context":"https:\/\/schema.org","@graph":[{"@type":"WebPage","@id":"https:\/\/dhr.se\/goteborg\/fardtjanst\/","url":"https:\/\/dhr.se\/goteborg\/fardtjanst\/","name":"F\u00e4rdtj\u00e4nst - DHR - G\u00f6teborg","isPartOf":{"@id":"https:\/\/dhr.se\/goteborg\/#website"},"datePublished":"2024-04-09T11:48:09+00:00","dateModified":"2024-04-09T12:12:29+00:00","breadcrumb":{"@id":"https:\/\/dhr.se\/goteborg\/fardtjanst\/#breadcrumb"},"inLanguage":"sv-SE","potentialAction":[{"@type":"ReadAction","target":["https:\/\/dhr.se\/goteborg\/fardtjanst\/"]}]},{"@type":"BreadcrumbList","@id":"https:\/\/dhr.se\/goteborg\/fardtjanst\/#breadcrumb","itemListElement":[{"@type":"ListItem","position":1,"name":"Hem","item":"https:\/\/dhr.se\/goteborg\/"},{"@type":"ListItem","position":2,"name":"F\u00e4rdtj\u00e4nst"}]},{"@type":"WebSite","@id":"https:\/\/dhr.se\/goteborg\/#website","url":"https:\/\/dhr.se\/goteborg\/","name":"DHR - G\u00f6teborg","description":"Delaktighet, r\u00f6relsefrihet och handlingskraft","potentialAction":[{"@type":"SearchAction","target":{"@type":"EntryPoint","urlTemplate":"https:\/\/dhr.se\/goteborg\/?s={search_term_string}"},"query-input":{"@type":"PropertyValueSpecification","valueRequired":true,"valueName":"search_term_string"}}],"inLanguage":"sv-SE"}]}},"publishpress_future_workflow_manual_trigger":{"enabledWorkflows":[]},"_links":{"self":[{"href":"https:\/\/dhr.se\/goteborg\/wp-json\/wp\/v2\/pages\/4449","targetHints":{"allow":["GET"]}}],"collection":[{"href":"https:\/\/dhr.se\/goteborg\/wp-json\/wp\/v2\/pages"}],"about":[{"href":"https:\/\/dhr.se\/goteborg\/wp-json\/wp\/v2\/types\/page"}],"author":[{"embeddable":true,"href":"https:\/\/dhr.se\/goteborg\/wp-json\/wp\/v2\/users\/7"}],"replies":[{"embeddable":true,"href":"https:\/\/dhr.se\/goteborg\/wp-json\/wp\/v2\/comments?post=4449"}],"version-history":[{"count":0,"href":"https:\/\/dhr.se\/goteborg\/wp-json\/wp\/v2\/pages\/4449\/revisions"}],"wp:attachment":[{"href":"https:\/\/dhr.se\/goteborg\/wp-json\/wp\/v2\/media?parent=4449"}],"curies":[{"name":"wp","href":"https:\/\/api.w.org\/{rel}","templated":true}]}}