{"id":4570,"date":"2024-06-18T11:05:34","date_gmt":"2024-06-18T09:05:34","guid":{"rendered":"https:\/\/dhr.se\/goteborg\/?page_id=4570"},"modified":"2024-06-18T15:43:28","modified_gmt":"2024-06-18T13:43:28","slug":"samarbetspartners","status":"publish","type":"page","link":"https:\/\/dhr.se\/goteborg\/om-dhr-goteborg\/samarbetspartners\/","title":{"rendered":"Sammarbeten"},"content":{"rendered":"<section class=\"block-simple-text\">\n    <div class=\"main\">\n        <div class=\"main-inner\">\n            <div class=\"ingress text-darker\"><p>V\u00e5ra samarbetspartners som vi samarbetar med f\u00f6r att underl\u00e4tta vardagagen f\u00f6r personer med funktionshinder.<\/p>\n<p><a href=\"http:\/\/www.mankraft.com\"><img loading=\"lazy\" decoding=\"async\" class=\"alignnone\" src=\"https:\/\/dhr.se\/goteborg\/wp-content\/uploads\/sites\/3\/2024\/06\/mankraft.jpg\" alt=\"\" width=\"176\" height=\"62\" \/><\/a><br \/>\nMankraft i V\u00e4st hj\u00e4lper oss att g\u00f6ra en del tr\u00e4dg\u00e5rdsarbete ute vid v\u00e5r klubblokal p\u00e5 V\u00e4len. De klipper ner buskar och tr\u00e4d s\u00e5 att inte de blir f\u00f6r stora och \u00e4r i v\u00e4gen.<br \/>\nKlicka p\u00e5 bilden f\u00f6r att komma till deras hemsida och l\u00e4sa mera om deras tj\u00e4nster.<\/p>\n<p>Tillsammans med Teater Kattma s\u00e5 erbjuder personer med funktionshinder att pr\u00f6va p\u00e5 att spela teater. Detta \u00e4r en bra form f\u00f6r att n\u00e5 till allm\u00e4nheten och beskriva en del av de problem som man lever med som funktionshindrad.<\/p>\n<p><a href=\"http:\/\/www.teaterkattma.se\"><img loading=\"lazy\" decoding=\"async\" class=\"alignnone\" src=\"https:\/\/dhr.se\/goteborg\/wp-content\/uploads\/sites\/3\/2024\/06\/teaterkattma.png\" alt=\"\" width=\"176\" height=\"62\" \/><\/a><\/p>\n<\/div>\n            <div class=\"content\"><\/div>\n        <\/div>\n    <\/div>\n<\/section>","protected":false},"excerpt":{"rendered":"","protected":false},"author":7,"featured_media":0,"parent":936,"menu_order":0,"comment_status":"closed","ping_status":"closed","template":"template-side-menu.php","meta":{"_acf_changed":false,"_monsterinsights_skip_tracking":false,"_monsterinsights_sitenote_active":false,"_monsterinsights_sitenote_note":"","_monsterinsights_sitenote_category":0,"footnotes":""},"class_list":["post-4570","page","type-page","status-publish","hentry"],"acf":[],"yoast_head":"<!-- This site is optimized with the Yoast SEO plugin v27.2 - https:\/\/yoast.com\/product\/yoast-seo-wordpress\/ -->\n<title>Sammarbeten - DHR - G\u00f6teborg<\/title>\n<meta name=\"robots\" content=\"index, follow, max-snippet:-1, max-image-preview:large, max-video-preview:-1\" \/>\n<link rel=\"canonical\" href=\"https:\/\/dhr.se\/goteborg\/om-dhr-goteborg\/samarbetspartners\/\" \/>\n<meta property=\"og:locale\" content=\"sv_SE\" \/>\n<meta property=\"og:type\" content=\"article\" \/>\n<meta property=\"og:title\" content=\"Sammarbeten - DHR - G\u00f6teborg\" \/>\n<meta property=\"og:url\" content=\"https:\/\/dhr.se\/goteborg\/om-dhr-goteborg\/samarbetspartners\/\" \/>\n<meta property=\"og:site_name\" content=\"DHR - G\u00f6teborg\" \/>\n<meta property=\"article:modified_time\" content=\"2024-06-18T13:43:28+00:00\" \/>\n<meta name=\"twitter:card\" content=\"summary_large_image\" \/>\n<script type=\"application\/ld+json\" class=\"yoast-schema-graph\">{\"@context\":\"https:\/\/schema.org\",\"@graph\":[{\"@type\":\"WebPage\",\"@id\":\"https:\/\/dhr.se\/goteborg\/om-dhr-goteborg\/samarbetspartners\/\",\"url\":\"https:\/\/dhr.se\/goteborg\/om-dhr-goteborg\/samarbetspartners\/\",\"name\":\"Sammarbeten - DHR - G\u00f6teborg\",\"isPartOf\":{\"@id\":\"https:\/\/dhr.se\/goteborg\/#website\"},\"datePublished\":\"2024-06-18T09:05:34+00:00\",\"dateModified\":\"2024-06-18T13:43:28+00:00\",\"breadcrumb\":{\"@id\":\"https:\/\/dhr.se\/goteborg\/om-dhr-goteborg\/samarbetspartners\/#breadcrumb\"},\"inLanguage\":\"sv-SE\",\"potentialAction\":[{\"@type\":\"ReadAction\",\"target\":[\"https:\/\/dhr.se\/goteborg\/om-dhr-goteborg\/samarbetspartners\/\"]}]},{\"@type\":\"BreadcrumbList\",\"@id\":\"https:\/\/dhr.se\/goteborg\/om-dhr-goteborg\/samarbetspartners\/#breadcrumb\",\"itemListElement\":[{\"@type\":\"ListItem\",\"position\":1,\"name\":\"Hem\",\"item\":\"https:\/\/dhr.se\/goteborg\/\"},{\"@type\":\"ListItem\",\"position\":2,\"name\":\"Om DHR G\u00f6teborg\",\"item\":\"https:\/\/dhr.se\/goteborg\/om-dhr-goteborg\/\"},{\"@type\":\"ListItem\",\"position\":3,\"name\":\"Sammarbeten\"}]},{\"@type\":\"WebSite\",\"@id\":\"https:\/\/dhr.se\/goteborg\/#website\",\"url\":\"https:\/\/dhr.se\/goteborg\/\",\"name\":\"DHR - G\u00f6teborg\",\"description\":\"Delaktighet, r\u00f6relsefrihet och handlingskraft\",\"potentialAction\":[{\"@type\":\"SearchAction\",\"target\":{\"@type\":\"EntryPoint\",\"urlTemplate\":\"https:\/\/dhr.se\/goteborg\/?s={search_term_string}\"},\"query-input\":{\"@type\":\"PropertyValueSpecification\",\"valueRequired\":true,\"valueName\":\"search_term_string\"}}],\"inLanguage\":\"sv-SE\"}]}<\/script>\n<!-- \/ Yoast SEO plugin. -->","yoast_head_json":{"title":"Sammarbeten - DHR - G\u00f6teborg","robots":{"index":"index","follow":"follow","max-snippet":"max-snippet:-1","max-image-preview":"max-image-preview:large","max-video-preview":"max-video-preview:-1"},"canonical":"https:\/\/dhr.se\/goteborg\/om-dhr-goteborg\/samarbetspartners\/","og_locale":"sv_SE","og_type":"article","og_title":"Sammarbeten - DHR - G\u00f6teborg","og_url":"https:\/\/dhr.se\/goteborg\/om-dhr-goteborg\/samarbetspartners\/","og_site_name":"DHR - G\u00f6teborg","article_modified_time":"2024-06-18T13:43:28+00:00","twitter_card":"summary_large_image","schema":{"@context":"https:\/\/schema.org","@graph":[{"@type":"WebPage","@id":"https:\/\/dhr.se\/goteborg\/om-dhr-goteborg\/samarbetspartners\/","url":"https:\/\/dhr.se\/goteborg\/om-dhr-goteborg\/samarbetspartners\/","name":"Sammarbeten - DHR - G\u00f6teborg","isPartOf":{"@id":"https:\/\/dhr.se\/goteborg\/#website"},"datePublished":"2024-06-18T09:05:34+00:00","dateModified":"2024-06-18T13:43:28+00:00","breadcrumb":{"@id":"https:\/\/dhr.se\/goteborg\/om-dhr-goteborg\/samarbetspartners\/#breadcrumb"},"inLanguage":"sv-SE","potentialAction":[{"@type":"ReadAction","target":["https:\/\/dhr.se\/goteborg\/om-dhr-goteborg\/samarbetspartners\/"]}]},{"@type":"BreadcrumbList","@id":"https:\/\/dhr.se\/goteborg\/om-dhr-goteborg\/samarbetspartners\/#breadcrumb","itemListElement":[{"@type":"ListItem","position":1,"name":"Hem","item":"https:\/\/dhr.se\/goteborg\/"},{"@type":"ListItem","position":2,"name":"Om DHR G\u00f6teborg","item":"https:\/\/dhr.se\/goteborg\/om-dhr-goteborg\/"},{"@type":"ListItem","position":3,"name":"Sammarbeten"}]},{"@type":"WebSite","@id":"https:\/\/dhr.se\/goteborg\/#website","url":"https:\/\/dhr.se\/goteborg\/","name":"DHR - G\u00f6teborg","description":"Delaktighet, r\u00f6relsefrihet och handlingskraft","potentialAction":[{"@type":"SearchAction","target":{"@type":"EntryPoint","urlTemplate":"https:\/\/dhr.se\/goteborg\/?s={search_term_string}"},"query-input":{"@type":"PropertyValueSpecification","valueRequired":true,"valueName":"search_term_string"}}],"inLanguage":"sv-SE"}]}},"publishpress_future_workflow_manual_trigger":{"enabledWorkflows":[]},"_links":{"self":[{"href":"https:\/\/dhr.se\/goteborg\/wp-json\/wp\/v2\/pages\/4570","targetHints":{"allow":["GET"]}}],"collection":[{"href":"https:\/\/dhr.se\/goteborg\/wp-json\/wp\/v2\/pages"}],"about":[{"href":"https:\/\/dhr.se\/goteborg\/wp-json\/wp\/v2\/types\/page"}],"author":[{"embeddable":true,"href":"https:\/\/dhr.se\/goteborg\/wp-json\/wp\/v2\/users\/7"}],"replies":[{"embeddable":true,"href":"https:\/\/dhr.se\/goteborg\/wp-json\/wp\/v2\/comments?post=4570"}],"version-history":[{"count":0,"href":"https:\/\/dhr.se\/goteborg\/wp-json\/wp\/v2\/pages\/4570\/revisions"}],"up":[{"embeddable":true,"href":"https:\/\/dhr.se\/goteborg\/wp-json\/wp\/v2\/pages\/936"}],"wp:attachment":[{"href":"https:\/\/dhr.se\/goteborg\/wp-json\/wp\/v2\/media?parent=4570"}],"curies":[{"name":"wp","href":"https:\/\/api.w.org\/{rel}","templated":true}]}}