{"id":4761,"date":"2025-01-22T11:55:35","date_gmt":"2025-01-22T10:55:35","guid":{"rendered":"https:\/\/dhr.se\/goteborg\/?page_id=4761"},"modified":"2026-02-16T11:21:07","modified_gmt":"2026-02-16T10:21:07","slug":"gillar-du-att-lyssna-pa-poddar","status":"publish","type":"page","link":"https:\/\/dhr.se\/goteborg\/gillar-du-att-lyssna-pa-poddar\/","title":{"rendered":"Gillar du att lyssna p\u00e5 poddar?"},"content":{"rendered":"<section class=\"block-simple-text\">\n    <div class=\"main\">\n        <div class=\"main-inner\">\n            <div class=\"ingress text-darker\"><p>S\u00e5 bra f\u00f6r nu finns G\u00f6teborgsavdelningens alldeles egna podd DHR G\u00f6teborgspodden som s\u00e4tter G\u00f6teborg i r\u00f6relse.<br \/>\nVi \u00e4r fortfarande inne i en inl\u00e4rningsfas men har till dagens datum tv\u00e5 publicerade avsnitt ute p\u00e5 Spotify.<br \/>\nTemat f\u00f6r podden \u00e4r att diskutera de utmaningar som man st\u00e4lls inf\u00f6r som funktionshindrad i G\u00f6teborg med omnejd.<br \/>\nVi tar g\u00e4rna emot f\u00f6rslag p\u00e5 \u00e4mnen eller vilka g\u00e4ster som vi kan ha med.<\/p>\n<p>Hur g\u00f6r du f\u00f6r att lyssna p\u00e5 podden?<br \/>\nSkriv DHR G\u00f6teborg i s\u00f6kf\u00e4ltet p\u00e5 Google<\/p>\n<p><a href=\"https:\/\/open.spotify.com\/show\/6mAkqOR2XoFvnB6SqijrDH\">G\u00f6teborgsavdelningens podd<\/a><\/p>\n<\/div>\n            <div class=\"content\"><\/div>\n        <\/div>\n    <\/div>\n<\/section>","protected":false},"excerpt":{"rendered":"","protected":false},"author":7,"featured_media":0,"parent":0,"menu_order":0,"comment_status":"closed","ping_status":"closed","template":"","meta":{"_acf_changed":false,"_monsterinsights_skip_tracking":false,"_monsterinsights_sitenote_active":false,"_monsterinsights_sitenote_note":"","_monsterinsights_sitenote_category":0,"footnotes":""},"class_list":["post-4761","page","type-page","status-publish","hentry"],"acf":[],"yoast_head":"<!-- This site is optimized with the Yoast SEO plugin v27.2 - https:\/\/yoast.com\/product\/yoast-seo-wordpress\/ -->\n<title>Gillar du att lyssna p\u00e5 poddar? - DHR - G\u00f6teborg<\/title>\n<meta name=\"robots\" content=\"index, follow, max-snippet:-1, max-image-preview:large, max-video-preview:-1\" \/>\n<link rel=\"canonical\" href=\"https:\/\/dhr.se\/goteborg\/gillar-du-att-lyssna-pa-poddar\/\" \/>\n<meta property=\"og:locale\" content=\"sv_SE\" \/>\n<meta property=\"og:type\" content=\"article\" \/>\n<meta property=\"og:title\" content=\"Gillar du att lyssna p\u00e5 poddar? - DHR - G\u00f6teborg\" \/>\n<meta property=\"og:url\" content=\"https:\/\/dhr.se\/goteborg\/gillar-du-att-lyssna-pa-poddar\/\" \/>\n<meta property=\"og:site_name\" content=\"DHR - G\u00f6teborg\" \/>\n<meta property=\"article:modified_time\" content=\"2026-02-16T10:21:07+00:00\" \/>\n<meta name=\"twitter:card\" content=\"summary_large_image\" \/>\n<script type=\"application\/ld+json\" class=\"yoast-schema-graph\">{\"@context\":\"https:\/\/schema.org\",\"@graph\":[{\"@type\":\"WebPage\",\"@id\":\"https:\/\/dhr.se\/goteborg\/gillar-du-att-lyssna-pa-poddar\/\",\"url\":\"https:\/\/dhr.se\/goteborg\/gillar-du-att-lyssna-pa-poddar\/\",\"name\":\"Gillar du att lyssna p\u00e5 poddar? - DHR - G\u00f6teborg\",\"isPartOf\":{\"@id\":\"https:\/\/dhr.se\/goteborg\/#website\"},\"datePublished\":\"2025-01-22T10:55:35+00:00\",\"dateModified\":\"2026-02-16T10:21:07+00:00\",\"breadcrumb\":{\"@id\":\"https:\/\/dhr.se\/goteborg\/gillar-du-att-lyssna-pa-poddar\/#breadcrumb\"},\"inLanguage\":\"sv-SE\",\"potentialAction\":[{\"@type\":\"ReadAction\",\"target\":[\"https:\/\/dhr.se\/goteborg\/gillar-du-att-lyssna-pa-poddar\/\"]}]},{\"@type\":\"BreadcrumbList\",\"@id\":\"https:\/\/dhr.se\/goteborg\/gillar-du-att-lyssna-pa-poddar\/#breadcrumb\",\"itemListElement\":[{\"@type\":\"ListItem\",\"position\":1,\"name\":\"Hem\",\"item\":\"https:\/\/dhr.se\/goteborg\/\"},{\"@type\":\"ListItem\",\"position\":2,\"name\":\"Gillar du att lyssna p\u00e5 poddar?\"}]},{\"@type\":\"WebSite\",\"@id\":\"https:\/\/dhr.se\/goteborg\/#website\",\"url\":\"https:\/\/dhr.se\/goteborg\/\",\"name\":\"DHR - G\u00f6teborg\",\"description\":\"Delaktighet, r\u00f6relsefrihet och handlingskraft\",\"potentialAction\":[{\"@type\":\"SearchAction\",\"target\":{\"@type\":\"EntryPoint\",\"urlTemplate\":\"https:\/\/dhr.se\/goteborg\/?s={search_term_string}\"},\"query-input\":{\"@type\":\"PropertyValueSpecification\",\"valueRequired\":true,\"valueName\":\"search_term_string\"}}],\"inLanguage\":\"sv-SE\"}]}<\/script>\n<!-- \/ Yoast SEO plugin. -->","yoast_head_json":{"title":"Gillar du att lyssna p\u00e5 poddar? - DHR - G\u00f6teborg","robots":{"index":"index","follow":"follow","max-snippet":"max-snippet:-1","max-image-preview":"max-image-preview:large","max-video-preview":"max-video-preview:-1"},"canonical":"https:\/\/dhr.se\/goteborg\/gillar-du-att-lyssna-pa-poddar\/","og_locale":"sv_SE","og_type":"article","og_title":"Gillar du att lyssna p\u00e5 poddar? - DHR - G\u00f6teborg","og_url":"https:\/\/dhr.se\/goteborg\/gillar-du-att-lyssna-pa-poddar\/","og_site_name":"DHR - G\u00f6teborg","article_modified_time":"2026-02-16T10:21:07+00:00","twitter_card":"summary_large_image","schema":{"@context":"https:\/\/schema.org","@graph":[{"@type":"WebPage","@id":"https:\/\/dhr.se\/goteborg\/gillar-du-att-lyssna-pa-poddar\/","url":"https:\/\/dhr.se\/goteborg\/gillar-du-att-lyssna-pa-poddar\/","name":"Gillar du att lyssna p\u00e5 poddar? - DHR - G\u00f6teborg","isPartOf":{"@id":"https:\/\/dhr.se\/goteborg\/#website"},"datePublished":"2025-01-22T10:55:35+00:00","dateModified":"2026-02-16T10:21:07+00:00","breadcrumb":{"@id":"https:\/\/dhr.se\/goteborg\/gillar-du-att-lyssna-pa-poddar\/#breadcrumb"},"inLanguage":"sv-SE","potentialAction":[{"@type":"ReadAction","target":["https:\/\/dhr.se\/goteborg\/gillar-du-att-lyssna-pa-poddar\/"]}]},{"@type":"BreadcrumbList","@id":"https:\/\/dhr.se\/goteborg\/gillar-du-att-lyssna-pa-poddar\/#breadcrumb","itemListElement":[{"@type":"ListItem","position":1,"name":"Hem","item":"https:\/\/dhr.se\/goteborg\/"},{"@type":"ListItem","position":2,"name":"Gillar du att lyssna p\u00e5 poddar?"}]},{"@type":"WebSite","@id":"https:\/\/dhr.se\/goteborg\/#website","url":"https:\/\/dhr.se\/goteborg\/","name":"DHR - G\u00f6teborg","description":"Delaktighet, r\u00f6relsefrihet och handlingskraft","potentialAction":[{"@type":"SearchAction","target":{"@type":"EntryPoint","urlTemplate":"https:\/\/dhr.se\/goteborg\/?s={search_term_string}"},"query-input":{"@type":"PropertyValueSpecification","valueRequired":true,"valueName":"search_term_string"}}],"inLanguage":"sv-SE"}]}},"publishpress_future_workflow_manual_trigger":{"enabledWorkflows":[]},"_links":{"self":[{"href":"https:\/\/dhr.se\/goteborg\/wp-json\/wp\/v2\/pages\/4761","targetHints":{"allow":["GET"]}}],"collection":[{"href":"https:\/\/dhr.se\/goteborg\/wp-json\/wp\/v2\/pages"}],"about":[{"href":"https:\/\/dhr.se\/goteborg\/wp-json\/wp\/v2\/types\/page"}],"author":[{"embeddable":true,"href":"https:\/\/dhr.se\/goteborg\/wp-json\/wp\/v2\/users\/7"}],"replies":[{"embeddable":true,"href":"https:\/\/dhr.se\/goteborg\/wp-json\/wp\/v2\/comments?post=4761"}],"version-history":[{"count":1,"href":"https:\/\/dhr.se\/goteborg\/wp-json\/wp\/v2\/pages\/4761\/revisions"}],"predecessor-version":[{"id":5254,"href":"https:\/\/dhr.se\/goteborg\/wp-json\/wp\/v2\/pages\/4761\/revisions\/5254"}],"wp:attachment":[{"href":"https:\/\/dhr.se\/goteborg\/wp-json\/wp\/v2\/media?parent=4761"}],"curies":[{"name":"wp","href":"https:\/\/api.w.org\/{rel}","templated":true}]}}