{"id":4784,"date":"2025-02-11T13:10:43","date_gmt":"2025-02-11T12:10:43","guid":{"rendered":"https:\/\/dhr.se\/goteborg\/?page_id=4784"},"modified":"2025-11-10T11:02:26","modified_gmt":"2025-11-10T10:02:26","slug":"ny-medlem","status":"publish","type":"page","link":"https:\/\/dhr.se\/goteborg\/ny-medlem\/","title":{"rendered":"Ny medlem"},"content":{"rendered":"<section class=\"block-simple-text\">\n    <div class=\"main\">\n        <div class=\"main-inner\">\n            <div class=\"ingress text-darker\"><p>Vill du bli medlem h\u00e4r hos oss? Va roligt. Vi beh\u00f6ver ditt medlemskap f\u00f6r att v\u00e4xa som organisation. S\u00e5 oavsett om du v\u00e4ljer att bli en passiv medlem eller om du verkligen vill engagera dig i kampen f\u00f6r ett mer tillg\u00e4ngligt samh\u00e4lle s\u00e5 \u00e4r vi tacksamma \u00f6ver ditt medlemskap.<br \/>\nP\u00e5 f\u00f6rbundets hemsida kan du l\u00e4sa mer om de <a href=\"https:\/\/dhr.se\/bli-medlem\/medlemsformaner\/\">medlemsf\u00f6rm\u00e5ner<\/a> man f\u00e5r som medlem.<\/p>\n<p>F\u00f6r att bli medlem g\u00e5r du enklast till <a href=\"https:\/\/sbtdhr.mysoft.no\/modules\/blimedlem\/blimedlem.aspx\">v\u00e5rt formul\u00e4r<\/a> f\u00f6r att fylla i dina uppgifter. Du kan \u00e4ven kontakta oss p\u00e5 kansliet eller v\u00e5rt f\u00f6rbund i Stockholm. F\u00f6rbundet i Stockholm n\u00e5r du p\u00e5 <a href=\"http:\/\/www.dhr.se\">www.dhr.se<\/a>. Du kan \u00e4ven ringa dem och f\u00e5 hj\u00e4lp med att bli medlem p\u00e5 telefonnummer 08-685 80 00.<\/p>\n<p>Varmt v\u00e4lkommen som medlem!<\/p>\n<\/div>\n            <div class=\"content\"><\/div>\n        <\/div>\n    <\/div>\n<\/section>","protected":false},"excerpt":{"rendered":"","protected":false},"author":7,"featured_media":0,"parent":0,"menu_order":0,"comment_status":"closed","ping_status":"closed","template":"","meta":{"_acf_changed":false,"_monsterinsights_skip_tracking":false,"_monsterinsights_sitenote_active":false,"_monsterinsights_sitenote_note":"","_monsterinsights_sitenote_category":0,"footnotes":""},"class_list":["post-4784","page","type-page","status-publish","hentry"],"acf":[],"yoast_head":"<!-- This site is optimized with the Yoast SEO plugin v27.2 - https:\/\/yoast.com\/product\/yoast-seo-wordpress\/ -->\n<title>Ny medlem - DHR - G\u00f6teborg<\/title>\n<meta name=\"robots\" content=\"index, follow, max-snippet:-1, max-image-preview:large, max-video-preview:-1\" \/>\n<link rel=\"canonical\" href=\"https:\/\/dhr.se\/goteborg\/ny-medlem\/\" \/>\n<meta property=\"og:locale\" content=\"sv_SE\" \/>\n<meta property=\"og:type\" content=\"article\" \/>\n<meta property=\"og:title\" content=\"Ny medlem - DHR - G\u00f6teborg\" \/>\n<meta property=\"og:url\" content=\"https:\/\/dhr.se\/goteborg\/ny-medlem\/\" \/>\n<meta property=\"og:site_name\" content=\"DHR - G\u00f6teborg\" \/>\n<meta property=\"article:modified_time\" content=\"2025-11-10T10:02:26+00:00\" \/>\n<meta name=\"twitter:card\" content=\"summary_large_image\" \/>\n<script type=\"application\/ld+json\" class=\"yoast-schema-graph\">{\"@context\":\"https:\/\/schema.org\",\"@graph\":[{\"@type\":\"WebPage\",\"@id\":\"https:\/\/dhr.se\/goteborg\/ny-medlem\/\",\"url\":\"https:\/\/dhr.se\/goteborg\/ny-medlem\/\",\"name\":\"Ny medlem - DHR - G\u00f6teborg\",\"isPartOf\":{\"@id\":\"https:\/\/dhr.se\/goteborg\/#website\"},\"datePublished\":\"2025-02-11T12:10:43+00:00\",\"dateModified\":\"2025-11-10T10:02:26+00:00\",\"breadcrumb\":{\"@id\":\"https:\/\/dhr.se\/goteborg\/ny-medlem\/#breadcrumb\"},\"inLanguage\":\"sv-SE\",\"potentialAction\":[{\"@type\":\"ReadAction\",\"target\":[\"https:\/\/dhr.se\/goteborg\/ny-medlem\/\"]}]},{\"@type\":\"BreadcrumbList\",\"@id\":\"https:\/\/dhr.se\/goteborg\/ny-medlem\/#breadcrumb\",\"itemListElement\":[{\"@type\":\"ListItem\",\"position\":1,\"name\":\"Hem\",\"item\":\"https:\/\/dhr.se\/goteborg\/\"},{\"@type\":\"ListItem\",\"position\":2,\"name\":\"Ny medlem\"}]},{\"@type\":\"WebSite\",\"@id\":\"https:\/\/dhr.se\/goteborg\/#website\",\"url\":\"https:\/\/dhr.se\/goteborg\/\",\"name\":\"DHR - G\u00f6teborg\",\"description\":\"Delaktighet, r\u00f6relsefrihet och handlingskraft\",\"potentialAction\":[{\"@type\":\"SearchAction\",\"target\":{\"@type\":\"EntryPoint\",\"urlTemplate\":\"https:\/\/dhr.se\/goteborg\/?s={search_term_string}\"},\"query-input\":{\"@type\":\"PropertyValueSpecification\",\"valueRequired\":true,\"valueName\":\"search_term_string\"}}],\"inLanguage\":\"sv-SE\"}]}<\/script>\n<!-- \/ Yoast SEO plugin. -->","yoast_head_json":{"title":"Ny medlem - DHR - G\u00f6teborg","robots":{"index":"index","follow":"follow","max-snippet":"max-snippet:-1","max-image-preview":"max-image-preview:large","max-video-preview":"max-video-preview:-1"},"canonical":"https:\/\/dhr.se\/goteborg\/ny-medlem\/","og_locale":"sv_SE","og_type":"article","og_title":"Ny medlem - DHR - G\u00f6teborg","og_url":"https:\/\/dhr.se\/goteborg\/ny-medlem\/","og_site_name":"DHR - G\u00f6teborg","article_modified_time":"2025-11-10T10:02:26+00:00","twitter_card":"summary_large_image","schema":{"@context":"https:\/\/schema.org","@graph":[{"@type":"WebPage","@id":"https:\/\/dhr.se\/goteborg\/ny-medlem\/","url":"https:\/\/dhr.se\/goteborg\/ny-medlem\/","name":"Ny medlem - DHR - G\u00f6teborg","isPartOf":{"@id":"https:\/\/dhr.se\/goteborg\/#website"},"datePublished":"2025-02-11T12:10:43+00:00","dateModified":"2025-11-10T10:02:26+00:00","breadcrumb":{"@id":"https:\/\/dhr.se\/goteborg\/ny-medlem\/#breadcrumb"},"inLanguage":"sv-SE","potentialAction":[{"@type":"ReadAction","target":["https:\/\/dhr.se\/goteborg\/ny-medlem\/"]}]},{"@type":"BreadcrumbList","@id":"https:\/\/dhr.se\/goteborg\/ny-medlem\/#breadcrumb","itemListElement":[{"@type":"ListItem","position":1,"name":"Hem","item":"https:\/\/dhr.se\/goteborg\/"},{"@type":"ListItem","position":2,"name":"Ny medlem"}]},{"@type":"WebSite","@id":"https:\/\/dhr.se\/goteborg\/#website","url":"https:\/\/dhr.se\/goteborg\/","name":"DHR - G\u00f6teborg","description":"Delaktighet, r\u00f6relsefrihet och handlingskraft","potentialAction":[{"@type":"SearchAction","target":{"@type":"EntryPoint","urlTemplate":"https:\/\/dhr.se\/goteborg\/?s={search_term_string}"},"query-input":{"@type":"PropertyValueSpecification","valueRequired":true,"valueName":"search_term_string"}}],"inLanguage":"sv-SE"}]}},"publishpress_future_workflow_manual_trigger":{"enabledWorkflows":[]},"_links":{"self":[{"href":"https:\/\/dhr.se\/goteborg\/wp-json\/wp\/v2\/pages\/4784","targetHints":{"allow":["GET"]}}],"collection":[{"href":"https:\/\/dhr.se\/goteborg\/wp-json\/wp\/v2\/pages"}],"about":[{"href":"https:\/\/dhr.se\/goteborg\/wp-json\/wp\/v2\/types\/page"}],"author":[{"embeddable":true,"href":"https:\/\/dhr.se\/goteborg\/wp-json\/wp\/v2\/users\/7"}],"replies":[{"embeddable":true,"href":"https:\/\/dhr.se\/goteborg\/wp-json\/wp\/v2\/comments?post=4784"}],"version-history":[{"count":0,"href":"https:\/\/dhr.se\/goteborg\/wp-json\/wp\/v2\/pages\/4784\/revisions"}],"wp:attachment":[{"href":"https:\/\/dhr.se\/goteborg\/wp-json\/wp\/v2\/media?parent=4784"}],"curies":[{"name":"wp","href":"https:\/\/api.w.org\/{rel}","templated":true}]}}