{"id":4815,"date":"2025-03-12T09:55:17","date_gmt":"2025-03-12T08:55:17","guid":{"rendered":"https:\/\/dhr.se\/goteborg\/?page_id=4815"},"modified":"2025-03-12T10:00:23","modified_gmt":"2025-03-12T09:00:23","slug":"natverket-ett-gott-liv","status":"publish","type":"page","link":"https:\/\/dhr.se\/goteborg\/natverket-ett-gott-liv\/","title":{"rendered":"N\u00e4tverket Ett Gott Liv"},"content":{"rendered":"<section class=\"block-simple-text\">\n    <div class=\"main\">\n        <div class=\"main-inner\">\n            <div class=\"ingress text-darker\"><p><img loading=\"lazy\" decoding=\"async\" class=\"\" src=\"https:\/\/dhr.se\/goteborg\/wp-content\/uploads\/sites\/3\/2023\/08\/Hedda-och-Elin-3.jpg\" width=\"189\" height=\"270\" \/><\/p>\n<p>Inom n\u00e4tverket Ett Gott Liv l\u00e4gger vi DHR G\u00f6teborgs medlemmars h\u00e4lsa i fokus. Detta inneb\u00e4r en blandning av h\u00e4lsorelaterade aktiviteter. S\u00e5v\u00e4l fysisk tr\u00e4ning, som olika typer av f\u00f6rel\u00e4sningar. Vi tr\u00e4ffas och utbyter erfarenheter. Vi kollar \u00e4ven upp den fysiska tillg\u00e4ngligheten p\u00e5 gym och badanl\u00e4ggningar i Stor-G\u00f6teborg. Har du f\u00f6rslag p\u00e5 aktiviteter eller f\u00f6rel\u00e4sare. H\u00f6r g\u00e4rna av er!<\/p>\n<p>Du kan n\u00e5 Elin \u00c5kesson p\u00e5 telefon: 0702-80 84 41 alt <a href=\"mailto:elin.akesson@dhr.se\">elin.akesson@dhr.se<\/a><br \/>\neller Hedda Allerbjer Andersson p\u00e5:<a href=\"mailto:hallerbjer@gmail.com\">hallerbjer@gmail.com<\/a><\/p>\n<p>Ansvariga f\u00f6r n\u00e4tverket \u00e4r Hedda och Elin<\/p>\n<\/div>\n            <div class=\"content\"><\/div>\n        <\/div>\n    <\/div>\n<\/section>","protected":false},"excerpt":{"rendered":"","protected":false},"author":7,"featured_media":0,"parent":0,"menu_order":0,"comment_status":"closed","ping_status":"closed","template":"","meta":{"_acf_changed":false,"_monsterinsights_skip_tracking":false,"_monsterinsights_sitenote_active":false,"_monsterinsights_sitenote_note":"","_monsterinsights_sitenote_category":0,"footnotes":""},"class_list":["post-4815","page","type-page","status-publish","hentry"],"acf":[],"yoast_head":"<!-- This site is optimized with the Yoast SEO plugin v27.2 - https:\/\/yoast.com\/product\/yoast-seo-wordpress\/ -->\n<title>N\u00e4tverket Ett Gott Liv - DHR - G\u00f6teborg<\/title>\n<meta name=\"robots\" content=\"index, follow, max-snippet:-1, max-image-preview:large, max-video-preview:-1\" \/>\n<link rel=\"canonical\" href=\"https:\/\/dhr.se\/goteborg\/natverket-ett-gott-liv\/\" \/>\n<meta property=\"og:locale\" content=\"sv_SE\" \/>\n<meta property=\"og:type\" content=\"article\" \/>\n<meta property=\"og:title\" content=\"N\u00e4tverket Ett Gott Liv - DHR - G\u00f6teborg\" \/>\n<meta property=\"og:url\" content=\"https:\/\/dhr.se\/goteborg\/natverket-ett-gott-liv\/\" \/>\n<meta property=\"og:site_name\" content=\"DHR - G\u00f6teborg\" \/>\n<meta property=\"article:modified_time\" content=\"2025-03-12T09:00:23+00:00\" \/>\n<meta name=\"twitter:card\" content=\"summary_large_image\" \/>\n<script type=\"application\/ld+json\" class=\"yoast-schema-graph\">{\"@context\":\"https:\/\/schema.org\",\"@graph\":[{\"@type\":\"WebPage\",\"@id\":\"https:\/\/dhr.se\/goteborg\/natverket-ett-gott-liv\/\",\"url\":\"https:\/\/dhr.se\/goteborg\/natverket-ett-gott-liv\/\",\"name\":\"N\u00e4tverket Ett Gott Liv - DHR - G\u00f6teborg\",\"isPartOf\":{\"@id\":\"https:\/\/dhr.se\/goteborg\/#website\"},\"datePublished\":\"2025-03-12T08:55:17+00:00\",\"dateModified\":\"2025-03-12T09:00:23+00:00\",\"breadcrumb\":{\"@id\":\"https:\/\/dhr.se\/goteborg\/natverket-ett-gott-liv\/#breadcrumb\"},\"inLanguage\":\"sv-SE\",\"potentialAction\":[{\"@type\":\"ReadAction\",\"target\":[\"https:\/\/dhr.se\/goteborg\/natverket-ett-gott-liv\/\"]}]},{\"@type\":\"BreadcrumbList\",\"@id\":\"https:\/\/dhr.se\/goteborg\/natverket-ett-gott-liv\/#breadcrumb\",\"itemListElement\":[{\"@type\":\"ListItem\",\"position\":1,\"name\":\"Hem\",\"item\":\"https:\/\/dhr.se\/goteborg\/\"},{\"@type\":\"ListItem\",\"position\":2,\"name\":\"N\u00e4tverket Ett Gott Liv\"}]},{\"@type\":\"WebSite\",\"@id\":\"https:\/\/dhr.se\/goteborg\/#website\",\"url\":\"https:\/\/dhr.se\/goteborg\/\",\"name\":\"DHR - G\u00f6teborg\",\"description\":\"Delaktighet, r\u00f6relsefrihet och handlingskraft\",\"potentialAction\":[{\"@type\":\"SearchAction\",\"target\":{\"@type\":\"EntryPoint\",\"urlTemplate\":\"https:\/\/dhr.se\/goteborg\/?s={search_term_string}\"},\"query-input\":{\"@type\":\"PropertyValueSpecification\",\"valueRequired\":true,\"valueName\":\"search_term_string\"}}],\"inLanguage\":\"sv-SE\"}]}<\/script>\n<!-- \/ Yoast SEO plugin. -->","yoast_head_json":{"title":"N\u00e4tverket Ett Gott Liv - DHR - G\u00f6teborg","robots":{"index":"index","follow":"follow","max-snippet":"max-snippet:-1","max-image-preview":"max-image-preview:large","max-video-preview":"max-video-preview:-1"},"canonical":"https:\/\/dhr.se\/goteborg\/natverket-ett-gott-liv\/","og_locale":"sv_SE","og_type":"article","og_title":"N\u00e4tverket Ett Gott Liv - DHR - G\u00f6teborg","og_url":"https:\/\/dhr.se\/goteborg\/natverket-ett-gott-liv\/","og_site_name":"DHR - G\u00f6teborg","article_modified_time":"2025-03-12T09:00:23+00:00","twitter_card":"summary_large_image","schema":{"@context":"https:\/\/schema.org","@graph":[{"@type":"WebPage","@id":"https:\/\/dhr.se\/goteborg\/natverket-ett-gott-liv\/","url":"https:\/\/dhr.se\/goteborg\/natverket-ett-gott-liv\/","name":"N\u00e4tverket Ett Gott Liv - DHR - G\u00f6teborg","isPartOf":{"@id":"https:\/\/dhr.se\/goteborg\/#website"},"datePublished":"2025-03-12T08:55:17+00:00","dateModified":"2025-03-12T09:00:23+00:00","breadcrumb":{"@id":"https:\/\/dhr.se\/goteborg\/natverket-ett-gott-liv\/#breadcrumb"},"inLanguage":"sv-SE","potentialAction":[{"@type":"ReadAction","target":["https:\/\/dhr.se\/goteborg\/natverket-ett-gott-liv\/"]}]},{"@type":"BreadcrumbList","@id":"https:\/\/dhr.se\/goteborg\/natverket-ett-gott-liv\/#breadcrumb","itemListElement":[{"@type":"ListItem","position":1,"name":"Hem","item":"https:\/\/dhr.se\/goteborg\/"},{"@type":"ListItem","position":2,"name":"N\u00e4tverket Ett Gott Liv"}]},{"@type":"WebSite","@id":"https:\/\/dhr.se\/goteborg\/#website","url":"https:\/\/dhr.se\/goteborg\/","name":"DHR - G\u00f6teborg","description":"Delaktighet, r\u00f6relsefrihet och handlingskraft","potentialAction":[{"@type":"SearchAction","target":{"@type":"EntryPoint","urlTemplate":"https:\/\/dhr.se\/goteborg\/?s={search_term_string}"},"query-input":{"@type":"PropertyValueSpecification","valueRequired":true,"valueName":"search_term_string"}}],"inLanguage":"sv-SE"}]}},"publishpress_future_workflow_manual_trigger":{"enabledWorkflows":[]},"_links":{"self":[{"href":"https:\/\/dhr.se\/goteborg\/wp-json\/wp\/v2\/pages\/4815","targetHints":{"allow":["GET"]}}],"collection":[{"href":"https:\/\/dhr.se\/goteborg\/wp-json\/wp\/v2\/pages"}],"about":[{"href":"https:\/\/dhr.se\/goteborg\/wp-json\/wp\/v2\/types\/page"}],"author":[{"embeddable":true,"href":"https:\/\/dhr.se\/goteborg\/wp-json\/wp\/v2\/users\/7"}],"replies":[{"embeddable":true,"href":"https:\/\/dhr.se\/goteborg\/wp-json\/wp\/v2\/comments?post=4815"}],"version-history":[{"count":0,"href":"https:\/\/dhr.se\/goteborg\/wp-json\/wp\/v2\/pages\/4815\/revisions"}],"wp:attachment":[{"href":"https:\/\/dhr.se\/goteborg\/wp-json\/wp\/v2\/media?parent=4815"}],"curies":[{"name":"wp","href":"https:\/\/api.w.org\/{rel}","templated":true}]}}