{"id":5238,"date":"2026-02-10T13:27:00","date_gmt":"2026-02-10T12:27:00","guid":{"rendered":"https:\/\/dhr.se\/goteborg\/?page_id=5238"},"modified":"2026-02-10T13:46:10","modified_gmt":"2026-02-10T12:46:10","slug":"en-fungerande-fardtjanst","status":"publish","type":"page","link":"https:\/\/dhr.se\/goteborg\/en-fungerande-fardtjanst\/","title":{"rendered":"En Fungerande F\u00e4rdtj\u00e4nst"},"content":{"rendered":"<section class=\"block-simple-text\">\n    <div class=\"main\">\n        <div class=\"main-inner\">\n            <div class=\"ingress text-darker\"><p><strong>En fungerande f\u00e4rdtj\u00e4nst<\/strong><\/p>\n<p>I denna nyutkomna rapport ber\u00e4ttar aktiva inom DHR och Unga R\u00f6relsehindrade i G\u00f6teborg om sina erfarenheter av att resa med f\u00e4rdtj\u00e4nsten. Resen\u00e4rerna ber\u00e4ttar om brister, begr\u00e4nsningar, ol\u00e4genheter och problem. P\u00e5 s\u00e5 vis synligg\u00f6rs en social or\u00e4ttvisa och samh\u00e4llsklyftor vilket ang\u00e5r alla. Rapporten f\u00f6resl\u00e5r ocks\u00e5 \u00e5tg\u00e4rder f\u00f6rb\u00e4ttrar<\/p>\n<p><strong>En Fungerande F\u00e4rdtj\u00e4nst<\/strong>\u00a0\u00e4r ett tidsdokument som riktar s\u00f6kljuset p\u00e5 en social or\u00e4ttvisa och kan l\u00e4sas av alla. Det v\u00e5r f\u00f6rhoppning att boken bidrar till att st\u00e4rka funktionsr\u00e4ttsperspektivet och bidra till \u00f6kad medvetenhet om det f\u00f6rebyggande arbetets betydelse.<\/p>\n<p><strong>Rapportens inneh\u00e5ll<\/strong><\/p>\n<ol>\n<li>Att best\u00e4lla f\u00e4rdtj\u00e4nst som handlar om brister i bem\u00f6tande och orimligt l\u00e5ng v\u00e4ntan p\u00e5 bussen.<\/li>\n<li>H\u00e4mtning om slarv och vid problem vid upph\u00e4mtning.<\/li>\n<li>F\u00e4rden om l\u00e5ng f\u00e4rd och sam\u00e5kning i en buss med brister och f\u00f6rare som saknar servicek\u00e4nsla.<\/li>\n<li>Ankomst om problem att komma till r\u00e4tt adress och f\u00f6rare som inte kan hantera en rullstol.<\/li>\n<li>Slutkapitel en\u00a0sammanfattning av brister och problem samt omfattande f\u00f6rslag till f\u00f6rb\u00e4ttringar<\/li>\n<\/ol>\n<p><strong>V\u00e5r f\u00f6rhoppning \u00e4r att boken l\u00e4ses och diskuteras i st\u00f6df\u00f6reningar och inom funktionsr\u00e4ttsr\u00f6relsen och andra.<\/strong><\/p>\n<p><strong>Ni f\u00e5r g\u00e4rna sprida rapporten inom er organisation och n\u00e4tverk.<\/strong><\/p>\n<p>Boken kan laddas ner i fulltext fr\u00e5n DHR G\u00f6teborgs hemsida eller\u00a0G\u00f6teborgs universitets fulltextdatabas<\/p>\n<p>DHR G\u00f6teborgsavdelning:<br \/>\n<u><a href=\"https:\/\/dhr.se\/goteborg\/wp-content\/uploads\/sites\/3\/2025\/12\/EnFungerandeFardtjanst.pdf\" data-outlook-id=\"16bc2069-9337-4e59-927c-284ba941ee8b\">https:\/\/dhr.se\/goteborg\/wp-content\/uploads\/sites\/3\/2025\/12\/EnFungerandeFardtjanst.pdf<\/a><br \/>\n<\/u><br \/>\nEller G\u00f6teborgs universitets fulltextdatabas GUPEA:<br \/>\n<u><a href=\"https:\/\/gup.ub.gu.se\/publication\/357629\" data-outlook-id=\"eeacff3c-e550-4fc5-8fc6-885b558aeef3\">https:\/\/gup.ub.gu.se\/publication\/357629<\/a><\/u><\/p>\n<p>P\u00e5 DHR G\u00f6teborgsavdelningen hemsida under vi arbetar med\/projekt ligger \u00e4ven l\u00e4nkar till Sp\u00e5rvagnsprojektet, Din Vardag V\u00e5r politik och annat vi arbetar med:<\/p>\n<p><u><a href=\"https:\/\/dhr.se\/goteborg\/vi-arbetar-med\/sparvagnsrapport\/vara-projekt\/\" data-outlook-id=\"3a1cbd92-b27e-46a3-9b6c-9c5d88de47bf\">https:\/\/dhr.se\/goteborg\/vi-arbetar-med\/sparvagnsrapport\/vara-projekt\/<\/a><\/u><\/p>\n<p>Bokens redakt\u00f6rer har under flera \u00e5r varit aktiva inom funktionsr\u00e4ttsr\u00f6relsen, inom DHR och Unga r\u00f6relsehindrade i G\u00f6teborg samt vid Institutionen f\u00f6r socialt arbete, G\u00f6teborgs universitet.<\/p>\n<p>Vid fr\u00e5gor om boken och dess inneh\u00e5ll g\u00e5r det bra att kontakta n\u00e5gon av redakt\u00f6rerna:<\/p>\n<p>Robert Kindberg, ombudsman, DHR &#8211; Delaktighet Handlingskraft R\u00f6relsefrihet, G\u00f6teborgsavdelningen.<br \/>\nE-post:<u><a href=\"mailto:robert.kindberg@dhr.se\" data-outlook-id=\"73c9ada3-74e8-4f7c-9811-754f7d4e29db\">robert.kindberg@dhr.se<\/a><\/u><\/p>\n<p>Lejla Selman, ordf\u00f6rande i DHR &#8211; Delaktighet Handlingskraft R\u00f6relsefrihet, G\u00f6teborgsavdelningen.<br \/>\nE-post:<u><a href=\"mailto:lejla.selman@dhr.se\" data-outlook-id=\"5a9e32b6-1006-43ea-85bb-5c88092e85bb\">lejla.selman@dhr.se<\/a><\/u><\/p>\n<p>J\u00f6rgen Lund\u00e4lv, docent och universitetslektor i socialt arbete, institutionen f\u00f6r socialt arbete vid G\u00f6teborgs universitet. E-post: <u><a href=\"mailto:Jorgen.Lundalv@socwork.gu.se\" data-outlook-id=\"4d3c2460-c036-4f8f-ad2d-6903d04617a9\">Jorgen.Lundalv@socwork.gu.se<\/a><\/u><\/p>\n<\/div>\n            <div class=\"content\"><\/div>\n        <\/div>\n    <\/div>\n<\/section>","protected":false},"excerpt":{"rendered":"","protected":false},"author":7,"featured_media":0,"parent":0,"menu_order":0,"comment_status":"closed","ping_status":"closed","template":"","meta":{"_acf_changed":false,"_monsterinsights_skip_tracking":false,"_monsterinsights_sitenote_active":false,"_monsterinsights_sitenote_note":"","_monsterinsights_sitenote_category":0,"footnotes":""},"class_list":["post-5238","page","type-page","status-publish","hentry"],"acf":[],"yoast_head":"<!-- This site is optimized with the Yoast SEO plugin v27.2 - https:\/\/yoast.com\/product\/yoast-seo-wordpress\/ -->\n<title>En Fungerande F\u00e4rdtj\u00e4nst - DHR - G\u00f6teborg<\/title>\n<meta name=\"robots\" content=\"index, follow, max-snippet:-1, max-image-preview:large, max-video-preview:-1\" \/>\n<link rel=\"canonical\" href=\"https:\/\/dhr.se\/goteborg\/en-fungerande-fardtjanst\/\" \/>\n<meta property=\"og:locale\" content=\"sv_SE\" \/>\n<meta property=\"og:type\" content=\"article\" \/>\n<meta property=\"og:title\" content=\"En Fungerande F\u00e4rdtj\u00e4nst - DHR - G\u00f6teborg\" \/>\n<meta property=\"og:url\" content=\"https:\/\/dhr.se\/goteborg\/en-fungerande-fardtjanst\/\" \/>\n<meta property=\"og:site_name\" content=\"DHR - G\u00f6teborg\" \/>\n<meta property=\"article:modified_time\" content=\"2026-02-10T12:46:10+00:00\" \/>\n<meta name=\"twitter:card\" content=\"summary_large_image\" \/>\n<script type=\"application\/ld+json\" class=\"yoast-schema-graph\">{\"@context\":\"https:\/\/schema.org\",\"@graph\":[{\"@type\":\"WebPage\",\"@id\":\"https:\/\/dhr.se\/goteborg\/en-fungerande-fardtjanst\/\",\"url\":\"https:\/\/dhr.se\/goteborg\/en-fungerande-fardtjanst\/\",\"name\":\"En Fungerande F\u00e4rdtj\u00e4nst - DHR - G\u00f6teborg\",\"isPartOf\":{\"@id\":\"https:\/\/dhr.se\/goteborg\/#website\"},\"datePublished\":\"2026-02-10T12:27:00+00:00\",\"dateModified\":\"2026-02-10T12:46:10+00:00\",\"breadcrumb\":{\"@id\":\"https:\/\/dhr.se\/goteborg\/en-fungerande-fardtjanst\/#breadcrumb\"},\"inLanguage\":\"sv-SE\",\"potentialAction\":[{\"@type\":\"ReadAction\",\"target\":[\"https:\/\/dhr.se\/goteborg\/en-fungerande-fardtjanst\/\"]}]},{\"@type\":\"BreadcrumbList\",\"@id\":\"https:\/\/dhr.se\/goteborg\/en-fungerande-fardtjanst\/#breadcrumb\",\"itemListElement\":[{\"@type\":\"ListItem\",\"position\":1,\"name\":\"Hem\",\"item\":\"https:\/\/dhr.se\/goteborg\/\"},{\"@type\":\"ListItem\",\"position\":2,\"name\":\"En Fungerande F\u00e4rdtj\u00e4nst\"}]},{\"@type\":\"WebSite\",\"@id\":\"https:\/\/dhr.se\/goteborg\/#website\",\"url\":\"https:\/\/dhr.se\/goteborg\/\",\"name\":\"DHR - G\u00f6teborg\",\"description\":\"Delaktighet, r\u00f6relsefrihet och handlingskraft\",\"potentialAction\":[{\"@type\":\"SearchAction\",\"target\":{\"@type\":\"EntryPoint\",\"urlTemplate\":\"https:\/\/dhr.se\/goteborg\/?s={search_term_string}\"},\"query-input\":{\"@type\":\"PropertyValueSpecification\",\"valueRequired\":true,\"valueName\":\"search_term_string\"}}],\"inLanguage\":\"sv-SE\"}]}<\/script>\n<!-- \/ Yoast SEO plugin. -->","yoast_head_json":{"title":"En Fungerande F\u00e4rdtj\u00e4nst - DHR - G\u00f6teborg","robots":{"index":"index","follow":"follow","max-snippet":"max-snippet:-1","max-image-preview":"max-image-preview:large","max-video-preview":"max-video-preview:-1"},"canonical":"https:\/\/dhr.se\/goteborg\/en-fungerande-fardtjanst\/","og_locale":"sv_SE","og_type":"article","og_title":"En Fungerande F\u00e4rdtj\u00e4nst - DHR - G\u00f6teborg","og_url":"https:\/\/dhr.se\/goteborg\/en-fungerande-fardtjanst\/","og_site_name":"DHR - G\u00f6teborg","article_modified_time":"2026-02-10T12:46:10+00:00","twitter_card":"summary_large_image","schema":{"@context":"https:\/\/schema.org","@graph":[{"@type":"WebPage","@id":"https:\/\/dhr.se\/goteborg\/en-fungerande-fardtjanst\/","url":"https:\/\/dhr.se\/goteborg\/en-fungerande-fardtjanst\/","name":"En Fungerande F\u00e4rdtj\u00e4nst - DHR - G\u00f6teborg","isPartOf":{"@id":"https:\/\/dhr.se\/goteborg\/#website"},"datePublished":"2026-02-10T12:27:00+00:00","dateModified":"2026-02-10T12:46:10+00:00","breadcrumb":{"@id":"https:\/\/dhr.se\/goteborg\/en-fungerande-fardtjanst\/#breadcrumb"},"inLanguage":"sv-SE","potentialAction":[{"@type":"ReadAction","target":["https:\/\/dhr.se\/goteborg\/en-fungerande-fardtjanst\/"]}]},{"@type":"BreadcrumbList","@id":"https:\/\/dhr.se\/goteborg\/en-fungerande-fardtjanst\/#breadcrumb","itemListElement":[{"@type":"ListItem","position":1,"name":"Hem","item":"https:\/\/dhr.se\/goteborg\/"},{"@type":"ListItem","position":2,"name":"En Fungerande F\u00e4rdtj\u00e4nst"}]},{"@type":"WebSite","@id":"https:\/\/dhr.se\/goteborg\/#website","url":"https:\/\/dhr.se\/goteborg\/","name":"DHR - G\u00f6teborg","description":"Delaktighet, r\u00f6relsefrihet och handlingskraft","potentialAction":[{"@type":"SearchAction","target":{"@type":"EntryPoint","urlTemplate":"https:\/\/dhr.se\/goteborg\/?s={search_term_string}"},"query-input":{"@type":"PropertyValueSpecification","valueRequired":true,"valueName":"search_term_string"}}],"inLanguage":"sv-SE"}]}},"publishpress_future_workflow_manual_trigger":{"enabledWorkflows":[]},"_links":{"self":[{"href":"https:\/\/dhr.se\/goteborg\/wp-json\/wp\/v2\/pages\/5238","targetHints":{"allow":["GET"]}}],"collection":[{"href":"https:\/\/dhr.se\/goteborg\/wp-json\/wp\/v2\/pages"}],"about":[{"href":"https:\/\/dhr.se\/goteborg\/wp-json\/wp\/v2\/types\/page"}],"author":[{"embeddable":true,"href":"https:\/\/dhr.se\/goteborg\/wp-json\/wp\/v2\/users\/7"}],"replies":[{"embeddable":true,"href":"https:\/\/dhr.se\/goteborg\/wp-json\/wp\/v2\/comments?post=5238"}],"version-history":[{"count":3,"href":"https:\/\/dhr.se\/goteborg\/wp-json\/wp\/v2\/pages\/5238\/revisions"}],"predecessor-version":[{"id":5246,"href":"https:\/\/dhr.se\/goteborg\/wp-json\/wp\/v2\/pages\/5238\/revisions\/5246"}],"wp:attachment":[{"href":"https:\/\/dhr.se\/goteborg\/wp-json\/wp\/v2\/media?parent=5238"}],"curies":[{"name":"wp","href":"https:\/\/api.w.org\/{rel}","templated":true}]}}