{"id":936,"date":"2019-08-19T11:01:18","date_gmt":"2019-08-19T09:01:18","guid":{"rendered":"http:\/\/dhr.se\/goteborg\/?page_id=936"},"modified":"2025-02-11T13:15:37","modified_gmt":"2025-02-11T12:15:37","slug":"om-dhr-goteborg","status":"publish","type":"page","link":"https:\/\/dhr.se\/goteborg\/om-dhr-goteborg\/","title":{"rendered":"Om DHR G\u00f6teborg"},"content":{"rendered":"<section class=\"block-simple-text\">\n    <div class=\"main\">\n        <div class=\"main-inner\">\n            <div class=\"ingress text-darker\"><p>DHR G\u00f6teborgsavdelningen \u00e4r en underorganisation till f\u00f6rbundet DHR. Vi arbetar f\u00f6r att g\u00f6ra samh\u00e4llet tillg\u00e4ngligt s\u00e5 att ingen ska beh\u00f6va\u00a0 avst\u00e5 n\u00e5gon aktivitet p\u00e5 grund av att man inte kan komma in\/fram med\u00a0 rullstol eller annat hj\u00e4lpmedel.<\/p>\n<p>Vi kan ge st\u00f6d i olika situationer. Det kan till exempel r\u00f6ra sig om:<\/p>\n<ul>\n<li>F\u00e4rdtj\u00e4nst<\/li>\n<li>Tillg\u00e4nglighet<\/li>\n<li>St\u00f6d i olika myndighetskontakter<\/li>\n<\/ul>\n<\/div>\n            <div class=\"content\"><p><a href=\"http:\/\/dhr.se\/goteborg\/wp-content\/uploads\/sites\/3\/2020\/03\/Reception-mottagning-av-kuvert.jpg\"><img loading=\"lazy\" decoding=\"async\" class=\"wp-image-1738 size-full\" src=\"http:\/\/dhr.se\/goteborg\/wp-content\/uploads\/sites\/3\/2020\/03\/Reception-mottagning-av-kuvert.jpg\" alt=\"\" width=\"1000\" height=\"667\" srcset=\"https:\/\/dhr.se\/goteborg\/wp-content\/uploads\/sites\/3\/2020\/03\/Reception-mottagning-av-kuvert.jpg 1000w, https:\/\/dhr.se\/goteborg\/wp-content\/uploads\/sites\/3\/2020\/03\/Reception-mottagning-av-kuvert-300x200.jpg 300w, https:\/\/dhr.se\/goteborg\/wp-content\/uploads\/sites\/3\/2020\/03\/Reception-mottagning-av-kuvert-768x512.jpg 768w\" sizes=\"auto, (max-width: 1000px) 100vw, 1000px\" \/><\/a><\/p>\n<p><strong>V\u00e4lkommen till oss!<\/strong><\/p>\n<p>Bes\u00f6ksadress: Slottsskogsgatan 18<br \/>\n(Bredvid Dalheimers hus)<br \/>\nPostadress:<br \/>\nSlottsskogsgatan 18<br \/>\n414\u00a053 G\u00d6TEBORG<\/p>\n<p>Telefon: 031-704 60 50<br \/>\nE-post: goteborg@dhr.se<\/p>\n<p>Organisationsnummer 857200-2940<br \/>\nPostgiro 12202-8<br \/>\nSwish 123 208 58 50<\/p>\n<\/div>\n        <\/div>\n    <\/div>\n<\/section>","protected":false},"excerpt":{"rendered":"","protected":false},"author":4,"featured_media":0,"parent":0,"menu_order":0,"comment_status":"closed","ping_status":"closed","template":"template-side-menu.php","meta":{"_acf_changed":false,"_monsterinsights_skip_tracking":false,"_monsterinsights_sitenote_active":false,"_monsterinsights_sitenote_note":"","_monsterinsights_sitenote_category":0,"footnotes":""},"class_list":["post-936","page","type-page","status-publish","hentry"],"acf":[],"yoast_head":"<!-- This site is optimized with the Yoast SEO plugin v27.2 - https:\/\/yoast.com\/product\/yoast-seo-wordpress\/ -->\n<title>Om DHR G\u00f6teborg - DHR - G\u00f6teborg<\/title>\n<meta name=\"robots\" content=\"index, follow, max-snippet:-1, max-image-preview:large, max-video-preview:-1\" \/>\n<link rel=\"canonical\" href=\"https:\/\/dhr.se\/goteborg\/om-dhr-goteborg\/\" \/>\n<meta property=\"og:locale\" content=\"sv_SE\" \/>\n<meta property=\"og:type\" content=\"article\" \/>\n<meta property=\"og:title\" content=\"Om DHR G\u00f6teborg - DHR - G\u00f6teborg\" \/>\n<meta property=\"og:url\" content=\"https:\/\/dhr.se\/goteborg\/om-dhr-goteborg\/\" \/>\n<meta property=\"og:site_name\" content=\"DHR - G\u00f6teborg\" \/>\n<meta property=\"article:modified_time\" content=\"2025-02-11T12:15:37+00:00\" \/>\n<meta name=\"twitter:card\" content=\"summary_large_image\" \/>\n<script type=\"application\/ld+json\" class=\"yoast-schema-graph\">{\"@context\":\"https:\/\/schema.org\",\"@graph\":[{\"@type\":\"WebPage\",\"@id\":\"https:\/\/dhr.se\/goteborg\/om-dhr-goteborg\/\",\"url\":\"https:\/\/dhr.se\/goteborg\/om-dhr-goteborg\/\",\"name\":\"Om DHR G\u00f6teborg - DHR - G\u00f6teborg\",\"isPartOf\":{\"@id\":\"https:\/\/dhr.se\/goteborg\/#website\"},\"datePublished\":\"2019-08-19T09:01:18+00:00\",\"dateModified\":\"2025-02-11T12:15:37+00:00\",\"breadcrumb\":{\"@id\":\"https:\/\/dhr.se\/goteborg\/om-dhr-goteborg\/#breadcrumb\"},\"inLanguage\":\"sv-SE\",\"potentialAction\":[{\"@type\":\"ReadAction\",\"target\":[\"https:\/\/dhr.se\/goteborg\/om-dhr-goteborg\/\"]}]},{\"@type\":\"BreadcrumbList\",\"@id\":\"https:\/\/dhr.se\/goteborg\/om-dhr-goteborg\/#breadcrumb\",\"itemListElement\":[{\"@type\":\"ListItem\",\"position\":1,\"name\":\"Hem\",\"item\":\"https:\/\/dhr.se\/goteborg\/\"},{\"@type\":\"ListItem\",\"position\":2,\"name\":\"Om DHR G\u00f6teborg\"}]},{\"@type\":\"WebSite\",\"@id\":\"https:\/\/dhr.se\/goteborg\/#website\",\"url\":\"https:\/\/dhr.se\/goteborg\/\",\"name\":\"DHR - G\u00f6teborg\",\"description\":\"Delaktighet, r\u00f6relsefrihet och handlingskraft\",\"potentialAction\":[{\"@type\":\"SearchAction\",\"target\":{\"@type\":\"EntryPoint\",\"urlTemplate\":\"https:\/\/dhr.se\/goteborg\/?s={search_term_string}\"},\"query-input\":{\"@type\":\"PropertyValueSpecification\",\"valueRequired\":true,\"valueName\":\"search_term_string\"}}],\"inLanguage\":\"sv-SE\"}]}<\/script>\n<!-- \/ Yoast SEO plugin. -->","yoast_head_json":{"title":"Om DHR G\u00f6teborg - DHR - G\u00f6teborg","robots":{"index":"index","follow":"follow","max-snippet":"max-snippet:-1","max-image-preview":"max-image-preview:large","max-video-preview":"max-video-preview:-1"},"canonical":"https:\/\/dhr.se\/goteborg\/om-dhr-goteborg\/","og_locale":"sv_SE","og_type":"article","og_title":"Om DHR G\u00f6teborg - DHR - G\u00f6teborg","og_url":"https:\/\/dhr.se\/goteborg\/om-dhr-goteborg\/","og_site_name":"DHR - G\u00f6teborg","article_modified_time":"2025-02-11T12:15:37+00:00","twitter_card":"summary_large_image","schema":{"@context":"https:\/\/schema.org","@graph":[{"@type":"WebPage","@id":"https:\/\/dhr.se\/goteborg\/om-dhr-goteborg\/","url":"https:\/\/dhr.se\/goteborg\/om-dhr-goteborg\/","name":"Om DHR G\u00f6teborg - DHR - G\u00f6teborg","isPartOf":{"@id":"https:\/\/dhr.se\/goteborg\/#website"},"datePublished":"2019-08-19T09:01:18+00:00","dateModified":"2025-02-11T12:15:37+00:00","breadcrumb":{"@id":"https:\/\/dhr.se\/goteborg\/om-dhr-goteborg\/#breadcrumb"},"inLanguage":"sv-SE","potentialAction":[{"@type":"ReadAction","target":["https:\/\/dhr.se\/goteborg\/om-dhr-goteborg\/"]}]},{"@type":"BreadcrumbList","@id":"https:\/\/dhr.se\/goteborg\/om-dhr-goteborg\/#breadcrumb","itemListElement":[{"@type":"ListItem","position":1,"name":"Hem","item":"https:\/\/dhr.se\/goteborg\/"},{"@type":"ListItem","position":2,"name":"Om DHR G\u00f6teborg"}]},{"@type":"WebSite","@id":"https:\/\/dhr.se\/goteborg\/#website","url":"https:\/\/dhr.se\/goteborg\/","name":"DHR - G\u00f6teborg","description":"Delaktighet, r\u00f6relsefrihet och handlingskraft","potentialAction":[{"@type":"SearchAction","target":{"@type":"EntryPoint","urlTemplate":"https:\/\/dhr.se\/goteborg\/?s={search_term_string}"},"query-input":{"@type":"PropertyValueSpecification","valueRequired":true,"valueName":"search_term_string"}}],"inLanguage":"sv-SE"}]}},"publishpress_future_workflow_manual_trigger":{"enabledWorkflows":[]},"_links":{"self":[{"href":"https:\/\/dhr.se\/goteborg\/wp-json\/wp\/v2\/pages\/936","targetHints":{"allow":["GET"]}}],"collection":[{"href":"https:\/\/dhr.se\/goteborg\/wp-json\/wp\/v2\/pages"}],"about":[{"href":"https:\/\/dhr.se\/goteborg\/wp-json\/wp\/v2\/types\/page"}],"author":[{"embeddable":true,"href":"https:\/\/dhr.se\/goteborg\/wp-json\/wp\/v2\/users\/4"}],"replies":[{"embeddable":true,"href":"https:\/\/dhr.se\/goteborg\/wp-json\/wp\/v2\/comments?post=936"}],"version-history":[{"count":0,"href":"https:\/\/dhr.se\/goteborg\/wp-json\/wp\/v2\/pages\/936\/revisions"}],"wp:attachment":[{"href":"https:\/\/dhr.se\/goteborg\/wp-json\/wp\/v2\/media?parent=936"}],"curies":[{"name":"wp","href":"https:\/\/api.w.org\/{rel}","templated":true}]}}