{"id":3508,"date":"2021-09-20T11:28:54","date_gmt":"2021-09-20T09:28:54","guid":{"rendered":"https:\/\/dhr.se\/halland\/?page_id=3508"},"modified":"2021-09-20T11:48:09","modified_gmt":"2021-09-20T09:48:09","slug":"medlemstraffar-dhr-c","status":"publish","type":"page","link":"https:\/\/dhr.se\/halland\/medlemstraffar-dhr-c\/","title":{"rendered":"Medlemstr\u00e4ffar DHR C"},"content":{"rendered":"<section class=\"block-one-two\">\n    <div class=\"main\">\n        <div class=\"main-inner\">\n        <h2><\/h2>\n\n            <div class=\"flex-container\">\n                <div class=\"col-small\">\n                    <div class=\"content\"><h3><\/h3>\n<h3><\/h3>\n<p><img loading=\"lazy\" decoding=\"async\" class=\"alignnone size-medium wp-image-2698\" src=\"https:\/\/dhr.se\/halland\/wp-content\/uploads\/sites\/13\/2021\/03\/DHR_bl\u00e5-300x234.jpg\" alt=\"\" width=\"300\" height=\"234\" srcset=\"https:\/\/dhr.se\/halland\/wp-content\/uploads\/sites\/13\/2021\/03\/DHR_bl\u00e5-300x234.jpg 300w, https:\/\/dhr.se\/halland\/wp-content\/uploads\/sites\/13\/2021\/03\/DHR_bl\u00e5-768x598.jpg 768w, https:\/\/dhr.se\/halland\/wp-content\/uploads\/sites\/13\/2021\/03\/DHR_bl\u00e5-1024x798.jpg 1024w\" sizes=\"auto, (max-width: 300px) 100vw, 300px\" \/><\/p>\n<\/div>\n                <\/div>\n                <div class=\"col-big\">\n                    <div class=\"content\"><h3>Medlemstr\u00e4ffar i Teams<\/h3>\n<p><strong>Den 28 september kl 18\u00a0<\/strong>har du\u00a0m\u00f6jlighet att l\u00e4ra dig mer om enkelt avhj\u00e4lpta hinder.<\/p>\n<p><strong>Den 11 oktober kl 18\u00a0<\/strong>\u00e4r det digital tr\u00e4ff om arbetsmarknaden.<\/p>\n<p><strong>Den 15 november kl 18<\/strong> \u00e4r det digital tr\u00e4ff om det nya och heta inom assistansen<\/p>\n<p><strong>Den 23 november kl 18\u00a0<\/strong>kan du l\u00e4ra dig mer om merkostnadsers\u00e4ttningen.<\/p>\n<p>F\u00f6r mer information, kontakta\u00a0<a href=\"mailto:stefan.sundquist@dhr.se\" target=\"_blank\" rel=\"noopener\">stefan.sundquist@dhr.se<\/a>\u00a0eller\u00a0<a href=\"mailto:ulrika.pihl@dhr.se\" target=\"_blank\" rel=\"noopener\">ulrika.pihl@dhr.se<\/a><\/p>\n<p><a href=\"https:\/\/dhr.se\/?s=Kalender\">DHR Centralt Kalender<\/a><\/p>\n<\/div>\n                <\/div>\n            <\/div>\n            \n        <\/div>\n    <\/div>\n<\/section>","protected":false},"excerpt":{"rendered":"","protected":false},"author":33,"featured_media":0,"parent":0,"menu_order":0,"comment_status":"closed","ping_status":"closed","template":"","meta":{"_acf_changed":false,"_monsterinsights_skip_tracking":false,"_monsterinsights_sitenote_active":false,"_monsterinsights_sitenote_note":"","_monsterinsights_sitenote_category":0,"footnotes":""},"class_list":["post-3508","page","type-page","status-publish","hentry"],"acf":[],"yoast_head":"<!-- This site is optimized with the Yoast SEO plugin v27.2 - https:\/\/yoast.com\/product\/yoast-seo-wordpress\/ -->\n<title>Medlemstr\u00e4ffar DHR C - DHR - Region Halland<\/title>\n<meta name=\"robots\" content=\"index, follow, max-snippet:-1, max-image-preview:large, max-video-preview:-1\" \/>\n<link rel=\"canonical\" href=\"https:\/\/dhr.se\/halland\/medlemstraffar-dhr-c\/\" \/>\n<meta property=\"og:locale\" content=\"sv_SE\" \/>\n<meta property=\"og:type\" content=\"article\" \/>\n<meta property=\"og:title\" content=\"Medlemstr\u00e4ffar DHR C - DHR - Region Halland\" \/>\n<meta property=\"og:url\" content=\"https:\/\/dhr.se\/halland\/medlemstraffar-dhr-c\/\" \/>\n<meta property=\"og:site_name\" content=\"DHR - Region Halland\" \/>\n<meta property=\"article:modified_time\" content=\"2021-09-20T09:48:09+00:00\" \/>\n<meta name=\"twitter:card\" content=\"summary_large_image\" \/>\n<script type=\"application\/ld+json\" class=\"yoast-schema-graph\">{\"@context\":\"https:\/\/schema.org\",\"@graph\":[{\"@type\":\"WebPage\",\"@id\":\"https:\/\/dhr.se\/halland\/medlemstraffar-dhr-c\/\",\"url\":\"https:\/\/dhr.se\/halland\/medlemstraffar-dhr-c\/\",\"name\":\"Medlemstr\u00e4ffar DHR C - DHR - Region Halland\",\"isPartOf\":{\"@id\":\"https:\/\/dhr.se\/halland\/#website\"},\"datePublished\":\"2021-09-20T09:28:54+00:00\",\"dateModified\":\"2021-09-20T09:48:09+00:00\",\"breadcrumb\":{\"@id\":\"https:\/\/dhr.se\/halland\/medlemstraffar-dhr-c\/#breadcrumb\"},\"inLanguage\":\"sv-SE\",\"potentialAction\":[{\"@type\":\"ReadAction\",\"target\":[\"https:\/\/dhr.se\/halland\/medlemstraffar-dhr-c\/\"]}]},{\"@type\":\"BreadcrumbList\",\"@id\":\"https:\/\/dhr.se\/halland\/medlemstraffar-dhr-c\/#breadcrumb\",\"itemListElement\":[{\"@type\":\"ListItem\",\"position\":1,\"name\":\"Hem\",\"item\":\"https:\/\/dhr.se\/halland\/\"},{\"@type\":\"ListItem\",\"position\":2,\"name\":\"Medlemstr\u00e4ffar DHR C\"}]},{\"@type\":\"WebSite\",\"@id\":\"https:\/\/dhr.se\/halland\/#website\",\"url\":\"https:\/\/dhr.se\/halland\/\",\"name\":\"DHR - Region Halland\",\"description\":\"Delaktighet, r\u00f6relsefrihet och handlingskraft\",\"potentialAction\":[{\"@type\":\"SearchAction\",\"target\":{\"@type\":\"EntryPoint\",\"urlTemplate\":\"https:\/\/dhr.se\/halland\/?s={search_term_string}\"},\"query-input\":{\"@type\":\"PropertyValueSpecification\",\"valueRequired\":true,\"valueName\":\"search_term_string\"}}],\"inLanguage\":\"sv-SE\"}]}<\/script>\n<!-- \/ Yoast SEO plugin. -->","yoast_head_json":{"title":"Medlemstr\u00e4ffar DHR C - DHR - Region Halland","robots":{"index":"index","follow":"follow","max-snippet":"max-snippet:-1","max-image-preview":"max-image-preview:large","max-video-preview":"max-video-preview:-1"},"canonical":"https:\/\/dhr.se\/halland\/medlemstraffar-dhr-c\/","og_locale":"sv_SE","og_type":"article","og_title":"Medlemstr\u00e4ffar DHR C - DHR - Region Halland","og_url":"https:\/\/dhr.se\/halland\/medlemstraffar-dhr-c\/","og_site_name":"DHR - Region Halland","article_modified_time":"2021-09-20T09:48:09+00:00","twitter_card":"summary_large_image","schema":{"@context":"https:\/\/schema.org","@graph":[{"@type":"WebPage","@id":"https:\/\/dhr.se\/halland\/medlemstraffar-dhr-c\/","url":"https:\/\/dhr.se\/halland\/medlemstraffar-dhr-c\/","name":"Medlemstr\u00e4ffar DHR C - DHR - Region Halland","isPartOf":{"@id":"https:\/\/dhr.se\/halland\/#website"},"datePublished":"2021-09-20T09:28:54+00:00","dateModified":"2021-09-20T09:48:09+00:00","breadcrumb":{"@id":"https:\/\/dhr.se\/halland\/medlemstraffar-dhr-c\/#breadcrumb"},"inLanguage":"sv-SE","potentialAction":[{"@type":"ReadAction","target":["https:\/\/dhr.se\/halland\/medlemstraffar-dhr-c\/"]}]},{"@type":"BreadcrumbList","@id":"https:\/\/dhr.se\/halland\/medlemstraffar-dhr-c\/#breadcrumb","itemListElement":[{"@type":"ListItem","position":1,"name":"Hem","item":"https:\/\/dhr.se\/halland\/"},{"@type":"ListItem","position":2,"name":"Medlemstr\u00e4ffar DHR C"}]},{"@type":"WebSite","@id":"https:\/\/dhr.se\/halland\/#website","url":"https:\/\/dhr.se\/halland\/","name":"DHR - Region Halland","description":"Delaktighet, r\u00f6relsefrihet och handlingskraft","potentialAction":[{"@type":"SearchAction","target":{"@type":"EntryPoint","urlTemplate":"https:\/\/dhr.se\/halland\/?s={search_term_string}"},"query-input":{"@type":"PropertyValueSpecification","valueRequired":true,"valueName":"search_term_string"}}],"inLanguage":"sv-SE"}]}},"publishpress_future_action":{"enabled":false,"date":"2026-05-04 02:05:31","action":"change-status","newStatus":"draft","terms":[],"taxonomy":"translation_priority","extraData":[]},"publishpress_future_workflow_manual_trigger":{"enabledWorkflows":[]},"_links":{"self":[{"href":"https:\/\/dhr.se\/halland\/wp-json\/wp\/v2\/pages\/3508","targetHints":{"allow":["GET"]}}],"collection":[{"href":"https:\/\/dhr.se\/halland\/wp-json\/wp\/v2\/pages"}],"about":[{"href":"https:\/\/dhr.se\/halland\/wp-json\/wp\/v2\/types\/page"}],"author":[{"embeddable":true,"href":"https:\/\/dhr.se\/halland\/wp-json\/wp\/v2\/users\/33"}],"replies":[{"embeddable":true,"href":"https:\/\/dhr.se\/halland\/wp-json\/wp\/v2\/comments?post=3508"}],"version-history":[{"count":0,"href":"https:\/\/dhr.se\/halland\/wp-json\/wp\/v2\/pages\/3508\/revisions"}],"wp:attachment":[{"href":"https:\/\/dhr.se\/halland\/wp-json\/wp\/v2\/media?parent=3508"}],"curies":[{"name":"wp","href":"https:\/\/api.w.org\/{rel}","templated":true}]}}