{"id":754,"date":"2019-08-15T20:18:44","date_gmt":"2019-08-15T18:18:44","guid":{"rendered":"http:\/\/dhr.se\/halland\/?page_id=754"},"modified":"2023-11-28T10:08:55","modified_gmt":"2023-11-28T09:08:55","slug":"drivhuset-stockholm","status":"publish","type":"page","link":"https:\/\/dhr.se\/halland\/","title":{"rendered":"DHR &#8211; Region Halland"},"content":{"rendered":"<section class=\"block-hero\" style=\"background-image:url(https:\/\/dhr.se\/halland\/wp-content\/uploads\/sites\/13\/2021\/01\/Halland-1.jpg);\">\n\n<video autoplay loop playsinline muted loop>\n    <source src=\"\" type=\"video\/mp4\">\n    Your browser does not support HTML5 video.\n<\/video>\n\n<div class=\"overlay overlay-dark\"><\/div>\n    <div class=\"main\">\n        <div class=\"main-inner\">\n            <p class=\"small-title\"><\/p>\n            <h1>V\u00e4lkomna <\/h1>\n            <p class=\"text\">V\u00e5rt m\u00e5l \u00e4r att alla m\u00e4nniskor ska k\u00e4nna sig v\u00e4lkomna och inkluderade i samh\u00e4llet. V\u00e5r vision \u00e4r ett universellt utformat samh\u00e4lle \u2013 ett j\u00e4mlikt och j\u00e4mst\u00e4llt samh\u00e4lle d\u00e4r varje m\u00e4nniska ses som en tillg\u00e5ng.<br \/>\r\n<br \/>\r\n<\/p>\n\n\n            \n\n\n\n        <\/div>\n    <\/div>\n<\/section>\n\n<div id=\"gutenslider-9toi9z88z\" class=\"wp-block-eedee-block-gutenslider gs-frontend content-change alignnone arrow-style-1 arrow-position-sides arrow-mb-none arrows-lg arrows-md arrows-sm dot-style-1 dots-lg dots-md dots-sm dot-position-bottom is-position-center-center mb-none wrap-auto-height\" data-parallax-direction=\"down\" data-parallax-amount=\"1.3\" data-lg-transition=\"lg-slide\" data-hash=\"\" ><div class=\"eedee-swiper-outer\" style=\"--gutenslider-min-height: 90vh;--gutenslider-arrow-size: 30px;--gutenslider-dot-size: 25px;--gutenslider-arrow-color: #ffffff;--gutenslider-dot-color: #ffffff;--gutenslider-padding-y-mobile: 40px;--gutenslider-padding-x-mobile: 40px;--gutenslider-padding-y-tablet: 40px;--gutenslider-padding-x-tablet: 40px;--gutenslider-padding-y-desktop: 40px;--gutenslider-padding-x-desktop: 40px;--gutenslider-bg-image: url();--gutenslider-min-height-md: 50vh;--gutenslider-min-height-sm: 50vh;--gutenslider-padding-x: 40px;--gutenslider-padding-x-md: 40px;--gutenslider-padding-x-sm: 20px;--gutenslider-padding-y: 40px;--gutenslider-padding-y-md: 40px;--gutenslider-padding-y-sm: 20px;--gutenslider-arrow-size-md: 30px;--gutenslider-arrow-size-sm: 30px;--gutenslider-dot-size-md: 25px;--gutenslider-dot-size-sm: 25px;--gutenslider-arrow-bg-color: transparent;--gutenslider-arrow-hover-color: #eeeeee;--gutenslider-arrow-bg-hover-color: transparent;--gutenslider-arrow-x-offset: 10px;--gutenslider-arrow-x-offset-md: 10px;--gutenslider-arrow-x-offset-sm: 10px;--gutenslider-arrow-y-offset: 0px;--gutenslider-arrow-y-offset-md: 0px;--gutenslider-arrow-y-offset-sm: 0px;--gutenslider-arrow-x-spacing: 0px;--gutenslider-dot-y-offset: 10px;--gutenslider-dot-y-offset-md: 10px;--gutenslider-dot-y-offset-sm: 10px;--gutenslider-margin-x: 0px;--gutenslider-margin-x-md: 0px;--gutenslider-margin-x-sm: 0px;--gutenslider-margin-y: 0px;--gutenslider-margin-y-md: 0px;--gutenslider-margin-y-sm: 0px;--gutenslider-divider-top: 60px;--gutenslider-divider-bottom: 60px;--gutenslider-lightgallery-bg: #ffffff;--gutenslider-lightgallery-font: #000000;--gs-first-pos: 50% 50%;--gs-gap-vertical: var( --wp--style--gallery-gap-default, var( --gallery-block--gutter-size, var( --wp--style--block-gap, 0.5em ) ) );--gs-gap-horizontal: var( --wp--style--gallery-gap-default, var( --gallery-block--gutter-size, var( --wp--style--block-gap, 0.5em ) ) );\"><div class=\"gutenslider-divider-top\" style=\"color:#fff;\"><\/div><div class=\"swiper\" data-settings='{\"autoplay\":{\"delay\":3000,\"pauseOnMouseEnter\":true,\"disableOnInteraction\":false},\"speed\":700,\"direction\":\"horizontal\",\"autoHeight\":\"\",\"loop\":true,\"centeredSlides\":true,\"spaceBetween\":0,\"slidesPerView\":1,\"slidesPerGroup\":1,\"effect\":\"slide\",\"coverflowEffect\":{\"rotate\":30,\"slideShadows\":false,\"depth\":100,\"stretch\":50,\"modifier\":1},\"fadeEffect\":{\"crossFade\":true},\"zoom\":\"\",\"navigation\":{\"nextEl\":\"#gutenslider-9toi9z88z .eedee-gutenslider-next\",\"prevEl\":\"#gutenslider-9toi9z88z .eedee-gutenslider-prev\"},\"pagination\":{\"type\":\"bullets\",\"clickable\":true,\"dynamicBullets\":false,\"el\":\"#gutenslider-9toi9z88z .eedee-gutenslider-pagination\"},\"pauseOnHover\":\"1\",\"watchSlidesProgress\":true,\"watchSlidesVisibility\":true,\"settingsMd\":{\"autoHeight\":\"\",\"slidesPerView\":1,\"slidesPerGroup\":1,\"spaceBetween\":0,\"loop\":true},\"settingsLg\":{\"autoHeight\":\"\",\"slidesPerView\":1,\"slidesPerGroup\":1,\"spaceBetween\":0,\"loop\":true},\"hasLg\":false,\"hasLgCounter\":true,\"isFullScreen\":false,\"arrowsFollowMouse\":false,\"lgTitle\":\"none\",\"lgCaption\":\"none\",\"lgThumbnails\":true,\"lgZoomEnabled\":false,\"keyboard\":{\"keyboard\":{\"enabled\":true,\"onlyInViewport\":true}},\"hashNavigation\":false,\"dividers\":false}'><div class=\"swiper-wrapper\">\n<div class=\"swiper-slide wp-block-eedee-block-gutenslide is-position-center-center ed-bg-image\" style=\"--ed-vw:300;--ed-vh:162;\" data-hash=\"\"><div class=\"eedee-background-div bg-image\"><img loading=\"lazy\" width=\"850\" height=\"460\" class=\"wp-image-3866\" src=\"https:\/\/dhr.se\/halland\/wp-content\/uploads\/sites\/13\/2022\/02\/HalmstadSlott-DHAB-HelaSlottetVidNissan-850x460-1.jpg\" alt=\"\" decoding=\"async\" style=\"object-fit: cover; object-position: 50% 50%;\"  data-caption=\"Halmstad Slott\" data-title=\"HalmstadSlott-DHAB-HelaSlottetVidNissan-850x460\" srcset=\"https:\/\/dhr.se\/halland\/wp-content\/uploads\/sites\/13\/2022\/02\/HalmstadSlott-DHAB-HelaSlottetVidNissan-850x460-1.jpg 850w, https:\/\/dhr.se\/halland\/wp-content\/uploads\/sites\/13\/2022\/02\/HalmstadSlott-DHAB-HelaSlottetVidNissan-850x460-1-300x162.jpg 300w, https:\/\/dhr.se\/halland\/wp-content\/uploads\/sites\/13\/2022\/02\/HalmstadSlott-DHAB-HelaSlottetVidNissan-850x460-1-768x416.jpg 768w\" sizes=\"auto, (max-width: 850px) 100vw, 850px\" \/><div class=\"eedee-background-div__overlay\" style=\"opacity:1;\"><\/div><\/div><div class=\"slide-content\">\n\n<p class=\"has-text-align-center gutenslider-content-initial has-larger-font-size\"><\/p>\n\n<\/div><\/div>\n\n<div class=\"swiper-slide wp-block-eedee-block-gutenslide is-position-center-center ed-bg-image\" style=\"--ed-vw:300;--ed-vh:159;\" data-hash=\"\"><div class=\"eedee-background-div bg-image\"><img loading=\"lazy\" width=\"960\" height=\"508\" class=\"wp-image-2782\" src=\"https:\/\/dhr.se\/halland\/wp-content\/uploads\/sites\/13\/2021\/03\/Falkenberg-e1618410640918.jpg\" alt=\"Tullbron i Falkenberg\" decoding=\"async\" style=\"object-fit: cover; object-position: 50% 50%;\"  data-caption=\"Tullbron i Falkenberg\" data-title=\"Falkenberg\" \/><div class=\"eedee-background-div__overlay\" style=\"opacity:1;\"><\/div><\/div><div class=\"slide-content\">\n\n<p class=\"has-text-align-center gutenslider-content-initial has-larger-font-size\"><\/p>\n\n<\/div><\/div>\n\n<div class=\"swiper-slide wp-block-eedee-block-gutenslide is-position-center-center ed-bg-image\" style=\"--ed-vw:300;--ed-vh:150;\" data-hash=\"\"><div class=\"eedee-background-div bg-image\"><img loading=\"lazy\" width=\"1920\" height=\"960\" class=\"wp-image-2794\" src=\"https:\/\/dhr.se\/halland\/wp-content\/uploads\/sites\/13\/2021\/03\/kallbadhuset.jpg\" alt=\"Varberg Kallbadhus\" decoding=\"async\" style=\"object-fit: cover; object-position: 50% 50%;\"  data-caption=\"Varberg Kallbadhus\" data-title=\"kallbadhuset\" srcset=\"https:\/\/dhr.se\/halland\/wp-content\/uploads\/sites\/13\/2021\/03\/kallbadhuset.jpg 1920w, https:\/\/dhr.se\/halland\/wp-content\/uploads\/sites\/13\/2021\/03\/kallbadhuset-300x150.jpg 300w, https:\/\/dhr.se\/halland\/wp-content\/uploads\/sites\/13\/2021\/03\/kallbadhuset-1024x512.jpg 1024w, https:\/\/dhr.se\/halland\/wp-content\/uploads\/sites\/13\/2021\/03\/kallbadhuset-768x384.jpg 768w, https:\/\/dhr.se\/halland\/wp-content\/uploads\/sites\/13\/2021\/03\/kallbadhuset-1536x768.jpg 1536w, https:\/\/dhr.se\/halland\/wp-content\/uploads\/sites\/13\/2021\/03\/kallbadhuset-1600x800.jpg 1600w\" sizes=\"auto, (max-width: 1920px) 100vw, 1920px\" \/><div class=\"eedee-background-div__overlay\" style=\"opacity:1;\"><\/div><\/div><div class=\"slide-content\">\n\n<p class=\"has-text-align-center gutenslider-content-initial has-larger-font-size\"><\/p>\n\n<\/div><\/div>\n\n<div class=\"swiper-slide wp-block-eedee-block-gutenslide is-position-center-center ed-bg-image\" style=\"--ed-vw:300;--ed-vh:225;\" data-hash=\"\"><div class=\"eedee-background-div bg-image\"><img loading=\"lazy\" width=\"1250\" height=\"937\" class=\"wp-image-2796\" src=\"https:\/\/dhr.se\/halland\/wp-content\/uploads\/sites\/13\/2021\/03\/Varberg-Fastning.jpg\" alt=\"Varberg F\u00e4stning\" decoding=\"async\" style=\"object-fit: cover; object-position: 50% 50%;\"  data-caption=\"Varberg F\u00e4stning\" data-title=\"Varberg F\u00e4stning\" srcset=\"https:\/\/dhr.se\/halland\/wp-content\/uploads\/sites\/13\/2021\/03\/Varberg-Fastning.jpg 1250w, https:\/\/dhr.se\/halland\/wp-content\/uploads\/sites\/13\/2021\/03\/Varberg-Fastning-300x225.jpg 300w, https:\/\/dhr.se\/halland\/wp-content\/uploads\/sites\/13\/2021\/03\/Varberg-Fastning-1024x768.jpg 1024w, https:\/\/dhr.se\/halland\/wp-content\/uploads\/sites\/13\/2021\/03\/Varberg-Fastning-768x576.jpg 768w\" sizes=\"auto, (max-width: 1250px) 100vw, 1250px\" \/><div class=\"eedee-background-div__overlay\" style=\"opacity:1;\"><\/div><\/div><div class=\"slide-content\">\n\n<p class=\"has-text-align-center gutenslider-content-initial has-larger-font-size\"><\/p>\n\n<\/div><\/div>\n\n<div class=\"swiper-slide wp-block-eedee-block-gutenslide is-position-center-center ed-bg-image\" style=\"--ed-vw:300;--ed-vh:200;\" data-hash=\"\"><div class=\"eedee-background-div bg-image\"><img loading=\"lazy\" width=\"640\" height=\"427\" class=\"wp-image-2792\" src=\"https:\/\/dhr.se\/halland\/wp-content\/uploads\/sites\/13\/2021\/03\/kungsbacka-1.jpg\" alt=\"Tjol\u00f6holms Slott\" decoding=\"async\" style=\"object-fit: cover; object-position: 50% 50%;\"  data-caption=\"Tjol\u00f6holms slott\" data-title=\"Kungsbacka Tjol\u00f6holms slott\" srcset=\"https:\/\/dhr.se\/halland\/wp-content\/uploads\/sites\/13\/2021\/03\/kungsbacka-1.jpg 640w, https:\/\/dhr.se\/halland\/wp-content\/uploads\/sites\/13\/2021\/03\/kungsbacka-1-300x200.jpg 300w\" sizes=\"auto, (max-width: 640px) 100vw, 640px\" \/><div class=\"eedee-background-div__overlay\" style=\"opacity:1;\"><\/div><\/div><div class=\"slide-content\">\n\n<p class=\"has-text-align-center gutenslider-content-initial has-larger-font-size\"><\/p>\n\n<\/div><\/div>\n<\/div><\/div><button class=\"eedee-gutenslider-nav eedee-gutenslider-prev\"><svg xmlns=\"http:\/\/www.w3.org\/2000\/svg\" viewBox=\"0 0 24 24\" width=\"24\" height=\"24\"><circle class=\"bg\" cx=\"13\" cy=\"12\" r=\"11\" \/><path fill=\"none\" d=\"M0 0h24v24H0z\"\/><path class=\"arrow\" d=\"M10.828 12l4.95 4.95-1.414 1.414L8 12l6.364-6.364 1.414 1.414z\"\/><\/svg><\/button><button class=\"eedee-gutenslider-nav eedee-gutenslider-next\"><svg xmlns=\"http:\/\/www.w3.org\/2000\/svg\" viewBox=\"0 0 24 24\" width=\"24\" height=\"24\"><circle class=\"bg\" cx=\"11\" cy=\"12\" r=\"11\" \/><path fill=\"none\" d=\"M0 0h24v24H0z\"\/><path class=\"arrow\" d=\"M13.172 12l-4.95-4.95 1.414-1.414L16 12l-6.364 6.364-1.414-1.414z\"\/><\/svg><\/button><div class=\"eedee-gutenslider-pagination\"><\/div><div class=\"gutenslider-divider-bottom \" style=\"color:#fff;\"><\/div><\/div><\/div>\n\n<section class=\"block-calender\">\n    <div class=\"main\">\n        <div class=\"main-inner\">\n            <div class=\"title\">\n                <h2>Kalenderh\u00e4ndelser<\/h2>\n                            <\/div>\n            <div class=\"flex-container\">\n\n                                            \n                    \n                                <a class=\"one-post bright-background\" href=\"https:\/\/dhr.se\/halland\/event\/medlemsfika-18-4-26-i-kungsbacka\/\">\n                                    <div class=\"date\">\n                                        <p class=\"day title-color\">04-18<\/p>\n                                        <p class=\"month title-color\">04<\/p>\n                                    <\/div>\n                                    <div class=\"text-container\">\n                                        <h3 class=\"accent-text\">Medlemsfika 18\/4-26 i Kungsbacka<\/h3>\n                                        <div class=\"event-info\">\n                                            <p class=\"time\">26-04-18 14:00-16:00<\/p>\n                                            <p class=\"place text-darker\">ABF Kungsbacka<\/p>\n                                        <\/div>\n                                    <\/div>\n                                <\/a>\n                        \n                                                    \n                    \n                                <a class=\"one-post bright-background\" href=\"https:\/\/dhr.se\/halland\/event\/kallelse-till-arsmote-12-4-26\/\">\n                                    <div class=\"date\">\n                                        <p class=\"day title-color\">12<\/p>\n                                        <p class=\"month title-color\">04<\/p>\n                                    <\/div>\n                                    <div class=\"text-container\">\n                                        <h3 class=\"accent-text\">Kallelse till \u00e5rsm\u00f6te 12\/4-26<\/h3>\n                                        <div class=\"event-info\">\n                                            <p class=\"time\">12\/4-26 kl. 16:00<\/p>\n                                            <p class=\"place text-darker\"><\/p>\n                                        <\/div>\n                                    <\/div>\n                                <\/a>\n                        \n                           \n            <\/div>\n        <\/div>\n    <\/div>\n<\/section>\n\n<section class=\"block-latest-news bright-background\">\n    <div class=\"main\">\n        <div class=\"main-inner\">\n            <div class=\"title\">\n                <h2>Nyheter<\/h2>\n                                    <a class=\"small-button-underline text-link\" href=\"http:\/\/dhr.se\/halland\/nyheter\/\" target=\"_self\">Nyheter<\/a>\n                \n            <\/div>\n            \n            <div class=\"flex-container\">\n\n                                        \n                                <div class=\"one-post\">\n                                                                        <h3>Medlemsfika med f\u00f6rel\u00e4sning Kungsbacka den 18\/4-26<\/h3>\n                                    <!--<p class=\"date\"><\/p> -->\n                                    <p class=\"excerpt\">S\u00f6ndagen den 18\/4 tr\u00e4ffade styrelsen medlemmar fr\u00e5n Kungsbacka f\u00f6r att diskutera en&#8230;<\/p>\n\n                                    <a class=\"small-button text-link\" href=\"https:\/\/dhr.se\/halland\/medlemsfika-med-forelasning-kungsbacka-den-18-4-26\/\">L\u00e4s mer<\/a>\n                                <\/div>\n                        \n                                                \n                                <div class=\"one-post\">\n                                                                        <h3>Uppf\u00f6ljningsm\u00f6te med Falkenbergsavdelningen 16\/2-26<\/h3>\n                                    <!--<p class=\"date\"><\/p> -->\n                                    <p class=\"excerpt\">M\u00e5ndagen den 16\/2 hade vi ett uppf\u00f6ljande m\u00f6te om att starta upp&#8230;<\/p>\n\n                                    <a class=\"small-button text-link\" href=\"https:\/\/dhr.se\/halland\/uppfoljningsmote-med-falkenbergsavdelningen-16-2-26\/\">L\u00e4s mer<\/a>\n                                <\/div>\n                        \n                                                \n                                <div class=\"one-post\">\n                                                                        <h3>Julfika St\u00e5hlboms Konditori Falkenberg 9\/12-25<\/h3>\n                                    <!--<p class=\"date\"><\/p> -->\n                                    <p class=\"excerpt\">Tisdagen den 9\/12-25 samlades styrelsen, Dennis och Monica fr\u00e5n DHR Varberg samt&#8230;<\/p>\n\n                                    <a class=\"small-button text-link\" href=\"https:\/\/dhr.se\/halland\/julfika-stahlboms-konditori-falkenberg-9-12-25\/\">L\u00e4s mer<\/a>\n                                <\/div>\n                        \n                           \n            <\/div>\n\n                            <a class=\"button big accent\" href=\"http:\/\/dhr.se\/halland\/nyheter\/\" target=\"_self\">Nyheter<\/a>\n                        \n        <\/div>\n    <\/div>\n<\/section>\n\n<section class=\"block-box-links white\">\n    <div class=\"main\">\n        <div class=\"main-inner\">\n            <div class=\"flex-container\">\n\n                                \n                    <div class=\"one-box bright-background\">\n\n                                                    <div class=\"icon icon-statistics\"><\/div>\n                        \n                        <h4>R\u00e4ttighetsikoner<\/h4>\n                        <p>DHR har gjort det m\u00e5nga sagt borde g\u00f6ras \u2013 illustrerat artiklar ur Konventionen om r\u00e4ttigheter f\u00f6r personer med funktionsneds\u00e4ttning. Vi kopplar dem till de globala m\u00e5len \u2013 inte alla utan de som har direkt b\u00e4ring p\u00e5 personer med funktionsneds\u00e4ttning. <\/p>\n\n                                                    <a class=\"small-button text-link\" href=\"https:\/\/globalarattigheter.dhr.se\/\" target=\"_blank\">Globala r\u00e4ttigheter<\/a>\n                                                \n                    <\/div>\n\n                                    \n                    <div class=\"one-box bright-background\">\n\n                                                    <div class=\"icon icon-document\"><\/div>\n                        \n                        <h4>VI G\u00d6R!<\/h4>\n                        <p>DHR Region Halland arbetar utifr\u00e5n din vardag. Den blir v\u00e5rt r\u00e4ttighetspolitiska arbete. Vi tar fram fakta och beslutsunderlag, f\u00f6r tj\u00e4nstem\u00e4n och beslutsfattare, utifr\u00e5n de erfarenheter som m\u00e4nniskor med nedsatt r\u00f6relsef\u00f6rm\u00e5ga har.<\/p>\n\n                                                    <a class=\"small-button text-link\" href=\"http:\/\/dhr.se\/halland\/vad-vi-gor\/\" target=\"_self\">Vad vi g\u00f6r<\/a>\n                                                \n                    <\/div>\n\n                                    \n                    <div class=\"one-box bright-background\">\n\n                                                    <div class=\"icon icon-bulb\"><\/div>\n                        \n                        <h4>VI VILL!<\/h4>\n                        <p>Alla m\u00e4nniskor har lika v\u00e4rde! Och det oavsett k\u00f6n, k\u00f6nsidentitet eller k\u00f6nsuttryck, etnisk tillh\u00f6righet, religion eller annan trosuppfattning, funktionsneds\u00e4ttning, sexuell l\u00e4ggning eller \u00e5lder.<\/p>\n\n                                                \n                    <\/div>\n\n                    \n            <\/div>\n        <\/div>\n    <\/div>\n<\/section>","protected":false},"excerpt":{"rendered":"","protected":false},"author":4,"featured_media":0,"parent":0,"menu_order":0,"comment_status":"closed","ping_status":"closed","template":"","meta":{"_acf_changed":false,"_monsterinsights_skip_tracking":false,"_monsterinsights_sitenote_active":false,"_monsterinsights_sitenote_note":"","_monsterinsights_sitenote_category":0,"footnotes":""},"class_list":["post-754","page","type-page","status-publish","hentry"],"acf":[],"yoast_head":"<!-- This site is optimized with the Yoast SEO plugin v27.2 - https:\/\/yoast.com\/product\/yoast-seo-wordpress\/ -->\n<title>DHR - Region Halland - DHR - Region Halland<\/title>\n<meta name=\"robots\" content=\"index, follow, max-snippet:-1, max-image-preview:large, max-video-preview:-1\" \/>\n<link rel=\"canonical\" href=\"https:\/\/dhr.se\/halland\/\" \/>\n<meta property=\"og:locale\" content=\"sv_SE\" \/>\n<meta property=\"og:type\" content=\"article\" \/>\n<meta property=\"og:title\" content=\"DHR - Region Halland - DHR - Region Halland\" \/>\n<meta property=\"og:url\" content=\"https:\/\/dhr.se\/halland\/\" \/>\n<meta property=\"og:site_name\" content=\"DHR - Region Halland\" \/>\n<meta property=\"article:modified_time\" content=\"2023-11-28T09:08:55+00:00\" \/>\n<meta name=\"twitter:card\" content=\"summary_large_image\" \/>\n<script type=\"application\/ld+json\" class=\"yoast-schema-graph\">{\"@context\":\"https:\/\/schema.org\",\"@graph\":[{\"@type\":\"WebPage\",\"@id\":\"https:\/\/dhr.se\/halland\/\",\"url\":\"https:\/\/dhr.se\/halland\/\",\"name\":\"DHR - Region Halland - DHR - Region Halland\",\"isPartOf\":{\"@id\":\"https:\/\/dhr.se\/halland\/#website\"},\"datePublished\":\"2019-08-15T18:18:44+00:00\",\"dateModified\":\"2023-11-28T09:08:55+00:00\",\"breadcrumb\":{\"@id\":\"https:\/\/dhr.se\/halland\/#breadcrumb\"},\"inLanguage\":\"sv-SE\",\"potentialAction\":[{\"@type\":\"ReadAction\",\"target\":[\"https:\/\/dhr.se\/halland\/\"]}]},{\"@type\":\"BreadcrumbList\",\"@id\":\"https:\/\/dhr.se\/halland\/#breadcrumb\",\"itemListElement\":[{\"@type\":\"ListItem\",\"position\":1,\"name\":\"Hem\",\"item\":\"https:\/\/dhr.se\/halland\/\"},{\"@type\":\"ListItem\",\"position\":2,\"name\":\"DHR &#8211; Region Halland\"}]},{\"@type\":\"WebSite\",\"@id\":\"https:\/\/dhr.se\/halland\/#website\",\"url\":\"https:\/\/dhr.se\/halland\/\",\"name\":\"DHR - Region Halland\",\"description\":\"Delaktighet, r\u00f6relsefrihet och handlingskraft\",\"potentialAction\":[{\"@type\":\"SearchAction\",\"target\":{\"@type\":\"EntryPoint\",\"urlTemplate\":\"https:\/\/dhr.se\/halland\/?s={search_term_string}\"},\"query-input\":{\"@type\":\"PropertyValueSpecification\",\"valueRequired\":true,\"valueName\":\"search_term_string\"}}],\"inLanguage\":\"sv-SE\"}]}<\/script>\n<!-- \/ Yoast SEO plugin. -->","yoast_head_json":{"title":"DHR - Region Halland - DHR - Region Halland","robots":{"index":"index","follow":"follow","max-snippet":"max-snippet:-1","max-image-preview":"max-image-preview:large","max-video-preview":"max-video-preview:-1"},"canonical":"https:\/\/dhr.se\/halland\/","og_locale":"sv_SE","og_type":"article","og_title":"DHR - Region Halland - DHR - Region Halland","og_url":"https:\/\/dhr.se\/halland\/","og_site_name":"DHR - Region Halland","article_modified_time":"2023-11-28T09:08:55+00:00","twitter_card":"summary_large_image","schema":{"@context":"https:\/\/schema.org","@graph":[{"@type":"WebPage","@id":"https:\/\/dhr.se\/halland\/","url":"https:\/\/dhr.se\/halland\/","name":"DHR - Region Halland - DHR - Region Halland","isPartOf":{"@id":"https:\/\/dhr.se\/halland\/#website"},"datePublished":"2019-08-15T18:18:44+00:00","dateModified":"2023-11-28T09:08:55+00:00","breadcrumb":{"@id":"https:\/\/dhr.se\/halland\/#breadcrumb"},"inLanguage":"sv-SE","potentialAction":[{"@type":"ReadAction","target":["https:\/\/dhr.se\/halland\/"]}]},{"@type":"BreadcrumbList","@id":"https:\/\/dhr.se\/halland\/#breadcrumb","itemListElement":[{"@type":"ListItem","position":1,"name":"Hem","item":"https:\/\/dhr.se\/halland\/"},{"@type":"ListItem","position":2,"name":"DHR &#8211; Region Halland"}]},{"@type":"WebSite","@id":"https:\/\/dhr.se\/halland\/#website","url":"https:\/\/dhr.se\/halland\/","name":"DHR - Region Halland","description":"Delaktighet, r\u00f6relsefrihet och handlingskraft","potentialAction":[{"@type":"SearchAction","target":{"@type":"EntryPoint","urlTemplate":"https:\/\/dhr.se\/halland\/?s={search_term_string}"},"query-input":{"@type":"PropertyValueSpecification","valueRequired":true,"valueName":"search_term_string"}}],"inLanguage":"sv-SE"}]}},"publishpress_future_action":{"enabled":false,"date":"2026-05-04 00:51:14","action":"change-status","newStatus":"draft","terms":[],"taxonomy":"translation_priority","extraData":[]},"publishpress_future_workflow_manual_trigger":{"enabledWorkflows":[]},"_links":{"self":[{"href":"https:\/\/dhr.se\/halland\/wp-json\/wp\/v2\/pages\/754","targetHints":{"allow":["GET"]}}],"collection":[{"href":"https:\/\/dhr.se\/halland\/wp-json\/wp\/v2\/pages"}],"about":[{"href":"https:\/\/dhr.se\/halland\/wp-json\/wp\/v2\/types\/page"}],"author":[{"embeddable":true,"href":"https:\/\/dhr.se\/halland\/wp-json\/wp\/v2\/users\/4"}],"replies":[{"embeddable":true,"href":"https:\/\/dhr.se\/halland\/wp-json\/wp\/v2\/comments?post=754"}],"version-history":[{"count":0,"href":"https:\/\/dhr.se\/halland\/wp-json\/wp\/v2\/pages\/754\/revisions"}],"wp:attachment":[{"href":"https:\/\/dhr.se\/halland\/wp-json\/wp\/v2\/media?parent=754"}],"curies":[{"name":"wp","href":"https:\/\/api.w.org\/{rel}","templated":true}]}}