{"id":2117,"date":"2025-09-29T18:50:22","date_gmt":"2025-09-29T16:50:22","guid":{"rendered":"https:\/\/dhr.se\/hoganas\/?page_id=2117"},"modified":"2026-04-16T22:29:13","modified_gmt":"2026-04-16T20:29:13","slug":"kalender-2","status":"publish","type":"page","link":"https:\/\/dhr.se\/hoganas\/kalender-2\/","title":{"rendered":"Kalender"},"content":{"rendered":"<section class=\"block-textbox\" style=\"background-image:url();\">\n    <div class=\"main\">\n        <div class=\"main-inner\">\n\n                <div class=\"text-container\">\n                    <h2>Kalender f\u00f6r DHR H\u00f6gan\u00e4s  <\/h2>\n                    <p>AKTIVITETSPLAN 2026,<br \/>\r\nAlltid bindande anm\u00e4lan. Alltid billigare f\u00f6r medlemmar<br \/>\r\n <br \/>\r\nStyrelsem\u00f6te DHR H\u00f6gan\u00e4s 14 januari 18.30 <br \/>\r\n<br \/>\r\n4 mars, \u00c5rsm\u00f6te 2026 f\u00f6r medlemmar. Plats H\u00f6gan\u00e4s Hamnkrog<br \/>\r\nTid 18.30 \u2013 21.00. DHR-H\u00f6gan\u00e4s redovisar vad vi gjort 2025, vad som h\u00e4nder 2026. Kostnader och underh\u00e5llning \u00e5terkommer vi med s\u00e5 snart vi kan.<br \/>\r\n<br \/>\r\n16 april extra \u00e5rsm\u00f6te f\u00f6r alla medlemmar. DHR &#8211; H\u00f6gan\u00e4s kallar alla medlemmar v\u00e4lkomna till extra \u00e5rsm\u00f6te 2026 \u2013 04-16<br \/>\r\nPlats: HSO H\u00f6gan\u00e4s Lokal Kabyssen L\u00e5ngar\u00f6dsv\u00e4gen 30 18.30. L\u00e4ttare f\u00f6rt\u00e4ring s\u00e5 styrelsen vill g\u00e4rna att ni anm\u00e4ler er. Anm\u00e4l er till vice ordf\u00f6rande Emma Wennerholm 0735304238 eller till v\u00e5r mail: hoganas@dhr.se senast 13 april 2026<br \/>\r\n<br \/>\r\nAlla medlemmar \u00e4r hj\u00e4rtligt v\u00e4lkomna, unga som \u00e4ldre, nya medlemmar som befintliga<br \/>\r\n<br \/>\r\nStyrelsem\u00f6te DHR H\u00f6gan\u00e4s torsdagen den 7 maj 18.20 <br \/>\r\n10 juni, Midsommarm\u00f6te f\u00f6r medlemmar. Plats H\u00f6gan\u00e4s Hamnkrog<br \/>\r\nTid 18.30 \u2013 21.00. Vi bjuder p\u00e5 midsommarmat, underh\u00e5llning och allm\u00e4n uppdatering p\u00e5 vad vi fram till nu gjort f\u00f6r v\u00e5ra medlemmar. Kostnader och underh\u00e5llning \u00e5terkommer vi med s\u00e5 snart vi kan.<br \/>\r\n <br \/>\r\n14 oktober H\u00f6stm\u00f6te f\u00f6r medlemmar plats. H\u00f6gan\u00e4s Hamnkrog<br \/>\r\nTid 18.30 \u2013 21.00 Vi ser g\u00e4rna att v\u00e5ra medlemmar anm\u00e4ler sig s\u00e5 snart de kan. Vi bjuder p\u00e5 mat och n\u00e5gon form av underh\u00e5llning. Kostnader och upptr\u00e4dande \u00e5terkommer vi med s\u00e5 snart vi kan.<br \/>\r\n <br \/>\r\n9 december Julm\u00f6te f\u00f6r medlemmar. Plats H\u00f6gan\u00e4s Hamnkrog<br \/>\r\nTid 18.30 \u2013 21.00. P\u00e5 detta st\u00e4lle \u00e4r tillg\u00e4ngligheten \u00e4r p\u00e5 absolut topp. F\u00f6r en subventionerad kostnad f\u00e5r man jultallrik (varm + kall). Kostnader och underh\u00e5llare med julkuliga aktiviteter \u00e5terkommer vi med s\u00e5 snart vi kan.<br \/>\r\n <br \/>\r\nUPPLEVELSER 2026<br \/>\r\nApril Utflyktsresa gemensamt med Helsingborgs DHR-avd.<br \/>\r\nI april arrangerar Hbg:s DHR en dagsutflykt med buss. Resm\u00e5l, kostnader och sista bokningsdag \u00e5terkommer vi snarast m\u00f6jligt med.<br \/>\r\n <br \/>\r\nSeptember Utflyktsresa gemensamt med Helsingborgs DHR-avd.<br \/>\r\nI september \u00e4r det H\u00f6gan\u00e4s DHR:s tur att arrangera en dagsresa f\u00f6r medlemmar. Resm\u00e5l, kostnader och sista bokningsdag \u00e5terkommer vi snarast m\u00f6jligt med.<br \/>\r\n <br \/>\r\nTeater, Bio, Konserter<br \/>\r\nUnder 2026 kommer DHR att arrangera f\u00f6r medlemmar ett bes\u00f6k p\u00e5 teatern eller bion. Allt beror p\u00e5 utbud och intresse. Vi \u00e5terkommer om detta under v\u00e5ren.<br \/>\r\n<br \/>\r\nKalender 2025 : <br \/>\r\n<br \/>\r\nBussresa \/ utflykt till \u00d6sterlen 25 september 2025<br \/>\r\n<br \/>\r\nStyrelsem\u00f6te DHR H\u00f6gan\u00e4s 30 september <br \/>\r\n<br \/>\r\nKommunala funktionshinderr\u00e5det d\u00e4r DHR H\u00f6gan\u00e4s finns representerade 13 oktober<br \/>\r\n<br \/>\r\nMedlemsm\u00f6te \/H\u00f6stm\u00f6te 15 oktober klockan 18.00 <br \/>\r\n<br \/>\r\nStyrelsem\u00f6te DHR H\u00f6gan\u00e4s 4 november <br \/>\r\n<br \/>\r\nKonferens f\u00f6r styrelsen DHR 15 &#8211; 16 november <br \/>\r\n<br \/>\r\nJulm\u00f6te  2 december<br \/>\r\n<br \/>\r\nInternationella funktionshinderdagen 3 december <br \/>\r\n<\/p>\n\n                    \n                <\/div>\n\n        <\/div>\n    <\/div>\n<\/section>","protected":false},"excerpt":{"rendered":"","protected":false},"author":91,"featured_media":0,"parent":0,"menu_order":0,"comment_status":"closed","ping_status":"closed","template":"","meta":{"_acf_changed":false,"_monsterinsights_skip_tracking":false,"_monsterinsights_sitenote_active":false,"_monsterinsights_sitenote_note":"","_monsterinsights_sitenote_category":0,"footnotes":""},"class_list":["post-2117","page","type-page","status-publish","hentry"],"acf":[],"yoast_head":"<!-- This site is optimized with the Yoast SEO plugin v27.5 - https:\/\/yoast.com\/product\/yoast-seo-wordpress\/ -->\n<title>Kalender - DHR - H\u00f6gan\u00e4s<\/title>\n<meta name=\"robots\" content=\"index, follow, max-snippet:-1, max-image-preview:large, max-video-preview:-1\" \/>\n<link rel=\"canonical\" href=\"https:\/\/dhr.se\/hoganas\/kalender-2\/\" \/>\n<meta property=\"og:locale\" content=\"sv_SE\" \/>\n<meta property=\"og:type\" content=\"article\" \/>\n<meta property=\"og:title\" content=\"Kalender - DHR - H\u00f6gan\u00e4s\" \/>\n<meta property=\"og:url\" content=\"https:\/\/dhr.se\/hoganas\/kalender-2\/\" \/>\n<meta property=\"og:site_name\" content=\"DHR - H\u00f6gan\u00e4s\" \/>\n<meta property=\"article:modified_time\" content=\"2026-04-16T20:29:13+00:00\" \/>\n<meta name=\"twitter:card\" content=\"summary_large_image\" \/>\n<script type=\"application\/ld+json\" class=\"yoast-schema-graph\">{\"@context\":\"https:\\\/\\\/schema.org\",\"@graph\":[{\"@type\":\"WebPage\",\"@id\":\"https:\\\/\\\/dhr.se\\\/hoganas\\\/kalender-2\\\/\",\"url\":\"https:\\\/\\\/dhr.se\\\/hoganas\\\/kalender-2\\\/\",\"name\":\"Kalender - DHR - H\u00f6gan\u00e4s\",\"isPartOf\":{\"@id\":\"https:\\\/\\\/dhr.se\\\/hoganas\\\/#website\"},\"datePublished\":\"2025-09-29T16:50:22+00:00\",\"dateModified\":\"2026-04-16T20:29:13+00:00\",\"breadcrumb\":{\"@id\":\"https:\\\/\\\/dhr.se\\\/hoganas\\\/kalender-2\\\/#breadcrumb\"},\"inLanguage\":\"sv-SE\",\"potentialAction\":[{\"@type\":\"ReadAction\",\"target\":[\"https:\\\/\\\/dhr.se\\\/hoganas\\\/kalender-2\\\/\"]}]},{\"@type\":\"BreadcrumbList\",\"@id\":\"https:\\\/\\\/dhr.se\\\/hoganas\\\/kalender-2\\\/#breadcrumb\",\"itemListElement\":[{\"@type\":\"ListItem\",\"position\":1,\"name\":\"Hem\",\"item\":\"https:\\\/\\\/dhr.se\\\/hoganas\\\/\"},{\"@type\":\"ListItem\",\"position\":2,\"name\":\"Kalender\"}]},{\"@type\":\"WebSite\",\"@id\":\"https:\\\/\\\/dhr.se\\\/hoganas\\\/#website\",\"url\":\"https:\\\/\\\/dhr.se\\\/hoganas\\\/\",\"name\":\"DHR - H\u00f6gan\u00e4s\",\"description\":\"Delaktighet, r\u00f6relsefrihet och handlingskraft\",\"potentialAction\":[{\"@type\":\"SearchAction\",\"target\":{\"@type\":\"EntryPoint\",\"urlTemplate\":\"https:\\\/\\\/dhr.se\\\/hoganas\\\/?s={search_term_string}\"},\"query-input\":{\"@type\":\"PropertyValueSpecification\",\"valueRequired\":true,\"valueName\":\"search_term_string\"}}],\"inLanguage\":\"sv-SE\"}]}<\/script>\n<!-- \/ Yoast SEO plugin. -->","yoast_head_json":{"title":"Kalender - DHR - H\u00f6gan\u00e4s","robots":{"index":"index","follow":"follow","max-snippet":"max-snippet:-1","max-image-preview":"max-image-preview:large","max-video-preview":"max-video-preview:-1"},"canonical":"https:\/\/dhr.se\/hoganas\/kalender-2\/","og_locale":"sv_SE","og_type":"article","og_title":"Kalender - DHR - H\u00f6gan\u00e4s","og_url":"https:\/\/dhr.se\/hoganas\/kalender-2\/","og_site_name":"DHR - H\u00f6gan\u00e4s","article_modified_time":"2026-04-16T20:29:13+00:00","twitter_card":"summary_large_image","schema":{"@context":"https:\/\/schema.org","@graph":[{"@type":"WebPage","@id":"https:\/\/dhr.se\/hoganas\/kalender-2\/","url":"https:\/\/dhr.se\/hoganas\/kalender-2\/","name":"Kalender - DHR - H\u00f6gan\u00e4s","isPartOf":{"@id":"https:\/\/dhr.se\/hoganas\/#website"},"datePublished":"2025-09-29T16:50:22+00:00","dateModified":"2026-04-16T20:29:13+00:00","breadcrumb":{"@id":"https:\/\/dhr.se\/hoganas\/kalender-2\/#breadcrumb"},"inLanguage":"sv-SE","potentialAction":[{"@type":"ReadAction","target":["https:\/\/dhr.se\/hoganas\/kalender-2\/"]}]},{"@type":"BreadcrumbList","@id":"https:\/\/dhr.se\/hoganas\/kalender-2\/#breadcrumb","itemListElement":[{"@type":"ListItem","position":1,"name":"Hem","item":"https:\/\/dhr.se\/hoganas\/"},{"@type":"ListItem","position":2,"name":"Kalender"}]},{"@type":"WebSite","@id":"https:\/\/dhr.se\/hoganas\/#website","url":"https:\/\/dhr.se\/hoganas\/","name":"DHR - H\u00f6gan\u00e4s","description":"Delaktighet, r\u00f6relsefrihet och handlingskraft","potentialAction":[{"@type":"SearchAction","target":{"@type":"EntryPoint","urlTemplate":"https:\/\/dhr.se\/hoganas\/?s={search_term_string}"},"query-input":{"@type":"PropertyValueSpecification","valueRequired":true,"valueName":"search_term_string"}}],"inLanguage":"sv-SE"}]}},"publishpress_future_workflow_manual_trigger":{"enabledWorkflows":[]},"_links":{"self":[{"href":"https:\/\/dhr.se\/hoganas\/wp-json\/wp\/v2\/pages\/2117","targetHints":{"allow":["GET"]}}],"collection":[{"href":"https:\/\/dhr.se\/hoganas\/wp-json\/wp\/v2\/pages"}],"about":[{"href":"https:\/\/dhr.se\/hoganas\/wp-json\/wp\/v2\/types\/page"}],"author":[{"embeddable":true,"href":"https:\/\/dhr.se\/hoganas\/wp-json\/wp\/v2\/users\/91"}],"replies":[{"embeddable":true,"href":"https:\/\/dhr.se\/hoganas\/wp-json\/wp\/v2\/comments?post=2117"}],"version-history":[{"count":2,"href":"https:\/\/dhr.se\/hoganas\/wp-json\/wp\/v2\/pages\/2117\/revisions"}],"predecessor-version":[{"id":2347,"href":"https:\/\/dhr.se\/hoganas\/wp-json\/wp\/v2\/pages\/2117\/revisions\/2347"}],"wp:attachment":[{"href":"https:\/\/dhr.se\/hoganas\/wp-json\/wp\/v2\/media?parent=2117"}],"curies":[{"name":"wp","href":"https:\/\/api.w.org\/{rel}","templated":true}]}}