{"id":2128,"date":"2025-10-01T09:14:34","date_gmt":"2025-10-01T07:14:34","guid":{"rendered":"https:\/\/dhr.se\/hoganas\/?page_id=2128"},"modified":"2025-12-03T12:27:31","modified_gmt":"2025-12-03T11:27:31","slug":"aktiviteter","status":"publish","type":"page","link":"https:\/\/dhr.se\/hoganas\/aktiviteter\/","title":{"rendered":"P\u00e5 g\u00e5ng \/ Information"},"content":{"rendered":"<section class=\"block-textbox\" style=\"background-image:url();\">\n    <div class=\"main\">\n        <div class=\"main-inner\">\n\n                <div class=\"text-container\">\n                    <h2>P\u00e5 g\u00e5ng och information  med DHR H\u00f6gan\u00e4s  <\/h2>\n                    <p>DHR &#8211; H\u00f6gan\u00e4s<br \/>\r\nBli medlem i v\u00e5r f\u00f6rening<br \/>\r\nDHR \u00e4r en f\u00f6rening som hj\u00e4lper m\u00e4nniskor <br \/>\r\nmed funktionshinder av olika slag. <br \/>\r\nVi k\u00e4mpar f\u00f6r tillg\u00e4nglighet och <br \/>\r\natt kommunerna vi bor i <br \/>\r\ntar sitt samh\u00e4lleliga ansvar. <br \/>\r\nTillsammans \u00e4r vi starka!<br \/>\r\n<br \/>\r\nF\u00d6RM\u00c5NER MEDLEMSKAP INOM DHR<br \/>\r\n1. Semester: <br \/>\r\nM\u00f6jlighet med boende p\u00e5 kurhotell Mar y Sol i Los Christianos<br \/>\r\nP\u00e5 Teneriffa<br \/>\r\n2. Hotell<br \/>\r\nBo p\u00e5 alla Scandichotell i Sverige till reducerat pris.<br \/>\r\n3. Juristhj\u00e4lp<br \/>\r\nMedlemmar har kostnadsfritt m\u00f6jlighet f\u00f6r juridisk hj\u00e4lp per telefon.<br \/>\r\n4. St\u00f6d mot myndigheter<br \/>\r\nMedlemmar har kostnadsfritt st\u00f6d av en sekundant vid kontakt med handl\u00e4ggare.<br \/>\r\n5. F\u00f6rs\u00e4kringar<br \/>\r\nMedlemmar ger dig r\u00e4tt att teckna f\u00f6rs\u00e4kring genom Unik F\u00f6rs\u00e4kring. Hj\u00e4lpmedel, h\u00f6rapparat, glas\u00f6gon m.m<br \/>\r\n6. Bil<br \/>\r\nMedlemmar har rabatt p\u00e5 m\u00e5nga olika bilm\u00e4rken. Rabatten beror p\u00e5 m\u00e4rke\/modell du \u00e4r intresserad av.<br \/>\r\n7. Optiker<br \/>\r\nSmartEyes ger dig 15\u201325% rabatt p\u00e5 glas\u00f6gon, beroende p\u00e5 produkt, mot uppvisande av giltigt medlemskort.<br \/>\r\n8. Medlemsm\u00f6ten till subventionerad kostnad<br \/>\r\n4ggr per \u00e5r kallas medlemmar till m\u00f6te. D\u00e5 bjuds det mat, dryck och underh\u00e5llning. Vi redog\u00f6r vad vi gjort fram till d\u00e5.<br \/>\r\n\u00a0<br \/>\r\nKOMMUNALA FUNKTIONSHINDERR\u00c5DET (KFR): <br \/>\r\nH\u00e4r driver vi v\u00e5ra medlemmars krav p\u00e5 b\u00e4ttre tillg\u00e4nglighet f\u00f6r funktionsnedsatta.<br \/>\r\n\u00a0<br \/>\r\nV\u00c5R ARVSFOND: <br \/>\r\nH\u00e4r kan du s\u00f6ka st\u00f6d till hj\u00e4lpmedel, rehab- och rekreationsresor.<br \/>\r\n\u00a0<br \/>\r\nTILLG\u00c4NGLIGHETSPRISET: <br \/>\r\nDelas \u00e5rligen ut till enskilda, f\u00f6reningar eller verksamheter f\u00f6r s\u00e4rskilda insatser.<br \/>\r\n\u00a0<\/p>\n\n                    \n                <\/div>\n\n        <\/div>\n    <\/div>\n<\/section>","protected":false},"excerpt":{"rendered":"","protected":false},"author":91,"featured_media":0,"parent":0,"menu_order":0,"comment_status":"closed","ping_status":"closed","template":"","meta":{"_acf_changed":false,"_monsterinsights_skip_tracking":false,"_monsterinsights_sitenote_active":false,"_monsterinsights_sitenote_note":"","_monsterinsights_sitenote_category":0,"footnotes":""},"class_list":["post-2128","page","type-page","status-publish","hentry"],"acf":[],"yoast_head":"<!-- This site is optimized with the Yoast SEO plugin v27.5 - https:\/\/yoast.com\/product\/yoast-seo-wordpress\/ -->\n<title>P\u00e5 g\u00e5ng \/ Information - DHR - H\u00f6gan\u00e4s<\/title>\n<meta name=\"robots\" content=\"index, follow, max-snippet:-1, max-image-preview:large, max-video-preview:-1\" \/>\n<link rel=\"canonical\" href=\"https:\/\/dhr.se\/hoganas\/aktiviteter\/\" \/>\n<meta property=\"og:locale\" content=\"sv_SE\" \/>\n<meta property=\"og:type\" content=\"article\" \/>\n<meta property=\"og:title\" content=\"P\u00e5 g\u00e5ng \/ Information - DHR - H\u00f6gan\u00e4s\" \/>\n<meta property=\"og:url\" content=\"https:\/\/dhr.se\/hoganas\/aktiviteter\/\" \/>\n<meta property=\"og:site_name\" content=\"DHR - H\u00f6gan\u00e4s\" \/>\n<meta property=\"article:modified_time\" content=\"2025-12-03T11:27:31+00:00\" \/>\n<meta name=\"twitter:card\" content=\"summary_large_image\" \/>\n<script type=\"application\/ld+json\" class=\"yoast-schema-graph\">{\"@context\":\"https:\\\/\\\/schema.org\",\"@graph\":[{\"@type\":\"WebPage\",\"@id\":\"https:\\\/\\\/dhr.se\\\/hoganas\\\/aktiviteter\\\/\",\"url\":\"https:\\\/\\\/dhr.se\\\/hoganas\\\/aktiviteter\\\/\",\"name\":\"P\u00e5 g\u00e5ng \\\/ Information - DHR - H\u00f6gan\u00e4s\",\"isPartOf\":{\"@id\":\"https:\\\/\\\/dhr.se\\\/hoganas\\\/#website\"},\"datePublished\":\"2025-10-01T07:14:34+00:00\",\"dateModified\":\"2025-12-03T11:27:31+00:00\",\"breadcrumb\":{\"@id\":\"https:\\\/\\\/dhr.se\\\/hoganas\\\/aktiviteter\\\/#breadcrumb\"},\"inLanguage\":\"sv-SE\",\"potentialAction\":[{\"@type\":\"ReadAction\",\"target\":[\"https:\\\/\\\/dhr.se\\\/hoganas\\\/aktiviteter\\\/\"]}]},{\"@type\":\"BreadcrumbList\",\"@id\":\"https:\\\/\\\/dhr.se\\\/hoganas\\\/aktiviteter\\\/#breadcrumb\",\"itemListElement\":[{\"@type\":\"ListItem\",\"position\":1,\"name\":\"Hem\",\"item\":\"https:\\\/\\\/dhr.se\\\/hoganas\\\/\"},{\"@type\":\"ListItem\",\"position\":2,\"name\":\"P\u00e5 g\u00e5ng \\\/ Information\"}]},{\"@type\":\"WebSite\",\"@id\":\"https:\\\/\\\/dhr.se\\\/hoganas\\\/#website\",\"url\":\"https:\\\/\\\/dhr.se\\\/hoganas\\\/\",\"name\":\"DHR - H\u00f6gan\u00e4s\",\"description\":\"Delaktighet, r\u00f6relsefrihet och handlingskraft\",\"potentialAction\":[{\"@type\":\"SearchAction\",\"target\":{\"@type\":\"EntryPoint\",\"urlTemplate\":\"https:\\\/\\\/dhr.se\\\/hoganas\\\/?s={search_term_string}\"},\"query-input\":{\"@type\":\"PropertyValueSpecification\",\"valueRequired\":true,\"valueName\":\"search_term_string\"}}],\"inLanguage\":\"sv-SE\"}]}<\/script>\n<!-- \/ Yoast SEO plugin. -->","yoast_head_json":{"title":"P\u00e5 g\u00e5ng \/ Information - DHR - H\u00f6gan\u00e4s","robots":{"index":"index","follow":"follow","max-snippet":"max-snippet:-1","max-image-preview":"max-image-preview:large","max-video-preview":"max-video-preview:-1"},"canonical":"https:\/\/dhr.se\/hoganas\/aktiviteter\/","og_locale":"sv_SE","og_type":"article","og_title":"P\u00e5 g\u00e5ng \/ Information - DHR - H\u00f6gan\u00e4s","og_url":"https:\/\/dhr.se\/hoganas\/aktiviteter\/","og_site_name":"DHR - H\u00f6gan\u00e4s","article_modified_time":"2025-12-03T11:27:31+00:00","twitter_card":"summary_large_image","schema":{"@context":"https:\/\/schema.org","@graph":[{"@type":"WebPage","@id":"https:\/\/dhr.se\/hoganas\/aktiviteter\/","url":"https:\/\/dhr.se\/hoganas\/aktiviteter\/","name":"P\u00e5 g\u00e5ng \/ Information - DHR - H\u00f6gan\u00e4s","isPartOf":{"@id":"https:\/\/dhr.se\/hoganas\/#website"},"datePublished":"2025-10-01T07:14:34+00:00","dateModified":"2025-12-03T11:27:31+00:00","breadcrumb":{"@id":"https:\/\/dhr.se\/hoganas\/aktiviteter\/#breadcrumb"},"inLanguage":"sv-SE","potentialAction":[{"@type":"ReadAction","target":["https:\/\/dhr.se\/hoganas\/aktiviteter\/"]}]},{"@type":"BreadcrumbList","@id":"https:\/\/dhr.se\/hoganas\/aktiviteter\/#breadcrumb","itemListElement":[{"@type":"ListItem","position":1,"name":"Hem","item":"https:\/\/dhr.se\/hoganas\/"},{"@type":"ListItem","position":2,"name":"P\u00e5 g\u00e5ng \/ Information"}]},{"@type":"WebSite","@id":"https:\/\/dhr.se\/hoganas\/#website","url":"https:\/\/dhr.se\/hoganas\/","name":"DHR - H\u00f6gan\u00e4s","description":"Delaktighet, r\u00f6relsefrihet och handlingskraft","potentialAction":[{"@type":"SearchAction","target":{"@type":"EntryPoint","urlTemplate":"https:\/\/dhr.se\/hoganas\/?s={search_term_string}"},"query-input":{"@type":"PropertyValueSpecification","valueRequired":true,"valueName":"search_term_string"}}],"inLanguage":"sv-SE"}]}},"publishpress_future_workflow_manual_trigger":{"enabledWorkflows":[]},"_links":{"self":[{"href":"https:\/\/dhr.se\/hoganas\/wp-json\/wp\/v2\/pages\/2128","targetHints":{"allow":["GET"]}}],"collection":[{"href":"https:\/\/dhr.se\/hoganas\/wp-json\/wp\/v2\/pages"}],"about":[{"href":"https:\/\/dhr.se\/hoganas\/wp-json\/wp\/v2\/types\/page"}],"author":[{"embeddable":true,"href":"https:\/\/dhr.se\/hoganas\/wp-json\/wp\/v2\/users\/91"}],"replies":[{"embeddable":true,"href":"https:\/\/dhr.se\/hoganas\/wp-json\/wp\/v2\/comments?post=2128"}],"version-history":[{"count":0,"href":"https:\/\/dhr.se\/hoganas\/wp-json\/wp\/v2\/pages\/2128\/revisions"}],"wp:attachment":[{"href":"https:\/\/dhr.se\/hoganas\/wp-json\/wp\/v2\/media?parent=2128"}],"curies":[{"name":"wp","href":"https:\/\/api.w.org\/{rel}","templated":true}]}}