{"id":2053,"date":"2021-11-25T13:44:10","date_gmt":"2021-11-25T12:44:10","guid":{"rendered":"https:\/\/dhr.se\/huddinge\/?page_id=2053"},"modified":"2026-04-15T14:46:16","modified_gmt":"2026-04-15T12:46:16","slug":"kalendarium","status":"publish","type":"page","link":"https:\/\/dhr.se\/huddinge\/kalendarium\/","title":{"rendered":"Kalendarium"},"content":{"rendered":"\n<h4 class=\"wp-block-heading\"><\/h4>\n\n\n<section class=\"block-simple-text\">\n    <div class=\"main\">\n        <div class=\"main-inner\">\n            <div class=\"ingress text-darker\"><p><strong>Aktiviteter 2026<\/strong><\/p>\n<p style=\"text-align: left\">V\u00e4lkommen till Huddingeavdelningens aktiviteter.<\/p>\n<p style=\"text-align: left\">M\u00f6ten som annonseras h\u00e4r m\u00e5ste man anm\u00e4la sig till 5 dagar innan.<\/p>\n<p>Kontakta Birgit\/Giggi (Se under fliken Om oss)<\/p>\n<p>Om inget annat anges tr\u00e4ffas vi i<strong> R\u00e5dsalen<\/strong><\/p>\n<p>R\u00e5dstuguv\u00e4gen 19, 141 35 Huddinge<\/p>\n<p>Aktiviteterna \u00e4r kostnadsfria om inget annat anges<\/p>\n<p><strong>F\u00f6rslag till aktiviteter under 2026.<\/strong> Datum och tider meddelas senare<\/p>\n<p><strong>Gr\u00f6tafton <\/strong>22 januari kl 18<\/p>\n<p><strong>\u00c5rsm\u00f6te <\/strong>22 mars kl 13-14:30<\/p>\n<p><strong>Maj<\/strong><\/p>\n<p><strong>29 maj <\/strong>Fisketur fr\u00e5n Oscars brygga kl 9:30. Kostnad 400 kr\/person. Anm\u00e4lan senast 15 maj<\/p>\n<p><strong>30 maj<\/strong> Tr\u00e4ff i parken p\u00e5 Jazzdagarna. Vi bjuder p\u00e5 kaffe och kaka<strong>\u00a0 \u00a0<\/strong><\/p>\n<p><strong>Juni<\/strong><\/p>\n<p><strong>10 juni kl 16 \u2013 19 <\/strong>Hur anv\u00e4nder man AI.<\/p>\n<p>Patrick g\u00e5r igenom vad vi beh\u00f6ver veta<\/p>\n<p><strong>Augusti<\/strong><\/p>\n<p><strong>13 augusti<\/strong> Filmafton kl 18:30<\/p>\n<p><strong>September<\/strong><\/p>\n<p>Buss\/b\u00e5tresa. F\u00f6rslag Gotland, Ecker\u00f6<\/p>\n<p><strong>Oktober<\/strong><\/p>\n<p>M\u00f6te om merkostnadsers\u00e4ttning tillsammans med regionen<\/p>\n<p>R\u00e4kfrossa<\/p>\n<p><strong>November<\/strong><\/p>\n<p>M\u00f6te med hembygdsf\u00f6reningen (Tania kontaktar hembygdsf\u00f6reningen om dag.<\/p>\n<p><strong>December<\/strong><\/p>\n<p>Julbord<\/p>\n<p>&nbsp;<\/p>\n<p><strong>Tidigare aktiviteter under 2025<\/strong><\/p>\n<p><strong>4 april<\/strong> Polisen kom och ber\u00e4ttade om bedr\u00e4gerif\u00f6rs\u00f6ken:\u00a0 mycket intressant och l\u00e4rorikt<\/p>\n<p><strong>24 juni<\/strong> promenad till Notholmen<\/p>\n<p><strong>21 augusti<\/strong> grilldag i H\u00e5gelbyparken kl 11-14 <strong>inst\u00e4lld<\/strong> p\u00e5 grund av f\u00f6r f\u00e5 anm\u00e4lda<\/p>\n<p><strong>2 september<\/strong> \u00c5landsresa<strong> INST\u00c4LLT<\/strong> p\u00e5 grund av f\u00f6r f\u00e5 anm\u00e4lda<\/p>\n<p><strong>9 september<\/strong> Uppf\u00f6ljning av f\u00e4rdtj\u00e4nsten i samarbete med Regionen<\/p>\n<p><strong>25 september<\/strong> fisketur i specialanpassad b\u00e5t vid Oscars brygga.<\/p>\n<p>En fantastiskt sk\u00f6n dag i sol, grillning p\u00e5 \u00c4ngs\u00f6!<\/p>\n<p><strong>November<\/strong><\/p>\n<p><strong>&#8221;S\u00e5 blev det Huddinge&#8221;<\/strong>\u00a0med \u00c5ke Blomqvist.<\/p>\n<p><strong>Plats:<\/strong> Huddinge hembygdsf\u00f6renings lokal \u00a0Torsdagen den 13 november<\/p>\n<p><strong>December <\/strong><\/p>\n<p><strong>Julbord p\u00e5<\/strong> Alm\u00e5sa havshotell, 4 december<\/p>\n<p>&nbsp;<\/p>\n<\/div>\n            <div class=\"content\"><\/div>\n        <\/div>\n    <\/div>\n<\/section>\n\n\n<p><\/p>\n\n\n\n<div class=\"wp-block-columns is-layout-flex wp-container-core-columns-is-layout-9d6595d7 wp-block-columns-is-layout-flex\">\n<div class=\"wp-block-column is-layout-flow wp-block-column-is-layout-flow\" style=\"flex-basis:100%\">\n<div class=\"wp-block-group\"><div class=\"wp-block-group__inner-container is-layout-flow wp-block-group-is-layout-flow\">\n<p><\/p>\n<\/div><\/div>\n<\/div>\n<\/div>\n\n\n<section class=\"block-image-and-text left white\">\n    <div class=\"main\">\n        <div class=\"main-inner\">\n            <div class=\"left-col\" style=\"background-image: url();\"><\/div>\n\n            <div class=\"right-col\">\n                <h2><\/h2>\n                <p class=\"text\"><\/p>\n\n                            <\/div>\n\n        <\/div>\n    <\/div>\n<\/section>","protected":false},"excerpt":{"rendered":"","protected":false},"author":65,"featured_media":0,"parent":0,"menu_order":0,"comment_status":"closed","ping_status":"closed","template":"","meta":{"_acf_changed":false,"_monsterinsights_skip_tracking":false,"_monsterinsights_sitenote_active":false,"_monsterinsights_sitenote_note":"","_monsterinsights_sitenote_category":0,"footnotes":""},"class_list":["post-2053","page","type-page","status-publish","hentry"],"acf":[],"yoast_head":"<!-- This site is optimized with the Yoast SEO plugin v27.2 - https:\/\/yoast.com\/product\/yoast-seo-wordpress\/ -->\n<title>Kalendarium - DHR - Huddinge<\/title>\n<meta name=\"robots\" content=\"index, follow, max-snippet:-1, max-image-preview:large, max-video-preview:-1\" \/>\n<link rel=\"canonical\" href=\"https:\/\/dhr.se\/huddinge\/kalendarium\/\" \/>\n<meta property=\"og:locale\" content=\"sv_SE\" \/>\n<meta property=\"og:type\" content=\"article\" \/>\n<meta property=\"og:title\" content=\"Kalendarium - DHR - Huddinge\" \/>\n<meta property=\"og:url\" content=\"https:\/\/dhr.se\/huddinge\/kalendarium\/\" \/>\n<meta property=\"og:site_name\" content=\"DHR - Huddinge\" \/>\n<meta property=\"article:modified_time\" content=\"2026-04-15T12:46:16+00:00\" \/>\n<meta name=\"twitter:card\" content=\"summary_large_image\" \/>\n<script type=\"application\/ld+json\" class=\"yoast-schema-graph\">{\"@context\":\"https:\/\/schema.org\",\"@graph\":[{\"@type\":\"WebPage\",\"@id\":\"https:\/\/dhr.se\/huddinge\/kalendarium\/\",\"url\":\"https:\/\/dhr.se\/huddinge\/kalendarium\/\",\"name\":\"Kalendarium - DHR - Huddinge\",\"isPartOf\":{\"@id\":\"https:\/\/dhr.se\/huddinge\/#website\"},\"datePublished\":\"2021-11-25T12:44:10+00:00\",\"dateModified\":\"2026-04-15T12:46:16+00:00\",\"breadcrumb\":{\"@id\":\"https:\/\/dhr.se\/huddinge\/kalendarium\/#breadcrumb\"},\"inLanguage\":\"sv-SE\",\"potentialAction\":[{\"@type\":\"ReadAction\",\"target\":[\"https:\/\/dhr.se\/huddinge\/kalendarium\/\"]}]},{\"@type\":\"BreadcrumbList\",\"@id\":\"https:\/\/dhr.se\/huddinge\/kalendarium\/#breadcrumb\",\"itemListElement\":[{\"@type\":\"ListItem\",\"position\":1,\"name\":\"Hem\",\"item\":\"https:\/\/dhr.se\/huddinge\/\"},{\"@type\":\"ListItem\",\"position\":2,\"name\":\"Kalendarium\"}]},{\"@type\":\"WebSite\",\"@id\":\"https:\/\/dhr.se\/huddinge\/#website\",\"url\":\"https:\/\/dhr.se\/huddinge\/\",\"name\":\"DHR - Huddinge\",\"description\":\"Delaktighet, r\u00f6relsefrihet och handlingskraft\",\"potentialAction\":[{\"@type\":\"SearchAction\",\"target\":{\"@type\":\"EntryPoint\",\"urlTemplate\":\"https:\/\/dhr.se\/huddinge\/?s={search_term_string}\"},\"query-input\":{\"@type\":\"PropertyValueSpecification\",\"valueRequired\":true,\"valueName\":\"search_term_string\"}}],\"inLanguage\":\"sv-SE\"}]}<\/script>\n<!-- \/ Yoast SEO plugin. -->","yoast_head_json":{"title":"Kalendarium - DHR - Huddinge","robots":{"index":"index","follow":"follow","max-snippet":"max-snippet:-1","max-image-preview":"max-image-preview:large","max-video-preview":"max-video-preview:-1"},"canonical":"https:\/\/dhr.se\/huddinge\/kalendarium\/","og_locale":"sv_SE","og_type":"article","og_title":"Kalendarium - DHR - Huddinge","og_url":"https:\/\/dhr.se\/huddinge\/kalendarium\/","og_site_name":"DHR - Huddinge","article_modified_time":"2026-04-15T12:46:16+00:00","twitter_card":"summary_large_image","schema":{"@context":"https:\/\/schema.org","@graph":[{"@type":"WebPage","@id":"https:\/\/dhr.se\/huddinge\/kalendarium\/","url":"https:\/\/dhr.se\/huddinge\/kalendarium\/","name":"Kalendarium - DHR - Huddinge","isPartOf":{"@id":"https:\/\/dhr.se\/huddinge\/#website"},"datePublished":"2021-11-25T12:44:10+00:00","dateModified":"2026-04-15T12:46:16+00:00","breadcrumb":{"@id":"https:\/\/dhr.se\/huddinge\/kalendarium\/#breadcrumb"},"inLanguage":"sv-SE","potentialAction":[{"@type":"ReadAction","target":["https:\/\/dhr.se\/huddinge\/kalendarium\/"]}]},{"@type":"BreadcrumbList","@id":"https:\/\/dhr.se\/huddinge\/kalendarium\/#breadcrumb","itemListElement":[{"@type":"ListItem","position":1,"name":"Hem","item":"https:\/\/dhr.se\/huddinge\/"},{"@type":"ListItem","position":2,"name":"Kalendarium"}]},{"@type":"WebSite","@id":"https:\/\/dhr.se\/huddinge\/#website","url":"https:\/\/dhr.se\/huddinge\/","name":"DHR - Huddinge","description":"Delaktighet, r\u00f6relsefrihet och handlingskraft","potentialAction":[{"@type":"SearchAction","target":{"@type":"EntryPoint","urlTemplate":"https:\/\/dhr.se\/huddinge\/?s={search_term_string}"},"query-input":{"@type":"PropertyValueSpecification","valueRequired":true,"valueName":"search_term_string"}}],"inLanguage":"sv-SE"}]}},"publishpress_future_workflow_manual_trigger":{"enabledWorkflows":[]},"_links":{"self":[{"href":"https:\/\/dhr.se\/huddinge\/wp-json\/wp\/v2\/pages\/2053","targetHints":{"allow":["GET"]}}],"collection":[{"href":"https:\/\/dhr.se\/huddinge\/wp-json\/wp\/v2\/pages"}],"about":[{"href":"https:\/\/dhr.se\/huddinge\/wp-json\/wp\/v2\/types\/page"}],"author":[{"embeddable":true,"href":"https:\/\/dhr.se\/huddinge\/wp-json\/wp\/v2\/users\/65"}],"replies":[{"embeddable":true,"href":"https:\/\/dhr.se\/huddinge\/wp-json\/wp\/v2\/comments?post=2053"}],"version-history":[{"count":6,"href":"https:\/\/dhr.se\/huddinge\/wp-json\/wp\/v2\/pages\/2053\/revisions"}],"predecessor-version":[{"id":2825,"href":"https:\/\/dhr.se\/huddinge\/wp-json\/wp\/v2\/pages\/2053\/revisions\/2825"}],"wp:attachment":[{"href":"https:\/\/dhr.se\/huddinge\/wp-json\/wp\/v2\/media?parent=2053"}],"curies":[{"name":"wp","href":"https:\/\/api.w.org\/{rel}","templated":true}]}}