{"id":2137,"date":"2026-03-02T15:41:02","date_gmt":"2026-03-02T14:41:02","guid":{"rendered":"https:\/\/dhr.se\/intern\/?page_id=2137"},"modified":"2026-04-15T16:16:00","modified_gmt":"2026-04-15T14:16:00","slug":"medlemssystemet","status":"publish","type":"page","link":"https:\/\/dhr.se\/intern\/medlemmar\/medlemssystemet\/","title":{"rendered":"Medlemssystemet"},"content":{"rendered":"<section class=\"block-simple-text\">\n    <div class=\"main\">\n        <div class=\"main-inner\">\n            <div class=\"ingress text-darker\"><p>Om du \u00e4r medlemsansvarig i en avdelning kan du f\u00e5 beh\u00f6righet att arbeta i delar av f\u00f6rbundets medlemssystem (kallas \u00e4ven medlemsregistret och Robin).<\/p>\n<p>Kontakta <strong>Erik Wernstr\u00f6m och \u00c5sa Stoltz p\u00e5 medlemsservice<\/strong> om du undrar \u00f6ver n\u00e5got som r\u00f6r arbetet i DHR:s medlemssystem.<\/p>\n<p>&nbsp;<\/p>\n<\/div>\n            <div class=\"content\"><p><!-- wp:paragraph --><\/p>\n<p><!-- \/wp:paragraph --><\/p>\n<h2>Tillg\u00e5ng till medlemssystemet<\/h2>\n<p>Efter varje \u00e5rsm\u00f6te ska ni meddela f\u00f6rbundet vilka som ing\u00e5r i er nya styrelse. Den ni utsett till\u00a0 medlemsansvarig kan sedan ans\u00f6ka om beh\u00f6righet att arbeta i medlemssystemet. Kontakta medlemsservice f\u00f6r\u00a0 beh\u00f6righet till och utbildning i medlemssystemet.<\/p>\n<p>Den som \u00e4r medlemsansvarig ansvarar f\u00f6r att uppdatera medlemssystemet med er nya styrelse, samt aktuella kontakt- och kontouppgifter till distriktet\/regionen eller avdelningen.<\/p>\n<h2><\/h2>\n<h2>Att logga in<\/h2>\n<p>G\u00f6r s\u00e5 h\u00e4r f\u00f6r att logga in i medlemsregistret:<\/p>\n<p>1.<a href=\"https:\/\/sbtdhr.mysoft.no\/Account\/Login.aspx\"> Klicka h\u00e4r f\u00f6r att komma till &#8221;Mina sidor&#8221;<\/a><\/p>\n<p>2. Klicka p\u00e5 &#8221;Gl\u00f6mt l\u00f6senord&#8221; om det \u00e4r f\u00f6rsta g\u00e5ngen du ska logga in. Observera att du m\u00e5ste ha uppgett din e-postadress till medlemsservice f\u00f6r att systemet ska kunna s\u00f6ka r\u00e4tt p\u00e5 dig och ge dig ett l\u00f6senord.<\/p>\n<p>3. Logga in med ditt personnummer som anv\u00e4ndarnamn (10 siffror med format \u00c5\u00c5MMDDNNNN) och ange sedan ditt l\u00f6senord.<\/p>\n<p>4. Tryck p\u00e5 \u201dLogga in\u201d.<\/p>\n<p><!-- wp:heading {\"level\":4} --><\/p>\n<h2><\/h2>\n<h2 class=\"wp-block-heading\">Utbildning och hj\u00e4lp r\u00f6rande medlemssystemet<\/h2>\n<p>Boka demonstration och utbildning i DHR:s mejlsystem och medlemssystem Robin genom att kontakta <a href=\"mailto:medlem@dhr.se\">medlem@dhr.se<\/a><\/p>\n<p><!-- \/wp:heading --> <!-- wp:paragraph --><\/p>\n<p><a href=\"https:\/\/sbtdhr.mysoft.no\/Account\/Login.aspx\">H\u00e4r kan du logga in p\u00e5 medlemssystemet Robin<\/a><\/p>\n<p><!-- \/wp:paragraph --> <!-- wp:paragraph --><\/p>\n<p><a href=\"https:\/\/get.teamviewer.com\/65ixzts\">H\u00e4r kan du ladda ner fj\u00e4rrsupportverktyget<\/a><\/p>\n<p><!-- \/wp:paragraph --> <!-- wp:heading {\"level\":5} --><\/p>\n<p><strong>Manual:<\/strong><\/p>\n<p><!-- \/wp:heading --> <!-- wp:paragraph --><\/p>\n<p><a href=\"https:\/\/dhr.se\/wp-content\/uploads\/2025\/06\/Manual-Robin.pdf\">Robin Manual<\/a><\/p>\n<p><strong>Blankett f\u00f6r avdelningsuppgifter och anm\u00e4la in f\u00f6rtroendevalda:<\/strong><\/p>\n<p><!-- \/wp:paragraph --> <!-- wp:paragraph --><\/p>\n<p><a href=\"https:\/\/dhr.se\/wp-content\/uploads\/2025\/10\/DHR-blankett-medlemservice-redigerbar-2025-10-02.pdf\">Ifyllningsbar blankett<\/a><\/p>\n<p><!-- \/wp:paragraph --> <!-- wp:paragraph --><\/p>\n<p><a href=\"https:\/\/dhr.se\/wp-content\/uploads\/2025\/10\/DHR-blankett-medlemservice-for-utskrift-2025-10-02.pdf\">PDF f\u00f6r utskrift<\/a><\/p>\n<p><!-- \/wp:paragraph --> <!-- wp:paragraph --><\/p>\n<p>Du som anv\u00e4nder medlemssystemet (Robin) kan anm\u00e4la avdelningens avgift f\u00f6r kommande \u00e5r via detta formul\u00e4r: <a href=\"https:\/\/forms.office.com\/Pages\/ResponsePage.aspx?id=32BUTYdTy06hR4o3SJpzp70BmoAou8hMvOIhRXibDYxUQ1M4MURYVFkxUjZGWlVGQzI3OUxTODFYVC4u\">Anm\u00e4l avgiften<\/a><\/p>\n<p>&nbsp;<\/p>\n<h2>Vanliga fr\u00e5gor och svar om medlemsregistret (Robin)<\/h2>\n<h2><strong style=\"font-size: 16px\">Jag har ingen inloggning till Robin. Vad g\u00f6r jag?<\/strong><\/h2>\n<p><strong>Svar<\/strong>: Kontakta medlemsservice p\u00e5\u00a0<a href=\"mailto:medlem@dhr.se\">medlem@dhr.se<\/a><\/p>\n<p>&nbsp;<\/p>\n<p><strong>Det var ett tag sen jag anv\u00e4nde medlemsregistret (Robin) och jag kommer inte ih\u00e5g allt. Vad g\u00f6r jag?<\/strong><\/p>\n<p><strong>Svar:<\/strong> Kontakta medlemsservice p\u00e5 <a href=\"mailto:medlem@dhr.se\">medlem@dhr.se<\/a><\/p>\n<p>&nbsp;<\/p>\n<p><strong>Vilken sorts etiketter passar f\u00f6r utskrift av adressetiketter?\u00a0<\/strong><\/p>\n<p><strong>Svar:<\/strong> Anv\u00e4nd universella etiketter i formatet 70\u00d737 mm med 24 etiketter per ark.<\/p>\n<p>&nbsp;<\/p>\n<p><strong>Jag vill rapportera in en ny avdelningsavgift. Hur och var g\u00f6r jag det?<\/strong><\/p>\n<p><!-- \/wp:paragraph --> <!-- wp:paragraph --><\/p>\n<p><strong>Svar:<\/strong> Det g\u00e5r inte att rapportera in medlemsavgiften via medlemsregistret (Robin).<\/p>\n<p><a href=\"https:\/\/forms.office.com\/Pages\/ResponsePage.aspx?id=32BUTYdTy06hR4o3SJpzp70BmoAou8hMvOIhRXibDYxUQ1M4MURYVFkxUjZGWlVGQzI3OUxTODFYVC4u\">Anv\u00e4nd detta formul\u00e4r f\u00f6r att rapportera in medlemsavgiften.\u00a0<\/a><\/p>\n<p>&nbsp;<\/p>\n<p><strong>Varf\u00f6r finns avlidna medlemmar kvar under menyn &#8221;Medlemmar&#8221;?<\/strong><\/p>\n<p><!-- \/wp:paragraph --><!-- wp:paragraph --><strong>Svar:<\/strong> Medlemsregistret k\u00f6rs mot folkbokf\u00f6ringen (SPAR) den 20:e varje m\u00e5nad. Systemet uppdateras d\u00e5 med information om personer som avlidit sedan senaste k\u00f6rningen.<\/p>\n<p>&nbsp;<\/p>\n<p><strong>Jag kan inte s\u00f6ka p\u00e5 \u201cUttr\u00e4dda medlemmar\u201d i &#8221;Avancerat s\u00f6k&#8221;.<\/strong><\/p>\n<p><!-- \/wp:paragraph --><\/p>\n<p><!-- \/wp:quote --><\/p>\n<p><!-- wp:paragraph --><strong>Svar:<\/strong> Fyll i Uttr\u00e4desdatum (fr\u00e5n-till) och \u00e4ndra menyalternativ &#8221;Status&#8221; till &#8221;Upph\u00f6rt&#8221;.<\/p>\n<p>&nbsp;<\/p>\n<p><strong>Jag beh\u00f6ver statistik \u00f6ver medlemmar. Hur g\u00f6r jag?<\/strong><\/p>\n<p><!-- \/wp:paragraph --><\/p>\n<p><!-- \/wp:quote --><\/p>\n<p><!-- wp:paragraph --><strong>Svar:<\/strong> Se Robin Manualen (h\u00f6gre upp p\u00e5 den h\u00e4r sidan). Se sidan 10, Avancerat s\u00f6k, bland annat stycket om att s\u00f6ka k\u00f6n, f\u00f6delsedatum mm.<\/p>\n<p>Observera att du inte kan s\u00f6ka bak\u00e5t i tiden. Till exempel g\u00e5r det inte s\u00f6ka p\u00e5 antalet medlemmar per sista december, om detta datum har passerat.<\/p>\n<\/div>\n        <\/div>\n    <\/div>\n<\/section>\n\n<section class=\"block-simple-text\">\n    <div class=\"main\">\n        <div class=\"main-inner\">\n            <div class=\"ingress text-darker\"><\/div>\n            <div class=\"content\"><\/div>\n        <\/div>\n    <\/div>\n<\/section>\n\n\n<p><\/p>\n","protected":false},"excerpt":{"rendered":"","protected":false},"author":8,"featured_media":0,"parent":2468,"menu_order":0,"comment_status":"closed","ping_status":"closed","template":"template-side-menu-new.php","meta":{"_acf_changed":false,"_monsterinsights_skip_tracking":false,"_monsterinsights_sitenote_active":false,"_monsterinsights_sitenote_note":"","_monsterinsights_sitenote_category":0,"footnotes":""},"class_list":["post-2137","page","type-page","status-publish","hentry"],"acf":[],"yoast_head":"<!-- This site is optimized with the Yoast SEO plugin v27.5 - https:\/\/yoast.com\/product\/yoast-seo-wordpress\/ -->\n<title>Medlemssystemet - DHR - Intern<\/title>\n<meta name=\"robots\" content=\"noindex, nofollow\" \/>\n<meta property=\"og:locale\" content=\"sv_SE\" \/>\n<meta property=\"og:type\" content=\"article\" \/>\n<meta property=\"og:title\" content=\"Medlemssystemet - DHR - Intern\" \/>\n<meta property=\"og:url\" content=\"https:\/\/dhr.se\/intern\/medlemmar\/medlemssystemet\/\" \/>\n<meta property=\"og:site_name\" content=\"DHR - Intern\" \/>\n<meta property=\"article:modified_time\" content=\"2026-04-15T14:16:00+00:00\" \/>\n<meta name=\"twitter:card\" content=\"summary_large_image\" \/>\n<script type=\"application\/ld+json\" class=\"yoast-schema-graph\">{\"@context\":\"https:\\\/\\\/schema.org\",\"@graph\":[{\"@type\":\"WebPage\",\"@id\":\"https:\\\/\\\/dhr.se\\\/intern\\\/medlemmar\\\/medlemssystemet\\\/\",\"url\":\"https:\\\/\\\/dhr.se\\\/intern\\\/medlemmar\\\/medlemssystemet\\\/\",\"name\":\"Medlemssystemet - DHR - Intern\",\"isPartOf\":{\"@id\":\"https:\\\/\\\/dhr.se\\\/intern\\\/#website\"},\"datePublished\":\"2026-03-02T14:41:02+00:00\",\"dateModified\":\"2026-04-15T14:16:00+00:00\",\"breadcrumb\":{\"@id\":\"https:\\\/\\\/dhr.se\\\/intern\\\/medlemmar\\\/medlemssystemet\\\/#breadcrumb\"},\"inLanguage\":\"sv-SE\",\"potentialAction\":[{\"@type\":\"ReadAction\",\"target\":[\"https:\\\/\\\/dhr.se\\\/intern\\\/medlemmar\\\/medlemssystemet\\\/\"]}]},{\"@type\":\"BreadcrumbList\",\"@id\":\"https:\\\/\\\/dhr.se\\\/intern\\\/medlemmar\\\/medlemssystemet\\\/#breadcrumb\",\"itemListElement\":[{\"@type\":\"ListItem\",\"position\":1,\"name\":\"Hem\",\"item\":\"https:\\\/\\\/dhr.se\\\/intern\\\/\"},{\"@type\":\"ListItem\",\"position\":2,\"name\":\"Medlemmar\",\"item\":\"https:\\\/\\\/dhr.se\\\/intern\\\/medlemmar\\\/\"},{\"@type\":\"ListItem\",\"position\":3,\"name\":\"Medlemssystemet\"}]},{\"@type\":\"WebSite\",\"@id\":\"https:\\\/\\\/dhr.se\\\/intern\\\/#website\",\"url\":\"https:\\\/\\\/dhr.se\\\/intern\\\/\",\"name\":\"DHR - Intern\",\"description\":\"Delaktighet, r\u00f6relsefrihet och handlingskraft\",\"potentialAction\":[{\"@type\":\"SearchAction\",\"target\":{\"@type\":\"EntryPoint\",\"urlTemplate\":\"https:\\\/\\\/dhr.se\\\/intern\\\/?s={search_term_string}\"},\"query-input\":{\"@type\":\"PropertyValueSpecification\",\"valueRequired\":true,\"valueName\":\"search_term_string\"}}],\"inLanguage\":\"sv-SE\"}]}<\/script>\n<!-- \/ Yoast SEO plugin. -->","yoast_head_json":{"title":"Medlemssystemet - DHR - Intern","robots":{"index":"noindex","follow":"nofollow"},"og_locale":"sv_SE","og_type":"article","og_title":"Medlemssystemet - DHR - Intern","og_url":"https:\/\/dhr.se\/intern\/medlemmar\/medlemssystemet\/","og_site_name":"DHR - Intern","article_modified_time":"2026-04-15T14:16:00+00:00","twitter_card":"summary_large_image","schema":{"@context":"https:\/\/schema.org","@graph":[{"@type":"WebPage","@id":"https:\/\/dhr.se\/intern\/medlemmar\/medlemssystemet\/","url":"https:\/\/dhr.se\/intern\/medlemmar\/medlemssystemet\/","name":"Medlemssystemet - DHR - Intern","isPartOf":{"@id":"https:\/\/dhr.se\/intern\/#website"},"datePublished":"2026-03-02T14:41:02+00:00","dateModified":"2026-04-15T14:16:00+00:00","breadcrumb":{"@id":"https:\/\/dhr.se\/intern\/medlemmar\/medlemssystemet\/#breadcrumb"},"inLanguage":"sv-SE","potentialAction":[{"@type":"ReadAction","target":["https:\/\/dhr.se\/intern\/medlemmar\/medlemssystemet\/"]}]},{"@type":"BreadcrumbList","@id":"https:\/\/dhr.se\/intern\/medlemmar\/medlemssystemet\/#breadcrumb","itemListElement":[{"@type":"ListItem","position":1,"name":"Hem","item":"https:\/\/dhr.se\/intern\/"},{"@type":"ListItem","position":2,"name":"Medlemmar","item":"https:\/\/dhr.se\/intern\/medlemmar\/"},{"@type":"ListItem","position":3,"name":"Medlemssystemet"}]},{"@type":"WebSite","@id":"https:\/\/dhr.se\/intern\/#website","url":"https:\/\/dhr.se\/intern\/","name":"DHR - Intern","description":"Delaktighet, r\u00f6relsefrihet och handlingskraft","potentialAction":[{"@type":"SearchAction","target":{"@type":"EntryPoint","urlTemplate":"https:\/\/dhr.se\/intern\/?s={search_term_string}"},"query-input":{"@type":"PropertyValueSpecification","valueRequired":true,"valueName":"search_term_string"}}],"inLanguage":"sv-SE"}]}},"publishpress_future_workflow_manual_trigger":{"enabledWorkflows":[]},"_links":{"self":[{"href":"https:\/\/dhr.se\/intern\/wp-json\/wp\/v2\/pages\/2137","targetHints":{"allow":["GET"]}}],"collection":[{"href":"https:\/\/dhr.se\/intern\/wp-json\/wp\/v2\/pages"}],"about":[{"href":"https:\/\/dhr.se\/intern\/wp-json\/wp\/v2\/types\/page"}],"author":[{"embeddable":true,"href":"https:\/\/dhr.se\/intern\/wp-json\/wp\/v2\/users\/8"}],"replies":[{"embeddable":true,"href":"https:\/\/dhr.se\/intern\/wp-json\/wp\/v2\/comments?post=2137"}],"version-history":[{"count":35,"href":"https:\/\/dhr.se\/intern\/wp-json\/wp\/v2\/pages\/2137\/revisions"}],"predecessor-version":[{"id":2601,"href":"https:\/\/dhr.se\/intern\/wp-json\/wp\/v2\/pages\/2137\/revisions\/2601"}],"up":[{"embeddable":true,"href":"https:\/\/dhr.se\/intern\/wp-json\/wp\/v2\/pages\/2468"}],"wp:attachment":[{"href":"https:\/\/dhr.se\/intern\/wp-json\/wp\/v2\/media?parent=2137"}],"curies":[{"name":"wp","href":"https:\/\/api.w.org\/{rel}","templated":true}]}}