{"id":2140,"date":"2026-03-02T15:37:18","date_gmt":"2026-03-02T14:37:18","guid":{"rendered":"https:\/\/dhr.se\/intern\/?page_id=2140"},"modified":"2026-04-15T16:13:29","modified_gmt":"2026-04-15T14:13:29","slug":"material","status":"publish","type":"page","link":"https:\/\/dhr.se\/intern\/material\/","title":{"rendered":"DHR-material"},"content":{"rendered":"<section class=\"block-simple-text\">\n    <div class=\"main\">\n        <div class=\"main-inner\">\n            <div class=\"ingress text-darker\"><p>I menyn till v\u00e4nster finns webbsidor f\u00f6r best\u00e4llning av trycksaker och profilprodukter.<\/p>\n<p>Fr\u00e5n och med v\u00e5ren 2026 ska trycksaker best\u00e4llas direkt fr\u00e5n Trydells tryckeri.<\/p>\n<p><a href=\"https:\/\/dhr.trydells.se\/\">Till tryckeriets best\u00e4llningssida.<\/a><\/p>\n<p>Under en \u00f6verg\u00e5ngsperiod kan den del kvarvarande trycksaker best\u00e4llas via f\u00f6rbundskansliet. Kontakta medlemsservice f\u00f6r aktuell information om vad som finns i lager.<\/p>\n<p>&nbsp;<\/p>\n<p>&nbsp;<\/p>\n<\/div>\n            <div class=\"content\"><\/div>\n        <\/div>\n    <\/div>\n<\/section>","protected":false},"excerpt":{"rendered":"","protected":false},"author":8,"featured_media":0,"parent":0,"menu_order":0,"comment_status":"closed","ping_status":"closed","template":"template-side-menu-new.php","meta":{"_acf_changed":false,"_monsterinsights_skip_tracking":false,"_monsterinsights_sitenote_active":false,"_monsterinsights_sitenote_note":"","_monsterinsights_sitenote_category":0,"footnotes":""},"class_list":["post-2140","page","type-page","status-publish","hentry"],"acf":[],"yoast_head":"<!-- This site is optimized with the Yoast SEO plugin v27.2 - https:\/\/yoast.com\/product\/yoast-seo-wordpress\/ -->\n<title>DHR-material - DHR - Intern<\/title>\n<meta name=\"robots\" content=\"noindex, nofollow\" \/>\n<meta property=\"og:locale\" content=\"sv_SE\" \/>\n<meta property=\"og:type\" content=\"article\" \/>\n<meta property=\"og:title\" content=\"DHR-material - DHR - Intern\" \/>\n<meta property=\"og:url\" content=\"https:\/\/dhr.se\/intern\/material\/\" \/>\n<meta property=\"og:site_name\" content=\"DHR - Intern\" \/>\n<meta property=\"article:modified_time\" content=\"2026-04-15T14:13:29+00:00\" \/>\n<meta name=\"twitter:card\" content=\"summary_large_image\" \/>\n<script type=\"application\/ld+json\" class=\"yoast-schema-graph\">{\"@context\":\"https:\/\/schema.org\",\"@graph\":[{\"@type\":\"WebPage\",\"@id\":\"https:\/\/dhr.se\/intern\/material\/\",\"url\":\"https:\/\/dhr.se\/intern\/material\/\",\"name\":\"DHR-material - DHR - Intern\",\"isPartOf\":{\"@id\":\"https:\/\/dhr.se\/intern\/#website\"},\"datePublished\":\"2026-03-02T14:37:18+00:00\",\"dateModified\":\"2026-04-15T14:13:29+00:00\",\"breadcrumb\":{\"@id\":\"https:\/\/dhr.se\/intern\/material\/#breadcrumb\"},\"inLanguage\":\"sv-SE\",\"potentialAction\":[{\"@type\":\"ReadAction\",\"target\":[\"https:\/\/dhr.se\/intern\/material\/\"]}]},{\"@type\":\"BreadcrumbList\",\"@id\":\"https:\/\/dhr.se\/intern\/material\/#breadcrumb\",\"itemListElement\":[{\"@type\":\"ListItem\",\"position\":1,\"name\":\"Hem\",\"item\":\"https:\/\/dhr.se\/intern\/\"},{\"@type\":\"ListItem\",\"position\":2,\"name\":\"DHR-material\"}]},{\"@type\":\"WebSite\",\"@id\":\"https:\/\/dhr.se\/intern\/#website\",\"url\":\"https:\/\/dhr.se\/intern\/\",\"name\":\"DHR - Intern\",\"description\":\"Delaktighet, r\u00f6relsefrihet och handlingskraft\",\"potentialAction\":[{\"@type\":\"SearchAction\",\"target\":{\"@type\":\"EntryPoint\",\"urlTemplate\":\"https:\/\/dhr.se\/intern\/?s={search_term_string}\"},\"query-input\":{\"@type\":\"PropertyValueSpecification\",\"valueRequired\":true,\"valueName\":\"search_term_string\"}}],\"inLanguage\":\"sv-SE\"}]}<\/script>\n<!-- \/ Yoast SEO plugin. -->","yoast_head_json":{"title":"DHR-material - DHR - Intern","robots":{"index":"noindex","follow":"nofollow"},"og_locale":"sv_SE","og_type":"article","og_title":"DHR-material - DHR - Intern","og_url":"https:\/\/dhr.se\/intern\/material\/","og_site_name":"DHR - Intern","article_modified_time":"2026-04-15T14:13:29+00:00","twitter_card":"summary_large_image","schema":{"@context":"https:\/\/schema.org","@graph":[{"@type":"WebPage","@id":"https:\/\/dhr.se\/intern\/material\/","url":"https:\/\/dhr.se\/intern\/material\/","name":"DHR-material - DHR - Intern","isPartOf":{"@id":"https:\/\/dhr.se\/intern\/#website"},"datePublished":"2026-03-02T14:37:18+00:00","dateModified":"2026-04-15T14:13:29+00:00","breadcrumb":{"@id":"https:\/\/dhr.se\/intern\/material\/#breadcrumb"},"inLanguage":"sv-SE","potentialAction":[{"@type":"ReadAction","target":["https:\/\/dhr.se\/intern\/material\/"]}]},{"@type":"BreadcrumbList","@id":"https:\/\/dhr.se\/intern\/material\/#breadcrumb","itemListElement":[{"@type":"ListItem","position":1,"name":"Hem","item":"https:\/\/dhr.se\/intern\/"},{"@type":"ListItem","position":2,"name":"DHR-material"}]},{"@type":"WebSite","@id":"https:\/\/dhr.se\/intern\/#website","url":"https:\/\/dhr.se\/intern\/","name":"DHR - Intern","description":"Delaktighet, r\u00f6relsefrihet och handlingskraft","potentialAction":[{"@type":"SearchAction","target":{"@type":"EntryPoint","urlTemplate":"https:\/\/dhr.se\/intern\/?s={search_term_string}"},"query-input":{"@type":"PropertyValueSpecification","valueRequired":true,"valueName":"search_term_string"}}],"inLanguage":"sv-SE"}]}},"publishpress_future_workflow_manual_trigger":{"enabledWorkflows":[]},"_links":{"self":[{"href":"https:\/\/dhr.se\/intern\/wp-json\/wp\/v2\/pages\/2140","targetHints":{"allow":["GET"]}}],"collection":[{"href":"https:\/\/dhr.se\/intern\/wp-json\/wp\/v2\/pages"}],"about":[{"href":"https:\/\/dhr.se\/intern\/wp-json\/wp\/v2\/types\/page"}],"author":[{"embeddable":true,"href":"https:\/\/dhr.se\/intern\/wp-json\/wp\/v2\/users\/8"}],"replies":[{"embeddable":true,"href":"https:\/\/dhr.se\/intern\/wp-json\/wp\/v2\/comments?post=2140"}],"version-history":[{"count":16,"href":"https:\/\/dhr.se\/intern\/wp-json\/wp\/v2\/pages\/2140\/revisions"}],"predecessor-version":[{"id":2585,"href":"https:\/\/dhr.se\/intern\/wp-json\/wp\/v2\/pages\/2140\/revisions\/2585"}],"wp:attachment":[{"href":"https:\/\/dhr.se\/intern\/wp-json\/wp\/v2\/media?parent=2140"}],"curies":[{"name":"wp","href":"https:\/\/api.w.org\/{rel}","templated":true}]}}