{"id":2181,"date":"2026-03-03T16:59:45","date_gmt":"2026-03-03T15:59:45","guid":{"rendered":"https:\/\/dhr.se\/intern\/?page_id=2181"},"modified":"2026-04-15T16:15:08","modified_gmt":"2026-04-15T14:15:08","slug":"foreningsfakta","status":"publish","type":"page","link":"https:\/\/dhr.se\/intern\/foreningsfakta\/","title":{"rendered":"F\u00f6reningsfakta"},"content":{"rendered":"<section class=\"block-simple-text\">\n    <div class=\"main\">\n        <div class=\"main-inner\">\n            <div class=\"ingress text-darker\"><p>H\u00e4r hittar du l\u00e4nkar till www.dhr.se d\u00e4r du kan l\u00e4sa stadgarna f\u00f6r de olika niv\u00e5erna inom DHR, f\u00f6rbundets verksamhetsber\u00e4ttelser, information om DHR:s f\u00f6rbundsm\u00f6te och om Vilhelm Ekensteenstipendiet.<\/p>\n<p>&nbsp;<\/p>\n<\/div>\n            <div class=\"content\"><\/div>\n        <\/div>\n    <\/div>\n<\/section>","protected":false},"excerpt":{"rendered":"","protected":false},"author":8,"featured_media":0,"parent":0,"menu_order":0,"comment_status":"closed","ping_status":"closed","template":"template-side-menu-new.php","meta":{"_acf_changed":false,"_monsterinsights_skip_tracking":false,"_monsterinsights_sitenote_active":false,"_monsterinsights_sitenote_note":"","_monsterinsights_sitenote_category":0,"footnotes":""},"class_list":["post-2181","page","type-page","status-publish","hentry"],"acf":[],"yoast_head":"<!-- This site is optimized with the Yoast SEO plugin v27.2 - https:\/\/yoast.com\/product\/yoast-seo-wordpress\/ -->\n<title>F\u00f6reningsfakta - DHR - Intern<\/title>\n<meta name=\"robots\" content=\"noindex, nofollow\" \/>\n<meta property=\"og:locale\" content=\"sv_SE\" \/>\n<meta property=\"og:type\" content=\"article\" \/>\n<meta property=\"og:title\" content=\"F\u00f6reningsfakta - DHR - Intern\" \/>\n<meta property=\"og:url\" content=\"https:\/\/dhr.se\/intern\/foreningsfakta\/\" \/>\n<meta property=\"og:site_name\" content=\"DHR - Intern\" \/>\n<meta property=\"article:modified_time\" content=\"2026-04-15T14:15:08+00:00\" \/>\n<meta name=\"twitter:card\" content=\"summary_large_image\" \/>\n<script type=\"application\/ld+json\" class=\"yoast-schema-graph\">{\"@context\":\"https:\/\/schema.org\",\"@graph\":[{\"@type\":\"WebPage\",\"@id\":\"https:\/\/dhr.se\/intern\/foreningsfakta\/\",\"url\":\"https:\/\/dhr.se\/intern\/foreningsfakta\/\",\"name\":\"F\u00f6reningsfakta - DHR - Intern\",\"isPartOf\":{\"@id\":\"https:\/\/dhr.se\/intern\/#website\"},\"datePublished\":\"2026-03-03T15:59:45+00:00\",\"dateModified\":\"2026-04-15T14:15:08+00:00\",\"breadcrumb\":{\"@id\":\"https:\/\/dhr.se\/intern\/foreningsfakta\/#breadcrumb\"},\"inLanguage\":\"sv-SE\",\"potentialAction\":[{\"@type\":\"ReadAction\",\"target\":[\"https:\/\/dhr.se\/intern\/foreningsfakta\/\"]}]},{\"@type\":\"BreadcrumbList\",\"@id\":\"https:\/\/dhr.se\/intern\/foreningsfakta\/#breadcrumb\",\"itemListElement\":[{\"@type\":\"ListItem\",\"position\":1,\"name\":\"Hem\",\"item\":\"https:\/\/dhr.se\/intern\/\"},{\"@type\":\"ListItem\",\"position\":2,\"name\":\"F\u00f6reningsfakta\"}]},{\"@type\":\"WebSite\",\"@id\":\"https:\/\/dhr.se\/intern\/#website\",\"url\":\"https:\/\/dhr.se\/intern\/\",\"name\":\"DHR - Intern\",\"description\":\"Delaktighet, r\u00f6relsefrihet och handlingskraft\",\"potentialAction\":[{\"@type\":\"SearchAction\",\"target\":{\"@type\":\"EntryPoint\",\"urlTemplate\":\"https:\/\/dhr.se\/intern\/?s={search_term_string}\"},\"query-input\":{\"@type\":\"PropertyValueSpecification\",\"valueRequired\":true,\"valueName\":\"search_term_string\"}}],\"inLanguage\":\"sv-SE\"}]}<\/script>\n<!-- \/ Yoast SEO plugin. -->","yoast_head_json":{"title":"F\u00f6reningsfakta - DHR - Intern","robots":{"index":"noindex","follow":"nofollow"},"og_locale":"sv_SE","og_type":"article","og_title":"F\u00f6reningsfakta - DHR - Intern","og_url":"https:\/\/dhr.se\/intern\/foreningsfakta\/","og_site_name":"DHR - Intern","article_modified_time":"2026-04-15T14:15:08+00:00","twitter_card":"summary_large_image","schema":{"@context":"https:\/\/schema.org","@graph":[{"@type":"WebPage","@id":"https:\/\/dhr.se\/intern\/foreningsfakta\/","url":"https:\/\/dhr.se\/intern\/foreningsfakta\/","name":"F\u00f6reningsfakta - DHR - Intern","isPartOf":{"@id":"https:\/\/dhr.se\/intern\/#website"},"datePublished":"2026-03-03T15:59:45+00:00","dateModified":"2026-04-15T14:15:08+00:00","breadcrumb":{"@id":"https:\/\/dhr.se\/intern\/foreningsfakta\/#breadcrumb"},"inLanguage":"sv-SE","potentialAction":[{"@type":"ReadAction","target":["https:\/\/dhr.se\/intern\/foreningsfakta\/"]}]},{"@type":"BreadcrumbList","@id":"https:\/\/dhr.se\/intern\/foreningsfakta\/#breadcrumb","itemListElement":[{"@type":"ListItem","position":1,"name":"Hem","item":"https:\/\/dhr.se\/intern\/"},{"@type":"ListItem","position":2,"name":"F\u00f6reningsfakta"}]},{"@type":"WebSite","@id":"https:\/\/dhr.se\/intern\/#website","url":"https:\/\/dhr.se\/intern\/","name":"DHR - Intern","description":"Delaktighet, r\u00f6relsefrihet och handlingskraft","potentialAction":[{"@type":"SearchAction","target":{"@type":"EntryPoint","urlTemplate":"https:\/\/dhr.se\/intern\/?s={search_term_string}"},"query-input":{"@type":"PropertyValueSpecification","valueRequired":true,"valueName":"search_term_string"}}],"inLanguage":"sv-SE"}]}},"publishpress_future_workflow_manual_trigger":{"enabledWorkflows":[]},"_links":{"self":[{"href":"https:\/\/dhr.se\/intern\/wp-json\/wp\/v2\/pages\/2181","targetHints":{"allow":["GET"]}}],"collection":[{"href":"https:\/\/dhr.se\/intern\/wp-json\/wp\/v2\/pages"}],"about":[{"href":"https:\/\/dhr.se\/intern\/wp-json\/wp\/v2\/types\/page"}],"author":[{"embeddable":true,"href":"https:\/\/dhr.se\/intern\/wp-json\/wp\/v2\/users\/8"}],"replies":[{"embeddable":true,"href":"https:\/\/dhr.se\/intern\/wp-json\/wp\/v2\/comments?post=2181"}],"version-history":[{"count":6,"href":"https:\/\/dhr.se\/intern\/wp-json\/wp\/v2\/pages\/2181\/revisions"}],"predecessor-version":[{"id":2602,"href":"https:\/\/dhr.se\/intern\/wp-json\/wp\/v2\/pages\/2181\/revisions\/2602"}],"wp:attachment":[{"href":"https:\/\/dhr.se\/intern\/wp-json\/wp\/v2\/media?parent=2181"}],"curies":[{"name":"wp","href":"https:\/\/api.w.org\/{rel}","templated":true}]}}