{"id":2259,"date":"2026-03-02T17:55:47","date_gmt":"2026-03-02T16:55:47","guid":{"rendered":"https:\/\/dhr.se\/intern\/?page_id=2259"},"modified":"2026-04-15T16:32:49","modified_gmt":"2026-04-15T14:32:49","slug":"logotyp-och-grafisk-profil","status":"publish","type":"page","link":"https:\/\/dhr.se\/intern\/material\/logotyp-och-grafisk-profil\/","title":{"rendered":"Logotyp och grafisk profil"},"content":{"rendered":"<section class=\"block-simple-text\">\n    <div class=\"main\">\n        <div class=\"main-inner\">\n            <div class=\"ingress text-darker\"><p>H\u00e4r kan du ladda ner DHR:s logotyp och l\u00e4sa profilmanualen som beskriver hur du f\u00e5r anv\u00e4nda typsnitt, logotyp med mera.<\/p>\n<p>&nbsp;<\/p>\n<\/div>\n            <div class=\"content\"><p><a href=\"http:\/\/dhr.se\/wp-content\/uploads\/2020\/03\/DHR_m\u00f6rkare-gr\u00f6n-rgb.jpg\"><img loading=\"lazy\" decoding=\"async\" class=\"logotyp alignnone wp-image-1827 size-thumbnail\" src=\"http:\/\/dhr.se\/wp-content\/uploads\/2020\/03\/DHR_m\u00f6rkare-gr\u00f6n-rgb-150x150.jpg\" alt=\"\" width=\"150\" height=\"150\" \/><\/a> \u00a0 \u00a0 <a href=\"http:\/\/dhr.se\/wp-content\/uploads\/2020\/03\/DHR_bl\u00e5.jpg\"><img loading=\"lazy\" decoding=\"async\" class=\"logotyp alignnone wp-image-1825 size-thumbnail\" src=\"http:\/\/dhr.se\/wp-content\/uploads\/2020\/03\/DHR_bl\u00e5-150x150.jpg\" alt=\"\" width=\"150\" height=\"150\" \/><\/a><\/p>\n<p><a href=\"http:\/\/dhr.se\/wp-content\/uploads\/2020\/03\/DHR_r\u00f6drosa.jpg\"><img loading=\"lazy\" decoding=\"async\" class=\"logotyp alignnone wp-image-1831 size-thumbnail\" src=\"http:\/\/dhr.se\/wp-content\/uploads\/2020\/03\/DHR_r\u00f6drosa-150x150.jpg\" alt=\"\" width=\"150\" height=\"150\" \/><\/a> \u00a0\u00a0 <a href=\"http:\/\/dhr.se\/wp-content\/uploads\/2020\/03\/DHR_lejongul.jpg\"><img loading=\"lazy\" decoding=\"async\" class=\"logotyp alignnone wp-image-1829 size-thumbnail\" src=\"http:\/\/dhr.se\/wp-content\/uploads\/2020\/03\/DHR_lejongul-150x150.jpg\" alt=\"\" width=\"150\" height=\"150\" \/><\/a><\/p>\n<\/div>\n        <\/div>\n    <\/div>\n<\/section>\n\n<section class=\"block-simple-text\">\n    <div class=\"main\">\n        <div class=\"main-inner\">\n            <div class=\"ingress text-darker\"><p><a href=\"https:\/\/dhr.se\/intern\/wp-content\/uploads\/sites\/81\/2026\/02\/DHR-grafisk-manual-2018_w.pdf\">L\u00e4s och ladda ner profilmanualen.<\/a><\/p>\n<\/div>\n            <div class=\"content\"><p><a href=\"https:\/\/dhr.se\/intern\/wp-content\/uploads\/sites\/81\/2026\/02\/DHR-grafisk-manual-2018_w.pdf\"><img loading=\"lazy\" decoding=\"async\" class=\"logotyp alignnone wp-image-2708 size-medium\" src=\"https:\/\/dhr.se\/wp-content\/uploads\/2020\/03\/Sk\u00e4rmklipp-grafisk-manual-214x300.png\" alt=\"\" width=\"214\" height=\"300\" \/><\/a><\/p>\n<p>&nbsp;<\/p>\n<\/div>\n        <\/div>\n    <\/div>\n<\/section>","protected":false},"excerpt":{"rendered":"","protected":false},"author":8,"featured_media":0,"parent":2140,"menu_order":0,"comment_status":"closed","ping_status":"closed","template":"template-side-menu-new.php","meta":{"_acf_changed":false,"_monsterinsights_skip_tracking":false,"_monsterinsights_sitenote_active":false,"_monsterinsights_sitenote_note":"","_monsterinsights_sitenote_category":0,"footnotes":""},"class_list":["post-2259","page","type-page","status-publish","hentry"],"acf":[],"yoast_head":"<!-- This site is optimized with the Yoast SEO plugin v27.5 - https:\/\/yoast.com\/product\/yoast-seo-wordpress\/ -->\n<title>Logotyp och grafisk profil - DHR - Intern<\/title>\n<meta name=\"robots\" content=\"noindex, nofollow\" \/>\n<meta property=\"og:locale\" content=\"sv_SE\" \/>\n<meta property=\"og:type\" content=\"article\" \/>\n<meta property=\"og:title\" content=\"Logotyp och grafisk profil - DHR - Intern\" \/>\n<meta property=\"og:url\" content=\"https:\/\/dhr.se\/intern\/material\/logotyp-och-grafisk-profil\/\" \/>\n<meta property=\"og:site_name\" content=\"DHR - Intern\" \/>\n<meta property=\"article:modified_time\" content=\"2026-04-15T14:32:49+00:00\" \/>\n<meta name=\"twitter:card\" content=\"summary_large_image\" \/>\n<script type=\"application\/ld+json\" class=\"yoast-schema-graph\">{\"@context\":\"https:\\\/\\\/schema.org\",\"@graph\":[{\"@type\":\"WebPage\",\"@id\":\"https:\\\/\\\/dhr.se\\\/intern\\\/material\\\/logotyp-och-grafisk-profil\\\/\",\"url\":\"https:\\\/\\\/dhr.se\\\/intern\\\/material\\\/logotyp-och-grafisk-profil\\\/\",\"name\":\"Logotyp och grafisk profil - DHR - Intern\",\"isPartOf\":{\"@id\":\"https:\\\/\\\/dhr.se\\\/intern\\\/#website\"},\"datePublished\":\"2026-03-02T16:55:47+00:00\",\"dateModified\":\"2026-04-15T14:32:49+00:00\",\"breadcrumb\":{\"@id\":\"https:\\\/\\\/dhr.se\\\/intern\\\/material\\\/logotyp-och-grafisk-profil\\\/#breadcrumb\"},\"inLanguage\":\"sv-SE\",\"potentialAction\":[{\"@type\":\"ReadAction\",\"target\":[\"https:\\\/\\\/dhr.se\\\/intern\\\/material\\\/logotyp-och-grafisk-profil\\\/\"]}]},{\"@type\":\"BreadcrumbList\",\"@id\":\"https:\\\/\\\/dhr.se\\\/intern\\\/material\\\/logotyp-och-grafisk-profil\\\/#breadcrumb\",\"itemListElement\":[{\"@type\":\"ListItem\",\"position\":1,\"name\":\"Hem\",\"item\":\"https:\\\/\\\/dhr.se\\\/intern\\\/\"},{\"@type\":\"ListItem\",\"position\":2,\"name\":\"DHR-material\",\"item\":\"https:\\\/\\\/dhr.se\\\/intern\\\/material\\\/\"},{\"@type\":\"ListItem\",\"position\":3,\"name\":\"Logotyp och grafisk profil\"}]},{\"@type\":\"WebSite\",\"@id\":\"https:\\\/\\\/dhr.se\\\/intern\\\/#website\",\"url\":\"https:\\\/\\\/dhr.se\\\/intern\\\/\",\"name\":\"DHR - Intern\",\"description\":\"Delaktighet, r\u00f6relsefrihet och handlingskraft\",\"potentialAction\":[{\"@type\":\"SearchAction\",\"target\":{\"@type\":\"EntryPoint\",\"urlTemplate\":\"https:\\\/\\\/dhr.se\\\/intern\\\/?s={search_term_string}\"},\"query-input\":{\"@type\":\"PropertyValueSpecification\",\"valueRequired\":true,\"valueName\":\"search_term_string\"}}],\"inLanguage\":\"sv-SE\"}]}<\/script>\n<!-- \/ Yoast SEO plugin. -->","yoast_head_json":{"title":"Logotyp och grafisk profil - DHR - Intern","robots":{"index":"noindex","follow":"nofollow"},"og_locale":"sv_SE","og_type":"article","og_title":"Logotyp och grafisk profil - DHR - Intern","og_url":"https:\/\/dhr.se\/intern\/material\/logotyp-och-grafisk-profil\/","og_site_name":"DHR - Intern","article_modified_time":"2026-04-15T14:32:49+00:00","twitter_card":"summary_large_image","schema":{"@context":"https:\/\/schema.org","@graph":[{"@type":"WebPage","@id":"https:\/\/dhr.se\/intern\/material\/logotyp-och-grafisk-profil\/","url":"https:\/\/dhr.se\/intern\/material\/logotyp-och-grafisk-profil\/","name":"Logotyp och grafisk profil - DHR - Intern","isPartOf":{"@id":"https:\/\/dhr.se\/intern\/#website"},"datePublished":"2026-03-02T16:55:47+00:00","dateModified":"2026-04-15T14:32:49+00:00","breadcrumb":{"@id":"https:\/\/dhr.se\/intern\/material\/logotyp-och-grafisk-profil\/#breadcrumb"},"inLanguage":"sv-SE","potentialAction":[{"@type":"ReadAction","target":["https:\/\/dhr.se\/intern\/material\/logotyp-och-grafisk-profil\/"]}]},{"@type":"BreadcrumbList","@id":"https:\/\/dhr.se\/intern\/material\/logotyp-och-grafisk-profil\/#breadcrumb","itemListElement":[{"@type":"ListItem","position":1,"name":"Hem","item":"https:\/\/dhr.se\/intern\/"},{"@type":"ListItem","position":2,"name":"DHR-material","item":"https:\/\/dhr.se\/intern\/material\/"},{"@type":"ListItem","position":3,"name":"Logotyp och grafisk profil"}]},{"@type":"WebSite","@id":"https:\/\/dhr.se\/intern\/#website","url":"https:\/\/dhr.se\/intern\/","name":"DHR - Intern","description":"Delaktighet, r\u00f6relsefrihet och handlingskraft","potentialAction":[{"@type":"SearchAction","target":{"@type":"EntryPoint","urlTemplate":"https:\/\/dhr.se\/intern\/?s={search_term_string}"},"query-input":{"@type":"PropertyValueSpecification","valueRequired":true,"valueName":"search_term_string"}}],"inLanguage":"sv-SE"}]}},"publishpress_future_workflow_manual_trigger":{"enabledWorkflows":[]},"_links":{"self":[{"href":"https:\/\/dhr.se\/intern\/wp-json\/wp\/v2\/pages\/2259","targetHints":{"allow":["GET"]}}],"collection":[{"href":"https:\/\/dhr.se\/intern\/wp-json\/wp\/v2\/pages"}],"about":[{"href":"https:\/\/dhr.se\/intern\/wp-json\/wp\/v2\/types\/page"}],"author":[{"embeddable":true,"href":"https:\/\/dhr.se\/intern\/wp-json\/wp\/v2\/users\/8"}],"replies":[{"embeddable":true,"href":"https:\/\/dhr.se\/intern\/wp-json\/wp\/v2\/comments?post=2259"}],"version-history":[{"count":10,"href":"https:\/\/dhr.se\/intern\/wp-json\/wp\/v2\/pages\/2259\/revisions"}],"predecessor-version":[{"id":2613,"href":"https:\/\/dhr.se\/intern\/wp-json\/wp\/v2\/pages\/2259\/revisions\/2613"}],"up":[{"embeddable":true,"href":"https:\/\/dhr.se\/intern\/wp-json\/wp\/v2\/pages\/2140"}],"wp:attachment":[{"href":"https:\/\/dhr.se\/intern\/wp-json\/wp\/v2\/media?parent=2259"}],"curies":[{"name":"wp","href":"https:\/\/api.w.org\/{rel}","templated":true}]}}