{"id":2297,"date":"2026-03-02T17:42:29","date_gmt":"2026-03-02T16:42:29","guid":{"rendered":"https:\/\/dhr.se\/intern\/?page_id=2297"},"modified":"2026-04-15T16:16:23","modified_gmt":"2026-04-15T14:16:23","slug":"varva-medlemmar","status":"publish","type":"page","link":"https:\/\/dhr.se\/intern\/medlemmar\/varva-medlemmar\/","title":{"rendered":"V\u00e4rva medlemmar"},"content":{"rendered":"<section class=\"block-simple-text\">\n    <div class=\"main\">\n        <div class=\"main-inner\">\n            <div class=\"ingress text-darker\"><p>Ju fler medlemmar vi har, desto st\u00f6rre tyngd f\u00e5r vi gentemot beslutsfattare. Fler medlemmar inneb\u00e4r ocks\u00e5 att fler f\u00e5r del av den kunskap, erfarenhet och gemenskap som finns i organisationen.<\/p>\n<p>F\u00f6r att forts\u00e4tta v\u00e4xa beh\u00f6ver vi hj\u00e4lpas \u00e5t att v\u00e4rva nya medlemmar och ta emot dem p\u00e5 ett bra s\u00e4tt.<\/p>\n<\/div>\n            <div class=\"content\"><section class=\"block-simple-text\">\n<div class=\"main\">\n<div class=\"main-inner\">\n<div class=\"content\">\n<p>Om du som redan \u00e4r medlem v\u00e4rvar nya medlemmar till DHR f\u00e5r du en\u00a0Sverigelott\u00a0f\u00f6r varje ny fullbetalande medlem du v\u00e4rvar. Fullbetalande medlemmar \u00e4r de som betalar full medlemsavgift, det vill s\u00e4ga minst 300 kronor per \u00e5r.<\/p>\n<p>V\u00e4rvar du tre nya fullbetalande medlemmar under ett kalender\u00e5r s\u00e5 \u00e4r ditt medlemskap dessutom gratis \u00e5ret d\u00e4rp\u00e5.<\/p>\n<p>Gratifikationerna g\u00e4ller inte f\u00f6r anst\u00e4llda vid avdelningar, distrikt\/regioner eller f\u00f6rbundskansliet, och inte heller f\u00f6r ledam\u00f6ter i f\u00f6rbundsstyrelsen.<\/p>\n<p>F\u00f6r att f\u00e5 din lott anger du ditt personnummer i f\u00e4ltet &#8221;V\u00e4rvad av &#8221; i <a href=\"https:\/\/sbtdhr.mysoft.no\/modules\/blimedlem\/blimedlem.aspx\">ans\u00f6kningsformul\u00e4ret<\/a>.<\/p>\n<p>Vi skickar lotten n\u00e4r den person du v\u00e4rvat har blivit registrerad och betalat sin medlemsavgift.<\/p>\n<p>&nbsp;<\/p>\n<h3>Vad kostar ett medlemskap?<\/h3>\n<p>Ett medlemskap i DHR kostar 300 kronor. I vissa fall betalar du ocks\u00e5 en avgift till den avdelning du kommer att tillh\u00f6ra. Den varierar fr\u00e5n avdelning till avdelning. Men oftast ligger avgiften p\u00e5 20-30 kr.<\/p>\n<p>Blir du medlem mellan den 1 augusti och den 31 december betalar du endast f\u00f6r n\u00e4stkommande \u00e5r, innevarande \u00e5r \u00e4r gratis.\u00a0<strong>OBS!<\/strong>\u00a0Detta g\u00e4ller inte f\u00f6r den som tidigare avslutat sitt medlemskap och inom tv\u00e5 \u00e5r vill \u00e5terintr\u00e4da som medlem.<\/p>\n<p>Om n\u00e5gon annan i ditt hush\u00e5ll redan \u00e4r medlem i DHR s\u00e5 kan \u00f6vriga i hush\u00e5llet bli familjemedlemmar f\u00f6r en gemensam kostnad av endast 100 kronor om \u00e5ret. Som familjemedlem har du samma r\u00e4ttigheter. Enda skillnaden \u00e4r att familjens medlemmar delar p\u00e5 ett exemplar av tidningen Funktionshinderpolitik.<\/p>\n<h4>Riksmedlem<\/h4>\n<p>Vill du inte tillh\u00f6ra en specifik avdelning? Bli riksmedlem ist\u00e4llet! F\u00f6rsta \u00e5ret kostar medlemskapet endast 250 kronor. D\u00e4refter \u00e4r avgiften 400 kronor per \u00e5r. Ett familjemedlemskap f\u00f6r \u00f6vriga i ditt hush\u00e5ll kostar endast 200 kronor per \u00e5r.<\/p>\n<h4>St\u00f6dmedlem<\/h4>\n<p>Om du endast vill st\u00f6dja DHR:s verksamhet kan du v\u00e4lja att bli st\u00f6dmedlem f\u00f6r en kostnad av 300 kronor per \u00e5r.\u00a0Som st\u00f6dmedlem kan du inte nyttja medlemsf\u00f6rm\u00e5nerna.<\/p>\n<h4>Medlem via Unga R\u00f6relsehindrade<\/h4>\n<p>Medlemskap i DHR \u00e4r avgiftsfritt f\u00f6r medlem i F\u00f6rbundet Unga R\u00f6relsehindrade.<\/p>\n<h4>Medlem i FKV (F\u00f6reningen f\u00f6r kortv\u00e4xta)<\/h4>\n<p><a href=\"https:\/\/fkv.se\/att-bli-medlem\">Klicka h\u00e4r f\u00f6r att ans\u00f6ka om medlemskap i FKV<\/a><\/p>\n<p>&nbsp;<\/p>\n<h2>K\u00f6pvillkor<\/h2>\n<p>Enligt lag \u00e4r det 14 dagars \u00e5ngerr\u00e4tt.<br \/>\n\u00c5ngerfristen p\u00e5 14 dagar b\u00f6rjar l\u00f6pa dagen efter du betalat ditt medlemskap.<\/p>\n<h2><\/h2>\n<h2>Fr\u00e5gor?<\/h2>\n<p>Mejla\u00a0<a href=\"mailto:medlem@dhr.se\">medlem@dhr.se<\/a>\u00a0eller ring 08-685 80 20.<br \/>\nTelefontiderna:<br \/>\nm\u00e5ndag klockan 10-12<br \/>\ntisdag klockan 13-15<\/p>\n<\/div>\n<\/div>\n<\/div>\n<\/section>\n<div class=\"wp-block-buttons is-horizontal is-content-justification-left is-layout-flex wp-container-core-buttons-is-layout-7e5fce0a wp-block-buttons-is-layout-flex\">\n<div class=\"wp-block-button is-style-fill\"><a class=\"wp-block-button__link has-text-color has-background wp-element-button\" href=\"https:\/\/sbtdhr.mysoft.no\/modules\/blimedlem\/blimedlem.aspx\" target=\"_blank\" rel=\"noreferrer noopener\"><strong>Till medlemsans\u00f6kan<\/strong><\/a><\/div>\n<\/div>\n<\/div>\n        <\/div>\n    <\/div>\n<\/section>","protected":false},"excerpt":{"rendered":"","protected":false},"author":8,"featured_media":0,"parent":2468,"menu_order":0,"comment_status":"closed","ping_status":"closed","template":"template-side-menu-new.php","meta":{"_acf_changed":false,"_monsterinsights_skip_tracking":false,"_monsterinsights_sitenote_active":false,"_monsterinsights_sitenote_note":"","_monsterinsights_sitenote_category":0,"footnotes":""},"class_list":["post-2297","page","type-page","status-publish","hentry"],"acf":[],"yoast_head":"<!-- This site is optimized with the Yoast SEO plugin v27.5 - https:\/\/yoast.com\/product\/yoast-seo-wordpress\/ -->\n<title>V\u00e4rva medlemmar - DHR - Intern<\/title>\n<meta name=\"robots\" content=\"noindex, nofollow\" \/>\n<meta property=\"og:locale\" content=\"sv_SE\" \/>\n<meta property=\"og:type\" content=\"article\" \/>\n<meta property=\"og:title\" content=\"V\u00e4rva medlemmar - DHR - Intern\" \/>\n<meta property=\"og:url\" content=\"https:\/\/dhr.se\/intern\/medlemmar\/varva-medlemmar\/\" \/>\n<meta property=\"og:site_name\" content=\"DHR - Intern\" \/>\n<meta property=\"article:modified_time\" content=\"2026-04-15T14:16:23+00:00\" \/>\n<meta name=\"twitter:card\" content=\"summary_large_image\" \/>\n<script type=\"application\/ld+json\" class=\"yoast-schema-graph\">{\"@context\":\"https:\\\/\\\/schema.org\",\"@graph\":[{\"@type\":\"WebPage\",\"@id\":\"https:\\\/\\\/dhr.se\\\/intern\\\/medlemmar\\\/varva-medlemmar\\\/\",\"url\":\"https:\\\/\\\/dhr.se\\\/intern\\\/medlemmar\\\/varva-medlemmar\\\/\",\"name\":\"V\u00e4rva medlemmar - DHR - Intern\",\"isPartOf\":{\"@id\":\"https:\\\/\\\/dhr.se\\\/intern\\\/#website\"},\"datePublished\":\"2026-03-02T16:42:29+00:00\",\"dateModified\":\"2026-04-15T14:16:23+00:00\",\"breadcrumb\":{\"@id\":\"https:\\\/\\\/dhr.se\\\/intern\\\/medlemmar\\\/varva-medlemmar\\\/#breadcrumb\"},\"inLanguage\":\"sv-SE\",\"potentialAction\":[{\"@type\":\"ReadAction\",\"target\":[\"https:\\\/\\\/dhr.se\\\/intern\\\/medlemmar\\\/varva-medlemmar\\\/\"]}]},{\"@type\":\"BreadcrumbList\",\"@id\":\"https:\\\/\\\/dhr.se\\\/intern\\\/medlemmar\\\/varva-medlemmar\\\/#breadcrumb\",\"itemListElement\":[{\"@type\":\"ListItem\",\"position\":1,\"name\":\"Hem\",\"item\":\"https:\\\/\\\/dhr.se\\\/intern\\\/\"},{\"@type\":\"ListItem\",\"position\":2,\"name\":\"Medlemmar\",\"item\":\"https:\\\/\\\/dhr.se\\\/intern\\\/medlemmar\\\/\"},{\"@type\":\"ListItem\",\"position\":3,\"name\":\"V\u00e4rva medlemmar\"}]},{\"@type\":\"WebSite\",\"@id\":\"https:\\\/\\\/dhr.se\\\/intern\\\/#website\",\"url\":\"https:\\\/\\\/dhr.se\\\/intern\\\/\",\"name\":\"DHR - Intern\",\"description\":\"Delaktighet, r\u00f6relsefrihet och handlingskraft\",\"potentialAction\":[{\"@type\":\"SearchAction\",\"target\":{\"@type\":\"EntryPoint\",\"urlTemplate\":\"https:\\\/\\\/dhr.se\\\/intern\\\/?s={search_term_string}\"},\"query-input\":{\"@type\":\"PropertyValueSpecification\",\"valueRequired\":true,\"valueName\":\"search_term_string\"}}],\"inLanguage\":\"sv-SE\"}]}<\/script>\n<!-- \/ Yoast SEO plugin. -->","yoast_head_json":{"title":"V\u00e4rva medlemmar - DHR - Intern","robots":{"index":"noindex","follow":"nofollow"},"og_locale":"sv_SE","og_type":"article","og_title":"V\u00e4rva medlemmar - DHR - Intern","og_url":"https:\/\/dhr.se\/intern\/medlemmar\/varva-medlemmar\/","og_site_name":"DHR - Intern","article_modified_time":"2026-04-15T14:16:23+00:00","twitter_card":"summary_large_image","schema":{"@context":"https:\/\/schema.org","@graph":[{"@type":"WebPage","@id":"https:\/\/dhr.se\/intern\/medlemmar\/varva-medlemmar\/","url":"https:\/\/dhr.se\/intern\/medlemmar\/varva-medlemmar\/","name":"V\u00e4rva medlemmar - DHR - Intern","isPartOf":{"@id":"https:\/\/dhr.se\/intern\/#website"},"datePublished":"2026-03-02T16:42:29+00:00","dateModified":"2026-04-15T14:16:23+00:00","breadcrumb":{"@id":"https:\/\/dhr.se\/intern\/medlemmar\/varva-medlemmar\/#breadcrumb"},"inLanguage":"sv-SE","potentialAction":[{"@type":"ReadAction","target":["https:\/\/dhr.se\/intern\/medlemmar\/varva-medlemmar\/"]}]},{"@type":"BreadcrumbList","@id":"https:\/\/dhr.se\/intern\/medlemmar\/varva-medlemmar\/#breadcrumb","itemListElement":[{"@type":"ListItem","position":1,"name":"Hem","item":"https:\/\/dhr.se\/intern\/"},{"@type":"ListItem","position":2,"name":"Medlemmar","item":"https:\/\/dhr.se\/intern\/medlemmar\/"},{"@type":"ListItem","position":3,"name":"V\u00e4rva medlemmar"}]},{"@type":"WebSite","@id":"https:\/\/dhr.se\/intern\/#website","url":"https:\/\/dhr.se\/intern\/","name":"DHR - Intern","description":"Delaktighet, r\u00f6relsefrihet och handlingskraft","potentialAction":[{"@type":"SearchAction","target":{"@type":"EntryPoint","urlTemplate":"https:\/\/dhr.se\/intern\/?s={search_term_string}"},"query-input":{"@type":"PropertyValueSpecification","valueRequired":true,"valueName":"search_term_string"}}],"inLanguage":"sv-SE"}]}},"publishpress_future_workflow_manual_trigger":{"enabledWorkflows":[]},"_links":{"self":[{"href":"https:\/\/dhr.se\/intern\/wp-json\/wp\/v2\/pages\/2297","targetHints":{"allow":["GET"]}}],"collection":[{"href":"https:\/\/dhr.se\/intern\/wp-json\/wp\/v2\/pages"}],"about":[{"href":"https:\/\/dhr.se\/intern\/wp-json\/wp\/v2\/types\/page"}],"author":[{"embeddable":true,"href":"https:\/\/dhr.se\/intern\/wp-json\/wp\/v2\/users\/8"}],"replies":[{"embeddable":true,"href":"https:\/\/dhr.se\/intern\/wp-json\/wp\/v2\/comments?post=2297"}],"version-history":[{"count":10,"href":"https:\/\/dhr.se\/intern\/wp-json\/wp\/v2\/pages\/2297\/revisions"}],"predecessor-version":[{"id":2545,"href":"https:\/\/dhr.se\/intern\/wp-json\/wp\/v2\/pages\/2297\/revisions\/2545"}],"up":[{"embeddable":true,"href":"https:\/\/dhr.se\/intern\/wp-json\/wp\/v2\/pages\/2468"}],"wp:attachment":[{"href":"https:\/\/dhr.se\/intern\/wp-json\/wp\/v2\/media?parent=2297"}],"curies":[{"name":"wp","href":"https:\/\/api.w.org\/{rel}","templated":true}]}}