{"id":2558,"date":"2026-03-26T12:21:25","date_gmt":"2026-03-26T11:21:25","guid":{"rendered":"https:\/\/dhr.se\/intern\/?page_id=2558"},"modified":"2026-04-10T14:44:11","modified_gmt":"2026-04-10T12:44:11","slug":"kurser-och-utbildningar","status":"publish","type":"page","link":"https:\/\/dhr.se\/intern\/kurser-och-utbildningar\/","title":{"rendered":"Kurser och utbildningar"},"content":{"rendered":"<section class=\"block-simple-text\">\n    <div class=\"main\">\n        <div class=\"main-inner\">\n            <div class=\"ingress text-darker\"><p>DHR:s f\u00f6rbundskansli erbjuder utbildningar f\u00f6r avdelningar och regioner. V\u00e5ra experter kommer g\u00e4rna till er under allt fr\u00e5n en timme till en hel helg, beroende p\u00e5 era behov och v\u00e5ra resurser. Under 2026 erbjuder vi tre utbildningar som riktar sig fr\u00e4mst till f\u00f6rtroendevalda, allts\u00e5 du som ing\u00e5r i en styrelse eller valberedning. Men \u00e4ven till dig som medlem som vill engagera dig mer f\u00f6r DHR.<\/p>\n<\/div>\n            <div class=\"content\"><h2>Utbildningar<\/h2>\n<p>DHR:s f\u00f6rbundskansli erbjuder f\u00f6ljande utbildningar:<\/p>\n<h3>1. Smidigare kommunikation via dator och mobil<\/h3>\n<p>Som f\u00f6rtroendevald i DHR har du tillg\u00e5ng till m\u00e5nga fantastiska verktyg via Microsoft Office 365. L\u00e4r dig hur du kan effektivisera ditt arbete med hj\u00e4lp av:<\/p>\n<ul>\n<li>Teams\u00a0\u2013 F\u00f6r m\u00f6ten och dokumentation<\/li>\n<li>Sharepoint\u00a0\u2013 F\u00f6r delade dokument<\/li>\n<li>DHR:s Intran\u00e4t<\/li>\n<li>Copilot (AI-verktyg i Microsoft Office)<\/li>\n<\/ul>\n<h3>2. Kommunicera via massmedia och sociala medier<\/h3>\n<p>Vill du bli b\u00e4ttre p\u00e5 att n\u00e5 ut till media och p\u00e5verka samh\u00e4llet? L\u00e4r dig hur du kan kanalisera din passion och frustration till effektiva ins\u00e4ndare och intervjuer d\u00e4r du k\u00e4nner dig n\u00f6jd och bekv\u00e4m. Utbildningen inneh\u00e5ller:<\/p>\n<ul>\n<li>Hur tidningar, tv och radio fungerar idag<\/li>\n<li>Hur du kan p\u00e5verka<\/li>\n<li>Kontakt med journalister<\/li>\n<li>Hur du kan anv\u00e4nda AI<\/li>\n<\/ul>\n<h3>3. F\u00f6reningsutveckling<\/h3>\n<p>Att fungera som f\u00f6rening i dagens samh\u00e4lle har sina utmaningar. S\u00e4rskilt nya f\u00f6rtroendevalda har nytta av utbildning om hur en f\u00f6rening drivs. Utbildningen t\u00e4cker:<\/p>\n<ul>\n<li>\u00c5rshjulet (med styrelsens roller och ansvar)<\/li>\n<li>Medlemsresan \u2013 Hur aktivera och engagera medlemmarna?<\/li>\n<li>Hur dagens civilsamh\u00e4lle inklusive folkbildning fungerar<\/li>\n<\/ul>\n<p><strong>Kontakta <a href=\"mailto:utbildning@dhr.se\">utbildning@dhr.se<\/a> f\u00f6r ovanst\u00e5ende utbildningar! Vi v\u00e4lkomnar f\u00f6rslag och id\u00e9er! Tillsammans skr\u00e4ddarsyr vi en passande utbildning.<\/strong><\/p>\n<h4>Samarbeta med ABF<\/h4>\n<p>DHR \u00e4r medlem i studief\u00f6rbundet ABF. Det inneb\u00e4r att avdelningar och regioner kan f\u00e5 pedagogiskt st\u00f6d i bland annat organisations- och medlemsutveckling. \u00c4ven digital kompetens \u00e4r ett omr\u00e5de ABF hj\u00e4lper till med. L\u00e4s mer och kontakta ditt n\u00e4rmaste ABF p\u00e5 f\u00f6ljande l\u00e4nk: <a href=\"https:\/\/www.abf.se\/samarbeta-med-abf\/\">https:\/\/www.abf.se\/samarbeta-med-abf\/<\/a><\/p>\n<h3>4. Bli en Kunskapsb\u00e4rare inom tillg\u00e4nglighet!<\/h3>\n<p>Nu p\u00e5g\u00e5r DHR-utbildningen av kunskapsb\u00e4rare inom tillg\u00e4nglighet. Utbildningen p\u00e5g\u00e5r under flera \u00e5r och inneh\u00e5ller grundutbildning, vidareutbildning och p\u00e5fyllning av kunskap. Med nya byggregler, en ny tillg\u00e4nglighetslag fr\u00e5n EU och fler som arbetar med principen universell utformning, \u00e4r det mycket som h\u00e4nder.<\/p>\n<p>Anm\u00e4l intresse eller nominera n\u00e5gon du tror passar f\u00f6r uppdraget som kunskapsb\u00e4rare! Vi ser g\u00e4rna nya medlemmar som vill f\u00f6rdjupa sina kunskaper och engagera sig p\u00e5 l\u00e5ng sikt som f\u00f6rmedlare av DHR:s budskap till kommuner, samh\u00e4llsplanerare, byggsektor mm. Denna spetsutbildning vidgar dina n\u00e4tverk och m\u00f6jligheter att utbilda och v\u00e4gleda andra.<\/p>\n<p><strong>Kontakta <a href=\"mailto:utbildning@dhr.se\">utbildning@dhr.se<\/a> eller DHR:s v\u00e4xel 08-685 80 00. <\/strong>Karolina Celinska och Emil Erdtman ber\u00e4ttar g\u00e4rna mer.<\/p>\n<p>&nbsp;<\/p>\n<\/div>\n        <\/div>\n    <\/div>\n<\/section>\n\n<section class=\"block-simple-text\">\n    <div class=\"main\">\n        <div class=\"main-inner\">\n            <div class=\"ingress text-darker\"><h2>Kurser i f\u00f6reningskunskap<\/h2>\n<p>Vill du l\u00e4ra dig mer om hur en f\u00f6rening fungerar eller hur du kan engagera dig? Har du blivit<br \/>\ninvald i en styrelse och beh\u00f6ver st\u00f6d och kunskap? Vi hj\u00e4lper dig med kurser och studiecirklar<br \/>\ni \u00e4mnet.<\/p>\n<p>&nbsp;<\/p>\n<\/div>\n            <div class=\"content\"><h3>Grundl\u00e4ggande styrelseutbildning<\/h3>\n<p>N\u00e4r: 16 maj kl. 10.00\u201315.00<br \/>\nVar: Digitalt via Teams<\/p>\n<p>Kursen \u00e4r gratis!<\/p>\n<p>Anm\u00e4l dig senast 8 maj:<br \/>\n<a href=\"https:\/\/www.abf.se\/distriktet-i-stockholmsregionen\/kurs\/grundlaggande-styrelseutbildning-for-medlemmar-i-dhr-3917011\/\">Grundl\u00e4ggande styrelseutbildning (f\u00f6r medlemmar i DHR)<\/a><\/p>\n<p>&nbsp;<\/p>\n<h3>Kurs f\u00f6r valberedare<\/h3>\n<p>N\u00e4r: 18 och 25 maj kl. 18.00\u201320.30<br \/>\nVar: Digitalt via Teams<\/p>\n<p>Kursen \u00e4r gratis!<\/p>\n<p>Anm\u00e4l dig senast 8 maj:<br \/>\n<a href=\"https:\/\/www.abf.se\/distriktet-i-stockholmsregionen\/kurs\/valberedarutbildning-for-medlemmar-i-dhr-3917016\/\">Valberedarutbildning (f\u00f6r medlemmar i DHR)<\/a><\/p>\n<\/div>\n        <\/div>\n    <\/div>\n<\/section>","protected":false},"excerpt":{"rendered":"","protected":false},"author":8,"featured_media":0,"parent":0,"menu_order":0,"comment_status":"closed","ping_status":"closed","template":"template-side-menu-new.php","meta":{"_acf_changed":false,"_monsterinsights_skip_tracking":false,"_monsterinsights_sitenote_active":false,"_monsterinsights_sitenote_note":"","_monsterinsights_sitenote_category":0,"footnotes":""},"class_list":["post-2558","page","type-page","status-publish","hentry"],"acf":[],"yoast_head":"<!-- This site is optimized with the Yoast SEO plugin v27.5 - https:\/\/yoast.com\/product\/yoast-seo-wordpress\/ -->\n<title>Kurser och utbildningar - DHR - Intern<\/title>\n<meta name=\"robots\" content=\"noindex, nofollow\" \/>\n<meta property=\"og:locale\" content=\"sv_SE\" \/>\n<meta property=\"og:type\" content=\"article\" \/>\n<meta property=\"og:title\" content=\"Kurser och utbildningar - DHR - Intern\" \/>\n<meta property=\"og:url\" content=\"https:\/\/dhr.se\/intern\/kurser-och-utbildningar\/\" \/>\n<meta property=\"og:site_name\" content=\"DHR - Intern\" \/>\n<meta property=\"article:modified_time\" content=\"2026-04-10T12:44:11+00:00\" \/>\n<meta name=\"twitter:card\" content=\"summary_large_image\" \/>\n<script type=\"application\/ld+json\" class=\"yoast-schema-graph\">{\"@context\":\"https:\\\/\\\/schema.org\",\"@graph\":[{\"@type\":\"WebPage\",\"@id\":\"https:\\\/\\\/dhr.se\\\/intern\\\/kurser-och-utbildningar\\\/\",\"url\":\"https:\\\/\\\/dhr.se\\\/intern\\\/kurser-och-utbildningar\\\/\",\"name\":\"Kurser och utbildningar - DHR - Intern\",\"isPartOf\":{\"@id\":\"https:\\\/\\\/dhr.se\\\/intern\\\/#website\"},\"datePublished\":\"2026-03-26T11:21:25+00:00\",\"dateModified\":\"2026-04-10T12:44:11+00:00\",\"breadcrumb\":{\"@id\":\"https:\\\/\\\/dhr.se\\\/intern\\\/kurser-och-utbildningar\\\/#breadcrumb\"},\"inLanguage\":\"sv-SE\",\"potentialAction\":[{\"@type\":\"ReadAction\",\"target\":[\"https:\\\/\\\/dhr.se\\\/intern\\\/kurser-och-utbildningar\\\/\"]}]},{\"@type\":\"BreadcrumbList\",\"@id\":\"https:\\\/\\\/dhr.se\\\/intern\\\/kurser-och-utbildningar\\\/#breadcrumb\",\"itemListElement\":[{\"@type\":\"ListItem\",\"position\":1,\"name\":\"Hem\",\"item\":\"https:\\\/\\\/dhr.se\\\/intern\\\/\"},{\"@type\":\"ListItem\",\"position\":2,\"name\":\"Kurser och utbildningar\"}]},{\"@type\":\"WebSite\",\"@id\":\"https:\\\/\\\/dhr.se\\\/intern\\\/#website\",\"url\":\"https:\\\/\\\/dhr.se\\\/intern\\\/\",\"name\":\"DHR - Intern\",\"description\":\"Delaktighet, r\u00f6relsefrihet och handlingskraft\",\"potentialAction\":[{\"@type\":\"SearchAction\",\"target\":{\"@type\":\"EntryPoint\",\"urlTemplate\":\"https:\\\/\\\/dhr.se\\\/intern\\\/?s={search_term_string}\"},\"query-input\":{\"@type\":\"PropertyValueSpecification\",\"valueRequired\":true,\"valueName\":\"search_term_string\"}}],\"inLanguage\":\"sv-SE\"}]}<\/script>\n<!-- \/ Yoast SEO plugin. -->","yoast_head_json":{"title":"Kurser och utbildningar - DHR - Intern","robots":{"index":"noindex","follow":"nofollow"},"og_locale":"sv_SE","og_type":"article","og_title":"Kurser och utbildningar - DHR - Intern","og_url":"https:\/\/dhr.se\/intern\/kurser-och-utbildningar\/","og_site_name":"DHR - Intern","article_modified_time":"2026-04-10T12:44:11+00:00","twitter_card":"summary_large_image","schema":{"@context":"https:\/\/schema.org","@graph":[{"@type":"WebPage","@id":"https:\/\/dhr.se\/intern\/kurser-och-utbildningar\/","url":"https:\/\/dhr.se\/intern\/kurser-och-utbildningar\/","name":"Kurser och utbildningar - DHR - Intern","isPartOf":{"@id":"https:\/\/dhr.se\/intern\/#website"},"datePublished":"2026-03-26T11:21:25+00:00","dateModified":"2026-04-10T12:44:11+00:00","breadcrumb":{"@id":"https:\/\/dhr.se\/intern\/kurser-och-utbildningar\/#breadcrumb"},"inLanguage":"sv-SE","potentialAction":[{"@type":"ReadAction","target":["https:\/\/dhr.se\/intern\/kurser-och-utbildningar\/"]}]},{"@type":"BreadcrumbList","@id":"https:\/\/dhr.se\/intern\/kurser-och-utbildningar\/#breadcrumb","itemListElement":[{"@type":"ListItem","position":1,"name":"Hem","item":"https:\/\/dhr.se\/intern\/"},{"@type":"ListItem","position":2,"name":"Kurser och utbildningar"}]},{"@type":"WebSite","@id":"https:\/\/dhr.se\/intern\/#website","url":"https:\/\/dhr.se\/intern\/","name":"DHR - Intern","description":"Delaktighet, r\u00f6relsefrihet och handlingskraft","potentialAction":[{"@type":"SearchAction","target":{"@type":"EntryPoint","urlTemplate":"https:\/\/dhr.se\/intern\/?s={search_term_string}"},"query-input":{"@type":"PropertyValueSpecification","valueRequired":true,"valueName":"search_term_string"}}],"inLanguage":"sv-SE"}]}},"publishpress_future_workflow_manual_trigger":{"enabledWorkflows":[]},"_links":{"self":[{"href":"https:\/\/dhr.se\/intern\/wp-json\/wp\/v2\/pages\/2558","targetHints":{"allow":["GET"]}}],"collection":[{"href":"https:\/\/dhr.se\/intern\/wp-json\/wp\/v2\/pages"}],"about":[{"href":"https:\/\/dhr.se\/intern\/wp-json\/wp\/v2\/types\/page"}],"author":[{"embeddable":true,"href":"https:\/\/dhr.se\/intern\/wp-json\/wp\/v2\/users\/8"}],"replies":[{"embeddable":true,"href":"https:\/\/dhr.se\/intern\/wp-json\/wp\/v2\/comments?post=2558"}],"version-history":[{"count":7,"href":"https:\/\/dhr.se\/intern\/wp-json\/wp\/v2\/pages\/2558\/revisions"}],"predecessor-version":[{"id":2594,"href":"https:\/\/dhr.se\/intern\/wp-json\/wp\/v2\/pages\/2558\/revisions\/2594"}],"wp:attachment":[{"href":"https:\/\/dhr.se\/intern\/wp-json\/wp\/v2\/media?parent=2558"}],"curies":[{"name":"wp","href":"https:\/\/api.w.org\/{rel}","templated":true}]}}