{"id":1962,"date":"2021-02-24T14:46:59","date_gmt":"2021-02-24T13:46:59","guid":{"rendered":"http:\/\/dhr.se\/jonkopingslan\/?page_id=1962"},"modified":"2026-01-25T12:55:27","modified_gmt":"2026-01-25T11:55:27","slug":"verksamhetsplan","status":"publish","type":"page","link":"https:\/\/dhr.se\/jonkopingslan\/verksamhetsplan\/","title":{"rendered":"Verksamhetsplan"},"content":{"rendered":"<section class=\"block-textbox\" style=\"background-image:url();\">\n    <div class=\"main\">\n        <div class=\"main-inner\">\n\n                <div class=\"text-container\">\n                    <h2>Verksamhetsplan<\/h2>\n                    <p>\t<br \/>\r\n\t\t\t\t\t<br \/>\r\n<br \/>\r\nMed reservation f\u00f6r \u00e4ndringar.<br \/>\r\n<br \/>\r\n<\/p>\n\n                    \n                <\/div>\n\n        <\/div>\n    <\/div>\n<\/section>","protected":false},"excerpt":{"rendered":"","protected":false},"author":8,"featured_media":0,"parent":0,"menu_order":0,"comment_status":"closed","ping_status":"closed","template":"","meta":{"_acf_changed":false,"_monsterinsights_skip_tracking":false,"_monsterinsights_sitenote_active":false,"_monsterinsights_sitenote_note":"","_monsterinsights_sitenote_category":0,"footnotes":""},"class_list":["post-1962","page","type-page","status-publish","hentry"],"acf":[],"yoast_head":"<!-- This site is optimized with the Yoast SEO plugin v27.2 - https:\/\/yoast.com\/product\/yoast-seo-wordpress\/ -->\n<title>Verksamhetsplan - DHR - J\u00f6nk\u00f6pings l\u00e4n<\/title>\n<meta name=\"robots\" content=\"index, follow, max-snippet:-1, max-image-preview:large, max-video-preview:-1\" \/>\n<link rel=\"canonical\" href=\"https:\/\/dhr.se\/jonkopingslan\/verksamhetsplan\/\" \/>\n<meta property=\"og:locale\" content=\"sv_SE\" \/>\n<meta property=\"og:type\" content=\"article\" \/>\n<meta property=\"og:title\" content=\"Verksamhetsplan - DHR - J\u00f6nk\u00f6pings l\u00e4n\" \/>\n<meta property=\"og:url\" content=\"https:\/\/dhr.se\/jonkopingslan\/verksamhetsplan\/\" \/>\n<meta property=\"og:site_name\" content=\"DHR - J\u00f6nk\u00f6pings l\u00e4n\" \/>\n<meta property=\"article:modified_time\" content=\"2026-01-25T11:55:27+00:00\" \/>\n<meta name=\"twitter:card\" content=\"summary_large_image\" \/>\n<script type=\"application\/ld+json\" class=\"yoast-schema-graph\">{\"@context\":\"https:\/\/schema.org\",\"@graph\":[{\"@type\":\"WebPage\",\"@id\":\"https:\/\/dhr.se\/jonkopingslan\/verksamhetsplan\/\",\"url\":\"https:\/\/dhr.se\/jonkopingslan\/verksamhetsplan\/\",\"name\":\"Verksamhetsplan - DHR - J\u00f6nk\u00f6pings l\u00e4n\",\"isPartOf\":{\"@id\":\"https:\/\/dhr.se\/jonkopingslan\/#website\"},\"datePublished\":\"2021-02-24T13:46:59+00:00\",\"dateModified\":\"2026-01-25T11:55:27+00:00\",\"breadcrumb\":{\"@id\":\"https:\/\/dhr.se\/jonkopingslan\/verksamhetsplan\/#breadcrumb\"},\"inLanguage\":\"sv-SE\",\"potentialAction\":[{\"@type\":\"ReadAction\",\"target\":[\"https:\/\/dhr.se\/jonkopingslan\/verksamhetsplan\/\"]}]},{\"@type\":\"BreadcrumbList\",\"@id\":\"https:\/\/dhr.se\/jonkopingslan\/verksamhetsplan\/#breadcrumb\",\"itemListElement\":[{\"@type\":\"ListItem\",\"position\":1,\"name\":\"Hem\",\"item\":\"https:\/\/dhr.se\/jonkopingslan\/\"},{\"@type\":\"ListItem\",\"position\":2,\"name\":\"Verksamhetsplan\"}]},{\"@type\":\"WebSite\",\"@id\":\"https:\/\/dhr.se\/jonkopingslan\/#website\",\"url\":\"https:\/\/dhr.se\/jonkopingslan\/\",\"name\":\"DHR - J\u00f6nk\u00f6pings l\u00e4n\",\"description\":\"Delaktighet, r\u00f6relsefrihet och handlingskraft\",\"potentialAction\":[{\"@type\":\"SearchAction\",\"target\":{\"@type\":\"EntryPoint\",\"urlTemplate\":\"https:\/\/dhr.se\/jonkopingslan\/?s={search_term_string}\"},\"query-input\":{\"@type\":\"PropertyValueSpecification\",\"valueRequired\":true,\"valueName\":\"search_term_string\"}}],\"inLanguage\":\"sv-SE\"}]}<\/script>\n<!-- \/ Yoast SEO plugin. -->","yoast_head_json":{"title":"Verksamhetsplan - DHR - J\u00f6nk\u00f6pings l\u00e4n","robots":{"index":"index","follow":"follow","max-snippet":"max-snippet:-1","max-image-preview":"max-image-preview:large","max-video-preview":"max-video-preview:-1"},"canonical":"https:\/\/dhr.se\/jonkopingslan\/verksamhetsplan\/","og_locale":"sv_SE","og_type":"article","og_title":"Verksamhetsplan - DHR - J\u00f6nk\u00f6pings l\u00e4n","og_url":"https:\/\/dhr.se\/jonkopingslan\/verksamhetsplan\/","og_site_name":"DHR - J\u00f6nk\u00f6pings l\u00e4n","article_modified_time":"2026-01-25T11:55:27+00:00","twitter_card":"summary_large_image","schema":{"@context":"https:\/\/schema.org","@graph":[{"@type":"WebPage","@id":"https:\/\/dhr.se\/jonkopingslan\/verksamhetsplan\/","url":"https:\/\/dhr.se\/jonkopingslan\/verksamhetsplan\/","name":"Verksamhetsplan - DHR - J\u00f6nk\u00f6pings l\u00e4n","isPartOf":{"@id":"https:\/\/dhr.se\/jonkopingslan\/#website"},"datePublished":"2021-02-24T13:46:59+00:00","dateModified":"2026-01-25T11:55:27+00:00","breadcrumb":{"@id":"https:\/\/dhr.se\/jonkopingslan\/verksamhetsplan\/#breadcrumb"},"inLanguage":"sv-SE","potentialAction":[{"@type":"ReadAction","target":["https:\/\/dhr.se\/jonkopingslan\/verksamhetsplan\/"]}]},{"@type":"BreadcrumbList","@id":"https:\/\/dhr.se\/jonkopingslan\/verksamhetsplan\/#breadcrumb","itemListElement":[{"@type":"ListItem","position":1,"name":"Hem","item":"https:\/\/dhr.se\/jonkopingslan\/"},{"@type":"ListItem","position":2,"name":"Verksamhetsplan"}]},{"@type":"WebSite","@id":"https:\/\/dhr.se\/jonkopingslan\/#website","url":"https:\/\/dhr.se\/jonkopingslan\/","name":"DHR - J\u00f6nk\u00f6pings l\u00e4n","description":"Delaktighet, r\u00f6relsefrihet och handlingskraft","potentialAction":[{"@type":"SearchAction","target":{"@type":"EntryPoint","urlTemplate":"https:\/\/dhr.se\/jonkopingslan\/?s={search_term_string}"},"query-input":{"@type":"PropertyValueSpecification","valueRequired":true,"valueName":"search_term_string"}}],"inLanguage":"sv-SE"}]}},"publishpress_future_workflow_manual_trigger":{"enabledWorkflows":[]},"_links":{"self":[{"href":"https:\/\/dhr.se\/jonkopingslan\/wp-json\/wp\/v2\/pages\/1962","targetHints":{"allow":["GET"]}}],"collection":[{"href":"https:\/\/dhr.se\/jonkopingslan\/wp-json\/wp\/v2\/pages"}],"about":[{"href":"https:\/\/dhr.se\/jonkopingslan\/wp-json\/wp\/v2\/types\/page"}],"author":[{"embeddable":true,"href":"https:\/\/dhr.se\/jonkopingslan\/wp-json\/wp\/v2\/users\/8"}],"replies":[{"embeddable":true,"href":"https:\/\/dhr.se\/jonkopingslan\/wp-json\/wp\/v2\/comments?post=1962"}],"version-history":[{"count":0,"href":"https:\/\/dhr.se\/jonkopingslan\/wp-json\/wp\/v2\/pages\/1962\/revisions"}],"wp:attachment":[{"href":"https:\/\/dhr.se\/jonkopingslan\/wp-json\/wp\/v2\/media?parent=1962"}],"curies":[{"name":"wp","href":"https:\/\/api.w.org\/{rel}","templated":true}]}}