{"id":2002,"date":"2021-03-08T11:17:34","date_gmt":"2021-03-08T10:17:34","guid":{"rendered":"http:\/\/dhr.se\/jonkopingslan\/?page_id=2002"},"modified":"2026-02-09T12:51:23","modified_gmt":"2026-02-09T11:51:23","slug":"distriktsstyrelsen","status":"publish","type":"page","link":"https:\/\/dhr.se\/jonkopingslan\/om-oss\/distriktsstyrelsen\/","title":{"rendered":"Distrikts-styrelsen"},"content":{"rendered":"<section class=\"block-staff\">\n    <div class=\"main\">\n        <div class=\"main-inner\">\n            <h3><\/h3>\n\n            <div class=\"flex-container\">\n\n                \n\n                        <div class=\"person\">\n                            \n                                                            <img decoding=\"async\" src=\"https:\/\/dhr.se\/jonkopingslan\/wp-content\/uploads\/sites\/14\/2021\/03\/007.jpg\" alt=\"\" \/>\n                            \n                            <h4>Marie<\/h4>\n                            <h4>Sj\u00f6berg<\/h4>\n                            <p class=\"description\">Ordf\u00f6rande<\/p>\n                            <p class=\"phone\">073-2281792<\/p>\n\t\t\t\t\t\t\t                            <a class=\"text-link\" href=\"mailto:mariesjoberg2016@gmail.com\">Maila mig<\/a>\n\t\t\t\t\t\t\t                        <\/div>\n\n\n                        \n\n                        <div class=\"person\">\n                            \n                                                            <img decoding=\"async\" src=\"https:\/\/dhr.se\/jonkopingslan\/wp-content\/uploads\/sites\/14\/2021\/03\/Christina.jpg\" alt=\"\" \/>\n                            \n                            <h4>Christina<\/h4>\n                            <h4>Engstrand<\/h4>\n                            <p class=\"description\">Kass\u00f6r<\/p>\n                            <p class=\"phone\"><\/p>\n\t\t\t\t\t\t\t                            <a class=\"text-link\" href=\"mailto:jan-cinna.engstrand@hotmail.com\">Maila mig<\/a>\n\t\t\t\t\t\t\t                        <\/div>\n\n\n                        \n\n                        <div class=\"person\">\n                            \n                                                            <img decoding=\"async\" src=\"https:\/\/dhr.se\/jonkopingslan\/wp-content\/uploads\/sites\/14\/2021\/03\/DHR17-094.jpg\" alt=\"\" \/>\n                            \n                            <h4>Peter<\/h4>\n                            <h4>Mathiesen<\/h4>\n                            <p class=\"description\">Ledamot<\/p>\n                            <p class=\"phone\"><\/p>\n\t\t\t\t\t\t\t                            <a class=\"text-link\" href=\"mailto:petermathiesen1958gmail.com\">Maila mig<\/a>\n\t\t\t\t\t\t\t                        <\/div>\n\n\n                        \n\n                        <div class=\"person\">\n                            \n                                                            <img decoding=\"async\" src=\"https:\/\/dhr.se\/jonkopingslan\/wp-content\/uploads\/sites\/14\/2021\/03\/DHR2-001.jpg\" alt=\"\" \/>\n                            \n                            <h4>Lena<\/h4>\n                            <h4>\u00c5strand<\/h4>\n                            <p class=\"description\">Ledamot<\/p>\n                            <p class=\"phone\"><\/p>\n\t\t\t\t\t\t\t                            <a class=\"text-link\" href=\"mailto:kolonian@spray.se\">Maila mig<\/a>\n\t\t\t\t\t\t\t                        <\/div>\n\n\n                        \n\n                        <div class=\"person\">\n                            \n                            \n                            <h4>G\u00f6te<\/h4>\n                            <h4>Uveborn<\/h4>\n                            <p class=\"description\">Ledamot<\/p>\n                            <p class=\"phone\"><\/p>\n\t\t\t\t\t\t\t                        <\/div>\n\n\n                        \n            <\/div>\n        <\/div>\n    <\/div>\n<\/section>\n\n<section class=\"block-textbox\" style=\"background-image:url();\">\n    <div class=\"main\">\n        <div class=\"main-inner\">\n\n                <div class=\"text-container\">\n                    <h2><\/h2>\n                    <p><\/p>\n\n                    \n                <\/div>\n\n        <\/div>\n    <\/div>\n<\/section>","protected":false},"excerpt":{"rendered":"","protected":false},"author":8,"featured_media":0,"parent":1959,"menu_order":0,"comment_status":"closed","ping_status":"closed","template":"template-side-menu.php","meta":{"_acf_changed":false,"_monsterinsights_skip_tracking":false,"_monsterinsights_sitenote_active":false,"_monsterinsights_sitenote_note":"","_monsterinsights_sitenote_category":0,"footnotes":""},"class_list":["post-2002","page","type-page","status-publish","hentry"],"acf":[],"yoast_head":"<!-- This site is optimized with the Yoast SEO plugin v27.2 - https:\/\/yoast.com\/product\/yoast-seo-wordpress\/ -->\n<title>Distrikts-styrelsen - DHR - J\u00f6nk\u00f6pings l\u00e4n<\/title>\n<meta name=\"robots\" content=\"index, follow, max-snippet:-1, max-image-preview:large, max-video-preview:-1\" \/>\n<link rel=\"canonical\" href=\"https:\/\/dhr.se\/jonkopingslan\/om-oss\/distriktsstyrelsen\/\" \/>\n<meta property=\"og:locale\" content=\"sv_SE\" \/>\n<meta property=\"og:type\" content=\"article\" \/>\n<meta property=\"og:title\" content=\"Distrikts-styrelsen - DHR - J\u00f6nk\u00f6pings l\u00e4n\" \/>\n<meta property=\"og:url\" content=\"https:\/\/dhr.se\/jonkopingslan\/om-oss\/distriktsstyrelsen\/\" \/>\n<meta property=\"og:site_name\" content=\"DHR - J\u00f6nk\u00f6pings l\u00e4n\" \/>\n<meta property=\"article:modified_time\" content=\"2026-02-09T11:51:23+00:00\" \/>\n<meta name=\"twitter:card\" content=\"summary_large_image\" \/>\n<script type=\"application\/ld+json\" class=\"yoast-schema-graph\">{\"@context\":\"https:\/\/schema.org\",\"@graph\":[{\"@type\":\"WebPage\",\"@id\":\"https:\/\/dhr.se\/jonkopingslan\/om-oss\/distriktsstyrelsen\/\",\"url\":\"https:\/\/dhr.se\/jonkopingslan\/om-oss\/distriktsstyrelsen\/\",\"name\":\"Distrikts-styrelsen - DHR - J\u00f6nk\u00f6pings l\u00e4n\",\"isPartOf\":{\"@id\":\"https:\/\/dhr.se\/jonkopingslan\/#website\"},\"datePublished\":\"2021-03-08T10:17:34+00:00\",\"dateModified\":\"2026-02-09T11:51:23+00:00\",\"breadcrumb\":{\"@id\":\"https:\/\/dhr.se\/jonkopingslan\/om-oss\/distriktsstyrelsen\/#breadcrumb\"},\"inLanguage\":\"sv-SE\",\"potentialAction\":[{\"@type\":\"ReadAction\",\"target\":[\"https:\/\/dhr.se\/jonkopingslan\/om-oss\/distriktsstyrelsen\/\"]}]},{\"@type\":\"BreadcrumbList\",\"@id\":\"https:\/\/dhr.se\/jonkopingslan\/om-oss\/distriktsstyrelsen\/#breadcrumb\",\"itemListElement\":[{\"@type\":\"ListItem\",\"position\":1,\"name\":\"Hem\",\"item\":\"https:\/\/dhr.se\/jonkopingslan\/\"},{\"@type\":\"ListItem\",\"position\":2,\"name\":\"Om oss\",\"item\":\"https:\/\/dhr.se\/jonkopingslan\/om-oss\/\"},{\"@type\":\"ListItem\",\"position\":3,\"name\":\"Distrikts-styrelsen\"}]},{\"@type\":\"WebSite\",\"@id\":\"https:\/\/dhr.se\/jonkopingslan\/#website\",\"url\":\"https:\/\/dhr.se\/jonkopingslan\/\",\"name\":\"DHR - J\u00f6nk\u00f6pings l\u00e4n\",\"description\":\"Delaktighet, r\u00f6relsefrihet och handlingskraft\",\"potentialAction\":[{\"@type\":\"SearchAction\",\"target\":{\"@type\":\"EntryPoint\",\"urlTemplate\":\"https:\/\/dhr.se\/jonkopingslan\/?s={search_term_string}\"},\"query-input\":{\"@type\":\"PropertyValueSpecification\",\"valueRequired\":true,\"valueName\":\"search_term_string\"}}],\"inLanguage\":\"sv-SE\"}]}<\/script>\n<!-- \/ Yoast SEO plugin. -->","yoast_head_json":{"title":"Distrikts-styrelsen - DHR - J\u00f6nk\u00f6pings l\u00e4n","robots":{"index":"index","follow":"follow","max-snippet":"max-snippet:-1","max-image-preview":"max-image-preview:large","max-video-preview":"max-video-preview:-1"},"canonical":"https:\/\/dhr.se\/jonkopingslan\/om-oss\/distriktsstyrelsen\/","og_locale":"sv_SE","og_type":"article","og_title":"Distrikts-styrelsen - DHR - J\u00f6nk\u00f6pings l\u00e4n","og_url":"https:\/\/dhr.se\/jonkopingslan\/om-oss\/distriktsstyrelsen\/","og_site_name":"DHR - J\u00f6nk\u00f6pings l\u00e4n","article_modified_time":"2026-02-09T11:51:23+00:00","twitter_card":"summary_large_image","schema":{"@context":"https:\/\/schema.org","@graph":[{"@type":"WebPage","@id":"https:\/\/dhr.se\/jonkopingslan\/om-oss\/distriktsstyrelsen\/","url":"https:\/\/dhr.se\/jonkopingslan\/om-oss\/distriktsstyrelsen\/","name":"Distrikts-styrelsen - DHR - J\u00f6nk\u00f6pings l\u00e4n","isPartOf":{"@id":"https:\/\/dhr.se\/jonkopingslan\/#website"},"datePublished":"2021-03-08T10:17:34+00:00","dateModified":"2026-02-09T11:51:23+00:00","breadcrumb":{"@id":"https:\/\/dhr.se\/jonkopingslan\/om-oss\/distriktsstyrelsen\/#breadcrumb"},"inLanguage":"sv-SE","potentialAction":[{"@type":"ReadAction","target":["https:\/\/dhr.se\/jonkopingslan\/om-oss\/distriktsstyrelsen\/"]}]},{"@type":"BreadcrumbList","@id":"https:\/\/dhr.se\/jonkopingslan\/om-oss\/distriktsstyrelsen\/#breadcrumb","itemListElement":[{"@type":"ListItem","position":1,"name":"Hem","item":"https:\/\/dhr.se\/jonkopingslan\/"},{"@type":"ListItem","position":2,"name":"Om oss","item":"https:\/\/dhr.se\/jonkopingslan\/om-oss\/"},{"@type":"ListItem","position":3,"name":"Distrikts-styrelsen"}]},{"@type":"WebSite","@id":"https:\/\/dhr.se\/jonkopingslan\/#website","url":"https:\/\/dhr.se\/jonkopingslan\/","name":"DHR - J\u00f6nk\u00f6pings l\u00e4n","description":"Delaktighet, r\u00f6relsefrihet och handlingskraft","potentialAction":[{"@type":"SearchAction","target":{"@type":"EntryPoint","urlTemplate":"https:\/\/dhr.se\/jonkopingslan\/?s={search_term_string}"},"query-input":{"@type":"PropertyValueSpecification","valueRequired":true,"valueName":"search_term_string"}}],"inLanguage":"sv-SE"}]}},"publishpress_future_workflow_manual_trigger":{"enabledWorkflows":[]},"_links":{"self":[{"href":"https:\/\/dhr.se\/jonkopingslan\/wp-json\/wp\/v2\/pages\/2002","targetHints":{"allow":["GET"]}}],"collection":[{"href":"https:\/\/dhr.se\/jonkopingslan\/wp-json\/wp\/v2\/pages"}],"about":[{"href":"https:\/\/dhr.se\/jonkopingslan\/wp-json\/wp\/v2\/types\/page"}],"author":[{"embeddable":true,"href":"https:\/\/dhr.se\/jonkopingslan\/wp-json\/wp\/v2\/users\/8"}],"replies":[{"embeddable":true,"href":"https:\/\/dhr.se\/jonkopingslan\/wp-json\/wp\/v2\/comments?post=2002"}],"version-history":[{"count":1,"href":"https:\/\/dhr.se\/jonkopingslan\/wp-json\/wp\/v2\/pages\/2002\/revisions"}],"predecessor-version":[{"id":2350,"href":"https:\/\/dhr.se\/jonkopingslan\/wp-json\/wp\/v2\/pages\/2002\/revisions\/2350"}],"up":[{"embeddable":true,"href":"https:\/\/dhr.se\/jonkopingslan\/wp-json\/wp\/v2\/pages\/1959"}],"wp:attachment":[{"href":"https:\/\/dhr.se\/jonkopingslan\/wp-json\/wp\/v2\/media?parent=2002"}],"curies":[{"name":"wp","href":"https:\/\/api.w.org\/{rel}","templated":true}]}}