{"id":2208,"date":"2021-12-10T10:31:08","date_gmt":"2021-12-10T09:31:08","guid":{"rendered":"https:\/\/dhr.se\/jonkopingslan\/?page_id=2208"},"modified":"2023-06-15T10:52:43","modified_gmt":"2023-06-15T08:52:43","slug":"dhr-jonkopings-lans-distrikt","status":"publish","type":"page","link":"https:\/\/dhr.se\/jonkopingslan\/","title":{"rendered":"DHR -J\u00f6nk\u00f6pings l\u00e4ns distrikt"},"content":{"rendered":"<section class=\"block-hero\" style=\"background-image:url(https:\/\/dhr.se\/jonkopingslan\/wp-content\/uploads\/sites\/14\/2021\/02\/Spindelkvinnan-och-Angela-i-hatt-samtalar-i-bakgrunden-barn-som-kl\u00e4ttrar-i-tr\u00e4d..jpg);\">\n\n<video autoplay loop playsinline muted loop>\n    <source src=\"\" type=\"video\/mp4\">\n    Your browser does not support HTML5 video.\n<\/video>\n\n<div class=\"overlay overlay-accent\"><\/div>\n    <div class=\"main\">\n        <div class=\"main-inner\">\n            <p class=\"small-title\"><\/p>\n            <h1> V\u00c4LKOMMEN TILL DHR J\u00f6nk\u00f6pings l\u00e4ns distrikt<\/h1>\n            <p class=\"text\">V\u00e5rt m\u00e5l \u00e4r att alla m\u00e4nniskor ska k\u00e4nna sig v\u00e4lkomna och inkluderade i samh\u00e4llet. V\u00e5r vision \u00e4r ett universellt utformat samh\u00e4lle \u2013 ett j\u00e4mlikt och j\u00e4mst\u00e4llt samh\u00e4lle d\u00e4r varje m\u00e4nniska ses som en tillg\u00e5ng.<\/p>\n\n\n            \n\n\n\n        <\/div>\n    <\/div>\n<\/section>\n\n<section class=\"block-chosen-events\">\n    <div class=\"main\">\n        <div class=\"main-inner\">\n            <div class=\"title\">\n                <h2>Kalender<\/h2>\n            <\/div>\n            <div class=\"flex-container\">\n\n                \n            <\/div>\n        <\/div>\n    <\/div>\n<\/section>\n\n<section class=\"block-image-and-text left grey\">\n    <div class=\"main\">\n        <div class=\"main-inner\">\n            <div class=\"left-col\" style=\"background-image: url(https:\/\/dhr.se\/jonkopingslan\/wp-content\/uploads\/sites\/14\/2021\/02\/fishing-3494064_1920_tillgangligtfiske_VIVIANE-MONCONDUIT-.jpg);\"><\/div>\n\n            <div class=\"right-col\">\n                <h2>OM oss<\/h2>\n                <p class=\"text\">Inom distriktet arbetar vi med p\u00e5verkansarbete gentemot Region J\u00f6nk\u00f6pings l\u00e4n. Bland annat inom fr\u00e5gor som r\u00f6r sjukv\u00e5rd, rehabilitering och kollektivtrafik.<br \/>\r\n<br \/>\r\nV\u00e5r fr\u00e4msta m\u00e5lgrupp \u00e4r personer med en nedsatt r\u00f6relsef\u00f6rm\u00e5ga, men alla som tycker att m\u00e4nskliga r\u00e4ttigheter, tillg\u00e4nglighet och funktionshinderpolitik \u00e4r viktigt \u00e4r v\u00e4lkomna att bli medlemmar i n\u00e5gon av v\u00e5ra avdelningar.<br \/>\r\n<br \/>\r\nV\u00e5ra avdelningar arbetar med lokalt p\u00e5verkansarbete. De anordnar ocks\u00e5 medlemstr\u00e4ffar, f\u00f6rel\u00e4sningar med mera. Avdelningarna finns i Eksj\u00f6, Gislaved, J\u00f6nk\u00f6ping och N\u00e4ssj\u00f6.<br \/>\r\n<br \/>\r\nVill du veta mer? Ring 0381-162 82 eller mejla till <a title=\"Skicka e-post till DHR J\u00f6nk\u00f6pings l\u00e4ns distrikt\" href=\"mailto:jonkopingslan@dhr.se\">jonkopingslan@dhr.se<\/a>.<br \/>\r\n<\/p>\n\n                            <\/div>\n\n        <\/div>\n    <\/div>\n<\/section>\n\n<section class=\"block-textbox\" style=\"background-image:url(https:\/\/dhr.se\/jonkopingslan\/wp-content\/uploads\/sites\/14\/2020\/03\/Kvinna-med-ljust-l\u00e5ngt-h\u00e5r-tittar-in-i-kameran-Botaniska.jpg);\">\n    <div class=\"main\">\n        <div class=\"main-inner\">\n\n                <div class=\"text-container\">\n                    <h2>Bli medlem i DHR<\/h2>\n                    <p>DHR beh\u00f6ver dig som medlem. Oavsett om du v\u00e4ljer att vara aktiv eller bara vill st\u00f6dja oss \u00e4r ditt medlemskap viktigt. Ju fler vi \u00e4r, desto starkare blir v\u00e5r r\u00f6st!<br \/>\r\n<br \/>\r\nUnder DHR:s snart 100 \u00e5r (vi fyller \u00e5r 2023) har villkoren f\u00f6r medlemmarna sj\u00e4lvklart f\u00f6rb\u00e4ttrats. Men nu b\u00f6rjar det bl\u00e5sa kallt igen, och behovet av en stark motst\u00e5ndsr\u00f6relse \u00e4r st\u00f6rre \u00e4n p\u00e5 m\u00e5nga \u00e5r. Den personliga assistansen \u00e4r i fara, parkeringstillst\u00e5nd dras in och det sn\u00e5las p\u00e5 bilst\u00f6d. Vi h\u00f6r till och med \u00e5sikter om att det borde inf\u00f6ras institutioner igen. D\u00e4rf\u00f6r beh\u00f6vs ocks\u00e5 du som medlem!<br \/>\r\n<br \/>\r\nSom medlem i DHR kan du tillsammans med andra medlemmar p\u00e5verka att samh\u00e4llet blir mer j\u00e4mlikt och j\u00e4mst\u00e4llt. Tillsammans med andra medlemmar kan du ocks\u00e5 delta i fritidsaktiviteter, kamratst\u00f6d och social gemenskap.<\/p>\n\n                                            <a class=\"button big accent\" href=\"https:\/\/sbtdhr.mysoft.no\/modules\/blimedlem\/blimedlem.aspx\" target=\"_self\">Bli medlem<\/a>\n                    \n                <\/div>\n\n        <\/div>\n    <\/div>\n<\/section>","protected":false},"excerpt":{"rendered":"","protected":false},"author":1,"featured_media":0,"parent":0,"menu_order":0,"comment_status":"closed","ping_status":"closed","template":"","meta":{"_acf_changed":false,"_monsterinsights_skip_tracking":false,"_monsterinsights_sitenote_active":false,"_monsterinsights_sitenote_note":"","_monsterinsights_sitenote_category":0,"footnotes":""},"class_list":["post-2208","page","type-page","status-publish","hentry"],"acf":[],"yoast_head":"<!-- This site is optimized with the Yoast SEO plugin v27.2 - https:\/\/yoast.com\/product\/yoast-seo-wordpress\/ -->\n<title>DHR -J\u00f6nk\u00f6pings l\u00e4ns distrikt - DHR - J\u00f6nk\u00f6pings l\u00e4n<\/title>\n<meta name=\"robots\" content=\"index, follow, max-snippet:-1, max-image-preview:large, max-video-preview:-1\" \/>\n<link rel=\"canonical\" href=\"https:\/\/dhr.se\/jonkopingslan\/\" \/>\n<meta property=\"og:locale\" content=\"sv_SE\" \/>\n<meta property=\"og:type\" content=\"article\" \/>\n<meta property=\"og:title\" content=\"DHR -J\u00f6nk\u00f6pings l\u00e4ns distrikt - DHR - J\u00f6nk\u00f6pings l\u00e4n\" \/>\n<meta property=\"og:url\" content=\"https:\/\/dhr.se\/jonkopingslan\/\" \/>\n<meta property=\"og:site_name\" content=\"DHR - J\u00f6nk\u00f6pings l\u00e4n\" \/>\n<meta property=\"article:modified_time\" content=\"2023-06-15T08:52:43+00:00\" \/>\n<meta name=\"twitter:card\" content=\"summary_large_image\" \/>\n<script type=\"application\/ld+json\" class=\"yoast-schema-graph\">{\"@context\":\"https:\/\/schema.org\",\"@graph\":[{\"@type\":\"WebPage\",\"@id\":\"https:\/\/dhr.se\/jonkopingslan\/\",\"url\":\"https:\/\/dhr.se\/jonkopingslan\/\",\"name\":\"DHR -J\u00f6nk\u00f6pings l\u00e4ns distrikt - DHR - J\u00f6nk\u00f6pings l\u00e4n\",\"isPartOf\":{\"@id\":\"https:\/\/dhr.se\/jonkopingslan\/#website\"},\"datePublished\":\"2021-12-10T09:31:08+00:00\",\"dateModified\":\"2023-06-15T08:52:43+00:00\",\"breadcrumb\":{\"@id\":\"https:\/\/dhr.se\/jonkopingslan\/#breadcrumb\"},\"inLanguage\":\"sv-SE\",\"potentialAction\":[{\"@type\":\"ReadAction\",\"target\":[\"https:\/\/dhr.se\/jonkopingslan\/\"]}]},{\"@type\":\"BreadcrumbList\",\"@id\":\"https:\/\/dhr.se\/jonkopingslan\/#breadcrumb\",\"itemListElement\":[{\"@type\":\"ListItem\",\"position\":1,\"name\":\"Hem\",\"item\":\"https:\/\/dhr.se\/jonkopingslan\/\"},{\"@type\":\"ListItem\",\"position\":2,\"name\":\"DHR -J\u00f6nk\u00f6pings l\u00e4ns distrikt\"}]},{\"@type\":\"WebSite\",\"@id\":\"https:\/\/dhr.se\/jonkopingslan\/#website\",\"url\":\"https:\/\/dhr.se\/jonkopingslan\/\",\"name\":\"DHR - J\u00f6nk\u00f6pings l\u00e4n\",\"description\":\"Delaktighet, r\u00f6relsefrihet och handlingskraft\",\"potentialAction\":[{\"@type\":\"SearchAction\",\"target\":{\"@type\":\"EntryPoint\",\"urlTemplate\":\"https:\/\/dhr.se\/jonkopingslan\/?s={search_term_string}\"},\"query-input\":{\"@type\":\"PropertyValueSpecification\",\"valueRequired\":true,\"valueName\":\"search_term_string\"}}],\"inLanguage\":\"sv-SE\"}]}<\/script>\n<!-- \/ Yoast SEO plugin. -->","yoast_head_json":{"title":"DHR -J\u00f6nk\u00f6pings l\u00e4ns distrikt - DHR - J\u00f6nk\u00f6pings l\u00e4n","robots":{"index":"index","follow":"follow","max-snippet":"max-snippet:-1","max-image-preview":"max-image-preview:large","max-video-preview":"max-video-preview:-1"},"canonical":"https:\/\/dhr.se\/jonkopingslan\/","og_locale":"sv_SE","og_type":"article","og_title":"DHR -J\u00f6nk\u00f6pings l\u00e4ns distrikt - DHR - J\u00f6nk\u00f6pings l\u00e4n","og_url":"https:\/\/dhr.se\/jonkopingslan\/","og_site_name":"DHR - J\u00f6nk\u00f6pings l\u00e4n","article_modified_time":"2023-06-15T08:52:43+00:00","twitter_card":"summary_large_image","schema":{"@context":"https:\/\/schema.org","@graph":[{"@type":"WebPage","@id":"https:\/\/dhr.se\/jonkopingslan\/","url":"https:\/\/dhr.se\/jonkopingslan\/","name":"DHR -J\u00f6nk\u00f6pings l\u00e4ns distrikt - DHR - J\u00f6nk\u00f6pings l\u00e4n","isPartOf":{"@id":"https:\/\/dhr.se\/jonkopingslan\/#website"},"datePublished":"2021-12-10T09:31:08+00:00","dateModified":"2023-06-15T08:52:43+00:00","breadcrumb":{"@id":"https:\/\/dhr.se\/jonkopingslan\/#breadcrumb"},"inLanguage":"sv-SE","potentialAction":[{"@type":"ReadAction","target":["https:\/\/dhr.se\/jonkopingslan\/"]}]},{"@type":"BreadcrumbList","@id":"https:\/\/dhr.se\/jonkopingslan\/#breadcrumb","itemListElement":[{"@type":"ListItem","position":1,"name":"Hem","item":"https:\/\/dhr.se\/jonkopingslan\/"},{"@type":"ListItem","position":2,"name":"DHR -J\u00f6nk\u00f6pings l\u00e4ns distrikt"}]},{"@type":"WebSite","@id":"https:\/\/dhr.se\/jonkopingslan\/#website","url":"https:\/\/dhr.se\/jonkopingslan\/","name":"DHR - J\u00f6nk\u00f6pings l\u00e4n","description":"Delaktighet, r\u00f6relsefrihet och handlingskraft","potentialAction":[{"@type":"SearchAction","target":{"@type":"EntryPoint","urlTemplate":"https:\/\/dhr.se\/jonkopingslan\/?s={search_term_string}"},"query-input":{"@type":"PropertyValueSpecification","valueRequired":true,"valueName":"search_term_string"}}],"inLanguage":"sv-SE"}]}},"publishpress_future_workflow_manual_trigger":{"enabledWorkflows":[]},"_links":{"self":[{"href":"https:\/\/dhr.se\/jonkopingslan\/wp-json\/wp\/v2\/pages\/2208","targetHints":{"allow":["GET"]}}],"collection":[{"href":"https:\/\/dhr.se\/jonkopingslan\/wp-json\/wp\/v2\/pages"}],"about":[{"href":"https:\/\/dhr.se\/jonkopingslan\/wp-json\/wp\/v2\/types\/page"}],"author":[{"embeddable":true,"href":"https:\/\/dhr.se\/jonkopingslan\/wp-json\/wp\/v2\/users\/1"}],"replies":[{"embeddable":true,"href":"https:\/\/dhr.se\/jonkopingslan\/wp-json\/wp\/v2\/comments?post=2208"}],"version-history":[{"count":0,"href":"https:\/\/dhr.se\/jonkopingslan\/wp-json\/wp\/v2\/pages\/2208\/revisions"}],"wp:attachment":[{"href":"https:\/\/dhr.se\/jonkopingslan\/wp-json\/wp\/v2\/media?parent=2208"}],"curies":[{"name":"wp","href":"https:\/\/api.w.org\/{rel}","templated":true}]}}