{"id":2028,"date":"2021-03-10T15:23:17","date_gmt":"2021-03-10T14:23:17","guid":{"rendered":"http:\/\/dhr.se\/kungsbacka\/?page_id=2028"},"modified":"2021-03-10T15:23:26","modified_gmt":"2021-03-10T14:23:26","slug":"medlem-i-dhr","status":"publish","type":"page","link":"https:\/\/dhr.se\/kungsbacka\/medlem-i-dhr\/","title":{"rendered":"Medlem i DHR"},"content":{"rendered":"<section class=\"block-simple-text\">\n    <div class=\"main\">\n        <div class=\"main-inner\">\n            <div class=\"ingress text-darker\"><p>D\u00e4rf\u00f6r ska Du bli medlem i DHR<\/p>\n<p>\u2022 DHR f\u00f6rbundet driver och bevakar tillg\u00e4nglighet och diskriminering p\u00e5\u00a0 \u00a0 \u00a0 regeringsniv\u00e5.\u00a0\u00a0Tillg\u00e4nglighet \u00e4r bra f\u00f6r alla n\u00e5gon g\u00e5ng i livet.<br \/>\nMed\u00a0barnvagn, rullator, kryckor eller i v\u00e4rsta fall rullstol.<br \/>\n\u2022\u00a0DHR distriktet driver och bevakar samma fr\u00e5gor p\u00e5 Regionniv\u00e5.<br \/>\n\u2022\u00a0DHR avdelning driver och bevakar funktionsnedsattas intressen p\u00e5 kommunniv\u00e5.<\/p>\n<p>Kungsbackas DHR avdelning erbjuder dessutom:<br \/>\n\u2022\u00a0Arrangemang s\u00e5som resor, f\u00f6redrag, fester etc. anpassade s\u00e5 att alla kan vara med oavsett funktionshinder till mycket l\u00e5g kostnad f\u00f6r medlem.<br \/>\n\u2022\u00a0Avdelningen verkar \u00e4ven som en kamratf\u00f6rening och l\u00e4gger stor vikt vid social samvaro.<br \/>\n\u2022\u00a0Subventionering av f\u00e4rdtj\u00e4nstresa till v\u00e5ra arrangemang. En enkel resa skall inte kosta mer \u00e4n 20 kronor f\u00f6r v\u00e5ra medlemmar.<\/p>\n<p>Ett medlemskap kostar 300 kronor per \u00e5r, 100 kronor f\u00f6r familjemedlem.<br \/>\nDu kan \u00e4ven\u00a0<a href=\"https:\/\/dhr.se\/wp-content\/uploads\/2012\/12\/Intr%C3%A4desblankett_2014_20140228.pdf\" target=\"_blank\" rel=\"noopener\">ladda ner en intr\u00e4desblankett<\/a>\u00a0som du skriver ut, fyller i och skickar till v\u00e5rt medlemsregister. Gl\u00f6m inte av att ange vilken avdelning du vill tillh\u00f6ra. Om du inte har m\u00f6jlighet att skriva ut blanketten, h\u00f6r av dig till n\u00e5gon i styrelsen s\u00e5 hj\u00e4lper de dig med din ans\u00f6kan.<\/p>\n<p>Alla \u00e4r v\u00e4lkomna med eller utan funktionshinder!<\/p>\n<\/div>\n            <div class=\"content\"><\/div>\n        <\/div>\n    <\/div>\n<\/section>","protected":false},"excerpt":{"rendered":"","protected":false},"author":7,"featured_media":0,"parent":0,"menu_order":0,"comment_status":"closed","ping_status":"closed","template":"","meta":{"_acf_changed":false,"_monsterinsights_skip_tracking":false,"_monsterinsights_sitenote_active":false,"_monsterinsights_sitenote_note":"","_monsterinsights_sitenote_category":0,"footnotes":""},"class_list":["post-2028","page","type-page","status-publish","hentry"],"acf":[],"yoast_head":"<!-- This site is optimized with the Yoast SEO plugin v27.2 - https:\/\/yoast.com\/product\/yoast-seo-wordpress\/ -->\n<title>Medlem i DHR - DHR - Kungsbacka<\/title>\n<meta name=\"robots\" content=\"index, follow, max-snippet:-1, max-image-preview:large, max-video-preview:-1\" \/>\n<link rel=\"canonical\" href=\"https:\/\/dhr.se\/kungsbacka\/medlem-i-dhr\/\" \/>\n<meta property=\"og:locale\" content=\"sv_SE\" \/>\n<meta property=\"og:type\" content=\"article\" \/>\n<meta property=\"og:title\" content=\"Medlem i DHR - DHR - Kungsbacka\" \/>\n<meta property=\"og:url\" content=\"https:\/\/dhr.se\/kungsbacka\/medlem-i-dhr\/\" \/>\n<meta property=\"og:site_name\" content=\"DHR - Kungsbacka\" \/>\n<meta property=\"article:modified_time\" content=\"2021-03-10T14:23:26+00:00\" \/>\n<meta name=\"twitter:card\" content=\"summary_large_image\" \/>\n<script type=\"application\/ld+json\" class=\"yoast-schema-graph\">{\"@context\":\"https:\/\/schema.org\",\"@graph\":[{\"@type\":\"WebPage\",\"@id\":\"https:\/\/dhr.se\/kungsbacka\/medlem-i-dhr\/\",\"url\":\"https:\/\/dhr.se\/kungsbacka\/medlem-i-dhr\/\",\"name\":\"Medlem i DHR - DHR - Kungsbacka\",\"isPartOf\":{\"@id\":\"https:\/\/dhr.se\/kungsbacka\/#website\"},\"datePublished\":\"2021-03-10T14:23:17+00:00\",\"dateModified\":\"2021-03-10T14:23:26+00:00\",\"breadcrumb\":{\"@id\":\"https:\/\/dhr.se\/kungsbacka\/medlem-i-dhr\/#breadcrumb\"},\"inLanguage\":\"sv-SE\",\"potentialAction\":[{\"@type\":\"ReadAction\",\"target\":[\"https:\/\/dhr.se\/kungsbacka\/medlem-i-dhr\/\"]}]},{\"@type\":\"BreadcrumbList\",\"@id\":\"https:\/\/dhr.se\/kungsbacka\/medlem-i-dhr\/#breadcrumb\",\"itemListElement\":[{\"@type\":\"ListItem\",\"position\":1,\"name\":\"Hem\",\"item\":\"https:\/\/dhr.se\/kungsbacka\/\"},{\"@type\":\"ListItem\",\"position\":2,\"name\":\"Medlem i DHR\"}]},{\"@type\":\"WebSite\",\"@id\":\"https:\/\/dhr.se\/kungsbacka\/#website\",\"url\":\"https:\/\/dhr.se\/kungsbacka\/\",\"name\":\"DHR - Kungsbacka\",\"description\":\"Delaktighet, r\u00f6relsefrihet och handlingskraft\",\"potentialAction\":[{\"@type\":\"SearchAction\",\"target\":{\"@type\":\"EntryPoint\",\"urlTemplate\":\"https:\/\/dhr.se\/kungsbacka\/?s={search_term_string}\"},\"query-input\":{\"@type\":\"PropertyValueSpecification\",\"valueRequired\":true,\"valueName\":\"search_term_string\"}}],\"inLanguage\":\"sv-SE\"}]}<\/script>\n<!-- \/ Yoast SEO plugin. -->","yoast_head_json":{"title":"Medlem i DHR - DHR - Kungsbacka","robots":{"index":"index","follow":"follow","max-snippet":"max-snippet:-1","max-image-preview":"max-image-preview:large","max-video-preview":"max-video-preview:-1"},"canonical":"https:\/\/dhr.se\/kungsbacka\/medlem-i-dhr\/","og_locale":"sv_SE","og_type":"article","og_title":"Medlem i DHR - DHR - Kungsbacka","og_url":"https:\/\/dhr.se\/kungsbacka\/medlem-i-dhr\/","og_site_name":"DHR - Kungsbacka","article_modified_time":"2021-03-10T14:23:26+00:00","twitter_card":"summary_large_image","schema":{"@context":"https:\/\/schema.org","@graph":[{"@type":"WebPage","@id":"https:\/\/dhr.se\/kungsbacka\/medlem-i-dhr\/","url":"https:\/\/dhr.se\/kungsbacka\/medlem-i-dhr\/","name":"Medlem i DHR - DHR - Kungsbacka","isPartOf":{"@id":"https:\/\/dhr.se\/kungsbacka\/#website"},"datePublished":"2021-03-10T14:23:17+00:00","dateModified":"2021-03-10T14:23:26+00:00","breadcrumb":{"@id":"https:\/\/dhr.se\/kungsbacka\/medlem-i-dhr\/#breadcrumb"},"inLanguage":"sv-SE","potentialAction":[{"@type":"ReadAction","target":["https:\/\/dhr.se\/kungsbacka\/medlem-i-dhr\/"]}]},{"@type":"BreadcrumbList","@id":"https:\/\/dhr.se\/kungsbacka\/medlem-i-dhr\/#breadcrumb","itemListElement":[{"@type":"ListItem","position":1,"name":"Hem","item":"https:\/\/dhr.se\/kungsbacka\/"},{"@type":"ListItem","position":2,"name":"Medlem i DHR"}]},{"@type":"WebSite","@id":"https:\/\/dhr.se\/kungsbacka\/#website","url":"https:\/\/dhr.se\/kungsbacka\/","name":"DHR - Kungsbacka","description":"Delaktighet, r\u00f6relsefrihet och handlingskraft","potentialAction":[{"@type":"SearchAction","target":{"@type":"EntryPoint","urlTemplate":"https:\/\/dhr.se\/kungsbacka\/?s={search_term_string}"},"query-input":{"@type":"PropertyValueSpecification","valueRequired":true,"valueName":"search_term_string"}}],"inLanguage":"sv-SE"}]}},"publishpress_future_workflow_manual_trigger":{"enabledWorkflows":[]},"_links":{"self":[{"href":"https:\/\/dhr.se\/kungsbacka\/wp-json\/wp\/v2\/pages\/2028","targetHints":{"allow":["GET"]}}],"collection":[{"href":"https:\/\/dhr.se\/kungsbacka\/wp-json\/wp\/v2\/pages"}],"about":[{"href":"https:\/\/dhr.se\/kungsbacka\/wp-json\/wp\/v2\/types\/page"}],"author":[{"embeddable":true,"href":"https:\/\/dhr.se\/kungsbacka\/wp-json\/wp\/v2\/users\/7"}],"replies":[{"embeddable":true,"href":"https:\/\/dhr.se\/kungsbacka\/wp-json\/wp\/v2\/comments?post=2028"}],"version-history":[{"count":0,"href":"https:\/\/dhr.se\/kungsbacka\/wp-json\/wp\/v2\/pages\/2028\/revisions"}],"wp:attachment":[{"href":"https:\/\/dhr.se\/kungsbacka\/wp-json\/wp\/v2\/media?parent=2028"}],"curies":[{"name":"wp","href":"https:\/\/api.w.org\/{rel}","templated":true}]}}