{"id":2033,"date":"2021-03-10T15:37:54","date_gmt":"2021-03-10T14:37:54","guid":{"rendered":"http:\/\/dhr.se\/kungsbacka\/?page_id=2033"},"modified":"2021-04-21T15:08:30","modified_gmt":"2021-04-21T13:08:30","slug":"lankar","status":"publish","type":"page","link":"https:\/\/dhr.se\/kungsbacka\/lankar\/","title":{"rendered":"L\u00e4nkar"},"content":{"rendered":"<section class=\"block-simple-text\">\n    <div class=\"main\">\n        <div class=\"main-inner\">\n            <div class=\"ingress text-darker\"><p>Avdelning DHR-Halmstad-Laholmsavdelningen<\/p>\n<p>Hemsida:<a href=\"https:\/\/dhr.se\/halland\">\u00a0http:\/\/dhr.se\/halland<\/a><a href=\"https:\/\/dhr.se\/kungsbacka\"><br \/>\n<\/a>E-post\u00a0<a href=\"mailto:dhr.halmstad-laholm@telia.com\">dhr.halmstad-laholm@telia.com<br \/>\n<\/a>Tel. Exp. 035-15 22 75<br \/>\n\u00d6ppettider m\u00e5 \u2013 fre kl. 08.00 \u2013 14.00<\/p>\n<p>Adress: DHR \u2013 Halmstad-Laholm Sperlingsgatan 5\u00a0 (Husknuten) 302 48 Halmstad<\/p>\n<p>\u2014\u2014\u2014\u2014\u2014\u2014\u2014\u2014\u2014\u2014\u2014\u2014\u2014\u2014\u2014\u2014\u2014\u2014\u2014\u2014\u2014\u2014\u2014\u2014\u2014-<\/p>\n<p>Avdelning Varberg<br \/>\n<a href=\"http:\/\/www.vastervag.se\/\">www.vastervag.se<\/a><br \/>\n<a href=\"http:\/\/www.dhr.se\/varberg\" target=\"_blank\" rel=\"noopener\">www.dhr.se\/varberg<\/a><\/p>\n<p>E-post\u00a0<a href=\"mailto:vastervag@gmail.com\">vastervag@gmail.com<\/a><\/p>\n<p>DHR-V\u00e4sterv\u00e5g Getter\u00f6v\u00e4gen 55<br \/>\n432 93 Varberg<br \/>\nTelefon: 0340-145 80<\/p>\n<p>Expeditionstider: M\u00e5ndag \u2013 Tisdag 09.00 \u2013 13.00<\/p>\n<p>\u2014\u2014\u2014\u2014\u2014\u2014\u2014\u2014\u2014\u2014\u2014\u2014\u2014\u2014\u2014\u2014\u2014\u2014\u2014\u2014\u2014\u2014\u2014\u2014\u2014<\/p>\n<p>Avdelning Falkenberg<br \/>\n<a href=\"http:\/\/www.dhr.se\/falkenberg\">www.dhr.se\/falkenberg<\/a><\/p>\n<p>Postadress: c\/o Gert Persson Holgersgatan 25b<br \/>\n31175 Falkenberg<\/p>\n<p>Epost:\u00a0<a href=\"mailto:dhr.falkenberg@telia.com\">dhr.falkenberg@telia.com<\/a><\/p>\n<p>Ordf\u00f6rande Gert Persson Tel. ordf. 0346-808 86. 0706-83 00 91\u00a0<a href=\"mailto:gert.persson@telia.com\">gert.persson@telia.com<\/a><\/p>\n<p>Distrikt<\/p>\n<p>Expeditionen i\u00a0 Varberg har \u00f6ppet M\u00e5ndag \u2013 Fredag 08.00-14.00<br \/>\nAdress: Getter\u00f6v\u00e4gen 55 432 93 Varberg<\/p>\n<p>Bes\u00f6ksadress: N\u00e4ssj\u00f6gatan 10<br \/>\nTelefon: 035-15 22 87<br \/>\nEpost:\u00a0<a href=\"mailto:dhr.h@telia.com\">dhr.h@telia.com<br \/>\n<\/a>Hemsida:\u00a0<a href=\"http:\/\/www.dhr.se\/halland\">www.dhr.se\/halland<\/a><\/p>\n<\/div>\n            <div class=\"content\"><p>\u2014\u2014\u2014\u2014\u2014\u2014\u2014\u2014\u2014\u2014\u2014\u2014\u2014\u2014\u2014\u2014\u2014\u2014\u2014\u2014\u2014\u2014\u2014\u2014\u2014<\/p>\n<p>\u00d6vriga l\u00e4nkar<\/p>\n<p><a href=\"https:\/\/dhr.se\/goteborg\/files\/2014\/11\/dhrHistoria.pdf\" target=\"_blank\" rel=\"noopener\">DHR:s historia<\/a><\/p>\n<\/div>\n        <\/div>\n    <\/div>\n<\/section>","protected":false},"excerpt":{"rendered":"","protected":false},"author":7,"featured_media":0,"parent":0,"menu_order":0,"comment_status":"closed","ping_status":"closed","template":"","meta":{"_acf_changed":false,"_monsterinsights_skip_tracking":false,"_monsterinsights_sitenote_active":false,"_monsterinsights_sitenote_note":"","_monsterinsights_sitenote_category":0,"footnotes":""},"class_list":["post-2033","page","type-page","status-publish","hentry"],"acf":[],"yoast_head":"<!-- This site is optimized with the Yoast SEO plugin v27.2 - https:\/\/yoast.com\/product\/yoast-seo-wordpress\/ -->\n<title>L\u00e4nkar - DHR - Kungsbacka<\/title>\n<meta name=\"robots\" content=\"index, follow, max-snippet:-1, max-image-preview:large, max-video-preview:-1\" \/>\n<link rel=\"canonical\" href=\"https:\/\/dhr.se\/kungsbacka\/lankar\/\" \/>\n<meta property=\"og:locale\" content=\"sv_SE\" \/>\n<meta property=\"og:type\" content=\"article\" \/>\n<meta property=\"og:title\" content=\"L\u00e4nkar - DHR - Kungsbacka\" \/>\n<meta property=\"og:url\" content=\"https:\/\/dhr.se\/kungsbacka\/lankar\/\" \/>\n<meta property=\"og:site_name\" content=\"DHR - Kungsbacka\" \/>\n<meta property=\"article:modified_time\" content=\"2021-04-21T13:08:30+00:00\" \/>\n<meta name=\"twitter:card\" content=\"summary_large_image\" \/>\n<script type=\"application\/ld+json\" class=\"yoast-schema-graph\">{\"@context\":\"https:\/\/schema.org\",\"@graph\":[{\"@type\":\"WebPage\",\"@id\":\"https:\/\/dhr.se\/kungsbacka\/lankar\/\",\"url\":\"https:\/\/dhr.se\/kungsbacka\/lankar\/\",\"name\":\"L\u00e4nkar - DHR - Kungsbacka\",\"isPartOf\":{\"@id\":\"https:\/\/dhr.se\/kungsbacka\/#website\"},\"datePublished\":\"2021-03-10T14:37:54+00:00\",\"dateModified\":\"2021-04-21T13:08:30+00:00\",\"breadcrumb\":{\"@id\":\"https:\/\/dhr.se\/kungsbacka\/lankar\/#breadcrumb\"},\"inLanguage\":\"sv-SE\",\"potentialAction\":[{\"@type\":\"ReadAction\",\"target\":[\"https:\/\/dhr.se\/kungsbacka\/lankar\/\"]}]},{\"@type\":\"BreadcrumbList\",\"@id\":\"https:\/\/dhr.se\/kungsbacka\/lankar\/#breadcrumb\",\"itemListElement\":[{\"@type\":\"ListItem\",\"position\":1,\"name\":\"Hem\",\"item\":\"https:\/\/dhr.se\/kungsbacka\/\"},{\"@type\":\"ListItem\",\"position\":2,\"name\":\"L\u00e4nkar\"}]},{\"@type\":\"WebSite\",\"@id\":\"https:\/\/dhr.se\/kungsbacka\/#website\",\"url\":\"https:\/\/dhr.se\/kungsbacka\/\",\"name\":\"DHR - Kungsbacka\",\"description\":\"Delaktighet, r\u00f6relsefrihet och handlingskraft\",\"potentialAction\":[{\"@type\":\"SearchAction\",\"target\":{\"@type\":\"EntryPoint\",\"urlTemplate\":\"https:\/\/dhr.se\/kungsbacka\/?s={search_term_string}\"},\"query-input\":{\"@type\":\"PropertyValueSpecification\",\"valueRequired\":true,\"valueName\":\"search_term_string\"}}],\"inLanguage\":\"sv-SE\"}]}<\/script>\n<!-- \/ Yoast SEO plugin. -->","yoast_head_json":{"title":"L\u00e4nkar - DHR - Kungsbacka","robots":{"index":"index","follow":"follow","max-snippet":"max-snippet:-1","max-image-preview":"max-image-preview:large","max-video-preview":"max-video-preview:-1"},"canonical":"https:\/\/dhr.se\/kungsbacka\/lankar\/","og_locale":"sv_SE","og_type":"article","og_title":"L\u00e4nkar - DHR - Kungsbacka","og_url":"https:\/\/dhr.se\/kungsbacka\/lankar\/","og_site_name":"DHR - Kungsbacka","article_modified_time":"2021-04-21T13:08:30+00:00","twitter_card":"summary_large_image","schema":{"@context":"https:\/\/schema.org","@graph":[{"@type":"WebPage","@id":"https:\/\/dhr.se\/kungsbacka\/lankar\/","url":"https:\/\/dhr.se\/kungsbacka\/lankar\/","name":"L\u00e4nkar - DHR - Kungsbacka","isPartOf":{"@id":"https:\/\/dhr.se\/kungsbacka\/#website"},"datePublished":"2021-03-10T14:37:54+00:00","dateModified":"2021-04-21T13:08:30+00:00","breadcrumb":{"@id":"https:\/\/dhr.se\/kungsbacka\/lankar\/#breadcrumb"},"inLanguage":"sv-SE","potentialAction":[{"@type":"ReadAction","target":["https:\/\/dhr.se\/kungsbacka\/lankar\/"]}]},{"@type":"BreadcrumbList","@id":"https:\/\/dhr.se\/kungsbacka\/lankar\/#breadcrumb","itemListElement":[{"@type":"ListItem","position":1,"name":"Hem","item":"https:\/\/dhr.se\/kungsbacka\/"},{"@type":"ListItem","position":2,"name":"L\u00e4nkar"}]},{"@type":"WebSite","@id":"https:\/\/dhr.se\/kungsbacka\/#website","url":"https:\/\/dhr.se\/kungsbacka\/","name":"DHR - Kungsbacka","description":"Delaktighet, r\u00f6relsefrihet och handlingskraft","potentialAction":[{"@type":"SearchAction","target":{"@type":"EntryPoint","urlTemplate":"https:\/\/dhr.se\/kungsbacka\/?s={search_term_string}"},"query-input":{"@type":"PropertyValueSpecification","valueRequired":true,"valueName":"search_term_string"}}],"inLanguage":"sv-SE"}]}},"publishpress_future_workflow_manual_trigger":{"enabledWorkflows":[]},"_links":{"self":[{"href":"https:\/\/dhr.se\/kungsbacka\/wp-json\/wp\/v2\/pages\/2033","targetHints":{"allow":["GET"]}}],"collection":[{"href":"https:\/\/dhr.se\/kungsbacka\/wp-json\/wp\/v2\/pages"}],"about":[{"href":"https:\/\/dhr.se\/kungsbacka\/wp-json\/wp\/v2\/types\/page"}],"author":[{"embeddable":true,"href":"https:\/\/dhr.se\/kungsbacka\/wp-json\/wp\/v2\/users\/7"}],"replies":[{"embeddable":true,"href":"https:\/\/dhr.se\/kungsbacka\/wp-json\/wp\/v2\/comments?post=2033"}],"version-history":[{"count":0,"href":"https:\/\/dhr.se\/kungsbacka\/wp-json\/wp\/v2\/pages\/2033\/revisions"}],"wp:attachment":[{"href":"https:\/\/dhr.se\/kungsbacka\/wp-json\/wp\/v2\/media?parent=2033"}],"curies":[{"name":"wp","href":"https:\/\/api.w.org\/{rel}","templated":true}]}}