{"id":754,"date":"2019-08-15T20:18:44","date_gmt":"2019-08-15T18:18:44","guid":{"rendered":"http:\/\/dhr.se\/kungsbacka\/?page_id=754"},"modified":"2025-02-14T10:47:46","modified_gmt":"2025-02-14T09:47:46","slug":"drivhuset-stockholm","status":"publish","type":"page","link":"https:\/\/dhr.se\/kungsbacka\/","title":{"rendered":"DHR &#8211; Kungsbacka"},"content":{"rendered":"<section class=\"block-hero\" style=\"background-image:url(https:\/\/dhr.se\/kungsbacka\/wp-content\/uploads\/sites\/48\/2023\/11\/Man-tittar-in-i-kameran-tva-kvinnor-i-bakgrunden.jpg);\">\n\n<video autoplay loop playsinline muted loop>\n    <source src=\"https:\/\/dhr.se\/kungsbacka\/wp-content\/uploads\/sites\/48\/2021\/03\/Kungsbackatorg.jpg\" type=\"video\/mp4\">\n    Your browser does not support HTML5 video.\n<\/video>\n\n<div class=\"overlay overlay-dark\"><\/div>\n    <div class=\"main\">\n        <div class=\"main-inner\">\n            <p class=\"small-title\"><\/p>\n            <h1> V\u00c4LKOMMEN TILL DHR KUNGSBACKA<\/h1>\n            <p class=\"text\">DHR Kungsbacka ligger i Begr\u00e4nsad Verksamhet vilket inneb\u00e4r att Kungsbackaavdelningen sj\u00e4lvt inte har n\u00e5gon egen styrelse. Denna funktion ligger under DHR Varberg (V\u00e4sterv\u00e5g) som har verksamhetsansvaret, tillika ekonomin.<br \/>\r\n<br \/>\r\nF\u00f6r fr\u00e5gor ang\u00e5ende Kungsbackaavdelningen Kontakta DHR Varberg (V\u00e4sterv\u00e5g) kansli <br \/>\r\n<br \/>\r\nKansliet:\u00a0 \u00a0 \u00a0 \u00a00340-14580 eller E-post  Telefontider vardagar  10.00 &#8211; 12.00<br \/>\r\n<br \/>\r\nE-post:\u00a0 \u00a0 \u00a0 \u00a0 \u00a0vastervag@gmail.com<br \/>\r\n<br \/>\r\n<br \/>\r\n<\/p>\n\n\n            \n\n\n\n        <\/div>\n    <\/div>\n<\/section>\n\n<section class=\"block-image-and-text left white\">\n    <div class=\"main\">\n        <div class=\"main-inner\">\n            <div class=\"left-col\" style=\"background-image: url();\"><\/div>\n\n            <div class=\"right-col\">\n                <h2><\/h2>\n                <p class=\"text\"><\/p>\n\n                                    <a class=\"button big accent\" href=\"http:\/\/www.dhr.se\" target=\"_self\">L\u00e4s mer om DHR<\/a>\n                            <\/div>\n\n        <\/div>\n    <\/div>\n<\/section>\n\n<section class=\"block-textbox\" style=\"background-image:url(https:\/\/dhr.se\/kungsbacka\/wp-content\/uploads\/sites\/48\/2020\/03\/Kvinna-med-ljust-l\u00e5ngt-h\u00e5r-tittar-in-i-kameran-Botaniska.jpg);\">\n    <div class=\"main\">\n        <div class=\"main-inner\">\n\n                <div class=\"text-container\">\n                    <h2>BLI MEDLEM I DHR<\/h2>\n                    <p><\/p>\n\n                                            <a class=\"button big accent\" href=\"https:\/\/sbtdhr.mysoft.no\/modules\/blimedlem\/blimedlem.aspx\" target=\"_self\">Medlemsans\u00f6kan<\/a>\n                    \n                <\/div>\n\n        <\/div>\n    <\/div>\n<\/section>","protected":false},"excerpt":{"rendered":"","protected":false},"author":8,"featured_media":0,"parent":0,"menu_order":0,"comment_status":"closed","ping_status":"closed","template":"","meta":{"_acf_changed":false,"_monsterinsights_skip_tracking":false,"_monsterinsights_sitenote_active":false,"_monsterinsights_sitenote_note":"","_monsterinsights_sitenote_category":0,"footnotes":""},"class_list":["post-754","page","type-page","status-publish","hentry"],"acf":[],"yoast_head":"<!-- This site is optimized with the Yoast SEO plugin v27.2 - https:\/\/yoast.com\/product\/yoast-seo-wordpress\/ -->\n<title>DHR - Kungsbacka - DHR - Kungsbacka<\/title>\n<meta name=\"robots\" content=\"index, follow, max-snippet:-1, max-image-preview:large, max-video-preview:-1\" \/>\n<link rel=\"canonical\" href=\"https:\/\/dhr.se\/kungsbacka\/\" \/>\n<meta property=\"og:locale\" content=\"sv_SE\" \/>\n<meta property=\"og:type\" content=\"article\" \/>\n<meta property=\"og:title\" content=\"DHR - Kungsbacka - DHR - Kungsbacka\" \/>\n<meta property=\"og:url\" content=\"https:\/\/dhr.se\/kungsbacka\/\" \/>\n<meta property=\"og:site_name\" content=\"DHR - Kungsbacka\" \/>\n<meta property=\"article:modified_time\" content=\"2025-02-14T09:47:46+00:00\" \/>\n<meta name=\"twitter:card\" content=\"summary_large_image\" \/>\n<script type=\"application\/ld+json\" class=\"yoast-schema-graph\">{\"@context\":\"https:\/\/schema.org\",\"@graph\":[{\"@type\":\"WebPage\",\"@id\":\"https:\/\/dhr.se\/kungsbacka\/\",\"url\":\"https:\/\/dhr.se\/kungsbacka\/\",\"name\":\"DHR - Kungsbacka - DHR - Kungsbacka\",\"isPartOf\":{\"@id\":\"https:\/\/dhr.se\/kungsbacka\/#website\"},\"datePublished\":\"2019-08-15T18:18:44+00:00\",\"dateModified\":\"2025-02-14T09:47:46+00:00\",\"breadcrumb\":{\"@id\":\"https:\/\/dhr.se\/kungsbacka\/#breadcrumb\"},\"inLanguage\":\"sv-SE\",\"potentialAction\":[{\"@type\":\"ReadAction\",\"target\":[\"https:\/\/dhr.se\/kungsbacka\/\"]}]},{\"@type\":\"BreadcrumbList\",\"@id\":\"https:\/\/dhr.se\/kungsbacka\/#breadcrumb\",\"itemListElement\":[{\"@type\":\"ListItem\",\"position\":1,\"name\":\"Hem\",\"item\":\"https:\/\/dhr.se\/kungsbacka\/\"},{\"@type\":\"ListItem\",\"position\":2,\"name\":\"DHR &#8211; Kungsbacka\"}]},{\"@type\":\"WebSite\",\"@id\":\"https:\/\/dhr.se\/kungsbacka\/#website\",\"url\":\"https:\/\/dhr.se\/kungsbacka\/\",\"name\":\"DHR - Kungsbacka\",\"description\":\"Delaktighet, r\u00f6relsefrihet och handlingskraft\",\"potentialAction\":[{\"@type\":\"SearchAction\",\"target\":{\"@type\":\"EntryPoint\",\"urlTemplate\":\"https:\/\/dhr.se\/kungsbacka\/?s={search_term_string}\"},\"query-input\":{\"@type\":\"PropertyValueSpecification\",\"valueRequired\":true,\"valueName\":\"search_term_string\"}}],\"inLanguage\":\"sv-SE\"}]}<\/script>\n<!-- \/ Yoast SEO plugin. -->","yoast_head_json":{"title":"DHR - Kungsbacka - DHR - Kungsbacka","robots":{"index":"index","follow":"follow","max-snippet":"max-snippet:-1","max-image-preview":"max-image-preview:large","max-video-preview":"max-video-preview:-1"},"canonical":"https:\/\/dhr.se\/kungsbacka\/","og_locale":"sv_SE","og_type":"article","og_title":"DHR - Kungsbacka - DHR - Kungsbacka","og_url":"https:\/\/dhr.se\/kungsbacka\/","og_site_name":"DHR - Kungsbacka","article_modified_time":"2025-02-14T09:47:46+00:00","twitter_card":"summary_large_image","schema":{"@context":"https:\/\/schema.org","@graph":[{"@type":"WebPage","@id":"https:\/\/dhr.se\/kungsbacka\/","url":"https:\/\/dhr.se\/kungsbacka\/","name":"DHR - Kungsbacka - DHR - Kungsbacka","isPartOf":{"@id":"https:\/\/dhr.se\/kungsbacka\/#website"},"datePublished":"2019-08-15T18:18:44+00:00","dateModified":"2025-02-14T09:47:46+00:00","breadcrumb":{"@id":"https:\/\/dhr.se\/kungsbacka\/#breadcrumb"},"inLanguage":"sv-SE","potentialAction":[{"@type":"ReadAction","target":["https:\/\/dhr.se\/kungsbacka\/"]}]},{"@type":"BreadcrumbList","@id":"https:\/\/dhr.se\/kungsbacka\/#breadcrumb","itemListElement":[{"@type":"ListItem","position":1,"name":"Hem","item":"https:\/\/dhr.se\/kungsbacka\/"},{"@type":"ListItem","position":2,"name":"DHR &#8211; Kungsbacka"}]},{"@type":"WebSite","@id":"https:\/\/dhr.se\/kungsbacka\/#website","url":"https:\/\/dhr.se\/kungsbacka\/","name":"DHR - Kungsbacka","description":"Delaktighet, r\u00f6relsefrihet och handlingskraft","potentialAction":[{"@type":"SearchAction","target":{"@type":"EntryPoint","urlTemplate":"https:\/\/dhr.se\/kungsbacka\/?s={search_term_string}"},"query-input":{"@type":"PropertyValueSpecification","valueRequired":true,"valueName":"search_term_string"}}],"inLanguage":"sv-SE"}]}},"publishpress_future_workflow_manual_trigger":{"enabledWorkflows":[]},"_links":{"self":[{"href":"https:\/\/dhr.se\/kungsbacka\/wp-json\/wp\/v2\/pages\/754","targetHints":{"allow":["GET"]}}],"collection":[{"href":"https:\/\/dhr.se\/kungsbacka\/wp-json\/wp\/v2\/pages"}],"about":[{"href":"https:\/\/dhr.se\/kungsbacka\/wp-json\/wp\/v2\/types\/page"}],"author":[{"embeddable":true,"href":"https:\/\/dhr.se\/kungsbacka\/wp-json\/wp\/v2\/users\/8"}],"replies":[{"embeddable":true,"href":"https:\/\/dhr.se\/kungsbacka\/wp-json\/wp\/v2\/comments?post=754"}],"version-history":[{"count":0,"href":"https:\/\/dhr.se\/kungsbacka\/wp-json\/wp\/v2\/pages\/754\/revisions"}],"wp:attachment":[{"href":"https:\/\/dhr.se\/kungsbacka\/wp-json\/wp\/v2\/media?parent=754"}],"curies":[{"name":"wp","href":"https:\/\/api.w.org\/{rel}","templated":true}]}}