{"id":2026,"date":"2021-04-15T13:58:47","date_gmt":"2021-04-15T11:58:47","guid":{"rendered":"http:\/\/dhr.se\/linkoping\/?page_id=2026"},"modified":"2021-04-15T13:58:51","modified_gmt":"2021-04-15T11:58:51","slug":"nyheter","status":"publish","type":"page","link":"https:\/\/dhr.se\/linkoping\/nyheter\/","title":{"rendered":"Nyheter"},"content":{"rendered":"<section class=\"block-all-news\">\n    <div class=\"drivhuset-spinner-overlay\"><div class=\"drivhuset-spinner\"><\/div><\/div>\n    <div class=\"main\">\n        <div class=\"main-inner\">\n            <div id=\"all-news-container\" class=\"flex-container\">\n\n                                        \n                                <div class=\"one-post\">\n                                                                            <a href=\"https:\/\/dhr.se\/linkoping\/var-broschyr\/\">\n                                            <img loading=\"lazy\" decoding=\"async\" width=\"176\" height=\"249\" src=\"https:\/\/dhr.se\/linkoping\/wp-content\/uploads\/sites\/24\/2023\/12\/frontpage-flip.jpg\" class=\"attachment-post-thumbnail size-post-thumbnail wp-post-image\" alt=\"DHR \u00d6sterg\u00f6tlands broschyr.\" \/>                                        <\/a>\n                                                                        <h3>V\u00e5r broschyr<\/h3>\n                                    <p class=\"excerpt\">I v\u00e5r broschyr kan du l\u00e4sa om vad vi g\u00f6r.<\/p>\n\n                                    <a class=\"small-button text-link\" href=\"https:\/\/dhr.se\/linkoping\/var-broschyr\/\">L\u00e4s mer<\/a>\n                                <\/div>\n                        \n                                                \n                                <div class=\"one-post\">\n                                                                            <a href=\"https:\/\/dhr.se\/linkoping\/att-arbeta-ar-inte-det-lite-val-overskattat\/\">\n                                            <img loading=\"lazy\" decoding=\"async\" width=\"2000\" height=\"1809\" src=\"https:\/\/dhr.se\/linkoping\/wp-content\/uploads\/sites\/24\/2020\/03\/Karro-Janna-poddbild-2020.jpg\" class=\"attachment-post-thumbnail size-post-thumbnail wp-post-image\" alt=\"\" srcset=\"https:\/\/dhr.se\/linkoping\/wp-content\/uploads\/sites\/24\/2020\/03\/Karro-Janna-poddbild-2020.jpg 2000w, https:\/\/dhr.se\/linkoping\/wp-content\/uploads\/sites\/24\/2020\/03\/Karro-Janna-poddbild-2020-300x271.jpg 300w, https:\/\/dhr.se\/linkoping\/wp-content\/uploads\/sites\/24\/2020\/03\/Karro-Janna-poddbild-2020-768x695.jpg 768w, https:\/\/dhr.se\/linkoping\/wp-content\/uploads\/sites\/24\/2020\/03\/Karro-Janna-poddbild-2020-1024x926.jpg 1024w\" sizes=\"auto, (max-width: 2000px) 100vw, 2000px\" \/>                                        <\/a>\n                                                                        <h3>Hur t\u00e4nkte ni nu?<\/h3>\n                                    <p class=\"excerpt\">Det ingen brukar prata om n\u00e4r det handlar om funktionsneds\u00e4ttningar och de m\u00e4nniskor det handlar om \u2013 just det pratar Karolina Celinska och Janna Olzon fr\u00e5n DHR om i podden Hur t\u00e4nkte ni nu? Med humor och allvar ifr\u00e5gas\u00e4tter de&#8230;<\/p>\n\n                                    <a class=\"small-button text-link\" href=\"https:\/\/dhr.se\/linkoping\/att-arbeta-ar-inte-det-lite-val-overskattat\/\">L\u00e4s mer<\/a>\n                                <\/div>\n                        \n                           \n            <\/div>\n\n                        \n        <\/div>\n    <\/div>\n<\/section>","protected":false},"excerpt":{"rendered":"","protected":false},"author":1,"featured_media":0,"parent":0,"menu_order":0,"comment_status":"closed","ping_status":"closed","template":"","meta":{"_acf_changed":false,"_monsterinsights_skip_tracking":false,"_monsterinsights_sitenote_active":false,"_monsterinsights_sitenote_note":"","_monsterinsights_sitenote_category":0,"footnotes":""},"class_list":["post-2026","page","type-page","status-publish","hentry"],"acf":[],"yoast_head":"<!-- This site is optimized with the Yoast SEO plugin v27.5 - https:\/\/yoast.com\/product\/yoast-seo-wordpress\/ -->\n<title>Nyheter - DHR - Link\u00f6ping<\/title>\n<meta name=\"robots\" content=\"index, follow, max-snippet:-1, max-image-preview:large, max-video-preview:-1\" \/>\n<link rel=\"canonical\" href=\"https:\/\/dhr.se\/linkoping\/nyheter\/\" \/>\n<meta property=\"og:locale\" content=\"sv_SE\" \/>\n<meta property=\"og:type\" content=\"article\" \/>\n<meta property=\"og:title\" content=\"Nyheter - DHR - Link\u00f6ping\" \/>\n<meta property=\"og:url\" content=\"https:\/\/dhr.se\/linkoping\/nyheter\/\" \/>\n<meta property=\"og:site_name\" content=\"DHR - Link\u00f6ping\" \/>\n<meta property=\"article:modified_time\" content=\"2021-04-15T11:58:51+00:00\" \/>\n<meta name=\"twitter:card\" content=\"summary_large_image\" \/>\n<script type=\"application\/ld+json\" class=\"yoast-schema-graph\">{\"@context\":\"https:\\\/\\\/schema.org\",\"@graph\":[{\"@type\":\"WebPage\",\"@id\":\"https:\\\/\\\/dhr.se\\\/linkoping\\\/nyheter\\\/\",\"url\":\"https:\\\/\\\/dhr.se\\\/linkoping\\\/nyheter\\\/\",\"name\":\"Nyheter - DHR - Link\u00f6ping\",\"isPartOf\":{\"@id\":\"https:\\\/\\\/dhr.se\\\/linkoping\\\/#website\"},\"datePublished\":\"2021-04-15T11:58:47+00:00\",\"dateModified\":\"2021-04-15T11:58:51+00:00\",\"breadcrumb\":{\"@id\":\"https:\\\/\\\/dhr.se\\\/linkoping\\\/nyheter\\\/#breadcrumb\"},\"inLanguage\":\"sv-SE\",\"potentialAction\":[{\"@type\":\"ReadAction\",\"target\":[\"https:\\\/\\\/dhr.se\\\/linkoping\\\/nyheter\\\/\"]}]},{\"@type\":\"BreadcrumbList\",\"@id\":\"https:\\\/\\\/dhr.se\\\/linkoping\\\/nyheter\\\/#breadcrumb\",\"itemListElement\":[{\"@type\":\"ListItem\",\"position\":1,\"name\":\"Hem\",\"item\":\"https:\\\/\\\/dhr.se\\\/linkoping\\\/\"},{\"@type\":\"ListItem\",\"position\":2,\"name\":\"Nyheter\"}]},{\"@type\":\"WebSite\",\"@id\":\"https:\\\/\\\/dhr.se\\\/linkoping\\\/#website\",\"url\":\"https:\\\/\\\/dhr.se\\\/linkoping\\\/\",\"name\":\"DHR - Link\u00f6ping\",\"description\":\"Delaktighet, r\u00f6relsefrihet och handlingskraft\",\"potentialAction\":[{\"@type\":\"SearchAction\",\"target\":{\"@type\":\"EntryPoint\",\"urlTemplate\":\"https:\\\/\\\/dhr.se\\\/linkoping\\\/?s={search_term_string}\"},\"query-input\":{\"@type\":\"PropertyValueSpecification\",\"valueRequired\":true,\"valueName\":\"search_term_string\"}}],\"inLanguage\":\"sv-SE\"}]}<\/script>\n<!-- \/ Yoast SEO plugin. -->","yoast_head_json":{"title":"Nyheter - DHR - Link\u00f6ping","robots":{"index":"index","follow":"follow","max-snippet":"max-snippet:-1","max-image-preview":"max-image-preview:large","max-video-preview":"max-video-preview:-1"},"canonical":"https:\/\/dhr.se\/linkoping\/nyheter\/","og_locale":"sv_SE","og_type":"article","og_title":"Nyheter - DHR - Link\u00f6ping","og_url":"https:\/\/dhr.se\/linkoping\/nyheter\/","og_site_name":"DHR - Link\u00f6ping","article_modified_time":"2021-04-15T11:58:51+00:00","twitter_card":"summary_large_image","schema":{"@context":"https:\/\/schema.org","@graph":[{"@type":"WebPage","@id":"https:\/\/dhr.se\/linkoping\/nyheter\/","url":"https:\/\/dhr.se\/linkoping\/nyheter\/","name":"Nyheter - DHR - Link\u00f6ping","isPartOf":{"@id":"https:\/\/dhr.se\/linkoping\/#website"},"datePublished":"2021-04-15T11:58:47+00:00","dateModified":"2021-04-15T11:58:51+00:00","breadcrumb":{"@id":"https:\/\/dhr.se\/linkoping\/nyheter\/#breadcrumb"},"inLanguage":"sv-SE","potentialAction":[{"@type":"ReadAction","target":["https:\/\/dhr.se\/linkoping\/nyheter\/"]}]},{"@type":"BreadcrumbList","@id":"https:\/\/dhr.se\/linkoping\/nyheter\/#breadcrumb","itemListElement":[{"@type":"ListItem","position":1,"name":"Hem","item":"https:\/\/dhr.se\/linkoping\/"},{"@type":"ListItem","position":2,"name":"Nyheter"}]},{"@type":"WebSite","@id":"https:\/\/dhr.se\/linkoping\/#website","url":"https:\/\/dhr.se\/linkoping\/","name":"DHR - Link\u00f6ping","description":"Delaktighet, r\u00f6relsefrihet och handlingskraft","potentialAction":[{"@type":"SearchAction","target":{"@type":"EntryPoint","urlTemplate":"https:\/\/dhr.se\/linkoping\/?s={search_term_string}"},"query-input":{"@type":"PropertyValueSpecification","valueRequired":true,"valueName":"search_term_string"}}],"inLanguage":"sv-SE"}]}},"publishpress_future_action":{"enabled":false,"date":"2026-05-09 08:48:01","action":"change-status","newStatus":"draft","terms":[],"taxonomy":"translation_priority","extraData":[]},"publishpress_future_workflow_manual_trigger":{"enabledWorkflows":[]},"_links":{"self":[{"href":"https:\/\/dhr.se\/linkoping\/wp-json\/wp\/v2\/pages\/2026","targetHints":{"allow":["GET"]}}],"collection":[{"href":"https:\/\/dhr.se\/linkoping\/wp-json\/wp\/v2\/pages"}],"about":[{"href":"https:\/\/dhr.se\/linkoping\/wp-json\/wp\/v2\/types\/page"}],"author":[{"embeddable":true,"href":"https:\/\/dhr.se\/linkoping\/wp-json\/wp\/v2\/users\/1"}],"replies":[{"embeddable":true,"href":"https:\/\/dhr.se\/linkoping\/wp-json\/wp\/v2\/comments?post=2026"}],"version-history":[{"count":0,"href":"https:\/\/dhr.se\/linkoping\/wp-json\/wp\/v2\/pages\/2026\/revisions"}],"wp:attachment":[{"href":"https:\/\/dhr.se\/linkoping\/wp-json\/wp\/v2\/media?parent=2026"}],"curies":[{"name":"wp","href":"https:\/\/api.w.org\/{rel}","templated":true}]}}