{"id":2097,"date":"2022-02-01T17:14:09","date_gmt":"2022-02-01T16:14:09","guid":{"rendered":"https:\/\/dhr.se\/nynashamn-haninge\/?page_id=2097"},"modified":"2022-05-31T15:06:26","modified_gmt":"2022-05-31T13:06:26","slug":"pa-gang","status":"publish","type":"page","link":"https:\/\/dhr.se\/nynashamn-haninge\/pa-gang\/","title":{"rendered":"P\u00e5 g\u00e5ng"},"content":{"rendered":"<section class=\"block-chosen-events\">\n    <div class=\"main\">\n        <div class=\"main-inner\">\n            <div class=\"title\">\n                <h2><\/h2>\n            <\/div>\n            <div class=\"flex-container\">\n\n                \n            <\/div>\n        <\/div>\n    <\/div>\n<\/section>\n\n<section class=\"block-chosen-events\">\n    <div class=\"main\">\n        <div class=\"main-inner\">\n            <div class=\"title\">\n                <h2><\/h2>\n            <\/div>\n            <div class=\"flex-container\">\n\n                \n            <\/div>\n        <\/div>\n    <\/div>\n<\/section>\n\n<section class=\"block-chosen-events\">\n    <div class=\"main\">\n        <div class=\"main-inner\">\n            <div class=\"title\">\n                <h2>H\u00e4r kommer du att kunna l\u00e4sa om kommande aktiviteter<\/h2>\n            <\/div>\n            <div class=\"flex-container\">\n\n                \n            <\/div>\n        <\/div>\n    <\/div>\n<\/section>","protected":false},"excerpt":{"rendered":"","protected":false},"author":63,"featured_media":0,"parent":0,"menu_order":0,"comment_status":"closed","ping_status":"closed","template":"","meta":{"_acf_changed":false,"_monsterinsights_skip_tracking":false,"_monsterinsights_sitenote_active":false,"_monsterinsights_sitenote_note":"","_monsterinsights_sitenote_category":0,"footnotes":""},"class_list":["post-2097","page","type-page","status-publish","hentry"],"acf":[],"yoast_head":"<!-- This site is optimized with the Yoast SEO plugin v27.2 - https:\/\/yoast.com\/product\/yoast-seo-wordpress\/ -->\n<title>P\u00e5 g\u00e5ng - DHR - Nyn\u00e4shamn-Haninge<\/title>\n<meta name=\"robots\" content=\"index, follow, max-snippet:-1, max-image-preview:large, max-video-preview:-1\" \/>\n<link rel=\"canonical\" href=\"https:\/\/dhr.se\/nynashamn-haninge\/pa-gang\/\" \/>\n<meta property=\"og:locale\" content=\"sv_SE\" \/>\n<meta property=\"og:type\" content=\"article\" \/>\n<meta property=\"og:title\" content=\"P\u00e5 g\u00e5ng - DHR - Nyn\u00e4shamn-Haninge\" \/>\n<meta property=\"og:url\" content=\"https:\/\/dhr.se\/nynashamn-haninge\/pa-gang\/\" \/>\n<meta property=\"og:site_name\" content=\"DHR - Nyn\u00e4shamn-Haninge\" \/>\n<meta property=\"article:modified_time\" content=\"2022-05-31T13:06:26+00:00\" \/>\n<meta name=\"twitter:card\" content=\"summary_large_image\" \/>\n<script type=\"application\/ld+json\" class=\"yoast-schema-graph\">{\"@context\":\"https:\/\/schema.org\",\"@graph\":[{\"@type\":\"WebPage\",\"@id\":\"https:\/\/dhr.se\/nynashamn-haninge\/pa-gang\/\",\"url\":\"https:\/\/dhr.se\/nynashamn-haninge\/pa-gang\/\",\"name\":\"P\u00e5 g\u00e5ng - DHR - Nyn\u00e4shamn-Haninge\",\"isPartOf\":{\"@id\":\"https:\/\/dhr.se\/nynashamn-haninge\/#website\"},\"datePublished\":\"2022-02-01T16:14:09+00:00\",\"dateModified\":\"2022-05-31T13:06:26+00:00\",\"breadcrumb\":{\"@id\":\"https:\/\/dhr.se\/nynashamn-haninge\/pa-gang\/#breadcrumb\"},\"inLanguage\":\"sv-SE\",\"potentialAction\":[{\"@type\":\"ReadAction\",\"target\":[\"https:\/\/dhr.se\/nynashamn-haninge\/pa-gang\/\"]}]},{\"@type\":\"BreadcrumbList\",\"@id\":\"https:\/\/dhr.se\/nynashamn-haninge\/pa-gang\/#breadcrumb\",\"itemListElement\":[{\"@type\":\"ListItem\",\"position\":1,\"name\":\"Hem\",\"item\":\"https:\/\/dhr.se\/nynashamn-haninge\/\"},{\"@type\":\"ListItem\",\"position\":2,\"name\":\"P\u00e5 g\u00e5ng\"}]},{\"@type\":\"WebSite\",\"@id\":\"https:\/\/dhr.se\/nynashamn-haninge\/#website\",\"url\":\"https:\/\/dhr.se\/nynashamn-haninge\/\",\"name\":\"DHR - Nyn\u00e4shamn-Haninge\",\"description\":\"Delaktighet, r\u00f6relsefrihet och handlingskraft\",\"potentialAction\":[{\"@type\":\"SearchAction\",\"target\":{\"@type\":\"EntryPoint\",\"urlTemplate\":\"https:\/\/dhr.se\/nynashamn-haninge\/?s={search_term_string}\"},\"query-input\":{\"@type\":\"PropertyValueSpecification\",\"valueRequired\":true,\"valueName\":\"search_term_string\"}}],\"inLanguage\":\"sv-SE\"}]}<\/script>\n<!-- \/ Yoast SEO plugin. -->","yoast_head_json":{"title":"P\u00e5 g\u00e5ng - DHR - Nyn\u00e4shamn-Haninge","robots":{"index":"index","follow":"follow","max-snippet":"max-snippet:-1","max-image-preview":"max-image-preview:large","max-video-preview":"max-video-preview:-1"},"canonical":"https:\/\/dhr.se\/nynashamn-haninge\/pa-gang\/","og_locale":"sv_SE","og_type":"article","og_title":"P\u00e5 g\u00e5ng - DHR - Nyn\u00e4shamn-Haninge","og_url":"https:\/\/dhr.se\/nynashamn-haninge\/pa-gang\/","og_site_name":"DHR - Nyn\u00e4shamn-Haninge","article_modified_time":"2022-05-31T13:06:26+00:00","twitter_card":"summary_large_image","schema":{"@context":"https:\/\/schema.org","@graph":[{"@type":"WebPage","@id":"https:\/\/dhr.se\/nynashamn-haninge\/pa-gang\/","url":"https:\/\/dhr.se\/nynashamn-haninge\/pa-gang\/","name":"P\u00e5 g\u00e5ng - DHR - Nyn\u00e4shamn-Haninge","isPartOf":{"@id":"https:\/\/dhr.se\/nynashamn-haninge\/#website"},"datePublished":"2022-02-01T16:14:09+00:00","dateModified":"2022-05-31T13:06:26+00:00","breadcrumb":{"@id":"https:\/\/dhr.se\/nynashamn-haninge\/pa-gang\/#breadcrumb"},"inLanguage":"sv-SE","potentialAction":[{"@type":"ReadAction","target":["https:\/\/dhr.se\/nynashamn-haninge\/pa-gang\/"]}]},{"@type":"BreadcrumbList","@id":"https:\/\/dhr.se\/nynashamn-haninge\/pa-gang\/#breadcrumb","itemListElement":[{"@type":"ListItem","position":1,"name":"Hem","item":"https:\/\/dhr.se\/nynashamn-haninge\/"},{"@type":"ListItem","position":2,"name":"P\u00e5 g\u00e5ng"}]},{"@type":"WebSite","@id":"https:\/\/dhr.se\/nynashamn-haninge\/#website","url":"https:\/\/dhr.se\/nynashamn-haninge\/","name":"DHR - Nyn\u00e4shamn-Haninge","description":"Delaktighet, r\u00f6relsefrihet och handlingskraft","potentialAction":[{"@type":"SearchAction","target":{"@type":"EntryPoint","urlTemplate":"https:\/\/dhr.se\/nynashamn-haninge\/?s={search_term_string}"},"query-input":{"@type":"PropertyValueSpecification","valueRequired":true,"valueName":"search_term_string"}}],"inLanguage":"sv-SE"}]}},"publishpress_future_workflow_manual_trigger":{"enabledWorkflows":[]},"_links":{"self":[{"href":"https:\/\/dhr.se\/nynashamn-haninge\/wp-json\/wp\/v2\/pages\/2097","targetHints":{"allow":["GET"]}}],"collection":[{"href":"https:\/\/dhr.se\/nynashamn-haninge\/wp-json\/wp\/v2\/pages"}],"about":[{"href":"https:\/\/dhr.se\/nynashamn-haninge\/wp-json\/wp\/v2\/types\/page"}],"author":[{"embeddable":true,"href":"https:\/\/dhr.se\/nynashamn-haninge\/wp-json\/wp\/v2\/users\/63"}],"replies":[{"embeddable":true,"href":"https:\/\/dhr.se\/nynashamn-haninge\/wp-json\/wp\/v2\/comments?post=2097"}],"version-history":[{"count":0,"href":"https:\/\/dhr.se\/nynashamn-haninge\/wp-json\/wp\/v2\/pages\/2097\/revisions"}],"wp:attachment":[{"href":"https:\/\/dhr.se\/nynashamn-haninge\/wp-json\/wp\/v2\/media?parent=2097"}],"curies":[{"name":"wp","href":"https:\/\/api.w.org\/{rel}","templated":true}]}}