{"id":2168,"date":"2022-04-07T12:09:08","date_gmt":"2022-04-07T10:09:08","guid":{"rendered":"https:\/\/dhr.se\/nynashamn-haninge\/?page_id=2168"},"modified":"2022-09-26T16:51:57","modified_gmt":"2022-09-26T14:51:57","slug":"kontakta-oss","status":"publish","type":"page","link":"https:\/\/dhr.se\/nynashamn-haninge\/kontakta-oss\/","title":{"rendered":"Kontakta oss"},"content":{"rendered":"<section class=\"block-simple-text\">\n    <div class=\"main\">\n        <div class=\"main-inner\">\n            <div class=\"ingress text-darker\"><p>STYRELE<\/p>\n<p>Ordf\u00f6rande<br \/>\nAnders Runnman<br \/>\nE-post: <a href=\"mailto:andersrunnman@hotmail.com\">andersrunnman@hotmail.com<\/a><\/p>\n<p>Ledam\u00f6ter<br \/>\nLinda\u00a0 Lord<br \/>\nE-post:\u00a0<a href=\"mailto:linda.u.lord@icloud.com\" target=\"_blank\" rel=\"noopener\">linda.u.lord@icloud.com<\/a><br \/>\nTfn: 070-278 32 35<\/p>\n<p>Ann-Catrine Eneroth<br \/>\nE-post: <a href=\"mailto:anne-catrin.eneroth@abf.se\">anne-catrin.eneroth@abf.se<\/a><br \/>\nTfn: 072-308 32 11<\/p>\n<p>Ludvig Hellstr\u00f6m<br \/>\nE-post: <a href=\"mailto:lh9a1@hotmail.se\">lh9a1@hotmail.se<\/a><br \/>\nTfn: 070-797 75 17<\/p>\n<p>Representant i R\u00e5det f\u00f6r funktionshinderfr\u00e5gor i Nyn\u00e4shamn:<br \/>\nAnders Runnman<\/p>\n<p>&nbsp;<\/p>\n<\/div>\n            <div class=\"content\"><\/div>\n        <\/div>\n    <\/div>\n<\/section>","protected":false},"excerpt":{"rendered":"","protected":false},"author":63,"featured_media":0,"parent":0,"menu_order":0,"comment_status":"closed","ping_status":"closed","template":"","meta":{"_acf_changed":false,"_monsterinsights_skip_tracking":false,"_monsterinsights_sitenote_active":false,"_monsterinsights_sitenote_note":"","_monsterinsights_sitenote_category":0,"footnotes":""},"class_list":["post-2168","page","type-page","status-publish","hentry"],"acf":[],"yoast_head":"<!-- This site is optimized with the Yoast SEO plugin v27.2 - https:\/\/yoast.com\/product\/yoast-seo-wordpress\/ -->\n<title>Kontakta oss - DHR - Nyn\u00e4shamn-Haninge<\/title>\n<meta name=\"robots\" content=\"index, follow, max-snippet:-1, max-image-preview:large, max-video-preview:-1\" \/>\n<link rel=\"canonical\" href=\"https:\/\/dhr.se\/nynashamn-haninge\/kontakta-oss\/\" \/>\n<meta property=\"og:locale\" content=\"sv_SE\" \/>\n<meta property=\"og:type\" content=\"article\" \/>\n<meta property=\"og:title\" content=\"Kontakta oss - DHR - Nyn\u00e4shamn-Haninge\" \/>\n<meta property=\"og:url\" content=\"https:\/\/dhr.se\/nynashamn-haninge\/kontakta-oss\/\" \/>\n<meta property=\"og:site_name\" content=\"DHR - Nyn\u00e4shamn-Haninge\" \/>\n<meta property=\"article:modified_time\" content=\"2022-09-26T14:51:57+00:00\" \/>\n<meta name=\"twitter:card\" content=\"summary_large_image\" \/>\n<script type=\"application\/ld+json\" class=\"yoast-schema-graph\">{\"@context\":\"https:\/\/schema.org\",\"@graph\":[{\"@type\":\"WebPage\",\"@id\":\"https:\/\/dhr.se\/nynashamn-haninge\/kontakta-oss\/\",\"url\":\"https:\/\/dhr.se\/nynashamn-haninge\/kontakta-oss\/\",\"name\":\"Kontakta oss - DHR - Nyn\u00e4shamn-Haninge\",\"isPartOf\":{\"@id\":\"https:\/\/dhr.se\/nynashamn-haninge\/#website\"},\"datePublished\":\"2022-04-07T10:09:08+00:00\",\"dateModified\":\"2022-09-26T14:51:57+00:00\",\"breadcrumb\":{\"@id\":\"https:\/\/dhr.se\/nynashamn-haninge\/kontakta-oss\/#breadcrumb\"},\"inLanguage\":\"sv-SE\",\"potentialAction\":[{\"@type\":\"ReadAction\",\"target\":[\"https:\/\/dhr.se\/nynashamn-haninge\/kontakta-oss\/\"]}]},{\"@type\":\"BreadcrumbList\",\"@id\":\"https:\/\/dhr.se\/nynashamn-haninge\/kontakta-oss\/#breadcrumb\",\"itemListElement\":[{\"@type\":\"ListItem\",\"position\":1,\"name\":\"Hem\",\"item\":\"https:\/\/dhr.se\/nynashamn-haninge\/\"},{\"@type\":\"ListItem\",\"position\":2,\"name\":\"Kontakta oss\"}]},{\"@type\":\"WebSite\",\"@id\":\"https:\/\/dhr.se\/nynashamn-haninge\/#website\",\"url\":\"https:\/\/dhr.se\/nynashamn-haninge\/\",\"name\":\"DHR - Nyn\u00e4shamn-Haninge\",\"description\":\"Delaktighet, r\u00f6relsefrihet och handlingskraft\",\"potentialAction\":[{\"@type\":\"SearchAction\",\"target\":{\"@type\":\"EntryPoint\",\"urlTemplate\":\"https:\/\/dhr.se\/nynashamn-haninge\/?s={search_term_string}\"},\"query-input\":{\"@type\":\"PropertyValueSpecification\",\"valueRequired\":true,\"valueName\":\"search_term_string\"}}],\"inLanguage\":\"sv-SE\"}]}<\/script>\n<!-- \/ Yoast SEO plugin. -->","yoast_head_json":{"title":"Kontakta oss - DHR - Nyn\u00e4shamn-Haninge","robots":{"index":"index","follow":"follow","max-snippet":"max-snippet:-1","max-image-preview":"max-image-preview:large","max-video-preview":"max-video-preview:-1"},"canonical":"https:\/\/dhr.se\/nynashamn-haninge\/kontakta-oss\/","og_locale":"sv_SE","og_type":"article","og_title":"Kontakta oss - DHR - Nyn\u00e4shamn-Haninge","og_url":"https:\/\/dhr.se\/nynashamn-haninge\/kontakta-oss\/","og_site_name":"DHR - Nyn\u00e4shamn-Haninge","article_modified_time":"2022-09-26T14:51:57+00:00","twitter_card":"summary_large_image","schema":{"@context":"https:\/\/schema.org","@graph":[{"@type":"WebPage","@id":"https:\/\/dhr.se\/nynashamn-haninge\/kontakta-oss\/","url":"https:\/\/dhr.se\/nynashamn-haninge\/kontakta-oss\/","name":"Kontakta oss - DHR - Nyn\u00e4shamn-Haninge","isPartOf":{"@id":"https:\/\/dhr.se\/nynashamn-haninge\/#website"},"datePublished":"2022-04-07T10:09:08+00:00","dateModified":"2022-09-26T14:51:57+00:00","breadcrumb":{"@id":"https:\/\/dhr.se\/nynashamn-haninge\/kontakta-oss\/#breadcrumb"},"inLanguage":"sv-SE","potentialAction":[{"@type":"ReadAction","target":["https:\/\/dhr.se\/nynashamn-haninge\/kontakta-oss\/"]}]},{"@type":"BreadcrumbList","@id":"https:\/\/dhr.se\/nynashamn-haninge\/kontakta-oss\/#breadcrumb","itemListElement":[{"@type":"ListItem","position":1,"name":"Hem","item":"https:\/\/dhr.se\/nynashamn-haninge\/"},{"@type":"ListItem","position":2,"name":"Kontakta oss"}]},{"@type":"WebSite","@id":"https:\/\/dhr.se\/nynashamn-haninge\/#website","url":"https:\/\/dhr.se\/nynashamn-haninge\/","name":"DHR - Nyn\u00e4shamn-Haninge","description":"Delaktighet, r\u00f6relsefrihet och handlingskraft","potentialAction":[{"@type":"SearchAction","target":{"@type":"EntryPoint","urlTemplate":"https:\/\/dhr.se\/nynashamn-haninge\/?s={search_term_string}"},"query-input":{"@type":"PropertyValueSpecification","valueRequired":true,"valueName":"search_term_string"}}],"inLanguage":"sv-SE"}]}},"publishpress_future_workflow_manual_trigger":{"enabledWorkflows":[]},"_links":{"self":[{"href":"https:\/\/dhr.se\/nynashamn-haninge\/wp-json\/wp\/v2\/pages\/2168","targetHints":{"allow":["GET"]}}],"collection":[{"href":"https:\/\/dhr.se\/nynashamn-haninge\/wp-json\/wp\/v2\/pages"}],"about":[{"href":"https:\/\/dhr.se\/nynashamn-haninge\/wp-json\/wp\/v2\/types\/page"}],"author":[{"embeddable":true,"href":"https:\/\/dhr.se\/nynashamn-haninge\/wp-json\/wp\/v2\/users\/63"}],"replies":[{"embeddable":true,"href":"https:\/\/dhr.se\/nynashamn-haninge\/wp-json\/wp\/v2\/comments?post=2168"}],"version-history":[{"count":0,"href":"https:\/\/dhr.se\/nynashamn-haninge\/wp-json\/wp\/v2\/pages\/2168\/revisions"}],"wp:attachment":[{"href":"https:\/\/dhr.se\/nynashamn-haninge\/wp-json\/wp\/v2\/media?parent=2168"}],"curies":[{"name":"wp","href":"https:\/\/api.w.org\/{rel}","templated":true}]}}