{"id":2230,"date":"2023-06-02T14:42:31","date_gmt":"2023-06-02T12:42:31","guid":{"rendered":"https:\/\/dhr.se\/nynashamn-haninge\/?page_id=2230"},"modified":"2023-06-15T15:01:44","modified_gmt":"2023-06-15T13:01:44","slug":"bli-medlem","status":"publish","type":"page","link":"https:\/\/dhr.se\/nynashamn-haninge\/bli-medlem\/","title":{"rendered":"Bli medlem"},"content":{"rendered":"<section class=\"block-simple-text\">\n    <div class=\"main\">\n        <div class=\"main-inner\">\n            <div class=\"ingress text-darker\"><\/div>\n            <div class=\"content\"><\/div>\n        <\/div>\n    <\/div>\n<\/section>\n\n<section class=\"block-simple-text\">\n    <div class=\"main\">\n        <div class=\"main-inner\">\n            <div class=\"ingress text-darker\"><p>I \u00e5r har vi arbetat i 100 f\u00f6r personer med nedsatt r\u00f6relsef\u00f6rm\u00e5ga sj\u00e4lvklart f\u00f6rb\u00e4ttrats. Men nu b\u00f6rjar det bl\u00e5sa kallt igen, och behovet av en stark motst\u00e5ndsr\u00f6relse \u00e4r st\u00f6rre \u00e4n p\u00e5 m\u00e5nga \u00e5r. Den personliga assistansen \u00e4r i fara, parkeringstillst\u00e5nd dras in och det sn\u00e5las p\u00e5 bilst\u00f6d. Vi h\u00f6r till och med \u00e5sikter om att det borde inf\u00f6ras institutioner igen. D\u00e4rf\u00f6r beh\u00f6vs ocks\u00e5 du som medlem!<\/p>\n<p>Tillsammans med andra medlemmar kan du delta i fritidsaktiviteter, kamratst\u00f6d och social gemenskap.<br \/>\nSom medlem i DHR har du tillsammans med andra medlemmar m\u00f6jlighet att p\u00e5verka s\u00e5 att ditt lokalsamh\u00e4lle blir mer j\u00e4mlikt och j\u00e4mst\u00e4llt.<\/p>\n<p><a href=\"https:\/\/sbtdhr.mysoft.no\/modules\/blimedlem\/blimedlem.aspx\">Medlemsans\u00f6kan<\/a><\/p>\n<\/div>\n            <div class=\"content\"><\/div>\n        <\/div>\n    <\/div>\n<\/section>","protected":false},"excerpt":{"rendered":"","protected":false},"author":63,"featured_media":0,"parent":0,"menu_order":0,"comment_status":"closed","ping_status":"closed","template":"","meta":{"_acf_changed":false,"_monsterinsights_skip_tracking":false,"_monsterinsights_sitenote_active":false,"_monsterinsights_sitenote_note":"","_monsterinsights_sitenote_category":0,"footnotes":""},"class_list":["post-2230","page","type-page","status-publish","hentry"],"acf":[],"yoast_head":"<!-- This site is optimized with the Yoast SEO plugin v27.2 - https:\/\/yoast.com\/product\/yoast-seo-wordpress\/ -->\n<title>Bli medlem - DHR - Nyn\u00e4shamn-Haninge<\/title>\n<meta name=\"robots\" content=\"index, follow, max-snippet:-1, max-image-preview:large, max-video-preview:-1\" \/>\n<link rel=\"canonical\" href=\"https:\/\/dhr.se\/nynashamn-haninge\/bli-medlem\/\" \/>\n<meta property=\"og:locale\" content=\"sv_SE\" \/>\n<meta property=\"og:type\" content=\"article\" \/>\n<meta property=\"og:title\" content=\"Bli medlem - DHR - Nyn\u00e4shamn-Haninge\" \/>\n<meta property=\"og:url\" content=\"https:\/\/dhr.se\/nynashamn-haninge\/bli-medlem\/\" \/>\n<meta property=\"og:site_name\" content=\"DHR - Nyn\u00e4shamn-Haninge\" \/>\n<meta property=\"article:modified_time\" content=\"2023-06-15T13:01:44+00:00\" \/>\n<meta name=\"twitter:card\" content=\"summary_large_image\" \/>\n<script type=\"application\/ld+json\" class=\"yoast-schema-graph\">{\"@context\":\"https:\/\/schema.org\",\"@graph\":[{\"@type\":\"WebPage\",\"@id\":\"https:\/\/dhr.se\/nynashamn-haninge\/bli-medlem\/\",\"url\":\"https:\/\/dhr.se\/nynashamn-haninge\/bli-medlem\/\",\"name\":\"Bli medlem - DHR - Nyn\u00e4shamn-Haninge\",\"isPartOf\":{\"@id\":\"https:\/\/dhr.se\/nynashamn-haninge\/#website\"},\"datePublished\":\"2023-06-02T12:42:31+00:00\",\"dateModified\":\"2023-06-15T13:01:44+00:00\",\"breadcrumb\":{\"@id\":\"https:\/\/dhr.se\/nynashamn-haninge\/bli-medlem\/#breadcrumb\"},\"inLanguage\":\"sv-SE\",\"potentialAction\":[{\"@type\":\"ReadAction\",\"target\":[\"https:\/\/dhr.se\/nynashamn-haninge\/bli-medlem\/\"]}]},{\"@type\":\"BreadcrumbList\",\"@id\":\"https:\/\/dhr.se\/nynashamn-haninge\/bli-medlem\/#breadcrumb\",\"itemListElement\":[{\"@type\":\"ListItem\",\"position\":1,\"name\":\"Hem\",\"item\":\"https:\/\/dhr.se\/nynashamn-haninge\/\"},{\"@type\":\"ListItem\",\"position\":2,\"name\":\"Bli medlem\"}]},{\"@type\":\"WebSite\",\"@id\":\"https:\/\/dhr.se\/nynashamn-haninge\/#website\",\"url\":\"https:\/\/dhr.se\/nynashamn-haninge\/\",\"name\":\"DHR - Nyn\u00e4shamn-Haninge\",\"description\":\"Delaktighet, r\u00f6relsefrihet och handlingskraft\",\"potentialAction\":[{\"@type\":\"SearchAction\",\"target\":{\"@type\":\"EntryPoint\",\"urlTemplate\":\"https:\/\/dhr.se\/nynashamn-haninge\/?s={search_term_string}\"},\"query-input\":{\"@type\":\"PropertyValueSpecification\",\"valueRequired\":true,\"valueName\":\"search_term_string\"}}],\"inLanguage\":\"sv-SE\"}]}<\/script>\n<!-- \/ Yoast SEO plugin. -->","yoast_head_json":{"title":"Bli medlem - DHR - Nyn\u00e4shamn-Haninge","robots":{"index":"index","follow":"follow","max-snippet":"max-snippet:-1","max-image-preview":"max-image-preview:large","max-video-preview":"max-video-preview:-1"},"canonical":"https:\/\/dhr.se\/nynashamn-haninge\/bli-medlem\/","og_locale":"sv_SE","og_type":"article","og_title":"Bli medlem - DHR - Nyn\u00e4shamn-Haninge","og_url":"https:\/\/dhr.se\/nynashamn-haninge\/bli-medlem\/","og_site_name":"DHR - Nyn\u00e4shamn-Haninge","article_modified_time":"2023-06-15T13:01:44+00:00","twitter_card":"summary_large_image","schema":{"@context":"https:\/\/schema.org","@graph":[{"@type":"WebPage","@id":"https:\/\/dhr.se\/nynashamn-haninge\/bli-medlem\/","url":"https:\/\/dhr.se\/nynashamn-haninge\/bli-medlem\/","name":"Bli medlem - DHR - Nyn\u00e4shamn-Haninge","isPartOf":{"@id":"https:\/\/dhr.se\/nynashamn-haninge\/#website"},"datePublished":"2023-06-02T12:42:31+00:00","dateModified":"2023-06-15T13:01:44+00:00","breadcrumb":{"@id":"https:\/\/dhr.se\/nynashamn-haninge\/bli-medlem\/#breadcrumb"},"inLanguage":"sv-SE","potentialAction":[{"@type":"ReadAction","target":["https:\/\/dhr.se\/nynashamn-haninge\/bli-medlem\/"]}]},{"@type":"BreadcrumbList","@id":"https:\/\/dhr.se\/nynashamn-haninge\/bli-medlem\/#breadcrumb","itemListElement":[{"@type":"ListItem","position":1,"name":"Hem","item":"https:\/\/dhr.se\/nynashamn-haninge\/"},{"@type":"ListItem","position":2,"name":"Bli medlem"}]},{"@type":"WebSite","@id":"https:\/\/dhr.se\/nynashamn-haninge\/#website","url":"https:\/\/dhr.se\/nynashamn-haninge\/","name":"DHR - Nyn\u00e4shamn-Haninge","description":"Delaktighet, r\u00f6relsefrihet och handlingskraft","potentialAction":[{"@type":"SearchAction","target":{"@type":"EntryPoint","urlTemplate":"https:\/\/dhr.se\/nynashamn-haninge\/?s={search_term_string}"},"query-input":{"@type":"PropertyValueSpecification","valueRequired":true,"valueName":"search_term_string"}}],"inLanguage":"sv-SE"}]}},"publishpress_future_workflow_manual_trigger":{"enabledWorkflows":[]},"_links":{"self":[{"href":"https:\/\/dhr.se\/nynashamn-haninge\/wp-json\/wp\/v2\/pages\/2230","targetHints":{"allow":["GET"]}}],"collection":[{"href":"https:\/\/dhr.se\/nynashamn-haninge\/wp-json\/wp\/v2\/pages"}],"about":[{"href":"https:\/\/dhr.se\/nynashamn-haninge\/wp-json\/wp\/v2\/types\/page"}],"author":[{"embeddable":true,"href":"https:\/\/dhr.se\/nynashamn-haninge\/wp-json\/wp\/v2\/users\/63"}],"replies":[{"embeddable":true,"href":"https:\/\/dhr.se\/nynashamn-haninge\/wp-json\/wp\/v2\/comments?post=2230"}],"version-history":[{"count":0,"href":"https:\/\/dhr.se\/nynashamn-haninge\/wp-json\/wp\/v2\/pages\/2230\/revisions"}],"wp:attachment":[{"href":"https:\/\/dhr.se\/nynashamn-haninge\/wp-json\/wp\/v2\/media?parent=2230"}],"curies":[{"name":"wp","href":"https:\/\/api.w.org\/{rel}","templated":true}]}}