{"id":936,"date":"2019-08-19T11:01:18","date_gmt":"2019-08-19T09:01:18","guid":{"rendered":"http:\/\/dhr.se\/orebrolan\/?page_id=936"},"modified":"2021-06-02T16:26:57","modified_gmt":"2021-06-02T14:26:57","slug":"om-dhr-goteborg","status":"publish","type":"page","link":"https:\/\/dhr.se\/orebrolan\/om-dhr-goteborg\/","title":{"rendered":"Om oss"},"content":{"rendered":"<section class=\"block-simple-text\">\n    <div class=\"main\">\n        <div class=\"main-inner\">\n            <div class=\"ingress text-darker\"><p>DHR Region \u00d6rebro l\u00e4n \u00e4r ett distrikt inom f\u00f6rbundet DHR. Vi arbetar f\u00f6r att g\u00f6ra samh\u00e4llet tillg\u00e4ngligt s\u00e5 att ingen ska beh\u00f6va\u00a0 avst\u00e5 n\u00e5gon aktivitet p\u00e5 grund av att man inte kan komma in\/fram med\u00a0 rullstol eller annat hj\u00e4lpmedel.<\/p>\n<p>F\u00f6rutom en r\u00e4ttighetspolitisk bevakning av fr\u00e5gor inom Region \u00d6rebro l\u00e4n ger vi\u00a0 st\u00f6d till v\u00e5ra kommunavdelningar i olika situationer. Det kan till exempel r\u00f6ra sig om:<\/p>\n<ul>\n<li>F\u00e4rdtj\u00e4nst<\/li>\n<li>Tillg\u00e4nglighet<\/li>\n<li>St\u00f6d i olika myndighetskontakter<\/li>\n<\/ul>\n<\/div>\n            <div class=\"content\"><p>&nbsp;<\/p>\n<p><strong>V\u00e4lkommen till oss!<\/strong><\/p>\n<p>Bes\u00f6ksadress: Mellringev\u00e4gen 120 B<\/p>\n<p>Postadress: DHR Region \u00d6rebro l\u00e4n<br \/>\nMellringev\u00e4gen 120 B<br \/>\n703 53 \u00d6REBRO<\/p>\n<p>Telefon: 019-673 21 10<br \/>\nE-post: orebrolan@dhr.se<\/p>\n<p>Bankgiro \u00a0152-2614<\/p>\n<\/div>\n        <\/div>\n    <\/div>\n<\/section>\n\n\n<p><\/p>\n","protected":false},"excerpt":{"rendered":"","protected":false},"author":17,"featured_media":0,"parent":0,"menu_order":0,"comment_status":"closed","ping_status":"closed","template":"template-side-menu.php","meta":{"_acf_changed":false,"_monsterinsights_skip_tracking":false,"_monsterinsights_sitenote_active":false,"_monsterinsights_sitenote_note":"","_monsterinsights_sitenote_category":0,"footnotes":""},"class_list":["post-936","page","type-page","status-publish","hentry"],"acf":[],"yoast_head":"<!-- This site is optimized with the Yoast SEO plugin v27.2 - https:\/\/yoast.com\/product\/yoast-seo-wordpress\/ -->\n<title>Om oss - DHR - \u00d6rebro l\u00e4n<\/title>\n<meta name=\"robots\" content=\"index, follow, max-snippet:-1, max-image-preview:large, max-video-preview:-1\" \/>\n<link rel=\"canonical\" href=\"https:\/\/dhr.se\/orebrolan\/om-dhr-goteborg\/\" \/>\n<meta property=\"og:locale\" content=\"sv_SE\" \/>\n<meta property=\"og:type\" content=\"article\" \/>\n<meta property=\"og:title\" content=\"Om oss - DHR - \u00d6rebro l\u00e4n\" \/>\n<meta property=\"og:url\" content=\"https:\/\/dhr.se\/orebrolan\/om-dhr-goteborg\/\" \/>\n<meta property=\"og:site_name\" content=\"DHR - \u00d6rebro l\u00e4n\" \/>\n<meta property=\"article:modified_time\" content=\"2021-06-02T14:26:57+00:00\" \/>\n<meta name=\"twitter:card\" content=\"summary_large_image\" \/>\n<script type=\"application\/ld+json\" class=\"yoast-schema-graph\">{\"@context\":\"https:\/\/schema.org\",\"@graph\":[{\"@type\":\"WebPage\",\"@id\":\"https:\/\/dhr.se\/orebrolan\/om-dhr-goteborg\/\",\"url\":\"https:\/\/dhr.se\/orebrolan\/om-dhr-goteborg\/\",\"name\":\"Om oss - DHR - \u00d6rebro l\u00e4n\",\"isPartOf\":{\"@id\":\"https:\/\/dhr.se\/orebrolan\/#website\"},\"datePublished\":\"2019-08-19T09:01:18+00:00\",\"dateModified\":\"2021-06-02T14:26:57+00:00\",\"breadcrumb\":{\"@id\":\"https:\/\/dhr.se\/orebrolan\/om-dhr-goteborg\/#breadcrumb\"},\"inLanguage\":\"sv-SE\",\"potentialAction\":[{\"@type\":\"ReadAction\",\"target\":[\"https:\/\/dhr.se\/orebrolan\/om-dhr-goteborg\/\"]}]},{\"@type\":\"BreadcrumbList\",\"@id\":\"https:\/\/dhr.se\/orebrolan\/om-dhr-goteborg\/#breadcrumb\",\"itemListElement\":[{\"@type\":\"ListItem\",\"position\":1,\"name\":\"Hem\",\"item\":\"https:\/\/dhr.se\/orebrolan\/\"},{\"@type\":\"ListItem\",\"position\":2,\"name\":\"Om oss\"}]},{\"@type\":\"WebSite\",\"@id\":\"https:\/\/dhr.se\/orebrolan\/#website\",\"url\":\"https:\/\/dhr.se\/orebrolan\/\",\"name\":\"DHR - \u00d6rebro l\u00e4n\",\"description\":\"Delaktighet, r\u00f6relsefrihet och handlingskraft\",\"potentialAction\":[{\"@type\":\"SearchAction\",\"target\":{\"@type\":\"EntryPoint\",\"urlTemplate\":\"https:\/\/dhr.se\/orebrolan\/?s={search_term_string}\"},\"query-input\":{\"@type\":\"PropertyValueSpecification\",\"valueRequired\":true,\"valueName\":\"search_term_string\"}}],\"inLanguage\":\"sv-SE\"}]}<\/script>\n<!-- \/ Yoast SEO plugin. -->","yoast_head_json":{"title":"Om oss - DHR - \u00d6rebro l\u00e4n","robots":{"index":"index","follow":"follow","max-snippet":"max-snippet:-1","max-image-preview":"max-image-preview:large","max-video-preview":"max-video-preview:-1"},"canonical":"https:\/\/dhr.se\/orebrolan\/om-dhr-goteborg\/","og_locale":"sv_SE","og_type":"article","og_title":"Om oss - DHR - \u00d6rebro l\u00e4n","og_url":"https:\/\/dhr.se\/orebrolan\/om-dhr-goteborg\/","og_site_name":"DHR - \u00d6rebro l\u00e4n","article_modified_time":"2021-06-02T14:26:57+00:00","twitter_card":"summary_large_image","schema":{"@context":"https:\/\/schema.org","@graph":[{"@type":"WebPage","@id":"https:\/\/dhr.se\/orebrolan\/om-dhr-goteborg\/","url":"https:\/\/dhr.se\/orebrolan\/om-dhr-goteborg\/","name":"Om oss - DHR - \u00d6rebro l\u00e4n","isPartOf":{"@id":"https:\/\/dhr.se\/orebrolan\/#website"},"datePublished":"2019-08-19T09:01:18+00:00","dateModified":"2021-06-02T14:26:57+00:00","breadcrumb":{"@id":"https:\/\/dhr.se\/orebrolan\/om-dhr-goteborg\/#breadcrumb"},"inLanguage":"sv-SE","potentialAction":[{"@type":"ReadAction","target":["https:\/\/dhr.se\/orebrolan\/om-dhr-goteborg\/"]}]},{"@type":"BreadcrumbList","@id":"https:\/\/dhr.se\/orebrolan\/om-dhr-goteborg\/#breadcrumb","itemListElement":[{"@type":"ListItem","position":1,"name":"Hem","item":"https:\/\/dhr.se\/orebrolan\/"},{"@type":"ListItem","position":2,"name":"Om oss"}]},{"@type":"WebSite","@id":"https:\/\/dhr.se\/orebrolan\/#website","url":"https:\/\/dhr.se\/orebrolan\/","name":"DHR - \u00d6rebro l\u00e4n","description":"Delaktighet, r\u00f6relsefrihet och handlingskraft","potentialAction":[{"@type":"SearchAction","target":{"@type":"EntryPoint","urlTemplate":"https:\/\/dhr.se\/orebrolan\/?s={search_term_string}"},"query-input":{"@type":"PropertyValueSpecification","valueRequired":true,"valueName":"search_term_string"}}],"inLanguage":"sv-SE"}]}},"publishpress_future_action":{"enabled":false,"date":"2026-05-05 19:36:36","action":"change-status","newStatus":"draft","terms":[],"taxonomy":"translation_priority","extraData":[]},"publishpress_future_workflow_manual_trigger":{"enabledWorkflows":[]},"_links":{"self":[{"href":"https:\/\/dhr.se\/orebrolan\/wp-json\/wp\/v2\/pages\/936","targetHints":{"allow":["GET"]}}],"collection":[{"href":"https:\/\/dhr.se\/orebrolan\/wp-json\/wp\/v2\/pages"}],"about":[{"href":"https:\/\/dhr.se\/orebrolan\/wp-json\/wp\/v2\/types\/page"}],"author":[{"embeddable":true,"href":"https:\/\/dhr.se\/orebrolan\/wp-json\/wp\/v2\/users\/17"}],"replies":[{"embeddable":true,"href":"https:\/\/dhr.se\/orebrolan\/wp-json\/wp\/v2\/comments?post=936"}],"version-history":[{"count":0,"href":"https:\/\/dhr.se\/orebrolan\/wp-json\/wp\/v2\/pages\/936\/revisions"}],"wp:attachment":[{"href":"https:\/\/dhr.se\/orebrolan\/wp-json\/wp\/v2\/media?parent=936"}],"curies":[{"name":"wp","href":"https:\/\/api.w.org\/{rel}","templated":true}]}}