{"id":1008,"date":"2019-08-19T16:50:50","date_gmt":"2019-08-19T14:50:50","guid":{"rendered":"http:\/\/dhr.se\/ostergotland\/?page_id=1008"},"modified":"2025-10-12T12:14:53","modified_gmt":"2025-10-12T10:14:53","slug":"kalender","status":"publish","type":"page","link":"https:\/\/dhr.se\/ostergotland\/kalender\/","title":{"rendered":"Kalendarium"},"content":{"rendered":"<section class=\"block-calender\">\n    <div class=\"main\">\n        <div class=\"main-inner\">\n            <div class=\"title\">\n                <h2><\/h2>\n                            <\/div>\n            <div class=\"flex-container\">\n\n                                            \n                    \n                                <a class=\"one-post bright-background\" href=\"https:\/\/dhr.se\/ostergotland\/event\/arsmote-11-april-2026\/\">\n                                    <div class=\"date\">\n                                        <p class=\"day title-color\">11<\/p>\n                                        <p class=\"month title-color\">april<\/p>\n                                    <\/div>\n                                    <div class=\"text-container\">\n                                        <h3 class=\"accent-text\">\u00c5rsm\u00f6te 11 april 2026<\/h3>\n                                        <div class=\"event-info\">\n                                            <p class=\"time\">2026-04-11 14:00<\/p>\n                                            <p class=\"place text-darker\"><\/p>\n                                        <\/div>\n                                    <\/div>\n                                <\/a>\n                        \n                                                    \n                    \n                                <a class=\"one-post bright-background\" href=\"https:\/\/dhr.se\/ostergotland\/event\/styrelsemote-2-februari-2026\/\">\n                                    <div class=\"date\">\n                                        <p class=\"day title-color\">2<\/p>\n                                        <p class=\"month title-color\">mars<\/p>\n                                    <\/div>\n                                    <div class=\"text-container\">\n                                        <h3 class=\"accent-text\">Styrelsem\u00f6te 2 mars 2026<\/h3>\n                                        <div class=\"event-info\">\n                                            <p class=\"time\">2026-03-02 16:30<\/p>\n                                            <p class=\"place text-darker\"><\/p>\n                                        <\/div>\n                                    <\/div>\n                                <\/a>\n                        \n                                                    \n                    \n                                <a class=\"one-post bright-background\" href=\"https:\/\/dhr.se\/ostergotland\/event\/styrelsedag\/\">\n                                    <div class=\"date\">\n                                        <p class=\"day title-color\">3<\/p>\n                                        <p class=\"month title-color\">maj<\/p>\n                                    <\/div>\n                                    <div class=\"text-container\">\n                                        <h3 class=\"accent-text\">Styrelsedag<\/h3>\n                                        <div class=\"event-info\">\n                                            <p class=\"time\">2026-05-03 kl 09:30 &#8211; 16:30<\/p>\n                                            <p class=\"place text-darker\"><\/p>\n                                        <\/div>\n                                    <\/div>\n                                <\/a>\n                        \n                           \n            <\/div>\n        <\/div>\n    <\/div>\n<\/section>","protected":false},"excerpt":{"rendered":"","protected":false},"author":18,"featured_media":0,"parent":0,"menu_order":0,"comment_status":"closed","ping_status":"closed","template":"","meta":{"_acf_changed":false,"_monsterinsights_skip_tracking":false,"_monsterinsights_sitenote_active":false,"_monsterinsights_sitenote_note":"","_monsterinsights_sitenote_category":0,"footnotes":""},"class_list":["post-1008","page","type-page","status-publish","hentry"],"acf":[],"yoast_head":"<!-- This site is optimized with the Yoast SEO plugin v27.5 - https:\/\/yoast.com\/product\/yoast-seo-wordpress\/ -->\n<title>Kalendarium - DHR - \u00d6sterg\u00f6tland<\/title>\n<meta name=\"robots\" content=\"index, follow, max-snippet:-1, max-image-preview:large, max-video-preview:-1\" \/>\n<link rel=\"canonical\" href=\"https:\/\/dhr.se\/ostergotland\/kalender\/\" \/>\n<meta property=\"og:locale\" content=\"sv_SE\" \/>\n<meta property=\"og:type\" content=\"article\" \/>\n<meta property=\"og:title\" content=\"Kalendarium - DHR - \u00d6sterg\u00f6tland\" \/>\n<meta property=\"og:url\" content=\"https:\/\/dhr.se\/ostergotland\/kalender\/\" \/>\n<meta property=\"og:site_name\" content=\"DHR - \u00d6sterg\u00f6tland\" \/>\n<meta property=\"article:modified_time\" content=\"2025-10-12T10:14:53+00:00\" \/>\n<meta name=\"twitter:card\" content=\"summary_large_image\" \/>\n<script type=\"application\/ld+json\" class=\"yoast-schema-graph\">{\"@context\":\"https:\\\/\\\/schema.org\",\"@graph\":[{\"@type\":\"WebPage\",\"@id\":\"https:\\\/\\\/dhr.se\\\/ostergotland\\\/kalender\\\/\",\"url\":\"https:\\\/\\\/dhr.se\\\/ostergotland\\\/kalender\\\/\",\"name\":\"Kalendarium - DHR - \u00d6sterg\u00f6tland\",\"isPartOf\":{\"@id\":\"https:\\\/\\\/dhr.se\\\/ostergotland\\\/#website\"},\"datePublished\":\"2019-08-19T14:50:50+00:00\",\"dateModified\":\"2025-10-12T10:14:53+00:00\",\"breadcrumb\":{\"@id\":\"https:\\\/\\\/dhr.se\\\/ostergotland\\\/kalender\\\/#breadcrumb\"},\"inLanguage\":\"sv-SE\",\"potentialAction\":[{\"@type\":\"ReadAction\",\"target\":[\"https:\\\/\\\/dhr.se\\\/ostergotland\\\/kalender\\\/\"]}]},{\"@type\":\"BreadcrumbList\",\"@id\":\"https:\\\/\\\/dhr.se\\\/ostergotland\\\/kalender\\\/#breadcrumb\",\"itemListElement\":[{\"@type\":\"ListItem\",\"position\":1,\"name\":\"Hem\",\"item\":\"https:\\\/\\\/dhr.se\\\/ostergotland\\\/\"},{\"@type\":\"ListItem\",\"position\":2,\"name\":\"Kalendarium\"}]},{\"@type\":\"WebSite\",\"@id\":\"https:\\\/\\\/dhr.se\\\/ostergotland\\\/#website\",\"url\":\"https:\\\/\\\/dhr.se\\\/ostergotland\\\/\",\"name\":\"DHR - \u00d6sterg\u00f6tland\",\"description\":\"Delaktighet, r\u00f6relsefrihet och handlingskraft\",\"potentialAction\":[{\"@type\":\"SearchAction\",\"target\":{\"@type\":\"EntryPoint\",\"urlTemplate\":\"https:\\\/\\\/dhr.se\\\/ostergotland\\\/?s={search_term_string}\"},\"query-input\":{\"@type\":\"PropertyValueSpecification\",\"valueRequired\":true,\"valueName\":\"search_term_string\"}}],\"inLanguage\":\"sv-SE\"}]}<\/script>\n<!-- \/ Yoast SEO plugin. -->","yoast_head_json":{"title":"Kalendarium - DHR - \u00d6sterg\u00f6tland","robots":{"index":"index","follow":"follow","max-snippet":"max-snippet:-1","max-image-preview":"max-image-preview:large","max-video-preview":"max-video-preview:-1"},"canonical":"https:\/\/dhr.se\/ostergotland\/kalender\/","og_locale":"sv_SE","og_type":"article","og_title":"Kalendarium - DHR - \u00d6sterg\u00f6tland","og_url":"https:\/\/dhr.se\/ostergotland\/kalender\/","og_site_name":"DHR - \u00d6sterg\u00f6tland","article_modified_time":"2025-10-12T10:14:53+00:00","twitter_card":"summary_large_image","schema":{"@context":"https:\/\/schema.org","@graph":[{"@type":"WebPage","@id":"https:\/\/dhr.se\/ostergotland\/kalender\/","url":"https:\/\/dhr.se\/ostergotland\/kalender\/","name":"Kalendarium - DHR - \u00d6sterg\u00f6tland","isPartOf":{"@id":"https:\/\/dhr.se\/ostergotland\/#website"},"datePublished":"2019-08-19T14:50:50+00:00","dateModified":"2025-10-12T10:14:53+00:00","breadcrumb":{"@id":"https:\/\/dhr.se\/ostergotland\/kalender\/#breadcrumb"},"inLanguage":"sv-SE","potentialAction":[{"@type":"ReadAction","target":["https:\/\/dhr.se\/ostergotland\/kalender\/"]}]},{"@type":"BreadcrumbList","@id":"https:\/\/dhr.se\/ostergotland\/kalender\/#breadcrumb","itemListElement":[{"@type":"ListItem","position":1,"name":"Hem","item":"https:\/\/dhr.se\/ostergotland\/"},{"@type":"ListItem","position":2,"name":"Kalendarium"}]},{"@type":"WebSite","@id":"https:\/\/dhr.se\/ostergotland\/#website","url":"https:\/\/dhr.se\/ostergotland\/","name":"DHR - \u00d6sterg\u00f6tland","description":"Delaktighet, r\u00f6relsefrihet och handlingskraft","potentialAction":[{"@type":"SearchAction","target":{"@type":"EntryPoint","urlTemplate":"https:\/\/dhr.se\/ostergotland\/?s={search_term_string}"},"query-input":{"@type":"PropertyValueSpecification","valueRequired":true,"valueName":"search_term_string"}}],"inLanguage":"sv-SE"}]}},"publishpress_future_action":{"enabled":false,"date":"2026-05-10 05:37:05","action":"change-status","newStatus":"draft","terms":[],"taxonomy":"translation_priority","extraData":[]},"publishpress_future_workflow_manual_trigger":{"enabledWorkflows":[]},"_links":{"self":[{"href":"https:\/\/dhr.se\/ostergotland\/wp-json\/wp\/v2\/pages\/1008","targetHints":{"allow":["GET"]}}],"collection":[{"href":"https:\/\/dhr.se\/ostergotland\/wp-json\/wp\/v2\/pages"}],"about":[{"href":"https:\/\/dhr.se\/ostergotland\/wp-json\/wp\/v2\/types\/page"}],"author":[{"embeddable":true,"href":"https:\/\/dhr.se\/ostergotland\/wp-json\/wp\/v2\/users\/18"}],"replies":[{"embeddable":true,"href":"https:\/\/dhr.se\/ostergotland\/wp-json\/wp\/v2\/comments?post=1008"}],"version-history":[{"count":0,"href":"https:\/\/dhr.se\/ostergotland\/wp-json\/wp\/v2\/pages\/1008\/revisions"}],"wp:attachment":[{"href":"https:\/\/dhr.se\/ostergotland\/wp-json\/wp\/v2\/media?parent=1008"}],"curies":[{"name":"wp","href":"https:\/\/api.w.org\/{rel}","templated":true}]}}