{"id":2001,"date":"2025-03-09T09:32:49","date_gmt":"2025-03-09T08:32:49","guid":{"rendered":"https:\/\/dhr.se\/ostergotland\/?page_id=2001"},"modified":"2026-05-01T18:43:51","modified_gmt":"2026-05-01T16:43:51","slug":"styrelse","status":"publish","type":"page","link":"https:\/\/dhr.se\/ostergotland\/styrelse\/","title":{"rendered":"Styrelse"},"content":{"rendered":"<section class=\"block-contact-info\">\n    <div class=\"main\">\n        <div class=\"main-inner\">\n            <h2>Styrelse f\u00f6r aktuellt verksamhets\u00e5r<\/h2>\n\n            <div class=\"flex-container\">\n                <div class=\"col\">\n                    <p>Ordf\u00f6rande<br \/>\n<a href=\"mailto:dedjoengmark@hotmail.se\">Dedjo Engmark<\/a><br \/>\n072-512 37 57<\/p>\n                <\/div>\n                <div class=\"col\">\n                    <p>Vice ordf\u00f6rande och kass\u00f6r <a href=\"mailto:krister.johansson74@outlook.com\">Krister Johansson<\/a><br \/>\n073-372 35 25<\/p>\n                <\/div>\n                <div class=\"col\">\n                    <p>Sekreterare<br \/>\n<a href=\"mailto:Sakimojmoj@yahoo.se\">Christina \u00d6stlund<\/a><br \/>\n073-0608648<\/p>\n                <\/div>\n                <div class=\"col\">\n                    <p>Ledamot<br \/>\n<a href=\"mailto:llejk987@gmail.com\">Sture Gustavsson<\/a><br \/>\n0705-762355<\/p>\n                <\/div>\n            <\/div>\n        <\/div>\n    <\/div>\n<\/section>\n\n<section class=\"block-contact-info\">\n    <div class=\"main\">\n        <div class=\"main-inner\">\n            <h2><\/h2>\n\n            <div class=\"flex-container\">\n                <div class=\"col\">\n                    <p>Ledamot<br \/>\n<a href=\"mailto:ginajeles@hotmail.com\">Gina Geles<\/a><br \/>\n0762-757180<\/p>\n                <\/div>\n                <div class=\"col\">\n                    <p>Ledamot<br \/>\n<a href=\"mailto:Monta_85@hotmail.com\">Montzer Mohammed<\/a><br \/>\n0722-716026<\/p>\n                <\/div>\n                <div class=\"col\">\n                                    <\/div>\n                <div class=\"col\">\n                                    <\/div>\n            <\/div>\n        <\/div>\n    <\/div>\n<\/section>","protected":false},"excerpt":{"rendered":"","protected":false},"author":18,"featured_media":0,"parent":0,"menu_order":0,"comment_status":"closed","ping_status":"closed","template":"","meta":{"_acf_changed":false,"_monsterinsights_skip_tracking":false,"_monsterinsights_sitenote_active":false,"_monsterinsights_sitenote_note":"","_monsterinsights_sitenote_category":0,"footnotes":""},"class_list":["post-2001","page","type-page","status-publish","hentry"],"acf":[],"yoast_head":"<!-- This site is optimized with the Yoast SEO plugin v27.5 - https:\/\/yoast.com\/product\/yoast-seo-wordpress\/ -->\n<title>Styrelse - DHR - \u00d6sterg\u00f6tland<\/title>\n<meta name=\"robots\" content=\"index, follow, max-snippet:-1, max-image-preview:large, max-video-preview:-1\" \/>\n<link rel=\"canonical\" href=\"https:\/\/dhr.se\/ostergotland\/styrelse\/\" \/>\n<meta property=\"og:locale\" content=\"sv_SE\" \/>\n<meta property=\"og:type\" content=\"article\" \/>\n<meta property=\"og:title\" content=\"Styrelse - DHR - \u00d6sterg\u00f6tland\" \/>\n<meta property=\"og:url\" content=\"https:\/\/dhr.se\/ostergotland\/styrelse\/\" \/>\n<meta property=\"og:site_name\" content=\"DHR - \u00d6sterg\u00f6tland\" \/>\n<meta property=\"article:modified_time\" content=\"2026-05-01T16:43:51+00:00\" \/>\n<meta name=\"twitter:card\" content=\"summary_large_image\" \/>\n<script type=\"application\/ld+json\" class=\"yoast-schema-graph\">{\"@context\":\"https:\\\/\\\/schema.org\",\"@graph\":[{\"@type\":\"WebPage\",\"@id\":\"https:\\\/\\\/dhr.se\\\/ostergotland\\\/styrelse\\\/\",\"url\":\"https:\\\/\\\/dhr.se\\\/ostergotland\\\/styrelse\\\/\",\"name\":\"Styrelse - DHR - \u00d6sterg\u00f6tland\",\"isPartOf\":{\"@id\":\"https:\\\/\\\/dhr.se\\\/ostergotland\\\/#website\"},\"datePublished\":\"2025-03-09T08:32:49+00:00\",\"dateModified\":\"2026-05-01T16:43:51+00:00\",\"breadcrumb\":{\"@id\":\"https:\\\/\\\/dhr.se\\\/ostergotland\\\/styrelse\\\/#breadcrumb\"},\"inLanguage\":\"sv-SE\",\"potentialAction\":[{\"@type\":\"ReadAction\",\"target\":[\"https:\\\/\\\/dhr.se\\\/ostergotland\\\/styrelse\\\/\"]}]},{\"@type\":\"BreadcrumbList\",\"@id\":\"https:\\\/\\\/dhr.se\\\/ostergotland\\\/styrelse\\\/#breadcrumb\",\"itemListElement\":[{\"@type\":\"ListItem\",\"position\":1,\"name\":\"Hem\",\"item\":\"https:\\\/\\\/dhr.se\\\/ostergotland\\\/\"},{\"@type\":\"ListItem\",\"position\":2,\"name\":\"Styrelse\"}]},{\"@type\":\"WebSite\",\"@id\":\"https:\\\/\\\/dhr.se\\\/ostergotland\\\/#website\",\"url\":\"https:\\\/\\\/dhr.se\\\/ostergotland\\\/\",\"name\":\"DHR - \u00d6sterg\u00f6tland\",\"description\":\"Delaktighet, r\u00f6relsefrihet och handlingskraft\",\"potentialAction\":[{\"@type\":\"SearchAction\",\"target\":{\"@type\":\"EntryPoint\",\"urlTemplate\":\"https:\\\/\\\/dhr.se\\\/ostergotland\\\/?s={search_term_string}\"},\"query-input\":{\"@type\":\"PropertyValueSpecification\",\"valueRequired\":true,\"valueName\":\"search_term_string\"}}],\"inLanguage\":\"sv-SE\"}]}<\/script>\n<!-- \/ Yoast SEO plugin. -->","yoast_head_json":{"title":"Styrelse - DHR - \u00d6sterg\u00f6tland","robots":{"index":"index","follow":"follow","max-snippet":"max-snippet:-1","max-image-preview":"max-image-preview:large","max-video-preview":"max-video-preview:-1"},"canonical":"https:\/\/dhr.se\/ostergotland\/styrelse\/","og_locale":"sv_SE","og_type":"article","og_title":"Styrelse - DHR - \u00d6sterg\u00f6tland","og_url":"https:\/\/dhr.se\/ostergotland\/styrelse\/","og_site_name":"DHR - \u00d6sterg\u00f6tland","article_modified_time":"2026-05-01T16:43:51+00:00","twitter_card":"summary_large_image","schema":{"@context":"https:\/\/schema.org","@graph":[{"@type":"WebPage","@id":"https:\/\/dhr.se\/ostergotland\/styrelse\/","url":"https:\/\/dhr.se\/ostergotland\/styrelse\/","name":"Styrelse - DHR - \u00d6sterg\u00f6tland","isPartOf":{"@id":"https:\/\/dhr.se\/ostergotland\/#website"},"datePublished":"2025-03-09T08:32:49+00:00","dateModified":"2026-05-01T16:43:51+00:00","breadcrumb":{"@id":"https:\/\/dhr.se\/ostergotland\/styrelse\/#breadcrumb"},"inLanguage":"sv-SE","potentialAction":[{"@type":"ReadAction","target":["https:\/\/dhr.se\/ostergotland\/styrelse\/"]}]},{"@type":"BreadcrumbList","@id":"https:\/\/dhr.se\/ostergotland\/styrelse\/#breadcrumb","itemListElement":[{"@type":"ListItem","position":1,"name":"Hem","item":"https:\/\/dhr.se\/ostergotland\/"},{"@type":"ListItem","position":2,"name":"Styrelse"}]},{"@type":"WebSite","@id":"https:\/\/dhr.se\/ostergotland\/#website","url":"https:\/\/dhr.se\/ostergotland\/","name":"DHR - \u00d6sterg\u00f6tland","description":"Delaktighet, r\u00f6relsefrihet och handlingskraft","potentialAction":[{"@type":"SearchAction","target":{"@type":"EntryPoint","urlTemplate":"https:\/\/dhr.se\/ostergotland\/?s={search_term_string}"},"query-input":{"@type":"PropertyValueSpecification","valueRequired":true,"valueName":"search_term_string"}}],"inLanguage":"sv-SE"}]}},"publishpress_future_action":{"enabled":false,"date":"2026-05-16 08:51:11","action":"change-status","newStatus":"draft","terms":[],"taxonomy":"translation_priority","extraData":[]},"publishpress_future_workflow_manual_trigger":{"enabledWorkflows":[]},"_links":{"self":[{"href":"https:\/\/dhr.se\/ostergotland\/wp-json\/wp\/v2\/pages\/2001","targetHints":{"allow":["GET"]}}],"collection":[{"href":"https:\/\/dhr.se\/ostergotland\/wp-json\/wp\/v2\/pages"}],"about":[{"href":"https:\/\/dhr.se\/ostergotland\/wp-json\/wp\/v2\/types\/page"}],"author":[{"embeddable":true,"href":"https:\/\/dhr.se\/ostergotland\/wp-json\/wp\/v2\/users\/18"}],"replies":[{"embeddable":true,"href":"https:\/\/dhr.se\/ostergotland\/wp-json\/wp\/v2\/comments?post=2001"}],"version-history":[{"count":6,"href":"https:\/\/dhr.se\/ostergotland\/wp-json\/wp\/v2\/pages\/2001\/revisions"}],"predecessor-version":[{"id":2339,"href":"https:\/\/dhr.se\/ostergotland\/wp-json\/wp\/v2\/pages\/2001\/revisions\/2339"}],"wp:attachment":[{"href":"https:\/\/dhr.se\/ostergotland\/wp-json\/wp\/v2\/media?parent=2001"}],"curies":[{"name":"wp","href":"https:\/\/api.w.org\/{rel}","templated":true}]}}