{"id":2104,"date":"2025-06-05T10:36:48","date_gmt":"2025-06-05T08:36:48","guid":{"rendered":"https:\/\/dhr.se\/ostergotland\/?page_id=2104"},"modified":"2025-06-13T12:32:21","modified_gmt":"2025-06-13T10:32:21","slug":"avdelningar-i-ostergotland","status":"publish","type":"page","link":"https:\/\/dhr.se\/ostergotland\/avdelningar-i-ostergotland\/","title":{"rendered":"Avdelningar i \u00d6sterg\u00f6tland"},"content":{"rendered":"\n<h2 class=\"wp-block-heading\">Avdelningar i Distriktet<\/h2>\n\n\n\n<figure class=\"wp-block-table\"><table class=\"has-fixed-layout\"><tbody><tr><td>Avdelning<\/td><td>Hemsida<\/td><td>e-postadress<\/td><td>telefon<\/td><\/tr><tr><td>DHR Kinda<\/td><td><\/td><td><a href=\"mailto:kinda@dhr.se\">kinda@dhr.se<\/a><\/td><td>0494 &#8211; 202 54<\/td><\/tr><tr><td>DHR Finsp\u00e5ng (vilande f\u00f6rening)<\/td><td><\/td><td><\/td><td>072-314 88 58<\/td><\/tr><tr><td>DHR Link\u00f6ping<\/td><td><a href=\"https:\/\/dhr.se\/linkoping\">h<\/a><a href=\"https:\/\/dhr.se\/linkoping\" target=\"_blank\" rel=\"noreferrer noopener\">ttps:\/\/dhr.se\/linkoping<\/a><\/td><td><a href=\"mailto:dhr.linkoping.avd@fontanen.org\">dhr.linkoping.avd@fontanen.org<\/a><\/td><td>072-314 88 58<\/td><\/tr><tr><td>DHR Norrk\u00f6ping<\/td><td><a href=\"https:\/\/www.dhrnorrkoping.se\/\" target=\"_blank\" rel=\"noreferrer noopener\">https:\/\/www.dhrnorrkoping.se<\/a><\/td><td><a href=\"mailto:norrkoping@dhr.se\">norrkoping@dhr.se<\/a><\/td><td>070-374 73 65<\/td><\/tr><tr><td>DHR Motala<\/td><td><a href=\"http:\/\/www.dhr.se\/motala\" target=\"_blank\" rel=\"noreferrer noopener\">http:\/\/www.dhr.se\/motala<\/a><\/td><td><a href=\"mailto:info@dhr-motala.se\">info@dhr-motala.se<\/a><\/td><td>076-028 30 34<\/td><\/tr><tr><td>DHR Mj\u00f6lby<\/td><td><\/td><td><a href=\"mailto:mjolby@dhr.se\">mjolby@dhr.se<\/a><\/td><td>070-401 26 96<\/td><\/tr><\/tbody><\/table><\/figure>\n\n\n\n<p><\/p>\n","protected":false},"excerpt":{"rendered":"<p>Avdelningar i Distriktet Avdelning Hemsida e-postadress telefon DHR Kinda kinda@dhr.se 0494 &#8211; 202 54 DHR Finsp\u00e5ng (vilande f\u00f6rening) 072-314 88 58 DHR Link\u00f6ping https:\/\/dhr.se\/linkoping dhr.linkoping.avd@fontanen.org 072-314 88 58 DHR Norrk\u00f6ping https:\/\/www.dhrnorrkoping.se norrkoping@dhr.se 070-374 73 65 DHR Motala http:\/\/www.dhr.se\/motala info@dhr-motala.se 076-028[&hellip;]<\/p>\n","protected":false},"author":18,"featured_media":0,"parent":0,"menu_order":0,"comment_status":"closed","ping_status":"closed","template":"","meta":{"_acf_changed":false,"_monsterinsights_skip_tracking":false,"_monsterinsights_sitenote_active":false,"_monsterinsights_sitenote_note":"","_monsterinsights_sitenote_category":0,"footnotes":""},"class_list":["post-2104","page","type-page","status-publish","hentry"],"acf":[],"yoast_head":"<!-- This site is optimized with the Yoast SEO plugin v27.5 - https:\/\/yoast.com\/product\/yoast-seo-wordpress\/ -->\n<title>Avdelningar i \u00d6sterg\u00f6tland - DHR - \u00d6sterg\u00f6tland<\/title>\n<meta name=\"robots\" content=\"index, follow, max-snippet:-1, max-image-preview:large, max-video-preview:-1\" \/>\n<link rel=\"canonical\" href=\"https:\/\/dhr.se\/ostergotland\/avdelningar-i-ostergotland\/\" \/>\n<meta property=\"og:locale\" content=\"sv_SE\" \/>\n<meta property=\"og:type\" content=\"article\" \/>\n<meta property=\"og:title\" content=\"Avdelningar i \u00d6sterg\u00f6tland - DHR - \u00d6sterg\u00f6tland\" \/>\n<meta property=\"og:description\" content=\"Avdelningar i Distriktet Avdelning Hemsida e-postadress telefon DHR Kinda kinda@dhr.se 0494 &#8211; 202 54 DHR Finsp\u00e5ng (vilande f\u00f6rening) 072-314 88 58 DHR Link\u00f6ping https:\/\/dhr.se\/linkoping dhr.linkoping.avd@fontanen.org 072-314 88 58 DHR Norrk\u00f6ping https:\/\/www.dhrnorrkoping.se norrkoping@dhr.se 070-374 73 65 DHR Motala http:\/\/www.dhr.se\/motala info@dhr-motala.se 076-028[&hellip;]\" \/>\n<meta property=\"og:url\" content=\"https:\/\/dhr.se\/ostergotland\/avdelningar-i-ostergotland\/\" \/>\n<meta property=\"og:site_name\" content=\"DHR - \u00d6sterg\u00f6tland\" \/>\n<meta property=\"article:modified_time\" content=\"2025-06-13T10:32:21+00:00\" \/>\n<meta name=\"twitter:card\" content=\"summary_large_image\" \/>\n<meta name=\"twitter:label1\" content=\"Ber\u00e4knad l\u00e4stid\" \/>\n\t<meta name=\"twitter:data1\" content=\"1 minut\" \/>\n<script type=\"application\/ld+json\" class=\"yoast-schema-graph\">{\"@context\":\"https:\\\/\\\/schema.org\",\"@graph\":[{\"@type\":\"WebPage\",\"@id\":\"https:\\\/\\\/dhr.se\\\/ostergotland\\\/avdelningar-i-ostergotland\\\/\",\"url\":\"https:\\\/\\\/dhr.se\\\/ostergotland\\\/avdelningar-i-ostergotland\\\/\",\"name\":\"Avdelningar i \u00d6sterg\u00f6tland - DHR - \u00d6sterg\u00f6tland\",\"isPartOf\":{\"@id\":\"https:\\\/\\\/dhr.se\\\/ostergotland\\\/#website\"},\"datePublished\":\"2025-06-05T08:36:48+00:00\",\"dateModified\":\"2025-06-13T10:32:21+00:00\",\"breadcrumb\":{\"@id\":\"https:\\\/\\\/dhr.se\\\/ostergotland\\\/avdelningar-i-ostergotland\\\/#breadcrumb\"},\"inLanguage\":\"sv-SE\",\"potentialAction\":[{\"@type\":\"ReadAction\",\"target\":[\"https:\\\/\\\/dhr.se\\\/ostergotland\\\/avdelningar-i-ostergotland\\\/\"]}]},{\"@type\":\"BreadcrumbList\",\"@id\":\"https:\\\/\\\/dhr.se\\\/ostergotland\\\/avdelningar-i-ostergotland\\\/#breadcrumb\",\"itemListElement\":[{\"@type\":\"ListItem\",\"position\":1,\"name\":\"Hem\",\"item\":\"https:\\\/\\\/dhr.se\\\/ostergotland\\\/\"},{\"@type\":\"ListItem\",\"position\":2,\"name\":\"Avdelningar i \u00d6sterg\u00f6tland\"}]},{\"@type\":\"WebSite\",\"@id\":\"https:\\\/\\\/dhr.se\\\/ostergotland\\\/#website\",\"url\":\"https:\\\/\\\/dhr.se\\\/ostergotland\\\/\",\"name\":\"DHR - \u00d6sterg\u00f6tland\",\"description\":\"Delaktighet, r\u00f6relsefrihet och handlingskraft\",\"potentialAction\":[{\"@type\":\"SearchAction\",\"target\":{\"@type\":\"EntryPoint\",\"urlTemplate\":\"https:\\\/\\\/dhr.se\\\/ostergotland\\\/?s={search_term_string}\"},\"query-input\":{\"@type\":\"PropertyValueSpecification\",\"valueRequired\":true,\"valueName\":\"search_term_string\"}}],\"inLanguage\":\"sv-SE\"}]}<\/script>\n<!-- \/ Yoast SEO plugin. -->","yoast_head_json":{"title":"Avdelningar i \u00d6sterg\u00f6tland - DHR - \u00d6sterg\u00f6tland","robots":{"index":"index","follow":"follow","max-snippet":"max-snippet:-1","max-image-preview":"max-image-preview:large","max-video-preview":"max-video-preview:-1"},"canonical":"https:\/\/dhr.se\/ostergotland\/avdelningar-i-ostergotland\/","og_locale":"sv_SE","og_type":"article","og_title":"Avdelningar i \u00d6sterg\u00f6tland - DHR - \u00d6sterg\u00f6tland","og_description":"Avdelningar i Distriktet Avdelning Hemsida e-postadress telefon DHR Kinda kinda@dhr.se 0494 &#8211; 202 54 DHR Finsp\u00e5ng (vilande f\u00f6rening) 072-314 88 58 DHR Link\u00f6ping https:\/\/dhr.se\/linkoping dhr.linkoping.avd@fontanen.org 072-314 88 58 DHR Norrk\u00f6ping https:\/\/www.dhrnorrkoping.se norrkoping@dhr.se 070-374 73 65 DHR Motala http:\/\/www.dhr.se\/motala info@dhr-motala.se 076-028[&hellip;]","og_url":"https:\/\/dhr.se\/ostergotland\/avdelningar-i-ostergotland\/","og_site_name":"DHR - \u00d6sterg\u00f6tland","article_modified_time":"2025-06-13T10:32:21+00:00","twitter_card":"summary_large_image","twitter_misc":{"Ber\u00e4knad l\u00e4stid":"1 minut"},"schema":{"@context":"https:\/\/schema.org","@graph":[{"@type":"WebPage","@id":"https:\/\/dhr.se\/ostergotland\/avdelningar-i-ostergotland\/","url":"https:\/\/dhr.se\/ostergotland\/avdelningar-i-ostergotland\/","name":"Avdelningar i \u00d6sterg\u00f6tland - DHR - \u00d6sterg\u00f6tland","isPartOf":{"@id":"https:\/\/dhr.se\/ostergotland\/#website"},"datePublished":"2025-06-05T08:36:48+00:00","dateModified":"2025-06-13T10:32:21+00:00","breadcrumb":{"@id":"https:\/\/dhr.se\/ostergotland\/avdelningar-i-ostergotland\/#breadcrumb"},"inLanguage":"sv-SE","potentialAction":[{"@type":"ReadAction","target":["https:\/\/dhr.se\/ostergotland\/avdelningar-i-ostergotland\/"]}]},{"@type":"BreadcrumbList","@id":"https:\/\/dhr.se\/ostergotland\/avdelningar-i-ostergotland\/#breadcrumb","itemListElement":[{"@type":"ListItem","position":1,"name":"Hem","item":"https:\/\/dhr.se\/ostergotland\/"},{"@type":"ListItem","position":2,"name":"Avdelningar i \u00d6sterg\u00f6tland"}]},{"@type":"WebSite","@id":"https:\/\/dhr.se\/ostergotland\/#website","url":"https:\/\/dhr.se\/ostergotland\/","name":"DHR - \u00d6sterg\u00f6tland","description":"Delaktighet, r\u00f6relsefrihet och handlingskraft","potentialAction":[{"@type":"SearchAction","target":{"@type":"EntryPoint","urlTemplate":"https:\/\/dhr.se\/ostergotland\/?s={search_term_string}"},"query-input":{"@type":"PropertyValueSpecification","valueRequired":true,"valueName":"search_term_string"}}],"inLanguage":"sv-SE"}]}},"publishpress_future_action":{"enabled":false,"date":"2026-05-16 08:47:07","action":"change-status","newStatus":"draft","terms":[],"taxonomy":"translation_priority","extraData":[]},"publishpress_future_workflow_manual_trigger":{"enabledWorkflows":[]},"_links":{"self":[{"href":"https:\/\/dhr.se\/ostergotland\/wp-json\/wp\/v2\/pages\/2104","targetHints":{"allow":["GET"]}}],"collection":[{"href":"https:\/\/dhr.se\/ostergotland\/wp-json\/wp\/v2\/pages"}],"about":[{"href":"https:\/\/dhr.se\/ostergotland\/wp-json\/wp\/v2\/types\/page"}],"author":[{"embeddable":true,"href":"https:\/\/dhr.se\/ostergotland\/wp-json\/wp\/v2\/users\/18"}],"replies":[{"embeddable":true,"href":"https:\/\/dhr.se\/ostergotland\/wp-json\/wp\/v2\/comments?post=2104"}],"version-history":[{"count":0,"href":"https:\/\/dhr.se\/ostergotland\/wp-json\/wp\/v2\/pages\/2104\/revisions"}],"wp:attachment":[{"href":"https:\/\/dhr.se\/ostergotland\/wp-json\/wp\/v2\/media?parent=2104"}],"curies":[{"name":"wp","href":"https:\/\/api.w.org\/{rel}","templated":true}]}}