{"id":2320,"date":"2026-04-11T06:47:50","date_gmt":"2026-04-11T04:47:50","guid":{"rendered":"https:\/\/dhr.se\/ostergotland\/?page_id=2320"},"modified":"2026-04-11T06:47:54","modified_gmt":"2026-04-11T04:47:54","slug":"medlemsskap","status":"publish","type":"page","link":"https:\/\/dhr.se\/ostergotland\/medlemsskap\/","title":{"rendered":"Medlemsskap"},"content":{"rendered":"\n<p>DHR beh\u00f6ver dig som medlem. Oavsett om du v\u00e4ljer att vara aktiv eller bara vill st\u00f6dja oss \u00e4r ditt medlemskap viktigt. Ju fler vi \u00e4r, desto starkare blir v\u00e5r r\u00f6st!<\/p>\n\n\n\n<p>Under DHR:s drygt 100 \u00e5r (vi fyllde 100 \u00e5r 2023) har villkoren f\u00f6r medlemmarna sj\u00e4lvklart f\u00f6rb\u00e4ttrats. Men nu b\u00f6rjar det bl\u00e5sa kallt igen, och behovet av en stark motst\u00e5ndsr\u00f6relse \u00e4r st\u00f6rre \u00e4n p\u00e5 m\u00e5nga \u00e5r. Den personliga assistansen \u00e4r i fara, parkeringstillst\u00e5nd dras in och det sn\u00e5las p\u00e5 bilst\u00f6d. Vi h\u00f6r till och med \u00e5sikter om att det borde inf\u00f6ras institutioner igen. D\u00e4rf\u00f6r beh\u00f6vs ocks\u00e5 du som medlem!<\/p>\n\n\n\n<p>Som medlem i DHR kan du tillsammans med andra medlemmar p\u00e5verka att samh\u00e4llet blir mer j\u00e4mlikt och j\u00e4mst\u00e4llt. Tillsammans med andra medlemmar kan du ocks\u00e5 delta i fritidsaktiviteter, kamratst\u00f6d och social gemenskap.<\/p>\n\n\n\n<figure class=\"wp-block-embed is-type-wp-embed is-provider-dhr wp-block-embed-dhr\"><div class=\"wp-block-embed__wrapper\">\n<blockquote class=\"wp-embedded-content\" data-secret=\"kBm9r1PY93\"><a href=\"https:\/\/dhr.se\/bli-medlem\/\">Bli medlem<\/a><\/blockquote><iframe loading=\"lazy\" class=\"wp-embedded-content\" sandbox=\"allow-scripts\" security=\"restricted\" style=\"position: absolute; visibility: hidden;\" title=\"\u201dBli medlem\u201d &ndash; DHR\" src=\"https:\/\/dhr.se\/bli-medlem\/embed\/#?secret=Bga2toBhDw#?secret=kBm9r1PY93\" data-secret=\"kBm9r1PY93\" width=\"600\" height=\"338\" frameborder=\"0\" marginwidth=\"0\" marginheight=\"0\" scrolling=\"no\"><\/iframe>\n<\/div><\/figure>\n","protected":false},"excerpt":{"rendered":"<p>DHR beh\u00f6ver dig som medlem. Oavsett om du v\u00e4ljer att vara aktiv eller bara vill st\u00f6dja oss \u00e4r ditt medlemskap viktigt. Ju fler vi \u00e4r, desto starkare blir v\u00e5r r\u00f6st! Under DHR:s drygt 100 \u00e5r (vi fyllde 100 \u00e5r 2023)[&hellip;]<\/p>\n","protected":false},"author":18,"featured_media":0,"parent":0,"menu_order":0,"comment_status":"closed","ping_status":"closed","template":"","meta":{"_acf_changed":false,"_monsterinsights_skip_tracking":false,"_monsterinsights_sitenote_active":false,"_monsterinsights_sitenote_note":"","_monsterinsights_sitenote_category":0,"footnotes":""},"class_list":["post-2320","page","type-page","status-publish","hentry"],"acf":[],"yoast_head":"<!-- This site is optimized with the Yoast SEO plugin v27.5 - https:\/\/yoast.com\/product\/yoast-seo-wordpress\/ -->\n<title>Medlemsskap - DHR - \u00d6sterg\u00f6tland<\/title>\n<meta name=\"robots\" content=\"index, follow, max-snippet:-1, max-image-preview:large, max-video-preview:-1\" \/>\n<link rel=\"canonical\" href=\"https:\/\/dhr.se\/ostergotland\/medlemsskap\/\" \/>\n<meta property=\"og:locale\" content=\"sv_SE\" \/>\n<meta property=\"og:type\" content=\"article\" \/>\n<meta property=\"og:title\" content=\"Medlemsskap - DHR - \u00d6sterg\u00f6tland\" \/>\n<meta property=\"og:description\" content=\"DHR beh\u00f6ver dig som medlem. Oavsett om du v\u00e4ljer att vara aktiv eller bara vill st\u00f6dja oss \u00e4r ditt medlemskap viktigt. Ju fler vi \u00e4r, desto starkare blir v\u00e5r r\u00f6st! Under DHR:s drygt 100 \u00e5r (vi fyllde 100 \u00e5r 2023)[&hellip;]\" \/>\n<meta property=\"og:url\" content=\"https:\/\/dhr.se\/ostergotland\/medlemsskap\/\" \/>\n<meta property=\"og:site_name\" content=\"DHR - \u00d6sterg\u00f6tland\" \/>\n<meta property=\"article:modified_time\" content=\"2026-04-11T04:47:54+00:00\" \/>\n<meta name=\"twitter:card\" content=\"summary_large_image\" \/>\n<meta name=\"twitter:label1\" content=\"Ber\u00e4knad l\u00e4stid\" \/>\n\t<meta name=\"twitter:data1\" content=\"1 minut\" \/>\n<script type=\"application\/ld+json\" class=\"yoast-schema-graph\">{\"@context\":\"https:\\\/\\\/schema.org\",\"@graph\":[{\"@type\":\"WebPage\",\"@id\":\"https:\\\/\\\/dhr.se\\\/ostergotland\\\/medlemsskap\\\/\",\"url\":\"https:\\\/\\\/dhr.se\\\/ostergotland\\\/medlemsskap\\\/\",\"name\":\"Medlemsskap - DHR - \u00d6sterg\u00f6tland\",\"isPartOf\":{\"@id\":\"https:\\\/\\\/dhr.se\\\/ostergotland\\\/#website\"},\"datePublished\":\"2026-04-11T04:47:50+00:00\",\"dateModified\":\"2026-04-11T04:47:54+00:00\",\"breadcrumb\":{\"@id\":\"https:\\\/\\\/dhr.se\\\/ostergotland\\\/medlemsskap\\\/#breadcrumb\"},\"inLanguage\":\"sv-SE\",\"potentialAction\":[{\"@type\":\"ReadAction\",\"target\":[\"https:\\\/\\\/dhr.se\\\/ostergotland\\\/medlemsskap\\\/\"]}]},{\"@type\":\"BreadcrumbList\",\"@id\":\"https:\\\/\\\/dhr.se\\\/ostergotland\\\/medlemsskap\\\/#breadcrumb\",\"itemListElement\":[{\"@type\":\"ListItem\",\"position\":1,\"name\":\"Hem\",\"item\":\"https:\\\/\\\/dhr.se\\\/ostergotland\\\/\"},{\"@type\":\"ListItem\",\"position\":2,\"name\":\"Medlemsskap\"}]},{\"@type\":\"WebSite\",\"@id\":\"https:\\\/\\\/dhr.se\\\/ostergotland\\\/#website\",\"url\":\"https:\\\/\\\/dhr.se\\\/ostergotland\\\/\",\"name\":\"DHR - \u00d6sterg\u00f6tland\",\"description\":\"Delaktighet, r\u00f6relsefrihet och handlingskraft\",\"potentialAction\":[{\"@type\":\"SearchAction\",\"target\":{\"@type\":\"EntryPoint\",\"urlTemplate\":\"https:\\\/\\\/dhr.se\\\/ostergotland\\\/?s={search_term_string}\"},\"query-input\":{\"@type\":\"PropertyValueSpecification\",\"valueRequired\":true,\"valueName\":\"search_term_string\"}}],\"inLanguage\":\"sv-SE\"}]}<\/script>\n<!-- \/ Yoast SEO plugin. -->","yoast_head_json":{"title":"Medlemsskap - DHR - \u00d6sterg\u00f6tland","robots":{"index":"index","follow":"follow","max-snippet":"max-snippet:-1","max-image-preview":"max-image-preview:large","max-video-preview":"max-video-preview:-1"},"canonical":"https:\/\/dhr.se\/ostergotland\/medlemsskap\/","og_locale":"sv_SE","og_type":"article","og_title":"Medlemsskap - DHR - \u00d6sterg\u00f6tland","og_description":"DHR beh\u00f6ver dig som medlem. Oavsett om du v\u00e4ljer att vara aktiv eller bara vill st\u00f6dja oss \u00e4r ditt medlemskap viktigt. Ju fler vi \u00e4r, desto starkare blir v\u00e5r r\u00f6st! Under DHR:s drygt 100 \u00e5r (vi fyllde 100 \u00e5r 2023)[&hellip;]","og_url":"https:\/\/dhr.se\/ostergotland\/medlemsskap\/","og_site_name":"DHR - \u00d6sterg\u00f6tland","article_modified_time":"2026-04-11T04:47:54+00:00","twitter_card":"summary_large_image","twitter_misc":{"Ber\u00e4knad l\u00e4stid":"1 minut"},"schema":{"@context":"https:\/\/schema.org","@graph":[{"@type":"WebPage","@id":"https:\/\/dhr.se\/ostergotland\/medlemsskap\/","url":"https:\/\/dhr.se\/ostergotland\/medlemsskap\/","name":"Medlemsskap - DHR - \u00d6sterg\u00f6tland","isPartOf":{"@id":"https:\/\/dhr.se\/ostergotland\/#website"},"datePublished":"2026-04-11T04:47:50+00:00","dateModified":"2026-04-11T04:47:54+00:00","breadcrumb":{"@id":"https:\/\/dhr.se\/ostergotland\/medlemsskap\/#breadcrumb"},"inLanguage":"sv-SE","potentialAction":[{"@type":"ReadAction","target":["https:\/\/dhr.se\/ostergotland\/medlemsskap\/"]}]},{"@type":"BreadcrumbList","@id":"https:\/\/dhr.se\/ostergotland\/medlemsskap\/#breadcrumb","itemListElement":[{"@type":"ListItem","position":1,"name":"Hem","item":"https:\/\/dhr.se\/ostergotland\/"},{"@type":"ListItem","position":2,"name":"Medlemsskap"}]},{"@type":"WebSite","@id":"https:\/\/dhr.se\/ostergotland\/#website","url":"https:\/\/dhr.se\/ostergotland\/","name":"DHR - \u00d6sterg\u00f6tland","description":"Delaktighet, r\u00f6relsefrihet och handlingskraft","potentialAction":[{"@type":"SearchAction","target":{"@type":"EntryPoint","urlTemplate":"https:\/\/dhr.se\/ostergotland\/?s={search_term_string}"},"query-input":{"@type":"PropertyValueSpecification","valueRequired":true,"valueName":"search_term_string"}}],"inLanguage":"sv-SE"}]}},"publishpress_future_action":{"enabled":false,"date":"2026-05-13 09:47:33","action":"change-status","newStatus":"draft","terms":[],"taxonomy":"translation_priority","extraData":[]},"publishpress_future_workflow_manual_trigger":{"enabledWorkflows":[]},"_links":{"self":[{"href":"https:\/\/dhr.se\/ostergotland\/wp-json\/wp\/v2\/pages\/2320","targetHints":{"allow":["GET"]}}],"collection":[{"href":"https:\/\/dhr.se\/ostergotland\/wp-json\/wp\/v2\/pages"}],"about":[{"href":"https:\/\/dhr.se\/ostergotland\/wp-json\/wp\/v2\/types\/page"}],"author":[{"embeddable":true,"href":"https:\/\/dhr.se\/ostergotland\/wp-json\/wp\/v2\/users\/18"}],"replies":[{"embeddable":true,"href":"https:\/\/dhr.se\/ostergotland\/wp-json\/wp\/v2\/comments?post=2320"}],"version-history":[{"count":2,"href":"https:\/\/dhr.se\/ostergotland\/wp-json\/wp\/v2\/pages\/2320\/revisions"}],"predecessor-version":[{"id":2323,"href":"https:\/\/dhr.se\/ostergotland\/wp-json\/wp\/v2\/pages\/2320\/revisions\/2323"}],"wp:attachment":[{"href":"https:\/\/dhr.se\/ostergotland\/wp-json\/wp\/v2\/media?parent=2320"}],"curies":[{"name":"wp","href":"https:\/\/api.w.org\/{rel}","templated":true}]}}