{"id":754,"date":"2019-08-15T20:18:44","date_gmt":"2019-08-15T18:18:44","guid":{"rendered":"http:\/\/dhr.se\/ostergotland\/?page_id=754"},"modified":"2026-04-11T06:48:37","modified_gmt":"2026-04-11T04:48:37","slug":"drivhuset-stockholm","status":"publish","type":"page","link":"https:\/\/dhr.se\/ostergotland\/","title":{"rendered":"DHR \u00d6sterg\u00f6tland"},"content":{"rendered":"<section class=\"block-hero\" style=\"background-image:url(https:\/\/dhr.se\/ostergotland\/wp-content\/uploads\/sites\/16\/2025\/10\/FB_IMG_1760265420096.jpg);\">\n\n<video autoplay loop playsinline muted loop>\n    <source src=\"\" type=\"video\/mp4\">\n    Your browser does not support HTML5 video.\n<\/video>\n\n<div class=\"overlay overlay-dark\"><\/div>\n    <div class=\"main\">\n        <div class=\"main-inner\">\n            <p class=\"small-title\"><\/p>\n            <h1>V\u00e4lkommen till DHR \u00d6sterg\u00f6tland<\/h1>\n            <p class=\"text\">V\u00e5rt m\u00e5l \u00e4r att alla m\u00e4nniskor ska k\u00e4nna sig v\u00e4lkomna och inkluderade i samh\u00e4llet. V\u00e5r vision \u00e4r ett universellt utformat samh\u00e4lle \u2013 ett j\u00e4mlikt och j\u00e4mst\u00e4llt samh\u00e4lle d\u00e4r varje m\u00e4nniska ses som en tillg\u00e5ng.<br \/>\r\n<br \/>\r\nInom \u00d6sterg\u00f6tlands distrikt arbetar vi med p\u00e5verkansarbete gentemot Region \u00d6sterg\u00f6tland. Bland annat inom fr\u00e5gor som r\u00f6r sjukv\u00e5rd, rehabilitering och kollektivtrafik.<br \/>\r\n<br \/>\r\nTveka inte att kontakta v\u00e5rt kansli genom att fylla i v\u00e5rt kontaktformul\u00e4r:<\/p>\n\n\n                            <div class=\"button-container\">\n                                            \n                                                            <a class=\"button big dark-background\" href=\"https:\/\/dhr.se\/ostergotland\/kontakta-dhr-ostergotland\/\" target=\"_self\">Kontakta DHR \u00d6sterg\u00f6tland<\/a>\n                            \n                                    <\/div>\n            \n\n\n\n        <\/div>\n    <\/div>\n<\/section>\n\n<section class=\"block-image-and-text left grey\">\n    <div class=\"main\">\n        <div class=\"main-inner\">\n            <div class=\"left-col\" style=\"background-image: url(https:\/\/dhr.se\/ostergotland\/wp-content\/uploads\/sites\/16\/2025\/10\/FB_IMG_1760265503987.jpg);\"><\/div>\n\n            <div class=\"right-col\">\n                <h2>OM DHR \u00d6STERG\u00d6TLAND<\/h2>\n                <p class=\"text\">V\u00e5r fr\u00e4msta m\u00e5lgrupp \u00e4r personer med en nedsatt r\u00f6relsef\u00f6rm\u00e5ga, men alla som tycker att m\u00e4nskliga r\u00e4ttigheter, tillg\u00e4nglighet och funktionshinderpolitik \u00e4r viktigt \u00e4r v\u00e4lkomna att bli medlemmar i n\u00e5gon av v\u00e5ra avdelningar.<br \/>\r\n<br \/>\r\nUnder 2024\/2025 har vi satsat p\u00e5 att f\u00e5 avdelningarna i l\u00e4net att arbeta mot gemensamma m\u00e5l. Det \u00e4r av stor vikt att v\u00e5ra avdelningar ges f\u00f6ruts\u00e4ttningar att bedriva en verksamhet f\u00f6r deras medlemmars b\u00e4sta.<br \/>\r\n<br \/>\r\nV\u00e5ra avdelningar arbetar med lokalt p\u00e5verkansarbete. De anordnar ocks\u00e5 medlemstr\u00e4ffar, f\u00f6rel\u00e4sningar med mera. Avdelningarna finns i Finsp\u00e5ng (vilande avdelning), Kinda, Link\u00f6ping, Mj\u00f6lby, Motala och Norrk\u00f6ping<br \/>\r\n<br \/>\r\n<\/p>\n\n                            <\/div>\n\n        <\/div>\n    <\/div>\n<\/section>\n\n<section class=\"block-latest-news bright-background\">\n    <div class=\"main\">\n        <div class=\"main-inner\">\n            <div class=\"title\">\n                <h2>Nyheter<\/h2>\n                                    <a class=\"small-button-underline text-link\" href=\"http:\/\/dhr.se\/ostergotland\/nyheter\/\" target=\"_self\">Nyheter<\/a>\n                \n            <\/div>\n            \n            <div class=\"flex-container\">\n\n                                        \n                                <div class=\"one-post\">\n                                                                        <h3>R\u00f6sta p\u00e5 ombund till F\u00f6rbundsm\u00f6te 2026<\/h3>\n                                    <!--<p class=\"date\"><\/p> -->\n                                    <p class=\"excerpt\">Ombudsvalet Under perioden&nbsp;1 till och med 30 april 2026&nbsp;g\u00e5r det att r\u00f6sta&#8230;<\/p>\n\n                                    <a class=\"small-button text-link\" href=\"https:\/\/dhr.se\/ostergotland\/rosta-pa-ombund-till-forbundsmote-2026\/\">L\u00e4s mer<\/a>\n                                <\/div>\n                        \n                                                \n                                <div class=\"one-post\">\n                                                                        <h3>Nominera till DHR f\u00f6rbundsstyrelse<\/h3>\n                                    <!--<p class=\"date\"><\/p> -->\n                                    <p class=\"excerpt\">Valberedningen p\u00e5minner dig som medlem om att nominera kandidater till DHR:s f\u00f6rbundsstyrelse&#8230;<\/p>\n\n                                    <a class=\"small-button text-link\" href=\"https:\/\/dhr.se\/ostergotland\/nominera-till-dhr-forbundsstyrelse\/\">L\u00e4s mer<\/a>\n                                <\/div>\n                        \n                                                \n                                <div class=\"one-post\">\n                                                                        <h3>Styrelsen kallar till \u00e5rsm\u00f6te 11 april 2026<\/h3>\n                                    <!--<p class=\"date\"><\/p> -->\n                                    <p class=\"excerpt\">Styrelsen kallar h\u00e4rmed till \u00e5rsm\u00f6te, kallelse har \u00e4ven g\u00e5tt ut till avdelningarna&#8230;<\/p>\n\n                                    <a class=\"small-button text-link\" href=\"https:\/\/dhr.se\/ostergotland\/styrelsen-kallar-till-arsmote-11-april-2026\/\">L\u00e4s mer<\/a>\n                                <\/div>\n                        \n                           \n            <\/div>\n\n                        \n        <\/div>\n    <\/div>\n<\/section>","protected":false},"excerpt":{"rendered":"","protected":false},"author":18,"featured_media":0,"parent":0,"menu_order":0,"comment_status":"closed","ping_status":"closed","template":"","meta":{"_acf_changed":false,"_monsterinsights_skip_tracking":false,"_monsterinsights_sitenote_active":false,"_monsterinsights_sitenote_note":"","_monsterinsights_sitenote_category":0,"footnotes":""},"class_list":["post-754","page","type-page","status-publish","hentry"],"acf":[],"yoast_head":"<!-- This site is optimized with the Yoast SEO plugin v27.5 - https:\/\/yoast.com\/product\/yoast-seo-wordpress\/ -->\n<title>DHR \u00d6sterg\u00f6tland - DHR - \u00d6sterg\u00f6tland<\/title>\n<meta name=\"robots\" content=\"index, follow, max-snippet:-1, max-image-preview:large, max-video-preview:-1\" \/>\n<link rel=\"canonical\" href=\"https:\/\/dhr.se\/ostergotland\/\" \/>\n<meta property=\"og:locale\" content=\"sv_SE\" \/>\n<meta property=\"og:type\" content=\"article\" \/>\n<meta property=\"og:title\" content=\"DHR \u00d6sterg\u00f6tland - DHR - \u00d6sterg\u00f6tland\" \/>\n<meta property=\"og:url\" content=\"https:\/\/dhr.se\/ostergotland\/\" \/>\n<meta property=\"og:site_name\" content=\"DHR - \u00d6sterg\u00f6tland\" \/>\n<meta property=\"article:modified_time\" content=\"2026-04-11T04:48:37+00:00\" \/>\n<meta name=\"twitter:card\" content=\"summary_large_image\" \/>\n<script type=\"application\/ld+json\" class=\"yoast-schema-graph\">{\"@context\":\"https:\\\/\\\/schema.org\",\"@graph\":[{\"@type\":\"WebPage\",\"@id\":\"https:\\\/\\\/dhr.se\\\/ostergotland\\\/\",\"url\":\"https:\\\/\\\/dhr.se\\\/ostergotland\\\/\",\"name\":\"DHR \u00d6sterg\u00f6tland - DHR - \u00d6sterg\u00f6tland\",\"isPartOf\":{\"@id\":\"https:\\\/\\\/dhr.se\\\/ostergotland\\\/#website\"},\"datePublished\":\"2019-08-15T18:18:44+00:00\",\"dateModified\":\"2026-04-11T04:48:37+00:00\",\"breadcrumb\":{\"@id\":\"https:\\\/\\\/dhr.se\\\/ostergotland\\\/#breadcrumb\"},\"inLanguage\":\"sv-SE\",\"potentialAction\":[{\"@type\":\"ReadAction\",\"target\":[\"https:\\\/\\\/dhr.se\\\/ostergotland\\\/\"]}]},{\"@type\":\"BreadcrumbList\",\"@id\":\"https:\\\/\\\/dhr.se\\\/ostergotland\\\/#breadcrumb\",\"itemListElement\":[{\"@type\":\"ListItem\",\"position\":1,\"name\":\"Hem\",\"item\":\"https:\\\/\\\/dhr.se\\\/ostergotland\\\/\"},{\"@type\":\"ListItem\",\"position\":2,\"name\":\"DHR \u00d6sterg\u00f6tland\"}]},{\"@type\":\"WebSite\",\"@id\":\"https:\\\/\\\/dhr.se\\\/ostergotland\\\/#website\",\"url\":\"https:\\\/\\\/dhr.se\\\/ostergotland\\\/\",\"name\":\"DHR - \u00d6sterg\u00f6tland\",\"description\":\"Delaktighet, r\u00f6relsefrihet och handlingskraft\",\"potentialAction\":[{\"@type\":\"SearchAction\",\"target\":{\"@type\":\"EntryPoint\",\"urlTemplate\":\"https:\\\/\\\/dhr.se\\\/ostergotland\\\/?s={search_term_string}\"},\"query-input\":{\"@type\":\"PropertyValueSpecification\",\"valueRequired\":true,\"valueName\":\"search_term_string\"}}],\"inLanguage\":\"sv-SE\"}]}<\/script>\n<!-- \/ Yoast SEO plugin. -->","yoast_head_json":{"title":"DHR \u00d6sterg\u00f6tland - DHR - \u00d6sterg\u00f6tland","robots":{"index":"index","follow":"follow","max-snippet":"max-snippet:-1","max-image-preview":"max-image-preview:large","max-video-preview":"max-video-preview:-1"},"canonical":"https:\/\/dhr.se\/ostergotland\/","og_locale":"sv_SE","og_type":"article","og_title":"DHR \u00d6sterg\u00f6tland - DHR - \u00d6sterg\u00f6tland","og_url":"https:\/\/dhr.se\/ostergotland\/","og_site_name":"DHR - \u00d6sterg\u00f6tland","article_modified_time":"2026-04-11T04:48:37+00:00","twitter_card":"summary_large_image","schema":{"@context":"https:\/\/schema.org","@graph":[{"@type":"WebPage","@id":"https:\/\/dhr.se\/ostergotland\/","url":"https:\/\/dhr.se\/ostergotland\/","name":"DHR \u00d6sterg\u00f6tland - DHR - \u00d6sterg\u00f6tland","isPartOf":{"@id":"https:\/\/dhr.se\/ostergotland\/#website"},"datePublished":"2019-08-15T18:18:44+00:00","dateModified":"2026-04-11T04:48:37+00:00","breadcrumb":{"@id":"https:\/\/dhr.se\/ostergotland\/#breadcrumb"},"inLanguage":"sv-SE","potentialAction":[{"@type":"ReadAction","target":["https:\/\/dhr.se\/ostergotland\/"]}]},{"@type":"BreadcrumbList","@id":"https:\/\/dhr.se\/ostergotland\/#breadcrumb","itemListElement":[{"@type":"ListItem","position":1,"name":"Hem","item":"https:\/\/dhr.se\/ostergotland\/"},{"@type":"ListItem","position":2,"name":"DHR \u00d6sterg\u00f6tland"}]},{"@type":"WebSite","@id":"https:\/\/dhr.se\/ostergotland\/#website","url":"https:\/\/dhr.se\/ostergotland\/","name":"DHR - \u00d6sterg\u00f6tland","description":"Delaktighet, r\u00f6relsefrihet och handlingskraft","potentialAction":[{"@type":"SearchAction","target":{"@type":"EntryPoint","urlTemplate":"https:\/\/dhr.se\/ostergotland\/?s={search_term_string}"},"query-input":{"@type":"PropertyValueSpecification","valueRequired":true,"valueName":"search_term_string"}}],"inLanguage":"sv-SE"}]}},"publishpress_future_action":{"enabled":false,"date":"2026-05-16 07:58:09","action":"change-status","newStatus":"draft","terms":[],"taxonomy":"translation_priority","extraData":[]},"publishpress_future_workflow_manual_trigger":{"enabledWorkflows":[]},"_links":{"self":[{"href":"https:\/\/dhr.se\/ostergotland\/wp-json\/wp\/v2\/pages\/754","targetHints":{"allow":["GET"]}}],"collection":[{"href":"https:\/\/dhr.se\/ostergotland\/wp-json\/wp\/v2\/pages"}],"about":[{"href":"https:\/\/dhr.se\/ostergotland\/wp-json\/wp\/v2\/types\/page"}],"author":[{"embeddable":true,"href":"https:\/\/dhr.se\/ostergotland\/wp-json\/wp\/v2\/users\/18"}],"replies":[{"embeddable":true,"href":"https:\/\/dhr.se\/ostergotland\/wp-json\/wp\/v2\/comments?post=754"}],"version-history":[{"count":7,"href":"https:\/\/dhr.se\/ostergotland\/wp-json\/wp\/v2\/pages\/754\/revisions"}],"predecessor-version":[{"id":2324,"href":"https:\/\/dhr.se\/ostergotland\/wp-json\/wp\/v2\/pages\/754\/revisions\/2324"}],"wp:attachment":[{"href":"https:\/\/dhr.se\/ostergotland\/wp-json\/wp\/v2\/media?parent=754"}],"curies":[{"name":"wp","href":"https:\/\/api.w.org\/{rel}","templated":true}]}}