{"id":2066,"date":"2023-06-19T19:22:26","date_gmt":"2023-06-19T17:22:26","guid":{"rendered":"https:\/\/dhr.se\/regionsormland\/?page_id=2066"},"modified":"2026-03-03T19:49:44","modified_gmt":"2026-03-03T18:49:44","slug":"dhr-foreningar-i-sormland","status":"publish","type":"page","link":"https:\/\/dhr.se\/regionsormland\/dhr-foreningar-i-sormland\/","title":{"rendered":"DHR-f\u00f6reningar i S\u00f6rmland"},"content":{"rendered":"<section class=\"block-one-two\">\n    <div class=\"main\">\n        <div class=\"main-inner\">\n        <h2>DHR-f\u00f6reningar i S\u00f6rmland<\/h2>\n\n            <div class=\"flex-container\">\n                <div class=\"col-small\">\n                    <div class=\"content\"><p><!-- wp:paragraph --><\/p>\n<p>DHR Eskilstuna\/Str\u00e4ngn\u00e4s och\u00a0DHR V\u00e4stra S\u00f6rmland<br \/>\nKontaktperson<br \/>\nIngvar Edin 070 799 10 53<br \/>\nE-post, sormland@dhr.se<\/p>\n<p>DHR \u00d6stra S\u00f6rmland<br \/>\nHandikappalliansen<br \/>\nRepslagaregatan 43A<br \/>\n611 32 Nyk\u00f6ping<\/p>\n<p>Tel: 073-728 83 96<br \/>\nE-post: ibovem@yahoo.se<\/p>\n<p>&nbsp;<\/p>\n<p><!-- \/wp:paragraph --><\/p>\n<\/div>\n                <\/div>\n                <div class=\"col-big\">\n                    <div class=\"content\"><\/div>\n                <\/div>\n            <\/div>\n            \n        <\/div>\n    <\/div>\n<\/section>\n\n\n<p><\/p>\n","protected":false},"excerpt":{"rendered":"","protected":false},"author":40,"featured_media":0,"parent":0,"menu_order":0,"comment_status":"closed","ping_status":"closed","template":"","meta":{"_acf_changed":false,"_monsterinsights_skip_tracking":false,"_monsterinsights_sitenote_active":false,"_monsterinsights_sitenote_note":"","_monsterinsights_sitenote_category":0,"footnotes":""},"class_list":["post-2066","page","type-page","status-publish","hentry"],"acf":[],"yoast_head":"<!-- This site is optimized with the Yoast SEO plugin v27.2 - https:\/\/yoast.com\/product\/yoast-seo-wordpress\/ -->\n<title>DHR-f\u00f6reningar i S\u00f6rmland - DHR - Region S\u00f6rmland<\/title>\n<meta name=\"robots\" content=\"index, follow, max-snippet:-1, max-image-preview:large, max-video-preview:-1\" \/>\n<link rel=\"canonical\" href=\"https:\/\/dhr.se\/regionsormland\/dhr-foreningar-i-sormland\/\" \/>\n<meta property=\"og:locale\" content=\"sv_SE\" \/>\n<meta property=\"og:type\" content=\"article\" \/>\n<meta property=\"og:title\" content=\"DHR-f\u00f6reningar i S\u00f6rmland - DHR - Region S\u00f6rmland\" \/>\n<meta property=\"og:url\" content=\"https:\/\/dhr.se\/regionsormland\/dhr-foreningar-i-sormland\/\" \/>\n<meta property=\"og:site_name\" content=\"DHR - Region S\u00f6rmland\" \/>\n<meta property=\"article:modified_time\" content=\"2026-03-03T18:49:44+00:00\" \/>\n<meta name=\"twitter:card\" content=\"summary_large_image\" \/>\n<script type=\"application\/ld+json\" class=\"yoast-schema-graph\">{\"@context\":\"https:\/\/schema.org\",\"@graph\":[{\"@type\":\"WebPage\",\"@id\":\"https:\/\/dhr.se\/regionsormland\/dhr-foreningar-i-sormland\/\",\"url\":\"https:\/\/dhr.se\/regionsormland\/dhr-foreningar-i-sormland\/\",\"name\":\"DHR-f\u00f6reningar i S\u00f6rmland - DHR - Region S\u00f6rmland\",\"isPartOf\":{\"@id\":\"https:\/\/dhr.se\/regionsormland\/#website\"},\"datePublished\":\"2023-06-19T17:22:26+00:00\",\"dateModified\":\"2026-03-03T18:49:44+00:00\",\"breadcrumb\":{\"@id\":\"https:\/\/dhr.se\/regionsormland\/dhr-foreningar-i-sormland\/#breadcrumb\"},\"inLanguage\":\"sv-SE\",\"potentialAction\":[{\"@type\":\"ReadAction\",\"target\":[\"https:\/\/dhr.se\/regionsormland\/dhr-foreningar-i-sormland\/\"]}]},{\"@type\":\"BreadcrumbList\",\"@id\":\"https:\/\/dhr.se\/regionsormland\/dhr-foreningar-i-sormland\/#breadcrumb\",\"itemListElement\":[{\"@type\":\"ListItem\",\"position\":1,\"name\":\"Hem\",\"item\":\"https:\/\/dhr.se\/regionsormland\/\"},{\"@type\":\"ListItem\",\"position\":2,\"name\":\"DHR-f\u00f6reningar i S\u00f6rmland\"}]},{\"@type\":\"WebSite\",\"@id\":\"https:\/\/dhr.se\/regionsormland\/#website\",\"url\":\"https:\/\/dhr.se\/regionsormland\/\",\"name\":\"DHR - Region S\u00f6rmland\",\"description\":\"Delaktighet, r\u00f6relsefrihet och handlingskraft\",\"potentialAction\":[{\"@type\":\"SearchAction\",\"target\":{\"@type\":\"EntryPoint\",\"urlTemplate\":\"https:\/\/dhr.se\/regionsormland\/?s={search_term_string}\"},\"query-input\":{\"@type\":\"PropertyValueSpecification\",\"valueRequired\":true,\"valueName\":\"search_term_string\"}}],\"inLanguage\":\"sv-SE\"}]}<\/script>\n<!-- \/ Yoast SEO plugin. -->","yoast_head_json":{"title":"DHR-f\u00f6reningar i S\u00f6rmland - DHR - Region S\u00f6rmland","robots":{"index":"index","follow":"follow","max-snippet":"max-snippet:-1","max-image-preview":"max-image-preview:large","max-video-preview":"max-video-preview:-1"},"canonical":"https:\/\/dhr.se\/regionsormland\/dhr-foreningar-i-sormland\/","og_locale":"sv_SE","og_type":"article","og_title":"DHR-f\u00f6reningar i S\u00f6rmland - DHR - Region S\u00f6rmland","og_url":"https:\/\/dhr.se\/regionsormland\/dhr-foreningar-i-sormland\/","og_site_name":"DHR - Region S\u00f6rmland","article_modified_time":"2026-03-03T18:49:44+00:00","twitter_card":"summary_large_image","schema":{"@context":"https:\/\/schema.org","@graph":[{"@type":"WebPage","@id":"https:\/\/dhr.se\/regionsormland\/dhr-foreningar-i-sormland\/","url":"https:\/\/dhr.se\/regionsormland\/dhr-foreningar-i-sormland\/","name":"DHR-f\u00f6reningar i S\u00f6rmland - DHR - Region S\u00f6rmland","isPartOf":{"@id":"https:\/\/dhr.se\/regionsormland\/#website"},"datePublished":"2023-06-19T17:22:26+00:00","dateModified":"2026-03-03T18:49:44+00:00","breadcrumb":{"@id":"https:\/\/dhr.se\/regionsormland\/dhr-foreningar-i-sormland\/#breadcrumb"},"inLanguage":"sv-SE","potentialAction":[{"@type":"ReadAction","target":["https:\/\/dhr.se\/regionsormland\/dhr-foreningar-i-sormland\/"]}]},{"@type":"BreadcrumbList","@id":"https:\/\/dhr.se\/regionsormland\/dhr-foreningar-i-sormland\/#breadcrumb","itemListElement":[{"@type":"ListItem","position":1,"name":"Hem","item":"https:\/\/dhr.se\/regionsormland\/"},{"@type":"ListItem","position":2,"name":"DHR-f\u00f6reningar i S\u00f6rmland"}]},{"@type":"WebSite","@id":"https:\/\/dhr.se\/regionsormland\/#website","url":"https:\/\/dhr.se\/regionsormland\/","name":"DHR - Region S\u00f6rmland","description":"Delaktighet, r\u00f6relsefrihet och handlingskraft","potentialAction":[{"@type":"SearchAction","target":{"@type":"EntryPoint","urlTemplate":"https:\/\/dhr.se\/regionsormland\/?s={search_term_string}"},"query-input":{"@type":"PropertyValueSpecification","valueRequired":true,"valueName":"search_term_string"}}],"inLanguage":"sv-SE"}]}},"publishpress_future_action":{"enabled":false,"date":"2026-04-27 19:02:17","action":"change-status","newStatus":"draft","terms":[],"taxonomy":"translation_priority","extraData":[]},"publishpress_future_workflow_manual_trigger":{"enabledWorkflows":[]},"_links":{"self":[{"href":"https:\/\/dhr.se\/regionsormland\/wp-json\/wp\/v2\/pages\/2066","targetHints":{"allow":["GET"]}}],"collection":[{"href":"https:\/\/dhr.se\/regionsormland\/wp-json\/wp\/v2\/pages"}],"about":[{"href":"https:\/\/dhr.se\/regionsormland\/wp-json\/wp\/v2\/types\/page"}],"author":[{"embeddable":true,"href":"https:\/\/dhr.se\/regionsormland\/wp-json\/wp\/v2\/users\/40"}],"replies":[{"embeddable":true,"href":"https:\/\/dhr.se\/regionsormland\/wp-json\/wp\/v2\/comments?post=2066"}],"version-history":[{"count":2,"href":"https:\/\/dhr.se\/regionsormland\/wp-json\/wp\/v2\/pages\/2066\/revisions"}],"predecessor-version":[{"id":2125,"href":"https:\/\/dhr.se\/regionsormland\/wp-json\/wp\/v2\/pages\/2066\/revisions\/2125"}],"wp:attachment":[{"href":"https:\/\/dhr.se\/regionsormland\/wp-json\/wp\/v2\/media?parent=2066"}],"curies":[{"name":"wp","href":"https:\/\/api.w.org\/{rel}","templated":true}]}}