{"id":936,"date":"2019-08-19T11:01:18","date_gmt":"2019-08-19T09:01:18","guid":{"rendered":"http:\/\/dhr.se\/sodermanland\/?page_id=936"},"modified":"2026-02-19T21:14:16","modified_gmt":"2026-02-19T20:14:16","slug":"om-oss","status":"publish","type":"page","link":"https:\/\/dhr.se\/regionsormland\/om-oss\/","title":{"rendered":"Om oss"},"content":{"rendered":"<section class=\"block-simple-text\">\n    <div class=\"main\">\n        <div class=\"main-inner\">\n            <div class=\"ingress text-darker\"><p>DHR Region S\u00f6rmland \u00e4r en underorganisation till f\u00f6rbundet DHR. Vi arbetar f\u00f6r att g\u00f6ra samh\u00e4llet tillg\u00e4ngligt s\u00e5 att ingen ska beh\u00f6va avst\u00e5 n\u00e5gon aktivitet p\u00e5 grund av att man inte kan komma in\/fram med rullstol eller annat hj\u00e4lpmedel.<\/p>\n<p><strong>F\u00f6renklad arbetsform<\/strong><\/p>\n<p>Sedan 2015 till\u00e4mpar regionen f\u00f6renklad styrform i enlighet med f\u00f6rbundets stadgar f\u00f6r distrikt och regioner.<\/p>\n<p>Distriktsstyrelsen i ett DHR-distrikt\/en DHR-region ers\u00e4tts av en styrgrupp som best\u00e5r av en representant fr\u00e5n varje avdelning som ing\u00e5r i distriktet\/regionen. Styrgruppen utser sj\u00e4lv en sammankallande, en ekonomiansvarig. Styrgruppen kan sedan adjungera en eller flera personer f\u00f6r olika uppdrag inom distriktet.<\/p>\n<\/div>\n            <div class=\"content\"><p>&nbsp;<\/p>\n<p>&nbsp;<\/p>\n<\/div>\n        <\/div>\n    <\/div>\n<\/section>","protected":false},"excerpt":{"rendered":"","protected":false},"author":4,"featured_media":0,"parent":0,"menu_order":0,"comment_status":"closed","ping_status":"closed","template":"template-side-menu.php","meta":{"_acf_changed":false,"_monsterinsights_skip_tracking":false,"_monsterinsights_sitenote_active":false,"_monsterinsights_sitenote_note":"","_monsterinsights_sitenote_category":0,"footnotes":""},"class_list":["post-936","page","type-page","status-publish","hentry"],"acf":[],"yoast_head":"<!-- This site is optimized with the Yoast SEO plugin v27.2 - https:\/\/yoast.com\/product\/yoast-seo-wordpress\/ -->\n<title>Om oss - DHR - Region S\u00f6rmland<\/title>\n<meta name=\"robots\" content=\"index, follow, max-snippet:-1, max-image-preview:large, max-video-preview:-1\" \/>\n<link rel=\"canonical\" href=\"https:\/\/dhr.se\/regionsormland\/om-oss\/\" \/>\n<meta property=\"og:locale\" content=\"sv_SE\" \/>\n<meta property=\"og:type\" content=\"article\" \/>\n<meta property=\"og:title\" content=\"Om oss - DHR - Region S\u00f6rmland\" \/>\n<meta property=\"og:url\" content=\"https:\/\/dhr.se\/regionsormland\/om-oss\/\" \/>\n<meta property=\"og:site_name\" content=\"DHR - Region S\u00f6rmland\" \/>\n<meta property=\"article:modified_time\" content=\"2026-02-19T20:14:16+00:00\" \/>\n<meta name=\"twitter:card\" content=\"summary_large_image\" \/>\n<script type=\"application\/ld+json\" class=\"yoast-schema-graph\">{\"@context\":\"https:\/\/schema.org\",\"@graph\":[{\"@type\":\"WebPage\",\"@id\":\"https:\/\/dhr.se\/regionsormland\/om-oss\/\",\"url\":\"https:\/\/dhr.se\/regionsormland\/om-oss\/\",\"name\":\"Om oss - DHR - Region S\u00f6rmland\",\"isPartOf\":{\"@id\":\"https:\/\/dhr.se\/regionsormland\/#website\"},\"datePublished\":\"2019-08-19T09:01:18+00:00\",\"dateModified\":\"2026-02-19T20:14:16+00:00\",\"breadcrumb\":{\"@id\":\"https:\/\/dhr.se\/regionsormland\/om-oss\/#breadcrumb\"},\"inLanguage\":\"sv-SE\",\"potentialAction\":[{\"@type\":\"ReadAction\",\"target\":[\"https:\/\/dhr.se\/regionsormland\/om-oss\/\"]}]},{\"@type\":\"BreadcrumbList\",\"@id\":\"https:\/\/dhr.se\/regionsormland\/om-oss\/#breadcrumb\",\"itemListElement\":[{\"@type\":\"ListItem\",\"position\":1,\"name\":\"Hem\",\"item\":\"https:\/\/dhr.se\/regionsormland\/\"},{\"@type\":\"ListItem\",\"position\":2,\"name\":\"Om oss\"}]},{\"@type\":\"WebSite\",\"@id\":\"https:\/\/dhr.se\/regionsormland\/#website\",\"url\":\"https:\/\/dhr.se\/regionsormland\/\",\"name\":\"DHR - Region S\u00f6rmland\",\"description\":\"Delaktighet, r\u00f6relsefrihet och handlingskraft\",\"potentialAction\":[{\"@type\":\"SearchAction\",\"target\":{\"@type\":\"EntryPoint\",\"urlTemplate\":\"https:\/\/dhr.se\/regionsormland\/?s={search_term_string}\"},\"query-input\":{\"@type\":\"PropertyValueSpecification\",\"valueRequired\":true,\"valueName\":\"search_term_string\"}}],\"inLanguage\":\"sv-SE\"}]}<\/script>\n<!-- \/ Yoast SEO plugin. -->","yoast_head_json":{"title":"Om oss - DHR - Region S\u00f6rmland","robots":{"index":"index","follow":"follow","max-snippet":"max-snippet:-1","max-image-preview":"max-image-preview:large","max-video-preview":"max-video-preview:-1"},"canonical":"https:\/\/dhr.se\/regionsormland\/om-oss\/","og_locale":"sv_SE","og_type":"article","og_title":"Om oss - DHR - Region S\u00f6rmland","og_url":"https:\/\/dhr.se\/regionsormland\/om-oss\/","og_site_name":"DHR - Region S\u00f6rmland","article_modified_time":"2026-02-19T20:14:16+00:00","twitter_card":"summary_large_image","schema":{"@context":"https:\/\/schema.org","@graph":[{"@type":"WebPage","@id":"https:\/\/dhr.se\/regionsormland\/om-oss\/","url":"https:\/\/dhr.se\/regionsormland\/om-oss\/","name":"Om oss - DHR - Region S\u00f6rmland","isPartOf":{"@id":"https:\/\/dhr.se\/regionsormland\/#website"},"datePublished":"2019-08-19T09:01:18+00:00","dateModified":"2026-02-19T20:14:16+00:00","breadcrumb":{"@id":"https:\/\/dhr.se\/regionsormland\/om-oss\/#breadcrumb"},"inLanguage":"sv-SE","potentialAction":[{"@type":"ReadAction","target":["https:\/\/dhr.se\/regionsormland\/om-oss\/"]}]},{"@type":"BreadcrumbList","@id":"https:\/\/dhr.se\/regionsormland\/om-oss\/#breadcrumb","itemListElement":[{"@type":"ListItem","position":1,"name":"Hem","item":"https:\/\/dhr.se\/regionsormland\/"},{"@type":"ListItem","position":2,"name":"Om oss"}]},{"@type":"WebSite","@id":"https:\/\/dhr.se\/regionsormland\/#website","url":"https:\/\/dhr.se\/regionsormland\/","name":"DHR - Region S\u00f6rmland","description":"Delaktighet, r\u00f6relsefrihet och handlingskraft","potentialAction":[{"@type":"SearchAction","target":{"@type":"EntryPoint","urlTemplate":"https:\/\/dhr.se\/regionsormland\/?s={search_term_string}"},"query-input":{"@type":"PropertyValueSpecification","valueRequired":true,"valueName":"search_term_string"}}],"inLanguage":"sv-SE"}]}},"publishpress_future_action":{"enabled":false,"date":"2026-04-27 01:58:09","action":"change-status","newStatus":"draft","terms":[],"taxonomy":"translation_priority","extraData":[]},"publishpress_future_workflow_manual_trigger":{"enabledWorkflows":[]},"_links":{"self":[{"href":"https:\/\/dhr.se\/regionsormland\/wp-json\/wp\/v2\/pages\/936","targetHints":{"allow":["GET"]}}],"collection":[{"href":"https:\/\/dhr.se\/regionsormland\/wp-json\/wp\/v2\/pages"}],"about":[{"href":"https:\/\/dhr.se\/regionsormland\/wp-json\/wp\/v2\/types\/page"}],"author":[{"embeddable":true,"href":"https:\/\/dhr.se\/regionsormland\/wp-json\/wp\/v2\/users\/4"}],"replies":[{"embeddable":true,"href":"https:\/\/dhr.se\/regionsormland\/wp-json\/wp\/v2\/comments?post=936"}],"version-history":[{"count":1,"href":"https:\/\/dhr.se\/regionsormland\/wp-json\/wp\/v2\/pages\/936\/revisions"}],"predecessor-version":[{"id":2121,"href":"https:\/\/dhr.se\/regionsormland\/wp-json\/wp\/v2\/pages\/936\/revisions\/2121"}],"wp:attachment":[{"href":"https:\/\/dhr.se\/regionsormland\/wp-json\/wp\/v2\/media?parent=936"}],"curies":[{"name":"wp","href":"https:\/\/api.w.org\/{rel}","templated":true}]}}