{"id":2068,"date":"2021-05-18T20:40:00","date_gmt":"2021-05-18T18:40:00","guid":{"rendered":"http:\/\/dhr.se\/skane\/?page_id=2068"},"modified":"2026-03-11T05:55:09","modified_gmt":"2026-03-11T04:55:09","slug":"nyhetsbrev-2","status":"publish","type":"page","link":"https:\/\/dhr.se\/skane\/nyhetsbrev-2\/","title":{"rendered":"Nyhetsbrev"},"content":{"rendered":"<section class=\"block-textbox\" style=\"background-image:url(https:\/\/dhr.se\/skane\/wp-content\/uploads\/sites\/19\/2021\/09\/IMG_20210516_180357-1.jpg);\">\n    <div class=\"main\">\n        <div class=\"main-inner\">\n\n                <div class=\"text-container\">\n                    <h2><\/h2>\n                    <p>H\u00e4r hittar du alla nyhetsbrev som DHR Sk\u00e5ne skickar ut till sina medlemmar. <\/p>\n\n                    \n                <\/div>\n\n        <\/div>\n    <\/div>\n<\/section>\n\n\n<div class=\"wp-block-file\"><a id=\"wp-block-file--media-12fd8194-368c-465d-a7cc-264b032ed4c0\" href=\"https:\/\/dhr.se\/skane\/wp-content\/uploads\/sites\/19\/2026\/02\/DHR-Skane-Nyhetsbrev-2026-k-1-1.pdf\" target=\"_blank\" rel=\"noreferrer noopener\">Nyhetsbrev 2026<br><\/a><a href=\"https:\/\/dhr.se\/skane\/wp-content\/uploads\/sites\/19\/2026\/02\/DHR-Skane-Nyhetsbrev-2026-k-1-1.pdf\" class=\"wp-block-file__button wp-element-button\" download aria-describedby=\"wp-block-file--media-12fd8194-368c-465d-a7cc-264b032ed4c0\">Ladda ner<\/a><\/div>\n\n\n\n<div data-wp-interactive=\"core\/file\" class=\"wp-block-file\"><object data-wp-bind--hidden=\"!state.hasPdfPreview\" hidden class=\"wp-block-file__embed\" data=\"https:\/\/dhr.se\/skane\/wp-content\/uploads\/sites\/19\/2025\/03\/DHR-Skane-Nyhetsbrev-2025-inkl-anmalningsblankett.pdf\" type=\"application\/pdf\" style=\"width:100%;height:600px\" aria-label=\"Inb\u00e4ddning av DHR Sk\u00e5ne Nyhetsbrev 2025 inkl anm\u00e4lningsblankett.\"><\/object><a id=\"wp-block-file--media-e6afa64a-975e-4b45-aa98-d18c138d9e03\" href=\"https:\/\/dhr.se\/skane\/wp-content\/uploads\/sites\/19\/2025\/03\/DHR-Skane-Nyhetsbrev-2025-inkl-anmalningsblankett.pdf\" target=\"_blank\" rel=\"noreferrer noopener\">DHR Sk\u00e5ne Nyhetsbrev 2025 inkl anm\u00e4lningsblankett<\/a><a href=\"https:\/\/dhr.se\/skane\/wp-content\/uploads\/sites\/19\/2025\/03\/DHR-Skane-Nyhetsbrev-2025-inkl-anmalningsblankett.pdf\" class=\"wp-block-file__button wp-element-button\" download aria-describedby=\"wp-block-file--media-e6afa64a-975e-4b45-aa98-d18c138d9e03\">Ladda ner<\/a><\/div>\n\n\n\n<div class=\"wp-block-file\"><a id=\"wp-block-file--media-e6afa64a-975e-4b45-aa98-d18c138d9e03\" href=\"https:\/\/dhr.se\/skane\/wp-content\/uploads\/sites\/19\/2024\/04\/DHR-Skane-Nyhetsbrev-2024.pdf\" target=\"_blank\" rel=\"noreferrer noopener\">DHR Sk\u00e5ne Nyhetsbrev 2024<\/a><a href=\"https:\/\/dhr.se\/skane\/wp-content\/uploads\/sites\/19\/2024\/04\/DHR-Skane-Nyhetsbrev-2024.pdf\" class=\"wp-block-file__button wp-element-button\" download aria-describedby=\"wp-block-file--media-e6afa64a-975e-4b45-aa98-d18c138d9e03\">Ladda ner<\/a><\/div>\n\n\n\n<div class=\"wp-block-file\"><a id=\"wp-block-file--media-e6afa64a-975e-4b45-aa98-d18c138d9e03\" href=\"https:\/\/dhr.se\/skane\/wp-content\/uploads\/sites\/19\/2023\/04\/DHR-Skane-Nyhetsbrev-2023.pdf\" target=\"_blank\" rel=\"noreferrer noopener\">DHR-Skane-Nyhetsbrev-2023<\/a><a href=\"https:\/\/dhr.se\/skane\/wp-content\/uploads\/sites\/19\/2023\/04\/DHR-Skane-Nyhetsbrev-2023.pdf\" class=\"wp-block-file__button wp-element-button\" download aria-describedby=\"wp-block-file--media-e6afa64a-975e-4b45-aa98-d18c138d9e03\">Ladda ner<\/a><\/div>\n\n\n\n<div class=\"wp-block-file\"><a id=\"wp-block-file--media-9bd630f8-46ee-40a1-9143-acb69f88efbc\" href=\"https:\/\/dhr.se\/skane\/wp-content\/uploads\/sites\/19\/2022\/01\/Nyhetsbrev-december-2021.pdf\" target=\"_blank\" rel=\"noreferrer noopener\">Nyhetsbrev-december-2021<\/a><a href=\"https:\/\/dhr.se\/skane\/wp-content\/uploads\/sites\/19\/2022\/01\/Nyhetsbrev-december-2021.pdf\" class=\"wp-block-file__button wp-element-button\" download aria-describedby=\"wp-block-file--media-9bd630f8-46ee-40a1-9143-acb69f88efbc\">Ladda ner<\/a><\/div>\n\n\n\n<div class=\"wp-block-file\"><a id=\"wp-block-file--media-c58ce574-1623-4a13-9ae6-77b78a4ed636\" href=\"https:\/\/dhr.se\/skane\/wp-content\/uploads\/sites\/19\/2021\/09\/Nyhetsbrev-2021-sida-1.pdf\" target=\"_blank\" rel=\"noreferrer noopener\">Nyhetsbrev-februari 2021-sida-1<\/a><a href=\"https:\/\/dhr.se\/skane\/wp-content\/uploads\/sites\/19\/2021\/09\/Nyhetsbrev-2021-sida-1.pdf\" class=\"wp-block-file__button wp-element-button\" download aria-describedby=\"wp-block-file--media-c58ce574-1623-4a13-9ae6-77b78a4ed636\">Ladda ner<\/a><\/div>\n\n\n\n<div class=\"wp-block-file\"><a id=\"wp-block-file--media-0fde4fb9-9233-45fd-bd85-41984c8e0fdc\" href=\"https:\/\/dhr.se\/skane\/wp-content\/uploads\/sites\/19\/2021\/09\/Nyhetsbrev-2021-sida-2.pdf\" target=\"_blank\" rel=\"noreferrer noopener\">Nyhetsbrev-februari 2021-sida-2<\/a><a href=\"https:\/\/dhr.se\/skane\/wp-content\/uploads\/sites\/19\/2021\/09\/Nyhetsbrev-2021-sida-2.pdf\" class=\"wp-block-file__button wp-element-button\" download aria-describedby=\"wp-block-file--media-0fde4fb9-9233-45fd-bd85-41984c8e0fdc\">Ladda ner<\/a><\/div>\n\n\n\n<p><\/p>\n\n\n<section class=\"block-box-links \">\n    <div class=\"main\">\n        <div class=\"main-inner\">\n            <div class=\"flex-container\">\n\n                \n            <\/div>\n        <\/div>\n    <\/div>\n<\/section>\n\n<section class=\"block-box-links \">\n    <div class=\"main\">\n        <div class=\"main-inner\">\n            <div class=\"flex-container\">\n\n                \n            <\/div>\n        <\/div>\n    <\/div>\n<\/section>\n\n<section class=\"block-box-links \">\n    <div class=\"main\">\n        <div class=\"main-inner\">\n            <div class=\"flex-container\">\n\n                \n            <\/div>\n        <\/div>\n    <\/div>\n<\/section>\n\n<section class=\"block-box-links \">\n    <div class=\"main\">\n        <div class=\"main-inner\">\n            <div class=\"flex-container\">\n\n                \n            <\/div>\n        <\/div>\n    <\/div>\n<\/section>\n\n<section class=\"block-box-links \">\n    <div class=\"main\">\n        <div class=\"main-inner\">\n            <div class=\"flex-container\">\n\n                \n            <\/div>\n        <\/div>\n    <\/div>\n<\/section>\n\n<section class=\"block-box-links \">\n    <div class=\"main\">\n        <div class=\"main-inner\">\n            <div class=\"flex-container\">\n\n                \n            <\/div>\n        <\/div>\n    <\/div>\n<\/section>\n\n<section class=\"block-box-links \">\n    <div class=\"main\">\n        <div class=\"main-inner\">\n            <div class=\"flex-container\">\n\n                \n            <\/div>\n        <\/div>\n    <\/div>\n<\/section>\n\n<section class=\"block-box-links \">\n    <div class=\"main\">\n        <div class=\"main-inner\">\n            <div class=\"flex-container\">\n\n                \n            <\/div>\n        <\/div>\n    <\/div>\n<\/section>\n\n<section class=\"block-box-links \">\n    <div class=\"main\">\n        <div class=\"main-inner\">\n            <div class=\"flex-container\">\n\n                \n            <\/div>\n        <\/div>\n    <\/div>\n<\/section>\n\n<section class=\"block-hero\" style=\"background-image:url();\">\n\n<video autoplay loop playsinline muted loop>\n    <source src=\"\" type=\"video\/mp4\">\n    Your browser does not support HTML5 video.\n<\/video>\n\n<div class=\"overlay \"><\/div>\n    <div class=\"main\">\n        <div class=\"main-inner\">\n            <p class=\"small-title\"><\/p>\n            <h1><\/h1>\n            <p class=\"text\"><\/p>\n\n\n            \n\n\n\n        <\/div>\n    <\/div>\n<\/section>\n\n<section class=\"block-box-links \">\n    <div class=\"main\">\n        <div class=\"main-inner\">\n            <div class=\"flex-container\">\n\n                \n            <\/div>\n        <\/div>\n    <\/div>\n<\/section>","protected":false},"excerpt":{"rendered":"","protected":false},"author":21,"featured_media":0,"parent":0,"menu_order":0,"comment_status":"closed","ping_status":"closed","template":"","meta":{"_acf_changed":false,"_monsterinsights_skip_tracking":false,"_monsterinsights_sitenote_active":false,"_monsterinsights_sitenote_note":"","_monsterinsights_sitenote_category":0,"footnotes":""},"class_list":["post-2068","page","type-page","status-publish","hentry"],"acf":[],"yoast_head":"<!-- This site is optimized with the Yoast SEO plugin v27.5 - https:\/\/yoast.com\/product\/yoast-seo-wordpress\/ -->\n<title>Nyhetsbrev - DHR - Sk\u00e5ne<\/title>\n<meta name=\"robots\" content=\"index, follow, max-snippet:-1, max-image-preview:large, max-video-preview:-1\" \/>\n<link rel=\"canonical\" href=\"https:\/\/dhr.se\/skane\/nyhetsbrev-2\/\" \/>\n<meta property=\"og:locale\" content=\"sv_SE\" \/>\n<meta property=\"og:type\" content=\"article\" \/>\n<meta property=\"og:title\" content=\"Nyhetsbrev - DHR - Sk\u00e5ne\" \/>\n<meta property=\"og:url\" content=\"https:\/\/dhr.se\/skane\/nyhetsbrev-2\/\" \/>\n<meta property=\"og:site_name\" content=\"DHR - Sk\u00e5ne\" \/>\n<meta property=\"article:modified_time\" content=\"2026-03-11T04:55:09+00:00\" \/>\n<meta name=\"twitter:card\" content=\"summary_large_image\" \/>\n<meta name=\"twitter:label1\" content=\"Ber\u00e4knad l\u00e4stid\" \/>\n\t<meta name=\"twitter:data1\" content=\"1 minut\" \/>\n<script type=\"application\/ld+json\" class=\"yoast-schema-graph\">{\"@context\":\"https:\\\/\\\/schema.org\",\"@graph\":[{\"@type\":\"WebPage\",\"@id\":\"https:\\\/\\\/dhr.se\\\/skane\\\/nyhetsbrev-2\\\/\",\"url\":\"https:\\\/\\\/dhr.se\\\/skane\\\/nyhetsbrev-2\\\/\",\"name\":\"Nyhetsbrev - DHR - Sk\u00e5ne\",\"isPartOf\":{\"@id\":\"https:\\\/\\\/dhr.se\\\/skane\\\/#website\"},\"datePublished\":\"2021-05-18T18:40:00+00:00\",\"dateModified\":\"2026-03-11T04:55:09+00:00\",\"breadcrumb\":{\"@id\":\"https:\\\/\\\/dhr.se\\\/skane\\\/nyhetsbrev-2\\\/#breadcrumb\"},\"inLanguage\":\"sv-SE\",\"potentialAction\":[{\"@type\":\"ReadAction\",\"target\":[\"https:\\\/\\\/dhr.se\\\/skane\\\/nyhetsbrev-2\\\/\"]}]},{\"@type\":\"BreadcrumbList\",\"@id\":\"https:\\\/\\\/dhr.se\\\/skane\\\/nyhetsbrev-2\\\/#breadcrumb\",\"itemListElement\":[{\"@type\":\"ListItem\",\"position\":1,\"name\":\"Hem\",\"item\":\"https:\\\/\\\/dhr.se\\\/skane\\\/\"},{\"@type\":\"ListItem\",\"position\":2,\"name\":\"Nyhetsbrev\"}]},{\"@type\":\"WebSite\",\"@id\":\"https:\\\/\\\/dhr.se\\\/skane\\\/#website\",\"url\":\"https:\\\/\\\/dhr.se\\\/skane\\\/\",\"name\":\"DHR - Sk\u00e5ne\",\"description\":\"Delaktighet, r\u00f6relsefrihet och handlingskraft\",\"potentialAction\":[{\"@type\":\"SearchAction\",\"target\":{\"@type\":\"EntryPoint\",\"urlTemplate\":\"https:\\\/\\\/dhr.se\\\/skane\\\/?s={search_term_string}\"},\"query-input\":{\"@type\":\"PropertyValueSpecification\",\"valueRequired\":true,\"valueName\":\"search_term_string\"}}],\"inLanguage\":\"sv-SE\"}]}<\/script>\n<!-- \/ Yoast SEO plugin. -->","yoast_head_json":{"title":"Nyhetsbrev - DHR - Sk\u00e5ne","robots":{"index":"index","follow":"follow","max-snippet":"max-snippet:-1","max-image-preview":"max-image-preview:large","max-video-preview":"max-video-preview:-1"},"canonical":"https:\/\/dhr.se\/skane\/nyhetsbrev-2\/","og_locale":"sv_SE","og_type":"article","og_title":"Nyhetsbrev - DHR - Sk\u00e5ne","og_url":"https:\/\/dhr.se\/skane\/nyhetsbrev-2\/","og_site_name":"DHR - Sk\u00e5ne","article_modified_time":"2026-03-11T04:55:09+00:00","twitter_card":"summary_large_image","twitter_misc":{"Ber\u00e4knad l\u00e4stid":"1 minut"},"schema":{"@context":"https:\/\/schema.org","@graph":[{"@type":"WebPage","@id":"https:\/\/dhr.se\/skane\/nyhetsbrev-2\/","url":"https:\/\/dhr.se\/skane\/nyhetsbrev-2\/","name":"Nyhetsbrev - DHR - Sk\u00e5ne","isPartOf":{"@id":"https:\/\/dhr.se\/skane\/#website"},"datePublished":"2021-05-18T18:40:00+00:00","dateModified":"2026-03-11T04:55:09+00:00","breadcrumb":{"@id":"https:\/\/dhr.se\/skane\/nyhetsbrev-2\/#breadcrumb"},"inLanguage":"sv-SE","potentialAction":[{"@type":"ReadAction","target":["https:\/\/dhr.se\/skane\/nyhetsbrev-2\/"]}]},{"@type":"BreadcrumbList","@id":"https:\/\/dhr.se\/skane\/nyhetsbrev-2\/#breadcrumb","itemListElement":[{"@type":"ListItem","position":1,"name":"Hem","item":"https:\/\/dhr.se\/skane\/"},{"@type":"ListItem","position":2,"name":"Nyhetsbrev"}]},{"@type":"WebSite","@id":"https:\/\/dhr.se\/skane\/#website","url":"https:\/\/dhr.se\/skane\/","name":"DHR - Sk\u00e5ne","description":"Delaktighet, r\u00f6relsefrihet och handlingskraft","potentialAction":[{"@type":"SearchAction","target":{"@type":"EntryPoint","urlTemplate":"https:\/\/dhr.se\/skane\/?s={search_term_string}"},"query-input":{"@type":"PropertyValueSpecification","valueRequired":true,"valueName":"search_term_string"}}],"inLanguage":"sv-SE"}]}},"publishpress_future_action":{"enabled":false,"date":"2026-05-08 08:15:14","action":"change-status","newStatus":"draft","terms":[],"taxonomy":"translation_priority","extraData":[]},"publishpress_future_workflow_manual_trigger":{"enabledWorkflows":[]},"_links":{"self":[{"href":"https:\/\/dhr.se\/skane\/wp-json\/wp\/v2\/pages\/2068","targetHints":{"allow":["GET"]}}],"collection":[{"href":"https:\/\/dhr.se\/skane\/wp-json\/wp\/v2\/pages"}],"about":[{"href":"https:\/\/dhr.se\/skane\/wp-json\/wp\/v2\/types\/page"}],"author":[{"embeddable":true,"href":"https:\/\/dhr.se\/skane\/wp-json\/wp\/v2\/users\/21"}],"replies":[{"embeddable":true,"href":"https:\/\/dhr.se\/skane\/wp-json\/wp\/v2\/comments?post=2068"}],"version-history":[{"count":1,"href":"https:\/\/dhr.se\/skane\/wp-json\/wp\/v2\/pages\/2068\/revisions"}],"predecessor-version":[{"id":3470,"href":"https:\/\/dhr.se\/skane\/wp-json\/wp\/v2\/pages\/2068\/revisions\/3470"}],"wp:attachment":[{"href":"https:\/\/dhr.se\/skane\/wp-json\/wp\/v2\/media?parent=2068"}],"curies":[{"name":"wp","href":"https:\/\/api.w.org\/{rel}","templated":true}]}}