{"id":2588,"date":"2021-05-17T06:03:00","date_gmt":"2021-05-17T04:03:00","guid":{"rendered":"http:\/\/nydhr.dev.daknight.se\/skane\/?page_id=2087"},"modified":"2026-03-11T06:14:51","modified_gmt":"2026-03-11T05:14:51","slug":"kurser-2","status":"publish","type":"page","link":"https:\/\/dhr.se\/skane\/kurser-2\/","title":{"rendered":"Aktiviteter"},"content":{"rendered":"\n<div class=\"wp-block-buttons is-horizontal is-content-justification-center is-layout-flex wp-container-core-buttons-is-layout-499968f5 wp-block-buttons-is-layout-flex\"><\/div>\n\n\n<section class=\"block-textbox\" style=\"background-image:url(https:\/\/dhr.se\/skane\/wp-content\/uploads\/sites\/19\/2020\/04\/distansarbete.jpg);\">\n    <div class=\"main\">\n        <div class=\"main-inner\">\n\n                <div class=\"text-container\">\n                    <h2>Medlemsaktiviteter 2026<\/h2>\n                    <p>H\u00e4r \u00e4r de aktiviteter vi har planerat f\u00f6r 2026. Vi uppdaterar vid eventuella f\u00f6r\u00e4ndringar.<br \/>\r\n<br \/>\r\n<strong> 20260419 kl 10.00 \u00c5rsm\u00f6te <\/strong><br \/>\r\nAlla medlemmar \u00e4r hj\u00e4rtligt v\u00e4lkomna. Enbart lokalavdelningarnas valda ombud har r\u00f6str\u00e4tt. <br \/>\r\nHabo G\u00e5rd, Lomma. Deltagaravgift 100 kr (f\u00f6r att f\u00e5 fika och mat)  <br \/>\r\n<br \/>\r\n<strong> 20260523 kl 10.00 &#8211; 16.00 Konferens \u201cF\u00f6reningsteknik och s\u00f6ka fonder\u201d <\/strong><br \/>\r\nHabo G\u00e5rd Lomma. Deltagaravgift 100 kr.<br \/>\r\n<br \/>\r\n<strong> 20260612-14 kl Konferens med rehab. \u201c\u2028F\u00e4rdtj\u00e4nst: lagstiftning. J\u00e4mf\u00f6relse regler\u00a0\u2028<br \/>\r\noch avgifter Sk\u00e5netrafiken respektive kommuner med egen\u00a0f\u00e4rdtj\u00e4nst som Lund, Malm\u00f6. Vad kan DHR g\u00f6ra f\u00f6r att p\u00e5verka beslutsfattare?\u201d  <\/strong><br \/>\r\nEn rehabbehandling ing\u00e5r. Hotell Erikslund \u00c4ngelholm. Deltagaravgift 1000 kr <br \/>\r\n<br \/>\r\n<strong> 20260822 kl 12.00 Grillning Habo G\u00e5rd <\/strong><br \/>\r\nGratis f\u00f6r alla medlemmar men obligatorisk f\u00f6ranm\u00e4lan. Om man inte kommer trots anm\u00e4lan tas en avgift p\u00e5 100 kr ut. Vi tr\u00e4ffas, \u00e4ter och umg\u00e5s. <br \/>\r\nHabo G\u00e5rd Lomma<br \/>\r\n<br \/>\r\n<strong> September   Bussutf\u00e4rd \u00d6sterlen  <\/strong><br \/>\r\nMer information kommer<br \/>\r\n<br \/>\r\n<strong> 20261003 kl 10.00 &#8211; 16.00 \u201dInf\u00f6r f\u00f6rbundsm\u00f6te\u201d <\/strong><br \/>\r\nV\u00e4nder sig endast till de ombud som \u00e4r utsedda att representera DHR Sk\u00e5ne p\u00e5 DHRs f\u00f6rbundsst\u00e4mma. <br \/>\r\nHabo G\u00e5rd Lomma. Deltagaravgift 100 kr.<br \/>\r\n<br \/>\r\n<strong> 20261024 kl 10.00 &#8211; 16.00 Konferens \u00a0Tema \u201cH\u00e4lsa och friskv\u00e5rd\u201d <\/strong><br \/>\r\nHabo G\u00e5rd Lomma Deltagaravgift 100 kr.<br \/>\r\n<br \/>\r\n<strong> 20261113-15\tKonferens med rehab \u201cJ\u00e4mst\u00e4lld sjukv\u00e5rd, Krisberedskap f\u00f6r oss\u00a0\u2028<br \/>\r\nmed funktionsneds\u00e4ttning, HLR\u201d <\/strong><br \/>\r\nEn rehabbehandling ing\u00e5r. Hotell Erikslund \u00c4ngelholm. Deltagaravgift 1000 kr<\/p>\n\n                                            <a class=\"button big accent\" href=\"https:\/\/docs.google.com\/forms\/d\/e\/1FAIpQLSf_rOvQC84HgewXl2L7xxoW50nn9pGYrhVpH%200dqPO0Q9J74Cg\/viewform?usp=header\" target=\"_blank\">Kursanm\u00e4lan (via Google)<\/a>\n                    \n                <\/div>\n\n        <\/div>\n    <\/div>\n<\/section>\n\n\n<div class=\"wp-block-group alignwide\"><div class=\"wp-block-group__inner-container is-layout-flow wp-block-group-is-layout-flow\">\n<p><\/p>\n<\/div><\/div>\n\n\n\n<p><\/p>\n\n\n\n<div class=\"wp-block-file\"><a href=\"https:\/\/dhr.se\/skane\/wp-content\/uploads\/sites\/19\/2025\/03\/DHR-Skane-Anmalningsblankett.docx\" class=\"wp-block-file__button wp-element-button\" download><\/a><\/div>\n\n\n\n<div class=\"wp-block-buttons is-layout-flex wp-block-buttons-is-layout-flex\"><\/div>\n\n\n\n<div class=\"wp-block-buttons is-layout-flex wp-block-buttons-is-layout-flex\"><\/div>\n\n\n<section class=\"block-hero\" style=\"background-image:url(https:\/\/dhr.se\/skane\/wp-content\/uploads\/sites\/19\/2021\/09\/IMG_20210516_180403-1.jpg);\">\n\n<video autoplay loop playsinline muted loop>\n    <source src=\"\" type=\"video\/mp4\">\n    Your browser does not support HTML5 video.\n<\/video>\n\n<div class=\"overlay overlay-dark\"><\/div>\n    <div class=\"main\">\n        <div class=\"main-inner\">\n            <p class=\"small-title\"><\/p>\n            <h1>Regler f\u00f6r kursdeltagande:<\/h1>\n            <p class=\"text\"><strong> Regler f\u00f6r kursdeltagande: <\/strong><br \/>\r\n<br \/>\r\nKostnaden \u00e4r 1000 kr f\u00f6r konferens med rehab. Enkelrumstill\u00e4gg 190 kr. Det g\u00e5r att ans\u00f6ka om medel f\u00f6r att bekosta deltagaravgiften (ej enkelrum) fr\u00e5n DHR fonden. Ans\u00f6kan kan g\u00f6ras samtidigt som anm\u00e4lan. <br \/>\r\nSpecial\u00f6nskem\u00e5l som s\u00e4rskild mat (allergier, glutenfritt, ej fl\u00e4skk\u00f6tt etc) samt behov av handikapprum ska meddelas vid anm\u00e4lan. <br \/>\r\n\u00c4ven vilken lokalavdelning man tillh\u00f6r ska skrivas in. <br \/>\r\nTill konferens med rehab ska \u00f6nskem\u00e5l om behandling skrivas in fr\u00e5n 1 till 4 samt vilken dag man f\u00f6redrar.<br \/>\r\n<br \/>\r\nAlla funktionsneds\u00e4ttningar som respektive person har skall respekteras. Det g\u00e4ller inte bara r\u00f6relseneds\u00e4ttningar utan allt. \u00c4ven allergier, som mot r\u00f6k och parfymer. <br \/>\r\n<br \/>\r\nOBS Anm\u00e4lan g\u00f6rs till dhrskane.anmalningar@gmail.com  sex veckor f\u00f6re aktivitet. OBS Ny mailadress. Nytt telefonnummer: 0702-218307 (kl 10-15 m\u00e5ndag till torsdag)<\/p>\n\n\n            \n\n\n\n        <\/div>\n    <\/div>\n<\/section>\n\n\n<p><\/p>\n","protected":false},"excerpt":{"rendered":"","protected":false},"author":21,"featured_media":0,"parent":0,"menu_order":0,"comment_status":"closed","ping_status":"closed","template":"template-side-menu.php","meta":{"_acf_changed":false,"_monsterinsights_skip_tracking":false,"_monsterinsights_sitenote_active":false,"_monsterinsights_sitenote_note":"","_monsterinsights_sitenote_category":0,"footnotes":""},"class_list":["post-2588","page","type-page","status-publish","hentry"],"acf":[],"yoast_head":"<!-- This site is optimized with the Yoast SEO plugin v27.5 - https:\/\/yoast.com\/product\/yoast-seo-wordpress\/ -->\n<title>Aktiviteter - DHR - Sk\u00e5ne<\/title>\n<meta name=\"robots\" content=\"index, follow, max-snippet:-1, max-image-preview:large, max-video-preview:-1\" \/>\n<link rel=\"canonical\" href=\"https:\/\/dhr.se\/skane\/kurser-2\/\" \/>\n<meta property=\"og:locale\" content=\"sv_SE\" \/>\n<meta property=\"og:type\" content=\"article\" \/>\n<meta property=\"og:title\" content=\"Aktiviteter - DHR - Sk\u00e5ne\" \/>\n<meta property=\"og:url\" content=\"https:\/\/dhr.se\/skane\/kurser-2\/\" \/>\n<meta property=\"og:site_name\" content=\"DHR - Sk\u00e5ne\" \/>\n<meta property=\"article:modified_time\" content=\"2026-03-11T05:14:51+00:00\" \/>\n<meta name=\"twitter:card\" content=\"summary_large_image\" \/>\n<script type=\"application\/ld+json\" class=\"yoast-schema-graph\">{\"@context\":\"https:\\\/\\\/schema.org\",\"@graph\":[{\"@type\":\"WebPage\",\"@id\":\"https:\\\/\\\/dhr.se\\\/skane\\\/kurser-2\\\/\",\"url\":\"https:\\\/\\\/dhr.se\\\/skane\\\/kurser-2\\\/\",\"name\":\"Aktiviteter - DHR - Sk\u00e5ne\",\"isPartOf\":{\"@id\":\"https:\\\/\\\/dhr.se\\\/skane\\\/#website\"},\"datePublished\":\"2021-05-17T04:03:00+00:00\",\"dateModified\":\"2026-03-11T05:14:51+00:00\",\"breadcrumb\":{\"@id\":\"https:\\\/\\\/dhr.se\\\/skane\\\/kurser-2\\\/#breadcrumb\"},\"inLanguage\":\"sv-SE\",\"potentialAction\":[{\"@type\":\"ReadAction\",\"target\":[\"https:\\\/\\\/dhr.se\\\/skane\\\/kurser-2\\\/\"]}]},{\"@type\":\"BreadcrumbList\",\"@id\":\"https:\\\/\\\/dhr.se\\\/skane\\\/kurser-2\\\/#breadcrumb\",\"itemListElement\":[{\"@type\":\"ListItem\",\"position\":1,\"name\":\"Hem\",\"item\":\"https:\\\/\\\/dhr.se\\\/skane\\\/\"},{\"@type\":\"ListItem\",\"position\":2,\"name\":\"Aktiviteter\"}]},{\"@type\":\"WebSite\",\"@id\":\"https:\\\/\\\/dhr.se\\\/skane\\\/#website\",\"url\":\"https:\\\/\\\/dhr.se\\\/skane\\\/\",\"name\":\"DHR - Sk\u00e5ne\",\"description\":\"Delaktighet, r\u00f6relsefrihet och handlingskraft\",\"potentialAction\":[{\"@type\":\"SearchAction\",\"target\":{\"@type\":\"EntryPoint\",\"urlTemplate\":\"https:\\\/\\\/dhr.se\\\/skane\\\/?s={search_term_string}\"},\"query-input\":{\"@type\":\"PropertyValueSpecification\",\"valueRequired\":true,\"valueName\":\"search_term_string\"}}],\"inLanguage\":\"sv-SE\"}]}<\/script>\n<!-- \/ Yoast SEO plugin. -->","yoast_head_json":{"title":"Aktiviteter - DHR - Sk\u00e5ne","robots":{"index":"index","follow":"follow","max-snippet":"max-snippet:-1","max-image-preview":"max-image-preview:large","max-video-preview":"max-video-preview:-1"},"canonical":"https:\/\/dhr.se\/skane\/kurser-2\/","og_locale":"sv_SE","og_type":"article","og_title":"Aktiviteter - DHR - Sk\u00e5ne","og_url":"https:\/\/dhr.se\/skane\/kurser-2\/","og_site_name":"DHR - Sk\u00e5ne","article_modified_time":"2026-03-11T05:14:51+00:00","twitter_card":"summary_large_image","schema":{"@context":"https:\/\/schema.org","@graph":[{"@type":"WebPage","@id":"https:\/\/dhr.se\/skane\/kurser-2\/","url":"https:\/\/dhr.se\/skane\/kurser-2\/","name":"Aktiviteter - DHR - Sk\u00e5ne","isPartOf":{"@id":"https:\/\/dhr.se\/skane\/#website"},"datePublished":"2021-05-17T04:03:00+00:00","dateModified":"2026-03-11T05:14:51+00:00","breadcrumb":{"@id":"https:\/\/dhr.se\/skane\/kurser-2\/#breadcrumb"},"inLanguage":"sv-SE","potentialAction":[{"@type":"ReadAction","target":["https:\/\/dhr.se\/skane\/kurser-2\/"]}]},{"@type":"BreadcrumbList","@id":"https:\/\/dhr.se\/skane\/kurser-2\/#breadcrumb","itemListElement":[{"@type":"ListItem","position":1,"name":"Hem","item":"https:\/\/dhr.se\/skane\/"},{"@type":"ListItem","position":2,"name":"Aktiviteter"}]},{"@type":"WebSite","@id":"https:\/\/dhr.se\/skane\/#website","url":"https:\/\/dhr.se\/skane\/","name":"DHR - Sk\u00e5ne","description":"Delaktighet, r\u00f6relsefrihet och handlingskraft","potentialAction":[{"@type":"SearchAction","target":{"@type":"EntryPoint","urlTemplate":"https:\/\/dhr.se\/skane\/?s={search_term_string}"},"query-input":{"@type":"PropertyValueSpecification","valueRequired":true,"valueName":"search_term_string"}}],"inLanguage":"sv-SE"}]}},"publishpress_future_action":{"enabled":false,"date":"2026-05-08 08:15:51","action":"change-status","newStatus":"draft","terms":[],"taxonomy":"translation_priority","extraData":[]},"publishpress_future_workflow_manual_trigger":{"enabledWorkflows":[]},"_links":{"self":[{"href":"https:\/\/dhr.se\/skane\/wp-json\/wp\/v2\/pages\/2588","targetHints":{"allow":["GET"]}}],"collection":[{"href":"https:\/\/dhr.se\/skane\/wp-json\/wp\/v2\/pages"}],"about":[{"href":"https:\/\/dhr.se\/skane\/wp-json\/wp\/v2\/types\/page"}],"author":[{"embeddable":true,"href":"https:\/\/dhr.se\/skane\/wp-json\/wp\/v2\/users\/21"}],"replies":[{"embeddable":true,"href":"https:\/\/dhr.se\/skane\/wp-json\/wp\/v2\/comments?post=2588"}],"version-history":[{"count":3,"href":"https:\/\/dhr.se\/skane\/wp-json\/wp\/v2\/pages\/2588\/revisions"}],"predecessor-version":[{"id":3484,"href":"https:\/\/dhr.se\/skane\/wp-json\/wp\/v2\/pages\/2588\/revisions\/3484"}],"wp:attachment":[{"href":"https:\/\/dhr.se\/skane\/wp-json\/wp\/v2\/media?parent=2588"}],"curies":[{"name":"wp","href":"https:\/\/api.w.org\/{rel}","templated":true}]}}