{"id":2976,"date":"2022-08-25T13:38:20","date_gmt":"2022-08-25T11:38:20","guid":{"rendered":"https:\/\/dhr.se\/skane\/?page_id=2976"},"modified":"2026-03-13T17:26:35","modified_gmt":"2026-03-13T16:26:35","slug":"infor-valet-20222","status":"publish","type":"page","link":"https:\/\/dhr.se\/skane\/drivhuset-stockholm\/infor-valet-20222\/","title":{"rendered":"Valet 2022"},"content":{"rendered":"<section class=\"block-textbox\" style=\"background-image:url();\">\n    <div class=\"main\">\n        <div class=\"main-inner\">\n\n                <div class=\"text-container\">\n                    <h2>DHR Sk\u00e5ne fr\u00e5gar ut partierna i Regionfullm\u00e4ktige<\/h2>\n                    <p>Regionvalet kallas ibland f\u00f6r det gl\u00f6mda valet trots att regionerna har ansvar f\u00f6r fr\u00e5gor som p\u00e5verkar m\u00e4nniskors liv och h\u00e4lsa direkt. Fungerande kollektivtrafik och f\u00e4rdtj\u00e4nst \u00e4r f\u00f6ruts\u00e4ttningar f\u00f6r att alla ska kunna r\u00f6ra sig i samh\u00e4llet. Sjukv\u00e5rden \u00e4r bokstavligt talat en fr\u00e5ga om liv eller d\u00f6d.<br \/>\r\nDe flesta av v\u00e5ra medlemmar har antingen sj\u00e4lva nedsatt r\u00f6relsef\u00f6rm\u00e5ga eller \u00e4r anh\u00f6rig. Vi vill s\u00e4tta ljuset p\u00e5 n\u00e5gra fr\u00e5gor som \u00e4r viktiga f\u00f6r v\u00e5ra medlemmar men \u00e4ven f\u00f6r hela samh\u00e4llet. N\u00e4r samh\u00e4llet fungerar f\u00f6r den med funktionsneds\u00e4ttning fungerar det utm\u00e4rkt f\u00f6r alla. Avfasade trottoarkanter vid \u00f6verg\u00e5ngsst\u00e4llen underl\u00e4ttar inte bara f\u00f6r personer i rullstol utan ocks\u00e5 f\u00f6r alla som g\u00e5r med rullatorer eller f\u00f6r barnfamiljer med barnvagnar. <br \/>\r\nI filerna nedan ser ni vilka fr\u00e5gor vi har st\u00e4llt till de politiska partierna representerade i regionfullm\u00e4ktige och partiernas svar, samt DHR Sk\u00e5nes sammanst\u00e4llning och analys.<br \/>\r\nDet \u00e4r spridning fr\u00e5n FNs konvention om personer med funktionshinder till trappkl\u00e4ttrare inom f\u00e4rdtj\u00e4nsten. <br \/>\r\n<\/p>\n\n                    \n                <\/div>\n\n        <\/div>\n    <\/div>\n<\/section>\n\n\n<div class=\"wp-block-file\"><a href=\"https:\/\/dhr.se\/skane\/wp-content\/uploads\/sites\/19\/2022\/09\/DHR-Skane-sammanstallning-partiernas-svar.pdf\">DHR-Skane-sammanstallning-partiernas-svar<\/a><a href=\"https:\/\/dhr.se\/skane\/wp-content\/uploads\/sites\/19\/2022\/09\/DHR-Skane-sammanstallning-partiernas-svar.pdf\" class=\"wp-block-file__button wp-element-button\" download>Sammanst\u00e4llning partisvar<\/a><\/div>\n\n\n\n<div class=\"wp-block-file\"><a href=\"https:\/\/dhr.se\/skane\/wp-content\/uploads\/sites\/19\/2022\/09\/DHR-Skane-Analys-partiernas-svar.pdf\">DHR-Skane-Analys-partiernas-svar<\/a><a href=\"https:\/\/dhr.se\/skane\/wp-content\/uploads\/sites\/19\/2022\/09\/DHR-Skane-Analys-partiernas-svar.pdf\" class=\"wp-block-file__button wp-element-button\" download>DHR Sk\u00e5nes  analys av partiernas svar<\/a><\/div>\n\n\n\n<div class=\"wp-block-file\"><a href=\"https:\/\/dhr.se\/skane\/wp-content\/uploads\/sites\/19\/2022\/08\/Svar-C.pdf\">Svar C<\/a><a href=\"https:\/\/dhr.se\/skane\/wp-content\/uploads\/sites\/19\/2022\/08\/Svar-C.pdf\" class=\"wp-block-file__button wp-element-button\" download>Svar fr\u00e5n C<\/a><\/div>\n\n\n\n<div class=\"wp-block-file\"><a href=\"https:\/\/dhr.se\/skane\/wp-content\/uploads\/sites\/19\/2022\/08\/Svar-KD.pdf\">Svar KD<\/a><a href=\"https:\/\/dhr.se\/skane\/wp-content\/uploads\/sites\/19\/2022\/08\/Svar-KD.pdf\" class=\"wp-block-file__button wp-element-button\" download>Svar fr\u00e5n KD<\/a><\/div>\n\n\n\n<div class=\"wp-block-file\"><a href=\"https:\/\/dhr.se\/skane\/wp-content\/uploads\/sites\/19\/2022\/08\/Svar-L.pdf\">Svar L<\/a><a href=\"https:\/\/dhr.se\/skane\/wp-content\/uploads\/sites\/19\/2022\/08\/Svar-L.pdf\" class=\"wp-block-file__button wp-element-button\" download>Svar fr\u00e5n L <\/a><\/div>\n\n\n\n<div class=\"wp-block-file\"><a href=\"https:\/\/dhr.se\/skane\/wp-content\/uploads\/sites\/19\/2022\/08\/Svar-M-6.pdf\">Svar M<\/a><a href=\"https:\/\/dhr.se\/skane\/wp-content\/uploads\/sites\/19\/2022\/08\/Svar-M-6.pdf\" class=\"wp-block-file__button wp-element-button\" download>Svar fr\u00e5n M<\/a><\/div>\n\n\n\n<div class=\"wp-block-file\"><a href=\"https:\/\/dhr.se\/skane\/wp-content\/uploads\/sites\/19\/2022\/08\/Svar-MP.pdf\">Svar MP<\/a><a href=\"https:\/\/dhr.se\/skane\/wp-content\/uploads\/sites\/19\/2022\/08\/Svar-MP.pdf\" class=\"wp-block-file__button wp-element-button\" download>Svar fr\u00e5n MP<\/a><\/div>\n\n\n\n<div class=\"wp-block-file\"><a href=\"https:\/\/dhr.se\/skane\/wp-content\/uploads\/sites\/19\/2022\/08\/Svar-S.pdf\">Svar S<\/a><a href=\"https:\/\/dhr.se\/skane\/wp-content\/uploads\/sites\/19\/2022\/08\/Svar-S.pdf\" class=\"wp-block-file__button wp-element-button\" download>Svar fr\u00e5n S<\/a><\/div>\n\n\n\n<div class=\"wp-block-file\"><a href=\"https:\/\/dhr.se\/skane\/wp-content\/uploads\/sites\/19\/2022\/08\/Svar-SD.pdf\">Svar SD<\/a><a href=\"https:\/\/dhr.se\/skane\/wp-content\/uploads\/sites\/19\/2022\/08\/Svar-SD.pdf\" class=\"wp-block-file__button wp-element-button\" download>Svar fr\u00e5n SD<\/a><\/div>\n\n\n\n<div class=\"wp-block-file\"><a href=\"https:\/\/dhr.se\/skane\/wp-content\/uploads\/sites\/19\/2022\/08\/Svar-V.pdf\">Svar V<\/a><a href=\"https:\/\/dhr.se\/skane\/wp-content\/uploads\/sites\/19\/2022\/08\/Svar-V.pdf\" class=\"wp-block-file__button wp-element-button\" download>Svar fr\u00e5n V<\/a><\/div>\n\n\n\n<p><\/p>\n","protected":false},"excerpt":{"rendered":"","protected":false},"author":21,"featured_media":0,"parent":754,"menu_order":0,"comment_status":"closed","ping_status":"closed","template":"","meta":{"_acf_changed":false,"_monsterinsights_skip_tracking":false,"_monsterinsights_sitenote_active":false,"_monsterinsights_sitenote_note":"","_monsterinsights_sitenote_category":0,"footnotes":""},"class_list":["post-2976","page","type-page","status-publish","hentry"],"acf":[],"yoast_head":"<!-- This site is optimized with the Yoast SEO plugin v27.5 - https:\/\/yoast.com\/product\/yoast-seo-wordpress\/ -->\n<title>Valet 2022 - DHR - Sk\u00e5ne<\/title>\n<meta name=\"robots\" content=\"index, follow, max-snippet:-1, max-image-preview:large, max-video-preview:-1\" \/>\n<link rel=\"canonical\" href=\"https:\/\/dhr.se\/skane\/drivhuset-stockholm\/infor-valet-20222\/\" \/>\n<meta property=\"og:locale\" content=\"sv_SE\" \/>\n<meta property=\"og:type\" content=\"article\" \/>\n<meta property=\"og:title\" content=\"Valet 2022 - DHR - Sk\u00e5ne\" \/>\n<meta property=\"og:url\" content=\"https:\/\/dhr.se\/skane\/drivhuset-stockholm\/infor-valet-20222\/\" \/>\n<meta property=\"og:site_name\" content=\"DHR - Sk\u00e5ne\" \/>\n<meta property=\"article:modified_time\" content=\"2026-03-13T16:26:35+00:00\" \/>\n<meta name=\"twitter:card\" content=\"summary_large_image\" \/>\n<meta name=\"twitter:label1\" content=\"Ber\u00e4knad l\u00e4stid\" \/>\n\t<meta name=\"twitter:data1\" content=\"1 minut\" \/>\n<script type=\"application\/ld+json\" class=\"yoast-schema-graph\">{\"@context\":\"https:\\\/\\\/schema.org\",\"@graph\":[{\"@type\":\"WebPage\",\"@id\":\"https:\\\/\\\/dhr.se\\\/skane\\\/drivhuset-stockholm\\\/infor-valet-20222\\\/\",\"url\":\"https:\\\/\\\/dhr.se\\\/skane\\\/drivhuset-stockholm\\\/infor-valet-20222\\\/\",\"name\":\"Valet 2022 - DHR - Sk\u00e5ne\",\"isPartOf\":{\"@id\":\"https:\\\/\\\/dhr.se\\\/skane\\\/#website\"},\"datePublished\":\"2022-08-25T11:38:20+00:00\",\"dateModified\":\"2026-03-13T16:26:35+00:00\",\"breadcrumb\":{\"@id\":\"https:\\\/\\\/dhr.se\\\/skane\\\/drivhuset-stockholm\\\/infor-valet-20222\\\/#breadcrumb\"},\"inLanguage\":\"sv-SE\",\"potentialAction\":[{\"@type\":\"ReadAction\",\"target\":[\"https:\\\/\\\/dhr.se\\\/skane\\\/drivhuset-stockholm\\\/infor-valet-20222\\\/\"]}]},{\"@type\":\"BreadcrumbList\",\"@id\":\"https:\\\/\\\/dhr.se\\\/skane\\\/drivhuset-stockholm\\\/infor-valet-20222\\\/#breadcrumb\",\"itemListElement\":[{\"@type\":\"ListItem\",\"position\":1,\"name\":\"Hem\",\"item\":\"https:\\\/\\\/dhr.se\\\/skane\\\/\"},{\"@type\":\"ListItem\",\"position\":2,\"name\":\"DHR -Sk\u00e5ne\",\"item\":\"https:\\\/\\\/dhr.se\\\/skane\\\/\"},{\"@type\":\"ListItem\",\"position\":3,\"name\":\"Valet 2022\"}]},{\"@type\":\"WebSite\",\"@id\":\"https:\\\/\\\/dhr.se\\\/skane\\\/#website\",\"url\":\"https:\\\/\\\/dhr.se\\\/skane\\\/\",\"name\":\"DHR - Sk\u00e5ne\",\"description\":\"Delaktighet, r\u00f6relsefrihet och handlingskraft\",\"potentialAction\":[{\"@type\":\"SearchAction\",\"target\":{\"@type\":\"EntryPoint\",\"urlTemplate\":\"https:\\\/\\\/dhr.se\\\/skane\\\/?s={search_term_string}\"},\"query-input\":{\"@type\":\"PropertyValueSpecification\",\"valueRequired\":true,\"valueName\":\"search_term_string\"}}],\"inLanguage\":\"sv-SE\"}]}<\/script>\n<!-- \/ Yoast SEO plugin. -->","yoast_head_json":{"title":"Valet 2022 - DHR - Sk\u00e5ne","robots":{"index":"index","follow":"follow","max-snippet":"max-snippet:-1","max-image-preview":"max-image-preview:large","max-video-preview":"max-video-preview:-1"},"canonical":"https:\/\/dhr.se\/skane\/drivhuset-stockholm\/infor-valet-20222\/","og_locale":"sv_SE","og_type":"article","og_title":"Valet 2022 - DHR - Sk\u00e5ne","og_url":"https:\/\/dhr.se\/skane\/drivhuset-stockholm\/infor-valet-20222\/","og_site_name":"DHR - Sk\u00e5ne","article_modified_time":"2026-03-13T16:26:35+00:00","twitter_card":"summary_large_image","twitter_misc":{"Ber\u00e4knad l\u00e4stid":"1 minut"},"schema":{"@context":"https:\/\/schema.org","@graph":[{"@type":"WebPage","@id":"https:\/\/dhr.se\/skane\/drivhuset-stockholm\/infor-valet-20222\/","url":"https:\/\/dhr.se\/skane\/drivhuset-stockholm\/infor-valet-20222\/","name":"Valet 2022 - DHR - Sk\u00e5ne","isPartOf":{"@id":"https:\/\/dhr.se\/skane\/#website"},"datePublished":"2022-08-25T11:38:20+00:00","dateModified":"2026-03-13T16:26:35+00:00","breadcrumb":{"@id":"https:\/\/dhr.se\/skane\/drivhuset-stockholm\/infor-valet-20222\/#breadcrumb"},"inLanguage":"sv-SE","potentialAction":[{"@type":"ReadAction","target":["https:\/\/dhr.se\/skane\/drivhuset-stockholm\/infor-valet-20222\/"]}]},{"@type":"BreadcrumbList","@id":"https:\/\/dhr.se\/skane\/drivhuset-stockholm\/infor-valet-20222\/#breadcrumb","itemListElement":[{"@type":"ListItem","position":1,"name":"Hem","item":"https:\/\/dhr.se\/skane\/"},{"@type":"ListItem","position":2,"name":"DHR -Sk\u00e5ne","item":"https:\/\/dhr.se\/skane\/"},{"@type":"ListItem","position":3,"name":"Valet 2022"}]},{"@type":"WebSite","@id":"https:\/\/dhr.se\/skane\/#website","url":"https:\/\/dhr.se\/skane\/","name":"DHR - Sk\u00e5ne","description":"Delaktighet, r\u00f6relsefrihet och handlingskraft","potentialAction":[{"@type":"SearchAction","target":{"@type":"EntryPoint","urlTemplate":"https:\/\/dhr.se\/skane\/?s={search_term_string}"},"query-input":{"@type":"PropertyValueSpecification","valueRequired":true,"valueName":"search_term_string"}}],"inLanguage":"sv-SE"}]}},"publishpress_future_action":{"enabled":false,"date":"2026-05-08 08:26:25","action":"change-status","newStatus":"draft","terms":[],"taxonomy":"translation_priority","extraData":[]},"publishpress_future_workflow_manual_trigger":{"enabledWorkflows":[]},"_links":{"self":[{"href":"https:\/\/dhr.se\/skane\/wp-json\/wp\/v2\/pages\/2976","targetHints":{"allow":["GET"]}}],"collection":[{"href":"https:\/\/dhr.se\/skane\/wp-json\/wp\/v2\/pages"}],"about":[{"href":"https:\/\/dhr.se\/skane\/wp-json\/wp\/v2\/types\/page"}],"author":[{"embeddable":true,"href":"https:\/\/dhr.se\/skane\/wp-json\/wp\/v2\/users\/21"}],"replies":[{"embeddable":true,"href":"https:\/\/dhr.se\/skane\/wp-json\/wp\/v2\/comments?post=2976"}],"version-history":[{"count":2,"href":"https:\/\/dhr.se\/skane\/wp-json\/wp\/v2\/pages\/2976\/revisions"}],"predecessor-version":[{"id":3488,"href":"https:\/\/dhr.se\/skane\/wp-json\/wp\/v2\/pages\/2976\/revisions\/3488"}],"up":[{"embeddable":true,"href":"https:\/\/dhr.se\/skane\/wp-json\/wp\/v2\/pages\/754"}],"wp:attachment":[{"href":"https:\/\/dhr.se\/skane\/wp-json\/wp\/v2\/media?parent=2976"}],"curies":[{"name":"wp","href":"https:\/\/api.w.org\/{rel}","templated":true}]}}