{"id":3364,"date":"2025-04-17T20:18:19","date_gmt":"2025-04-17T18:18:19","guid":{"rendered":"https:\/\/dhr.se\/skane\/?page_id=3364"},"modified":"2026-03-13T18:05:25","modified_gmt":"2026-03-13T17:05:25","slug":"infor-valet-2026","status":"publish","type":"page","link":"https:\/\/dhr.se\/skane\/infor-valet-2026\/","title":{"rendered":"Inf\u00f6r valet 2026"},"content":{"rendered":"<section class=\"block-simple-text\">\n    <div class=\"main\">\n        <div class=\"main-inner\">\n            <div class=\"ingress text-darker\"><p>I maj kommer DHR Sk\u00e5ne skicka ut fr\u00e5gor till de politiska partierna som sitter i Region Sk\u00e5ne. Mer information kommer.<\/p>\n<\/div>\n            <div class=\"content\"><\/div>\n        <\/div>\n    <\/div>\n<\/section>","protected":false},"excerpt":{"rendered":"","protected":false},"author":21,"featured_media":0,"parent":0,"menu_order":0,"comment_status":"closed","ping_status":"closed","template":"","meta":{"_acf_changed":false,"_monsterinsights_skip_tracking":false,"_monsterinsights_sitenote_active":false,"_monsterinsights_sitenote_note":"","_monsterinsights_sitenote_category":0,"footnotes":""},"class_list":["post-3364","page","type-page","status-publish","hentry"],"acf":[],"yoast_head":"<!-- This site is optimized with the Yoast SEO plugin v27.5 - https:\/\/yoast.com\/product\/yoast-seo-wordpress\/ -->\n<title>Inf\u00f6r valet 2026 - DHR - Sk\u00e5ne<\/title>\n<meta name=\"robots\" content=\"index, follow, max-snippet:-1, max-image-preview:large, max-video-preview:-1\" \/>\n<link rel=\"canonical\" href=\"https:\/\/dhr.se\/skane\/infor-valet-2026\/\" \/>\n<meta property=\"og:locale\" content=\"sv_SE\" \/>\n<meta property=\"og:type\" content=\"article\" \/>\n<meta property=\"og:title\" content=\"Inf\u00f6r valet 2026 - DHR - Sk\u00e5ne\" \/>\n<meta property=\"og:url\" content=\"https:\/\/dhr.se\/skane\/infor-valet-2026\/\" \/>\n<meta property=\"og:site_name\" content=\"DHR - Sk\u00e5ne\" \/>\n<meta property=\"article:modified_time\" content=\"2026-03-13T17:05:25+00:00\" \/>\n<meta name=\"twitter:card\" content=\"summary_large_image\" \/>\n<script type=\"application\/ld+json\" class=\"yoast-schema-graph\">{\"@context\":\"https:\\\/\\\/schema.org\",\"@graph\":[{\"@type\":\"WebPage\",\"@id\":\"https:\\\/\\\/dhr.se\\\/skane\\\/infor-valet-2026\\\/\",\"url\":\"https:\\\/\\\/dhr.se\\\/skane\\\/infor-valet-2026\\\/\",\"name\":\"Inf\u00f6r valet 2026 - DHR - Sk\u00e5ne\",\"isPartOf\":{\"@id\":\"https:\\\/\\\/dhr.se\\\/skane\\\/#website\"},\"datePublished\":\"2025-04-17T18:18:19+00:00\",\"dateModified\":\"2026-03-13T17:05:25+00:00\",\"breadcrumb\":{\"@id\":\"https:\\\/\\\/dhr.se\\\/skane\\\/infor-valet-2026\\\/#breadcrumb\"},\"inLanguage\":\"sv-SE\",\"potentialAction\":[{\"@type\":\"ReadAction\",\"target\":[\"https:\\\/\\\/dhr.se\\\/skane\\\/infor-valet-2026\\\/\"]}]},{\"@type\":\"BreadcrumbList\",\"@id\":\"https:\\\/\\\/dhr.se\\\/skane\\\/infor-valet-2026\\\/#breadcrumb\",\"itemListElement\":[{\"@type\":\"ListItem\",\"position\":1,\"name\":\"Hem\",\"item\":\"https:\\\/\\\/dhr.se\\\/skane\\\/\"},{\"@type\":\"ListItem\",\"position\":2,\"name\":\"Inf\u00f6r valet 2026\"}]},{\"@type\":\"WebSite\",\"@id\":\"https:\\\/\\\/dhr.se\\\/skane\\\/#website\",\"url\":\"https:\\\/\\\/dhr.se\\\/skane\\\/\",\"name\":\"DHR - Sk\u00e5ne\",\"description\":\"Delaktighet, r\u00f6relsefrihet och handlingskraft\",\"potentialAction\":[{\"@type\":\"SearchAction\",\"target\":{\"@type\":\"EntryPoint\",\"urlTemplate\":\"https:\\\/\\\/dhr.se\\\/skane\\\/?s={search_term_string}\"},\"query-input\":{\"@type\":\"PropertyValueSpecification\",\"valueRequired\":true,\"valueName\":\"search_term_string\"}}],\"inLanguage\":\"sv-SE\"}]}<\/script>\n<!-- \/ Yoast SEO plugin. -->","yoast_head_json":{"title":"Inf\u00f6r valet 2026 - DHR - Sk\u00e5ne","robots":{"index":"index","follow":"follow","max-snippet":"max-snippet:-1","max-image-preview":"max-image-preview:large","max-video-preview":"max-video-preview:-1"},"canonical":"https:\/\/dhr.se\/skane\/infor-valet-2026\/","og_locale":"sv_SE","og_type":"article","og_title":"Inf\u00f6r valet 2026 - DHR - Sk\u00e5ne","og_url":"https:\/\/dhr.se\/skane\/infor-valet-2026\/","og_site_name":"DHR - Sk\u00e5ne","article_modified_time":"2026-03-13T17:05:25+00:00","twitter_card":"summary_large_image","schema":{"@context":"https:\/\/schema.org","@graph":[{"@type":"WebPage","@id":"https:\/\/dhr.se\/skane\/infor-valet-2026\/","url":"https:\/\/dhr.se\/skane\/infor-valet-2026\/","name":"Inf\u00f6r valet 2026 - DHR - Sk\u00e5ne","isPartOf":{"@id":"https:\/\/dhr.se\/skane\/#website"},"datePublished":"2025-04-17T18:18:19+00:00","dateModified":"2026-03-13T17:05:25+00:00","breadcrumb":{"@id":"https:\/\/dhr.se\/skane\/infor-valet-2026\/#breadcrumb"},"inLanguage":"sv-SE","potentialAction":[{"@type":"ReadAction","target":["https:\/\/dhr.se\/skane\/infor-valet-2026\/"]}]},{"@type":"BreadcrumbList","@id":"https:\/\/dhr.se\/skane\/infor-valet-2026\/#breadcrumb","itemListElement":[{"@type":"ListItem","position":1,"name":"Hem","item":"https:\/\/dhr.se\/skane\/"},{"@type":"ListItem","position":2,"name":"Inf\u00f6r valet 2026"}]},{"@type":"WebSite","@id":"https:\/\/dhr.se\/skane\/#website","url":"https:\/\/dhr.se\/skane\/","name":"DHR - Sk\u00e5ne","description":"Delaktighet, r\u00f6relsefrihet och handlingskraft","potentialAction":[{"@type":"SearchAction","target":{"@type":"EntryPoint","urlTemplate":"https:\/\/dhr.se\/skane\/?s={search_term_string}"},"query-input":{"@type":"PropertyValueSpecification","valueRequired":true,"valueName":"search_term_string"}}],"inLanguage":"sv-SE"}]}},"publishpress_future_action":{"enabled":false,"date":"2026-05-08 08:15:25","action":"change-status","newStatus":"draft","terms":[],"taxonomy":"translation_priority","extraData":[]},"publishpress_future_workflow_manual_trigger":{"enabledWorkflows":[]},"_links":{"self":[{"href":"https:\/\/dhr.se\/skane\/wp-json\/wp\/v2\/pages\/3364","targetHints":{"allow":["GET"]}}],"collection":[{"href":"https:\/\/dhr.se\/skane\/wp-json\/wp\/v2\/pages"}],"about":[{"href":"https:\/\/dhr.se\/skane\/wp-json\/wp\/v2\/types\/page"}],"author":[{"embeddable":true,"href":"https:\/\/dhr.se\/skane\/wp-json\/wp\/v2\/users\/21"}],"replies":[{"embeddable":true,"href":"https:\/\/dhr.se\/skane\/wp-json\/wp\/v2\/comments?post=3364"}],"version-history":[{"count":7,"href":"https:\/\/dhr.se\/skane\/wp-json\/wp\/v2\/pages\/3364\/revisions"}],"predecessor-version":[{"id":3499,"href":"https:\/\/dhr.se\/skane\/wp-json\/wp\/v2\/pages\/3364\/revisions\/3499"}],"wp:attachment":[{"href":"https:\/\/dhr.se\/skane\/wp-json\/wp\/v2\/media?parent=3364"}],"curies":[{"name":"wp","href":"https:\/\/api.w.org\/{rel}","templated":true}]}}