{"id":2028,"date":"2021-12-17T14:32:32","date_gmt":"2021-12-17T13:32:32","guid":{"rendered":"https:\/\/dhr.se\/skelleftea\/?page_id=2028"},"modified":"2022-04-07T16:06:32","modified_gmt":"2022-04-07T14:06:32","slug":"nyheter","status":"publish","type":"page","link":"https:\/\/dhr.se\/skelleftea\/nyheter\/","title":{"rendered":"Aktuellt"},"content":{"rendered":"<section class=\"block-all-news\">\n    <div class=\"drivhuset-spinner-overlay\"><div class=\"drivhuset-spinner\"><\/div><\/div>\n    <div class=\"main\">\n        <div class=\"main-inner\">\n            <div id=\"all-news-container\" class=\"flex-container\">\n\n                                        \n                                <div class=\"one-post\">\n                                                                            <a href=\"https:\/\/dhr.se\/skelleftea\/poddtips-hjulspar\/\">\n                                            <img loading=\"lazy\" decoding=\"async\" width=\"811\" height=\"811\" src=\"https:\/\/dhr.se\/skelleftea\/wp-content\/uploads\/sites\/34\/2025\/07\/Hjulspar.jpg\" class=\"attachment-post-thumbnail size-post-thumbnail wp-post-image\" alt=\"Alt=&quot;&quot;\" srcset=\"https:\/\/dhr.se\/skelleftea\/wp-content\/uploads\/sites\/34\/2025\/07\/Hjulspar.jpg 811w, https:\/\/dhr.se\/skelleftea\/wp-content\/uploads\/sites\/34\/2025\/07\/Hjulspar-300x300.jpg 300w, https:\/\/dhr.se\/skelleftea\/wp-content\/uploads\/sites\/34\/2025\/07\/Hjulspar-150x150.jpg 150w, https:\/\/dhr.se\/skelleftea\/wp-content\/uploads\/sites\/34\/2025\/07\/Hjulspar-768x768.jpg 768w, https:\/\/dhr.se\/skelleftea\/wp-content\/uploads\/sites\/34\/2025\/07\/Hjulspar-50x50.jpg 50w\" sizes=\"auto, (max-width: 811px) 100vw, 811px\" \/>                                        <\/a>\n                                                                        <h3>Poddtips &#8211; Hjulsp\u00e5r<\/h3>\n                                    <p class=\"excerpt\">Tillg\u00e4nglighetsfr\u00e5gor, f\u00f6r\u00e4ldraperspektiv, diskriminering, semesterresor, hj\u00e4lpmedel och f\u00e4rdtj\u00e4nst \u00e4r bara n\u00e5gra exempel p\u00e5 \u00e4mnen som kan dyka upp n\u00e4r Karin K\u00e4llberg och Lars-G\u00f6ran Wad\u00e9n i podden &#8221;Hjulsp\u00e5r&#8221; tar upp olika aktuella \u00e4mnen. B\u00e5de Karin och Lars-G\u00f6ran \u00e4r rullstolsanv\u00e4ndare och brinner f\u00f6r&#8230;<\/p>\n\n                                    <a class=\"small-button text-link\" href=\"https:\/\/dhr.se\/skelleftea\/poddtips-hjulspar\/\">L\u00e4s mer<\/a>\n                                <\/div>\n                        \n                                                \n                                <div class=\"one-post\">\n                                                                            <a href=\"https:\/\/dhr.se\/skelleftea\/ny-app-for-enkelt-avhjalpta-hinder\/\">\n                                            <img loading=\"lazy\" decoding=\"async\" width=\"2560\" height=\"1702\" src=\"https:\/\/dhr.se\/skelleftea\/wp-content\/uploads\/sites\/34\/2023\/12\/pexels-ulrick-t-15545765-scaled.jpg\" class=\"attachment-post-thumbnail size-post-thumbnail wp-post-image\" alt=\"Alt=&quot;&quot;\" srcset=\"https:\/\/dhr.se\/skelleftea\/wp-content\/uploads\/sites\/34\/2023\/12\/pexels-ulrick-t-15545765-scaled.jpg 2560w, https:\/\/dhr.se\/skelleftea\/wp-content\/uploads\/sites\/34\/2023\/12\/pexels-ulrick-t-15545765-300x199.jpg 300w, https:\/\/dhr.se\/skelleftea\/wp-content\/uploads\/sites\/34\/2023\/12\/pexels-ulrick-t-15545765-1024x681.jpg 1024w, https:\/\/dhr.se\/skelleftea\/wp-content\/uploads\/sites\/34\/2023\/12\/pexels-ulrick-t-15545765-768x511.jpg 768w, https:\/\/dhr.se\/skelleftea\/wp-content\/uploads\/sites\/34\/2023\/12\/pexels-ulrick-t-15545765-1536x1021.jpg 1536w, https:\/\/dhr.se\/skelleftea\/wp-content\/uploads\/sites\/34\/2023\/12\/pexels-ulrick-t-15545765-2048x1362.jpg 2048w, https:\/\/dhr.se\/skelleftea\/wp-content\/uploads\/sites\/34\/2023\/12\/pexels-ulrick-t-15545765-50x33.jpg 50w, https:\/\/dhr.se\/skelleftea\/wp-content\/uploads\/sites\/34\/2023\/12\/pexels-ulrick-t-15545765-1600x1064.jpg 1600w\" sizes=\"auto, (max-width: 2560px) 100vw, 2560px\" \/>                                        <\/a>\n                                                                        <h3>App f\u00f6r anm\u00e4lan av enkelt avhj\u00e4lpta hinder<\/h3>\n                                    <p class=\"excerpt\">En kant eller en tr\u00f6g d\u00f6rr. F\u00f6r oss med nedsatt r\u00f6relsef\u00f6rm\u00e5ga \u00e4r vardagen ofta full av hinder som skulle vara enkla att ta bort. Men hur anm\u00e4ler jag, och till vem? F\u00f6r att underl\u00e4tta har DHR tagit fram appen Bort&#8230;<\/p>\n\n                                    <a class=\"small-button text-link\" href=\"https:\/\/dhr.se\/skelleftea\/ny-app-for-enkelt-avhjalpta-hinder\/\">L\u00e4s mer<\/a>\n                                <\/div>\n                        \n                                                \n                                <div class=\"one-post\">\n                                                                            <a href=\"https:\/\/dhr.se\/skelleftea\/nyheter-fran-forbundet\/\">\n                                            <img loading=\"lazy\" decoding=\"async\" width=\"3709\" height=\"2890\" src=\"https:\/\/dhr.se\/skelleftea\/wp-content\/uploads\/sites\/34\/2020\/05\/DHR_lejongul.jpg\" class=\"attachment-post-thumbnail size-post-thumbnail wp-post-image\" alt=\"alt=&quot;&quot;\" srcset=\"https:\/\/dhr.se\/skelleftea\/wp-content\/uploads\/sites\/34\/2020\/05\/DHR_lejongul.jpg 3709w, https:\/\/dhr.se\/skelleftea\/wp-content\/uploads\/sites\/34\/2020\/05\/DHR_lejongul-300x234.jpg 300w, https:\/\/dhr.se\/skelleftea\/wp-content\/uploads\/sites\/34\/2020\/05\/DHR_lejongul-768x598.jpg 768w, https:\/\/dhr.se\/skelleftea\/wp-content\/uploads\/sites\/34\/2020\/05\/DHR_lejongul-1024x798.jpg 1024w\" sizes=\"auto, (max-width: 3709px) 100vw, 3709px\" \/>                                        <\/a>\n                                                                        <h3>Nyheter fr\u00e5n f\u00f6rbundet<\/h3>\n                                    <p class=\"excerpt\">H\u00e4r&nbsp;kan du l\u00e4sa vad som h\u00e4nder inom f\u00f6rbundet. Fler nyheter finns p\u00e5 v\u00e5r&nbsp;Facebooksida.<\/p>\n\n                                    <a class=\"small-button text-link\" href=\"https:\/\/dhr.se\/skelleftea\/nyheter-fran-forbundet\/\">L\u00e4s mer<\/a>\n                                <\/div>\n                        \n                                                \n                                <div class=\"one-post\">\n                                                                            <a href=\"https:\/\/dhr.se\/skelleftea\/las-var-tidning\/\">\n                                            <img loading=\"lazy\" decoding=\"async\" width=\"277\" height=\"125\" src=\"https:\/\/dhr.se\/skelleftea\/wp-content\/uploads\/sites\/34\/2021\/12\/Funktionshinderpolitiklogga.png\" class=\"attachment-post-thumbnail size-post-thumbnail wp-post-image\" alt=\"alt=&quot;&quot;\" \/>                                        <\/a>\n                                                                        <h3>L\u00e4s v\u00e5r tidning<\/h3>\n                                    <p class=\"excerpt\">Funktionshinderpolitik \u00e4r DHRs tidning. Alla medlemmar f\u00e5r tidningen hem i brevl\u00e5dan fyra g\u00e5nger per \u00e5r. Tidningen varvar reportage fr\u00e5n v\u00e4rldens alla h\u00f6rn med initierade artiklar om funktionshinderpolitiska utvecklingen i Sverige. Allt genomsyrat av ett r\u00f6relsehinderperspektiv. Funktionshinderpolitik \u00e4r en modern tidskrift&#8230;<\/p>\n\n                                    <a class=\"small-button text-link\" href=\"https:\/\/dhr.se\/skelleftea\/las-var-tidning\/\">L\u00e4s mer<\/a>\n                                <\/div>\n                        \n                           \n            <\/div>\n\n                        \n        <\/div>\n    <\/div>\n<\/section>","protected":false},"excerpt":{"rendered":"","protected":false},"author":8,"featured_media":0,"parent":0,"menu_order":0,"comment_status":"closed","ping_status":"closed","template":"","meta":{"_acf_changed":false,"_monsterinsights_skip_tracking":false,"_monsterinsights_sitenote_active":false,"_monsterinsights_sitenote_note":"","_monsterinsights_sitenote_category":0,"footnotes":""},"class_list":["post-2028","page","type-page","status-publish","hentry"],"acf":[],"yoast_head":"<!-- This site is optimized with the Yoast SEO plugin v27.2 - https:\/\/yoast.com\/product\/yoast-seo-wordpress\/ -->\n<title>Aktuellt - DHR - Skellefte\u00e5<\/title>\n<meta name=\"robots\" content=\"index, follow, max-snippet:-1, max-image-preview:large, max-video-preview:-1\" \/>\n<link rel=\"canonical\" href=\"https:\/\/dhr.se\/skelleftea\/nyheter\/\" \/>\n<meta property=\"og:locale\" content=\"sv_SE\" \/>\n<meta property=\"og:type\" content=\"article\" \/>\n<meta property=\"og:title\" content=\"Aktuellt - DHR - Skellefte\u00e5\" \/>\n<meta property=\"og:url\" content=\"https:\/\/dhr.se\/skelleftea\/nyheter\/\" \/>\n<meta property=\"og:site_name\" content=\"DHR - Skellefte\u00e5\" \/>\n<meta property=\"article:modified_time\" content=\"2022-04-07T14:06:32+00:00\" \/>\n<meta name=\"twitter:card\" content=\"summary_large_image\" \/>\n<script type=\"application\/ld+json\" class=\"yoast-schema-graph\">{\"@context\":\"https:\/\/schema.org\",\"@graph\":[{\"@type\":\"WebPage\",\"@id\":\"https:\/\/dhr.se\/skelleftea\/nyheter\/\",\"url\":\"https:\/\/dhr.se\/skelleftea\/nyheter\/\",\"name\":\"Aktuellt - DHR - Skellefte\u00e5\",\"isPartOf\":{\"@id\":\"https:\/\/dhr.se\/skelleftea\/#website\"},\"datePublished\":\"2021-12-17T13:32:32+00:00\",\"dateModified\":\"2022-04-07T14:06:32+00:00\",\"breadcrumb\":{\"@id\":\"https:\/\/dhr.se\/skelleftea\/nyheter\/#breadcrumb\"},\"inLanguage\":\"sv-SE\",\"potentialAction\":[{\"@type\":\"ReadAction\",\"target\":[\"https:\/\/dhr.se\/skelleftea\/nyheter\/\"]}]},{\"@type\":\"BreadcrumbList\",\"@id\":\"https:\/\/dhr.se\/skelleftea\/nyheter\/#breadcrumb\",\"itemListElement\":[{\"@type\":\"ListItem\",\"position\":1,\"name\":\"Hem\",\"item\":\"https:\/\/dhr.se\/skelleftea\/\"},{\"@type\":\"ListItem\",\"position\":2,\"name\":\"Aktuellt\"}]},{\"@type\":\"WebSite\",\"@id\":\"https:\/\/dhr.se\/skelleftea\/#website\",\"url\":\"https:\/\/dhr.se\/skelleftea\/\",\"name\":\"DHR - Skellefte\u00e5\",\"description\":\"Delaktighet, r\u00f6relsefrihet och handlingskraft\",\"potentialAction\":[{\"@type\":\"SearchAction\",\"target\":{\"@type\":\"EntryPoint\",\"urlTemplate\":\"https:\/\/dhr.se\/skelleftea\/?s={search_term_string}\"},\"query-input\":{\"@type\":\"PropertyValueSpecification\",\"valueRequired\":true,\"valueName\":\"search_term_string\"}}],\"inLanguage\":\"sv-SE\"}]}<\/script>\n<!-- \/ Yoast SEO plugin. -->","yoast_head_json":{"title":"Aktuellt - DHR - Skellefte\u00e5","robots":{"index":"index","follow":"follow","max-snippet":"max-snippet:-1","max-image-preview":"max-image-preview:large","max-video-preview":"max-video-preview:-1"},"canonical":"https:\/\/dhr.se\/skelleftea\/nyheter\/","og_locale":"sv_SE","og_type":"article","og_title":"Aktuellt - DHR - Skellefte\u00e5","og_url":"https:\/\/dhr.se\/skelleftea\/nyheter\/","og_site_name":"DHR - Skellefte\u00e5","article_modified_time":"2022-04-07T14:06:32+00:00","twitter_card":"summary_large_image","schema":{"@context":"https:\/\/schema.org","@graph":[{"@type":"WebPage","@id":"https:\/\/dhr.se\/skelleftea\/nyheter\/","url":"https:\/\/dhr.se\/skelleftea\/nyheter\/","name":"Aktuellt - DHR - Skellefte\u00e5","isPartOf":{"@id":"https:\/\/dhr.se\/skelleftea\/#website"},"datePublished":"2021-12-17T13:32:32+00:00","dateModified":"2022-04-07T14:06:32+00:00","breadcrumb":{"@id":"https:\/\/dhr.se\/skelleftea\/nyheter\/#breadcrumb"},"inLanguage":"sv-SE","potentialAction":[{"@type":"ReadAction","target":["https:\/\/dhr.se\/skelleftea\/nyheter\/"]}]},{"@type":"BreadcrumbList","@id":"https:\/\/dhr.se\/skelleftea\/nyheter\/#breadcrumb","itemListElement":[{"@type":"ListItem","position":1,"name":"Hem","item":"https:\/\/dhr.se\/skelleftea\/"},{"@type":"ListItem","position":2,"name":"Aktuellt"}]},{"@type":"WebSite","@id":"https:\/\/dhr.se\/skelleftea\/#website","url":"https:\/\/dhr.se\/skelleftea\/","name":"DHR - Skellefte\u00e5","description":"Delaktighet, r\u00f6relsefrihet och handlingskraft","potentialAction":[{"@type":"SearchAction","target":{"@type":"EntryPoint","urlTemplate":"https:\/\/dhr.se\/skelleftea\/?s={search_term_string}"},"query-input":{"@type":"PropertyValueSpecification","valueRequired":true,"valueName":"search_term_string"}}],"inLanguage":"sv-SE"}]}},"publishpress_future_action":{"enabled":false,"date":"2026-04-30 07:09:37","action":"change-status","newStatus":"draft","terms":[],"taxonomy":"translation_priority","extraData":[]},"publishpress_future_workflow_manual_trigger":{"enabledWorkflows":[]},"_links":{"self":[{"href":"https:\/\/dhr.se\/skelleftea\/wp-json\/wp\/v2\/pages\/2028","targetHints":{"allow":["GET"]}}],"collection":[{"href":"https:\/\/dhr.se\/skelleftea\/wp-json\/wp\/v2\/pages"}],"about":[{"href":"https:\/\/dhr.se\/skelleftea\/wp-json\/wp\/v2\/types\/page"}],"author":[{"embeddable":true,"href":"https:\/\/dhr.se\/skelleftea\/wp-json\/wp\/v2\/users\/8"}],"replies":[{"embeddable":true,"href":"https:\/\/dhr.se\/skelleftea\/wp-json\/wp\/v2\/comments?post=2028"}],"version-history":[{"count":0,"href":"https:\/\/dhr.se\/skelleftea\/wp-json\/wp\/v2\/pages\/2028\/revisions"}],"wp:attachment":[{"href":"https:\/\/dhr.se\/skelleftea\/wp-json\/wp\/v2\/media?parent=2028"}],"curies":[{"name":"wp","href":"https:\/\/api.w.org\/{rel}","templated":true}]}}