{"id":2143,"date":"2022-02-23T10:10:13","date_gmt":"2022-02-23T09:10:13","guid":{"rendered":"https:\/\/dhr.se\/skelleftea\/?page_id=2143"},"modified":"2022-02-24T08:46:04","modified_gmt":"2022-02-24T07:46:04","slug":"medlemsbrev","status":"publish","type":"page","link":"https:\/\/dhr.se\/skelleftea\/medlemsbrev\/","title":{"rendered":"Medlemsbrev"},"content":{"rendered":"<section class=\"block-simple-text\">\n    <div class=\"main\">\n        <div class=\"main-inner\">\n            <div class=\"ingress text-darker\"><h2>Mars 2022<\/h2>\n<p><a href=\"https:\/\/dhr.se\/skelleftea\/wp-content\/uploads\/sites\/34\/2022\/02\/Valkommen-2.pdf\" target=\"_blank\" rel=\"noopener\">Informationsbrev om nystart<\/a><br \/>\n<a href=\"https:\/\/dhr.se\/skelleftea\/wp-content\/uploads\/sites\/34\/2022\/02\/Kallelseinbjudan-2.pdf\" target=\"_blank\" rel=\"noopener\">Inbjudan till \u00e5rsm\u00f6te<\/a><br \/>\n<a href=\"https:\/\/dhr.se\/skelleftea\/wp-content\/uploads\/sites\/34\/2022\/02\/Forhandlingsordning-1.pdf\" target=\"_blank\" rel=\"noopener\">F\u00f6rhandlingsordning \u00e5rsm\u00f6te<\/a><\/p>\n<\/div>\n            <div class=\"content\"><\/div>\n        <\/div>\n    <\/div>\n<\/section>","protected":false},"excerpt":{"rendered":"","protected":false},"author":8,"featured_media":0,"parent":0,"menu_order":0,"comment_status":"closed","ping_status":"closed","template":"","meta":{"_acf_changed":false,"_monsterinsights_skip_tracking":false,"_monsterinsights_sitenote_active":false,"_monsterinsights_sitenote_note":"","_monsterinsights_sitenote_category":0,"footnotes":""},"class_list":["post-2143","page","type-page","status-publish","hentry"],"acf":[],"yoast_head":"<!-- This site is optimized with the Yoast SEO plugin v27.2 - https:\/\/yoast.com\/product\/yoast-seo-wordpress\/ -->\n<title>Medlemsbrev - DHR - Skellefte\u00e5<\/title>\n<meta name=\"robots\" content=\"index, follow, max-snippet:-1, max-image-preview:large, max-video-preview:-1\" \/>\n<link rel=\"canonical\" href=\"https:\/\/dhr.se\/skelleftea\/medlemsbrev\/\" \/>\n<meta property=\"og:locale\" content=\"sv_SE\" \/>\n<meta property=\"og:type\" content=\"article\" \/>\n<meta property=\"og:title\" content=\"Medlemsbrev - DHR - Skellefte\u00e5\" \/>\n<meta property=\"og:url\" content=\"https:\/\/dhr.se\/skelleftea\/medlemsbrev\/\" \/>\n<meta property=\"og:site_name\" content=\"DHR - Skellefte\u00e5\" \/>\n<meta property=\"article:modified_time\" content=\"2022-02-24T07:46:04+00:00\" \/>\n<meta name=\"twitter:card\" content=\"summary_large_image\" \/>\n<script type=\"application\/ld+json\" class=\"yoast-schema-graph\">{\"@context\":\"https:\/\/schema.org\",\"@graph\":[{\"@type\":\"WebPage\",\"@id\":\"https:\/\/dhr.se\/skelleftea\/medlemsbrev\/\",\"url\":\"https:\/\/dhr.se\/skelleftea\/medlemsbrev\/\",\"name\":\"Medlemsbrev - DHR - Skellefte\u00e5\",\"isPartOf\":{\"@id\":\"https:\/\/dhr.se\/skelleftea\/#website\"},\"datePublished\":\"2022-02-23T09:10:13+00:00\",\"dateModified\":\"2022-02-24T07:46:04+00:00\",\"breadcrumb\":{\"@id\":\"https:\/\/dhr.se\/skelleftea\/medlemsbrev\/#breadcrumb\"},\"inLanguage\":\"sv-SE\",\"potentialAction\":[{\"@type\":\"ReadAction\",\"target\":[\"https:\/\/dhr.se\/skelleftea\/medlemsbrev\/\"]}]},{\"@type\":\"BreadcrumbList\",\"@id\":\"https:\/\/dhr.se\/skelleftea\/medlemsbrev\/#breadcrumb\",\"itemListElement\":[{\"@type\":\"ListItem\",\"position\":1,\"name\":\"Hem\",\"item\":\"https:\/\/dhr.se\/skelleftea\/\"},{\"@type\":\"ListItem\",\"position\":2,\"name\":\"Medlemsbrev\"}]},{\"@type\":\"WebSite\",\"@id\":\"https:\/\/dhr.se\/skelleftea\/#website\",\"url\":\"https:\/\/dhr.se\/skelleftea\/\",\"name\":\"DHR - Skellefte\u00e5\",\"description\":\"Delaktighet, r\u00f6relsefrihet och handlingskraft\",\"potentialAction\":[{\"@type\":\"SearchAction\",\"target\":{\"@type\":\"EntryPoint\",\"urlTemplate\":\"https:\/\/dhr.se\/skelleftea\/?s={search_term_string}\"},\"query-input\":{\"@type\":\"PropertyValueSpecification\",\"valueRequired\":true,\"valueName\":\"search_term_string\"}}],\"inLanguage\":\"sv-SE\"}]}<\/script>\n<!-- \/ Yoast SEO plugin. -->","yoast_head_json":{"title":"Medlemsbrev - DHR - Skellefte\u00e5","robots":{"index":"index","follow":"follow","max-snippet":"max-snippet:-1","max-image-preview":"max-image-preview:large","max-video-preview":"max-video-preview:-1"},"canonical":"https:\/\/dhr.se\/skelleftea\/medlemsbrev\/","og_locale":"sv_SE","og_type":"article","og_title":"Medlemsbrev - DHR - Skellefte\u00e5","og_url":"https:\/\/dhr.se\/skelleftea\/medlemsbrev\/","og_site_name":"DHR - Skellefte\u00e5","article_modified_time":"2022-02-24T07:46:04+00:00","twitter_card":"summary_large_image","schema":{"@context":"https:\/\/schema.org","@graph":[{"@type":"WebPage","@id":"https:\/\/dhr.se\/skelleftea\/medlemsbrev\/","url":"https:\/\/dhr.se\/skelleftea\/medlemsbrev\/","name":"Medlemsbrev - DHR - Skellefte\u00e5","isPartOf":{"@id":"https:\/\/dhr.se\/skelleftea\/#website"},"datePublished":"2022-02-23T09:10:13+00:00","dateModified":"2022-02-24T07:46:04+00:00","breadcrumb":{"@id":"https:\/\/dhr.se\/skelleftea\/medlemsbrev\/#breadcrumb"},"inLanguage":"sv-SE","potentialAction":[{"@type":"ReadAction","target":["https:\/\/dhr.se\/skelleftea\/medlemsbrev\/"]}]},{"@type":"BreadcrumbList","@id":"https:\/\/dhr.se\/skelleftea\/medlemsbrev\/#breadcrumb","itemListElement":[{"@type":"ListItem","position":1,"name":"Hem","item":"https:\/\/dhr.se\/skelleftea\/"},{"@type":"ListItem","position":2,"name":"Medlemsbrev"}]},{"@type":"WebSite","@id":"https:\/\/dhr.se\/skelleftea\/#website","url":"https:\/\/dhr.se\/skelleftea\/","name":"DHR - Skellefte\u00e5","description":"Delaktighet, r\u00f6relsefrihet och handlingskraft","potentialAction":[{"@type":"SearchAction","target":{"@type":"EntryPoint","urlTemplate":"https:\/\/dhr.se\/skelleftea\/?s={search_term_string}"},"query-input":{"@type":"PropertyValueSpecification","valueRequired":true,"valueName":"search_term_string"}}],"inLanguage":"sv-SE"}]}},"publishpress_future_action":{"enabled":false,"date":"2026-05-03 18:52:06","action":"change-status","newStatus":"draft","terms":[],"taxonomy":"translation_priority","extraData":[]},"publishpress_future_workflow_manual_trigger":{"enabledWorkflows":[]},"_links":{"self":[{"href":"https:\/\/dhr.se\/skelleftea\/wp-json\/wp\/v2\/pages\/2143","targetHints":{"allow":["GET"]}}],"collection":[{"href":"https:\/\/dhr.se\/skelleftea\/wp-json\/wp\/v2\/pages"}],"about":[{"href":"https:\/\/dhr.se\/skelleftea\/wp-json\/wp\/v2\/types\/page"}],"author":[{"embeddable":true,"href":"https:\/\/dhr.se\/skelleftea\/wp-json\/wp\/v2\/users\/8"}],"replies":[{"embeddable":true,"href":"https:\/\/dhr.se\/skelleftea\/wp-json\/wp\/v2\/comments?post=2143"}],"version-history":[{"count":0,"href":"https:\/\/dhr.se\/skelleftea\/wp-json\/wp\/v2\/pages\/2143\/revisions"}],"wp:attachment":[{"href":"https:\/\/dhr.se\/skelleftea\/wp-json\/wp\/v2\/media?parent=2143"}],"curies":[{"name":"wp","href":"https:\/\/api.w.org\/{rel}","templated":true}]}}