{"id":2207,"date":"2022-03-29T16:35:54","date_gmt":"2022-03-29T14:35:54","guid":{"rendered":"https:\/\/dhr.se\/skelleftea\/?page_id=2207"},"modified":"2026-03-24T10:49:57","modified_gmt":"2026-03-24T09:49:57","slug":"om-oss","status":"publish","type":"page","link":"https:\/\/dhr.se\/skelleftea\/om-oss\/","title":{"rendered":"Om oss"},"content":{"rendered":"\n<figure class=\"wp-block-image size-large is-style-default\"><img loading=\"lazy\" decoding=\"async\" width=\"955\" height=\"1024\" src=\"https:\/\/dhr.se\/skelleftea\/wp-content\/uploads\/sites\/34\/2023\/06\/IMG_30721-003-955x1024.jpg\" alt=\"Ett 30-tal personer i blandade \u00e5ldrar st\u00e5r samlade intill en roll-up med texten DHR 100 \u00e5r.\" class=\"wp-image-2964\" srcset=\"https:\/\/dhr.se\/skelleftea\/wp-content\/uploads\/sites\/34\/2023\/06\/IMG_30721-003-955x1024.jpg 955w, https:\/\/dhr.se\/skelleftea\/wp-content\/uploads\/sites\/34\/2023\/06\/IMG_30721-003-280x300.jpg 280w, https:\/\/dhr.se\/skelleftea\/wp-content\/uploads\/sites\/34\/2023\/06\/IMG_30721-003-768x824.jpg 768w, https:\/\/dhr.se\/skelleftea\/wp-content\/uploads\/sites\/34\/2023\/06\/IMG_30721-003-1432x1536.jpg 1432w, https:\/\/dhr.se\/skelleftea\/wp-content\/uploads\/sites\/34\/2023\/06\/IMG_30721-003-1910x2048.jpg 1910w, https:\/\/dhr.se\/skelleftea\/wp-content\/uploads\/sites\/34\/2023\/06\/IMG_30721-003-1600x1716.jpg 1600w\" sizes=\"auto, (max-width: 955px) 100vw, 955px\" \/><figcaption class=\"wp-element-caption\">DHR Skelelfte\u00e5avdelningens medlemmar firade f\u00f6rbundets 100-\u00e5rsdag. Foto: Daniel Steinwall<\/figcaption><\/figure>\n\n\n<section class=\"block-simple-text\">\n    <div class=\"main\">\n        <div class=\"main-inner\">\n            <div class=\"ingress text-darker\"><\/div>\n            <div class=\"content\"><p>DHR Skellefte\u00e5avdelningen \u00e4r en underorganisation till f\u00f6rbundet DHR. Vi driver r\u00e4ttighetspolitiska fr\u00e5gor p\u00e5 kommunal niv\u00e5, till exempel inom tillg\u00e4nglighet och f\u00e4rdtj\u00e4nst. Dessutom har vi en social verksamhet med m\u00f6ten och andra aktiviteter, d\u00e4r vi tr\u00e4ffas, har trevligt och delar tips och erfarenheter.<\/p>\n<p>Tycker du ocks\u00e5 att m\u00e4nskliga r\u00e4ttigheter och funktionshinderfr\u00e5gor \u00e4r viktiga? I s\u00e5 fall \u00e4r du v\u00e4lkommen att <a href=\"https:\/\/dhr.se\/bli-medlem\/\" target=\"_blank\" rel=\"noopener\">bli medlem!<\/a>\u00a0Du v\u00e4ljer sj\u00e4lv hur aktiv du vill vara och du \u00e4r lika v\u00e4lkommen oavsett om du vill vara aktiv eller passivt vill st\u00f6dja v\u00e5rt arbete.<\/p>\n<p>F\u00f6r att alla ska trivas erbjuder vi ett brett utbud av aktiviteter. Ibland tr\u00e4ffas vi f\u00f6r att umg\u00e5s, resa till n\u00e5got sp\u00e4nnande st\u00e4lle eller \u00e4ta en bit mat tillsammans. Andra g\u00e5nger anordnar vi tr\u00e4ffar och utbildningar kring teman som r\u00f6r v\u00e5ra r\u00e4ttigheter, m\u00f6jligheter, samt hur vi kan arbeta f\u00f6r en \u00f6kad tillg\u00e4nglighet i samh\u00e4llet. Genom v\u00e5r representant i referensgruppen f\u00f6r det kommunala r\u00e5det f\u00f6r Funktionshinderfr\u00e5gor (R\u00c5FF) har vi \u00e4ven m\u00f6jlighet att bevaka och p\u00e5verka den kommunala planeringen.<\/p>\n<p>Har du id\u00e9er om vad vi kan g\u00f6ra tillsammans? Tycker du att det snabbt v\u00e4xande Skellefte\u00e5 ser ut att bli mer tillg\u00e4ngligt? Vill du tr\u00e4ffa nya v\u00e4nner som ocks\u00e5 \u00e4r experter p\u00e5 att leva med nedsatt r\u00f6relsef\u00f6rm\u00e5ga? H\u00f6r av dig via mejl till <a href=\"mailto:skelleftea@dhr.se\" target=\"_blank\" rel=\"noopener\">skelleftea@dhr.se<\/a> eller ring v\u00e5r ordf\u00f6rande Viggo Pedersen 070-239 08 08!<\/p>\n<\/div>\n        <\/div>\n    <\/div>\n<\/section>\n\n\n<p><\/p>\n","protected":false},"excerpt":{"rendered":"","protected":false},"author":8,"featured_media":0,"parent":0,"menu_order":0,"comment_status":"closed","ping_status":"closed","template":"template-side-menu-new.php","meta":{"_acf_changed":false,"_monsterinsights_skip_tracking":false,"_monsterinsights_sitenote_active":false,"_monsterinsights_sitenote_note":"","_monsterinsights_sitenote_category":0,"footnotes":""},"class_list":["post-2207","page","type-page","status-publish","hentry"],"acf":[],"yoast_head":"<!-- This site is optimized with the Yoast SEO plugin v27.2 - https:\/\/yoast.com\/product\/yoast-seo-wordpress\/ -->\n<title>Om oss - DHR - Skellefte\u00e5<\/title>\n<meta name=\"robots\" content=\"index, follow, max-snippet:-1, max-image-preview:large, max-video-preview:-1\" \/>\n<link rel=\"canonical\" href=\"https:\/\/dhr.se\/skelleftea\/om-oss\/\" \/>\n<meta property=\"og:locale\" content=\"sv_SE\" \/>\n<meta property=\"og:type\" content=\"article\" \/>\n<meta property=\"og:title\" content=\"Om oss - DHR - Skellefte\u00e5\" \/>\n<meta property=\"og:url\" content=\"https:\/\/dhr.se\/skelleftea\/om-oss\/\" \/>\n<meta property=\"og:site_name\" content=\"DHR - Skellefte\u00e5\" \/>\n<meta property=\"article:modified_time\" content=\"2026-03-24T09:49:57+00:00\" \/>\n<meta property=\"og:image\" content=\"https:\/\/dhr.se\/skelleftea\/wp-content\/uploads\/sites\/34\/2023\/06\/IMG_30721-003-scaled.jpg\" \/>\n\t<meta property=\"og:image:width\" content=\"2387\" \/>\n\t<meta property=\"og:image:height\" content=\"2560\" \/>\n\t<meta property=\"og:image:type\" content=\"image\/jpeg\" \/>\n<meta name=\"twitter:card\" content=\"summary_large_image\" \/>\n<meta name=\"twitter:label1\" content=\"Ber\u00e4knad l\u00e4stid\" \/>\n\t<meta name=\"twitter:data1\" content=\"1 minut\" \/>\n<script type=\"application\/ld+json\" class=\"yoast-schema-graph\">{\"@context\":\"https:\/\/schema.org\",\"@graph\":[{\"@type\":\"WebPage\",\"@id\":\"https:\/\/dhr.se\/skelleftea\/om-oss\/\",\"url\":\"https:\/\/dhr.se\/skelleftea\/om-oss\/\",\"name\":\"Om oss - DHR - Skellefte\u00e5\",\"isPartOf\":{\"@id\":\"https:\/\/dhr.se\/skelleftea\/#website\"},\"primaryImageOfPage\":{\"@id\":\"https:\/\/dhr.se\/skelleftea\/om-oss\/#primaryimage\"},\"image\":{\"@id\":\"https:\/\/dhr.se\/skelleftea\/om-oss\/#primaryimage\"},\"thumbnailUrl\":\"https:\/\/dhr.se\/skelleftea\/wp-content\/uploads\/sites\/34\/2023\/06\/IMG_30721-003-955x1024.jpg\",\"datePublished\":\"2022-03-29T14:35:54+00:00\",\"dateModified\":\"2026-03-24T09:49:57+00:00\",\"breadcrumb\":{\"@id\":\"https:\/\/dhr.se\/skelleftea\/om-oss\/#breadcrumb\"},\"inLanguage\":\"sv-SE\",\"potentialAction\":[{\"@type\":\"ReadAction\",\"target\":[\"https:\/\/dhr.se\/skelleftea\/om-oss\/\"]}]},{\"@type\":\"ImageObject\",\"inLanguage\":\"sv-SE\",\"@id\":\"https:\/\/dhr.se\/skelleftea\/om-oss\/#primaryimage\",\"url\":\"https:\/\/dhr.se\/skelleftea\/wp-content\/uploads\/sites\/34\/2023\/06\/IMG_30721-003-scaled.jpg\",\"contentUrl\":\"https:\/\/dhr.se\/skelleftea\/wp-content\/uploads\/sites\/34\/2023\/06\/IMG_30721-003-scaled.jpg\",\"width\":2387,\"height\":2560,\"caption\":\"En glad skara DHR-medlemmar firade att f\u00f6rbundet DHR fyller 100 \u00e5r. Foto: Daniel Steinwall\"},{\"@type\":\"BreadcrumbList\",\"@id\":\"https:\/\/dhr.se\/skelleftea\/om-oss\/#breadcrumb\",\"itemListElement\":[{\"@type\":\"ListItem\",\"position\":1,\"name\":\"Hem\",\"item\":\"https:\/\/dhr.se\/skelleftea\/\"},{\"@type\":\"ListItem\",\"position\":2,\"name\":\"Om oss\"}]},{\"@type\":\"WebSite\",\"@id\":\"https:\/\/dhr.se\/skelleftea\/#website\",\"url\":\"https:\/\/dhr.se\/skelleftea\/\",\"name\":\"DHR - Skellefte\u00e5\",\"description\":\"Delaktighet, r\u00f6relsefrihet och handlingskraft\",\"potentialAction\":[{\"@type\":\"SearchAction\",\"target\":{\"@type\":\"EntryPoint\",\"urlTemplate\":\"https:\/\/dhr.se\/skelleftea\/?s={search_term_string}\"},\"query-input\":{\"@type\":\"PropertyValueSpecification\",\"valueRequired\":true,\"valueName\":\"search_term_string\"}}],\"inLanguage\":\"sv-SE\"}]}<\/script>\n<!-- \/ Yoast SEO plugin. -->","yoast_head_json":{"title":"Om oss - DHR - Skellefte\u00e5","robots":{"index":"index","follow":"follow","max-snippet":"max-snippet:-1","max-image-preview":"max-image-preview:large","max-video-preview":"max-video-preview:-1"},"canonical":"https:\/\/dhr.se\/skelleftea\/om-oss\/","og_locale":"sv_SE","og_type":"article","og_title":"Om oss - DHR - Skellefte\u00e5","og_url":"https:\/\/dhr.se\/skelleftea\/om-oss\/","og_site_name":"DHR - Skellefte\u00e5","article_modified_time":"2026-03-24T09:49:57+00:00","og_image":[{"width":2387,"height":2560,"url":"https:\/\/dhr.se\/skelleftea\/wp-content\/uploads\/sites\/34\/2023\/06\/IMG_30721-003-scaled.jpg","type":"image\/jpeg"}],"twitter_card":"summary_large_image","twitter_misc":{"Ber\u00e4knad l\u00e4stid":"1 minut"},"schema":{"@context":"https:\/\/schema.org","@graph":[{"@type":"WebPage","@id":"https:\/\/dhr.se\/skelleftea\/om-oss\/","url":"https:\/\/dhr.se\/skelleftea\/om-oss\/","name":"Om oss - DHR - Skellefte\u00e5","isPartOf":{"@id":"https:\/\/dhr.se\/skelleftea\/#website"},"primaryImageOfPage":{"@id":"https:\/\/dhr.se\/skelleftea\/om-oss\/#primaryimage"},"image":{"@id":"https:\/\/dhr.se\/skelleftea\/om-oss\/#primaryimage"},"thumbnailUrl":"https:\/\/dhr.se\/skelleftea\/wp-content\/uploads\/sites\/34\/2023\/06\/IMG_30721-003-955x1024.jpg","datePublished":"2022-03-29T14:35:54+00:00","dateModified":"2026-03-24T09:49:57+00:00","breadcrumb":{"@id":"https:\/\/dhr.se\/skelleftea\/om-oss\/#breadcrumb"},"inLanguage":"sv-SE","potentialAction":[{"@type":"ReadAction","target":["https:\/\/dhr.se\/skelleftea\/om-oss\/"]}]},{"@type":"ImageObject","inLanguage":"sv-SE","@id":"https:\/\/dhr.se\/skelleftea\/om-oss\/#primaryimage","url":"https:\/\/dhr.se\/skelleftea\/wp-content\/uploads\/sites\/34\/2023\/06\/IMG_30721-003-scaled.jpg","contentUrl":"https:\/\/dhr.se\/skelleftea\/wp-content\/uploads\/sites\/34\/2023\/06\/IMG_30721-003-scaled.jpg","width":2387,"height":2560,"caption":"En glad skara DHR-medlemmar firade att f\u00f6rbundet DHR fyller 100 \u00e5r. Foto: Daniel Steinwall"},{"@type":"BreadcrumbList","@id":"https:\/\/dhr.se\/skelleftea\/om-oss\/#breadcrumb","itemListElement":[{"@type":"ListItem","position":1,"name":"Hem","item":"https:\/\/dhr.se\/skelleftea\/"},{"@type":"ListItem","position":2,"name":"Om oss"}]},{"@type":"WebSite","@id":"https:\/\/dhr.se\/skelleftea\/#website","url":"https:\/\/dhr.se\/skelleftea\/","name":"DHR - Skellefte\u00e5","description":"Delaktighet, r\u00f6relsefrihet och handlingskraft","potentialAction":[{"@type":"SearchAction","target":{"@type":"EntryPoint","urlTemplate":"https:\/\/dhr.se\/skelleftea\/?s={search_term_string}"},"query-input":{"@type":"PropertyValueSpecification","valueRequired":true,"valueName":"search_term_string"}}],"inLanguage":"sv-SE"}]}},"publishpress_future_action":{"enabled":false,"date":"2026-05-03 18:57:26","action":"change-status","newStatus":"draft","terms":[],"taxonomy":"translation_priority","extraData":[]},"publishpress_future_workflow_manual_trigger":{"enabledWorkflows":[]},"_links":{"self":[{"href":"https:\/\/dhr.se\/skelleftea\/wp-json\/wp\/v2\/pages\/2207","targetHints":{"allow":["GET"]}}],"collection":[{"href":"https:\/\/dhr.se\/skelleftea\/wp-json\/wp\/v2\/pages"}],"about":[{"href":"https:\/\/dhr.se\/skelleftea\/wp-json\/wp\/v2\/types\/page"}],"author":[{"embeddable":true,"href":"https:\/\/dhr.se\/skelleftea\/wp-json\/wp\/v2\/users\/8"}],"replies":[{"embeddable":true,"href":"https:\/\/dhr.se\/skelleftea\/wp-json\/wp\/v2\/comments?post=2207"}],"version-history":[{"count":1,"href":"https:\/\/dhr.se\/skelleftea\/wp-json\/wp\/v2\/pages\/2207\/revisions"}],"predecessor-version":[{"id":3485,"href":"https:\/\/dhr.se\/skelleftea\/wp-json\/wp\/v2\/pages\/2207\/revisions\/3485"}],"wp:attachment":[{"href":"https:\/\/dhr.se\/skelleftea\/wp-json\/wp\/v2\/media?parent=2207"}],"curies":[{"name":"wp","href":"https:\/\/api.w.org\/{rel}","templated":true}]}}