{"id":2051,"date":"2021-10-18T10:52:46","date_gmt":"2021-10-18T08:52:46","guid":{"rendered":"https:\/\/dhr.se\/sodertalje\/?page_id=2051"},"modified":"2022-01-14T11:48:18","modified_gmt":"2022-01-14T10:48:18","slug":"om-oss","status":"publish","type":"page","link":"https:\/\/dhr.se\/sodertalje\/om-oss\/","title":{"rendered":"Om oss"},"content":{"rendered":"<section class=\"block-simple-text\">\n    <div class=\"main\">\n        <div class=\"main-inner\">\n            <div class=\"ingress text-darker\"><\/div>\n            <div class=\"content\"><\/div>\n        <\/div>\n    <\/div>\n<\/section>\n\n<section class=\"block-image-and-text left white\">\n    <div class=\"main\">\n        <div class=\"main-inner\">\n            <div class=\"left-col\" style=\"background-image: url(https:\/\/dhr.se\/sodertalje\/wp-content\/uploads\/sites\/68\/2020\/03\/Mor-och-barn-tittar-p\u00e5-blommor.jpg);\"><\/div>\n\n            <div class=\"right-col\">\n                <h2>Om Oss<\/h2>\n                <p class=\"text\">DHR st\u00e5r f\u00f6r Delaktighet, Handlingskraft och R\u00f6relsefrihet. <br \/>\r\nDe f\u00f6r\u00e4ndringar och f\u00f6rb\u00e4ttringar vi ser beh\u00f6vs i samh\u00e4llet, bygger p\u00e5 v\u00e5ra erfarenheter av att leva med nedsatt r\u00f6relsef\u00f6rm\u00e5ga. Vi vet hur det \u00e4r att leva i ett otillg\u00e4ngligt samh\u00e4lle och vi delar mer \u00e4n g\u00e4rna med av oss av v\u00e5r kunskap, v\u00e5ra erfarenheter och de l\u00f6sningar vi ser finns.<br \/>\r\n<br \/>\r\nDHR S\u00f6dert\u00e4lje \u00e4r en organisation av och f\u00f6r personer med  nedsatt r\u00f6relsef\u00f6rm\u00e5ga.<br \/>\r\nVi bevakar och arbetar med fr\u00e5gor inom kommunerna S\u00f6dert\u00e4lje och Nykvarn. Kommunala fr\u00e5gor \u00e4r t.ex. personlig service (hemtj\u00e4nst), ledsagning, tillg\u00e4nglig milj\u00f6.<br \/>\r\n<br \/>\r\nRegionala fr\u00e5gor s\u00e5som hj\u00e4lpmedel och f\u00e4rdtj\u00e4nst bevakas av DHR Region Stockholm.<\/p>\n\n                            <\/div>\n\n        <\/div>\n    <\/div>\n<\/section>","protected":false},"excerpt":{"rendered":"","protected":false},"author":63,"featured_media":0,"parent":0,"menu_order":0,"comment_status":"closed","ping_status":"closed","template":"","meta":{"_acf_changed":false,"_monsterinsights_skip_tracking":false,"_monsterinsights_sitenote_active":false,"_monsterinsights_sitenote_note":"","_monsterinsights_sitenote_category":0,"footnotes":""},"class_list":["post-2051","page","type-page","status-publish","hentry"],"acf":[],"yoast_head":"<!-- This site is optimized with the Yoast SEO plugin v27.2 - https:\/\/yoast.com\/product\/yoast-seo-wordpress\/ -->\n<title>Om oss - DHR - S\u00f6dert\u00e4lje<\/title>\n<meta name=\"robots\" content=\"index, follow, max-snippet:-1, max-image-preview:large, max-video-preview:-1\" \/>\n<link rel=\"canonical\" href=\"https:\/\/dhr.se\/sodertalje\/om-oss\/\" \/>\n<meta property=\"og:locale\" content=\"sv_SE\" \/>\n<meta property=\"og:type\" content=\"article\" \/>\n<meta property=\"og:title\" content=\"Om oss - DHR - S\u00f6dert\u00e4lje\" \/>\n<meta property=\"og:url\" content=\"https:\/\/dhr.se\/sodertalje\/om-oss\/\" \/>\n<meta property=\"og:site_name\" content=\"DHR - S\u00f6dert\u00e4lje\" \/>\n<meta property=\"article:modified_time\" content=\"2022-01-14T10:48:18+00:00\" \/>\n<meta name=\"twitter:card\" content=\"summary_large_image\" \/>\n<script type=\"application\/ld+json\" class=\"yoast-schema-graph\">{\"@context\":\"https:\/\/schema.org\",\"@graph\":[{\"@type\":\"WebPage\",\"@id\":\"https:\/\/dhr.se\/sodertalje\/om-oss\/\",\"url\":\"https:\/\/dhr.se\/sodertalje\/om-oss\/\",\"name\":\"Om oss - DHR - S\u00f6dert\u00e4lje\",\"isPartOf\":{\"@id\":\"https:\/\/dhr.se\/sodertalje\/#website\"},\"datePublished\":\"2021-10-18T08:52:46+00:00\",\"dateModified\":\"2022-01-14T10:48:18+00:00\",\"breadcrumb\":{\"@id\":\"https:\/\/dhr.se\/sodertalje\/om-oss\/#breadcrumb\"},\"inLanguage\":\"sv-SE\",\"potentialAction\":[{\"@type\":\"ReadAction\",\"target\":[\"https:\/\/dhr.se\/sodertalje\/om-oss\/\"]}]},{\"@type\":\"BreadcrumbList\",\"@id\":\"https:\/\/dhr.se\/sodertalje\/om-oss\/#breadcrumb\",\"itemListElement\":[{\"@type\":\"ListItem\",\"position\":1,\"name\":\"Hem\",\"item\":\"https:\/\/dhr.se\/sodertalje\/\"},{\"@type\":\"ListItem\",\"position\":2,\"name\":\"Om oss\"}]},{\"@type\":\"WebSite\",\"@id\":\"https:\/\/dhr.se\/sodertalje\/#website\",\"url\":\"https:\/\/dhr.se\/sodertalje\/\",\"name\":\"DHR - S\u00f6dert\u00e4lje\",\"description\":\"Delaktighet, r\u00f6relsefrihet och handlingskraft\",\"potentialAction\":[{\"@type\":\"SearchAction\",\"target\":{\"@type\":\"EntryPoint\",\"urlTemplate\":\"https:\/\/dhr.se\/sodertalje\/?s={search_term_string}\"},\"query-input\":{\"@type\":\"PropertyValueSpecification\",\"valueRequired\":true,\"valueName\":\"search_term_string\"}}],\"inLanguage\":\"sv-SE\"}]}<\/script>\n<!-- \/ Yoast SEO plugin. -->","yoast_head_json":{"title":"Om oss - DHR - S\u00f6dert\u00e4lje","robots":{"index":"index","follow":"follow","max-snippet":"max-snippet:-1","max-image-preview":"max-image-preview:large","max-video-preview":"max-video-preview:-1"},"canonical":"https:\/\/dhr.se\/sodertalje\/om-oss\/","og_locale":"sv_SE","og_type":"article","og_title":"Om oss - DHR - S\u00f6dert\u00e4lje","og_url":"https:\/\/dhr.se\/sodertalje\/om-oss\/","og_site_name":"DHR - S\u00f6dert\u00e4lje","article_modified_time":"2022-01-14T10:48:18+00:00","twitter_card":"summary_large_image","schema":{"@context":"https:\/\/schema.org","@graph":[{"@type":"WebPage","@id":"https:\/\/dhr.se\/sodertalje\/om-oss\/","url":"https:\/\/dhr.se\/sodertalje\/om-oss\/","name":"Om oss - DHR - S\u00f6dert\u00e4lje","isPartOf":{"@id":"https:\/\/dhr.se\/sodertalje\/#website"},"datePublished":"2021-10-18T08:52:46+00:00","dateModified":"2022-01-14T10:48:18+00:00","breadcrumb":{"@id":"https:\/\/dhr.se\/sodertalje\/om-oss\/#breadcrumb"},"inLanguage":"sv-SE","potentialAction":[{"@type":"ReadAction","target":["https:\/\/dhr.se\/sodertalje\/om-oss\/"]}]},{"@type":"BreadcrumbList","@id":"https:\/\/dhr.se\/sodertalje\/om-oss\/#breadcrumb","itemListElement":[{"@type":"ListItem","position":1,"name":"Hem","item":"https:\/\/dhr.se\/sodertalje\/"},{"@type":"ListItem","position":2,"name":"Om oss"}]},{"@type":"WebSite","@id":"https:\/\/dhr.se\/sodertalje\/#website","url":"https:\/\/dhr.se\/sodertalje\/","name":"DHR - S\u00f6dert\u00e4lje","description":"Delaktighet, r\u00f6relsefrihet och handlingskraft","potentialAction":[{"@type":"SearchAction","target":{"@type":"EntryPoint","urlTemplate":"https:\/\/dhr.se\/sodertalje\/?s={search_term_string}"},"query-input":{"@type":"PropertyValueSpecification","valueRequired":true,"valueName":"search_term_string"}}],"inLanguage":"sv-SE"}]}},"publishpress_future_workflow_manual_trigger":{"enabledWorkflows":[]},"_links":{"self":[{"href":"https:\/\/dhr.se\/sodertalje\/wp-json\/wp\/v2\/pages\/2051","targetHints":{"allow":["GET"]}}],"collection":[{"href":"https:\/\/dhr.se\/sodertalje\/wp-json\/wp\/v2\/pages"}],"about":[{"href":"https:\/\/dhr.se\/sodertalje\/wp-json\/wp\/v2\/types\/page"}],"author":[{"embeddable":true,"href":"https:\/\/dhr.se\/sodertalje\/wp-json\/wp\/v2\/users\/63"}],"replies":[{"embeddable":true,"href":"https:\/\/dhr.se\/sodertalje\/wp-json\/wp\/v2\/comments?post=2051"}],"version-history":[{"count":0,"href":"https:\/\/dhr.se\/sodertalje\/wp-json\/wp\/v2\/pages\/2051\/revisions"}],"wp:attachment":[{"href":"https:\/\/dhr.se\/sodertalje\/wp-json\/wp\/v2\/media?parent=2051"}],"curies":[{"name":"wp","href":"https:\/\/api.w.org\/{rel}","templated":true}]}}