{"id":2161,"date":"2021-10-21T13:43:04","date_gmt":"2021-10-21T11:43:04","guid":{"rendered":"https:\/\/dhr.se\/sodertalje\/?page_id=2161"},"modified":"2025-01-10T13:18:46","modified_gmt":"2025-01-10T12:18:46","slug":"kontakta-oss","status":"publish","type":"page","link":"https:\/\/dhr.se\/sodertalje\/kontakta-oss\/","title":{"rendered":"Kontakta oss"},"content":{"rendered":"\n<figure class=\"wp-block-image size-full\"><img loading=\"lazy\" decoding=\"async\" width=\"240\" height=\"204\" src=\"https:\/\/dhr.se\/sodertalje\/wp-content\/uploads\/sites\/68\/2021\/10\/styrelse-2.jpg\" alt=\"\" class=\"wp-image-2200\" \/><\/figure>\n\n\n<section class=\"block-simple-text\">\n    <div class=\"main\">\n        <div class=\"main-inner\">\n            <div class=\"ingress text-darker\"><p>Tveka inte att kontakta oss!<\/p>\n<p>E-post till S\u00f6dert\u00e4je:\u00a0<a href=\"mailto:sodertalje@dhr.se\">sodertalje@dhr.se<\/a><\/p>\n<p>Kansliet: 073-042 05 32<\/p>\n<p>&nbsp;<\/p>\n<p><strong>Styrelsen 2024<\/strong><\/p>\n<p>Ordf\u00f6rande: Vakans<\/p>\n<p>Vice ordf\u00f6rande: Kristian Hjertkvist<br \/>\nTfn: 073-042 05 32<\/p>\n<p>Kass\u00f6r: Britt Andersson<br \/>\nTfn: 076-230 01 52<\/p>\n<p>Ledamot: Maj-Britt Carlgren<br \/>\nTfn: 070-207 41 55<\/p>\n<p>Ledamot: Stig Andersson<br \/>\nTfn: 076-805 21 66<\/p>\n<p>&nbsp;<\/p>\n<\/div>\n            <div class=\"content\"><\/div>\n        <\/div>\n    <\/div>\n<\/section>","protected":false},"excerpt":{"rendered":"","protected":false},"author":63,"featured_media":0,"parent":0,"menu_order":0,"comment_status":"closed","ping_status":"closed","template":"","meta":{"_acf_changed":false,"_monsterinsights_skip_tracking":false,"_monsterinsights_sitenote_active":false,"_monsterinsights_sitenote_note":"","_monsterinsights_sitenote_category":0,"footnotes":""},"class_list":["post-2161","page","type-page","status-publish","hentry"],"acf":[],"yoast_head":"<!-- This site is optimized with the Yoast SEO plugin v27.2 - https:\/\/yoast.com\/product\/yoast-seo-wordpress\/ -->\n<title>Kontakta oss - DHR - S\u00f6dert\u00e4lje<\/title>\n<meta name=\"robots\" content=\"index, follow, max-snippet:-1, max-image-preview:large, max-video-preview:-1\" \/>\n<link rel=\"canonical\" href=\"https:\/\/dhr.se\/sodertalje\/kontakta-oss\/\" \/>\n<meta property=\"og:locale\" content=\"sv_SE\" \/>\n<meta property=\"og:type\" content=\"article\" \/>\n<meta property=\"og:title\" content=\"Kontakta oss - DHR - S\u00f6dert\u00e4lje\" \/>\n<meta property=\"og:url\" content=\"https:\/\/dhr.se\/sodertalje\/kontakta-oss\/\" \/>\n<meta property=\"og:site_name\" content=\"DHR - S\u00f6dert\u00e4lje\" \/>\n<meta property=\"article:modified_time\" content=\"2025-01-10T12:18:46+00:00\" \/>\n<meta property=\"og:image\" content=\"https:\/\/dhr.se\/sodertalje\/wp-content\/uploads\/sites\/68\/2021\/10\/styrelse-2.jpg\" \/>\n<meta name=\"twitter:card\" content=\"summary_large_image\" \/>\n<meta name=\"twitter:label1\" content=\"Ber\u00e4knad l\u00e4stid\" \/>\n\t<meta name=\"twitter:data1\" content=\"1 minut\" \/>\n<script type=\"application\/ld+json\" class=\"yoast-schema-graph\">{\"@context\":\"https:\/\/schema.org\",\"@graph\":[{\"@type\":\"WebPage\",\"@id\":\"https:\/\/dhr.se\/sodertalje\/kontakta-oss\/\",\"url\":\"https:\/\/dhr.se\/sodertalje\/kontakta-oss\/\",\"name\":\"Kontakta oss - DHR - S\u00f6dert\u00e4lje\",\"isPartOf\":{\"@id\":\"https:\/\/dhr.se\/sodertalje\/#website\"},\"primaryImageOfPage\":{\"@id\":\"https:\/\/dhr.se\/sodertalje\/kontakta-oss\/#primaryimage\"},\"image\":{\"@id\":\"https:\/\/dhr.se\/sodertalje\/kontakta-oss\/#primaryimage\"},\"thumbnailUrl\":\"https:\/\/dhr.se\/sodertalje\/wp-content\/uploads\/sites\/68\/2021\/10\/styrelse-2.jpg\",\"datePublished\":\"2021-10-21T11:43:04+00:00\",\"dateModified\":\"2025-01-10T12:18:46+00:00\",\"breadcrumb\":{\"@id\":\"https:\/\/dhr.se\/sodertalje\/kontakta-oss\/#breadcrumb\"},\"inLanguage\":\"sv-SE\",\"potentialAction\":[{\"@type\":\"ReadAction\",\"target\":[\"https:\/\/dhr.se\/sodertalje\/kontakta-oss\/\"]}]},{\"@type\":\"ImageObject\",\"inLanguage\":\"sv-SE\",\"@id\":\"https:\/\/dhr.se\/sodertalje\/kontakta-oss\/#primaryimage\",\"url\":\"https:\/\/dhr.se\/sodertalje\/wp-content\/uploads\/sites\/68\/2021\/10\/styrelse-2.jpg\",\"contentUrl\":\"https:\/\/dhr.se\/sodertalje\/wp-content\/uploads\/sites\/68\/2021\/10\/styrelse-2.jpg\",\"width\":240,\"height\":204},{\"@type\":\"BreadcrumbList\",\"@id\":\"https:\/\/dhr.se\/sodertalje\/kontakta-oss\/#breadcrumb\",\"itemListElement\":[{\"@type\":\"ListItem\",\"position\":1,\"name\":\"Hem\",\"item\":\"https:\/\/dhr.se\/sodertalje\/\"},{\"@type\":\"ListItem\",\"position\":2,\"name\":\"Kontakta oss\"}]},{\"@type\":\"WebSite\",\"@id\":\"https:\/\/dhr.se\/sodertalje\/#website\",\"url\":\"https:\/\/dhr.se\/sodertalje\/\",\"name\":\"DHR - S\u00f6dert\u00e4lje\",\"description\":\"Delaktighet, r\u00f6relsefrihet och handlingskraft\",\"potentialAction\":[{\"@type\":\"SearchAction\",\"target\":{\"@type\":\"EntryPoint\",\"urlTemplate\":\"https:\/\/dhr.se\/sodertalje\/?s={search_term_string}\"},\"query-input\":{\"@type\":\"PropertyValueSpecification\",\"valueRequired\":true,\"valueName\":\"search_term_string\"}}],\"inLanguage\":\"sv-SE\"}]}<\/script>\n<!-- \/ Yoast SEO plugin. -->","yoast_head_json":{"title":"Kontakta oss - DHR - S\u00f6dert\u00e4lje","robots":{"index":"index","follow":"follow","max-snippet":"max-snippet:-1","max-image-preview":"max-image-preview:large","max-video-preview":"max-video-preview:-1"},"canonical":"https:\/\/dhr.se\/sodertalje\/kontakta-oss\/","og_locale":"sv_SE","og_type":"article","og_title":"Kontakta oss - DHR - S\u00f6dert\u00e4lje","og_url":"https:\/\/dhr.se\/sodertalje\/kontakta-oss\/","og_site_name":"DHR - S\u00f6dert\u00e4lje","article_modified_time":"2025-01-10T12:18:46+00:00","og_image":[{"url":"https:\/\/dhr.se\/sodertalje\/wp-content\/uploads\/sites\/68\/2021\/10\/styrelse-2.jpg","type":"","width":"","height":""}],"twitter_card":"summary_large_image","twitter_misc":{"Ber\u00e4knad l\u00e4stid":"1 minut"},"schema":{"@context":"https:\/\/schema.org","@graph":[{"@type":"WebPage","@id":"https:\/\/dhr.se\/sodertalje\/kontakta-oss\/","url":"https:\/\/dhr.se\/sodertalje\/kontakta-oss\/","name":"Kontakta oss - DHR - S\u00f6dert\u00e4lje","isPartOf":{"@id":"https:\/\/dhr.se\/sodertalje\/#website"},"primaryImageOfPage":{"@id":"https:\/\/dhr.se\/sodertalje\/kontakta-oss\/#primaryimage"},"image":{"@id":"https:\/\/dhr.se\/sodertalje\/kontakta-oss\/#primaryimage"},"thumbnailUrl":"https:\/\/dhr.se\/sodertalje\/wp-content\/uploads\/sites\/68\/2021\/10\/styrelse-2.jpg","datePublished":"2021-10-21T11:43:04+00:00","dateModified":"2025-01-10T12:18:46+00:00","breadcrumb":{"@id":"https:\/\/dhr.se\/sodertalje\/kontakta-oss\/#breadcrumb"},"inLanguage":"sv-SE","potentialAction":[{"@type":"ReadAction","target":["https:\/\/dhr.se\/sodertalje\/kontakta-oss\/"]}]},{"@type":"ImageObject","inLanguage":"sv-SE","@id":"https:\/\/dhr.se\/sodertalje\/kontakta-oss\/#primaryimage","url":"https:\/\/dhr.se\/sodertalje\/wp-content\/uploads\/sites\/68\/2021\/10\/styrelse-2.jpg","contentUrl":"https:\/\/dhr.se\/sodertalje\/wp-content\/uploads\/sites\/68\/2021\/10\/styrelse-2.jpg","width":240,"height":204},{"@type":"BreadcrumbList","@id":"https:\/\/dhr.se\/sodertalje\/kontakta-oss\/#breadcrumb","itemListElement":[{"@type":"ListItem","position":1,"name":"Hem","item":"https:\/\/dhr.se\/sodertalje\/"},{"@type":"ListItem","position":2,"name":"Kontakta oss"}]},{"@type":"WebSite","@id":"https:\/\/dhr.se\/sodertalje\/#website","url":"https:\/\/dhr.se\/sodertalje\/","name":"DHR - S\u00f6dert\u00e4lje","description":"Delaktighet, r\u00f6relsefrihet och handlingskraft","potentialAction":[{"@type":"SearchAction","target":{"@type":"EntryPoint","urlTemplate":"https:\/\/dhr.se\/sodertalje\/?s={search_term_string}"},"query-input":{"@type":"PropertyValueSpecification","valueRequired":true,"valueName":"search_term_string"}}],"inLanguage":"sv-SE"}]}},"publishpress_future_workflow_manual_trigger":{"enabledWorkflows":[]},"_links":{"self":[{"href":"https:\/\/dhr.se\/sodertalje\/wp-json\/wp\/v2\/pages\/2161","targetHints":{"allow":["GET"]}}],"collection":[{"href":"https:\/\/dhr.se\/sodertalje\/wp-json\/wp\/v2\/pages"}],"about":[{"href":"https:\/\/dhr.se\/sodertalje\/wp-json\/wp\/v2\/types\/page"}],"author":[{"embeddable":true,"href":"https:\/\/dhr.se\/sodertalje\/wp-json\/wp\/v2\/users\/63"}],"replies":[{"embeddable":true,"href":"https:\/\/dhr.se\/sodertalje\/wp-json\/wp\/v2\/comments?post=2161"}],"version-history":[{"count":0,"href":"https:\/\/dhr.se\/sodertalje\/wp-json\/wp\/v2\/pages\/2161\/revisions"}],"wp:attachment":[{"href":"https:\/\/dhr.se\/sodertalje\/wp-json\/wp\/v2\/media?parent=2161"}],"curies":[{"name":"wp","href":"https:\/\/api.w.org\/{rel}","templated":true}]}}