{"id":2285,"date":"2022-02-03T11:00:10","date_gmt":"2022-02-03T10:00:10","guid":{"rendered":"https:\/\/dhr.se\/sodertalje\/?page_id=2285"},"modified":"2022-02-03T11:21:30","modified_gmt":"2022-02-03T10:21:30","slug":"vi-syns-i-media","status":"publish","type":"page","link":"https:\/\/dhr.se\/sodertalje\/vi-syns-i-media\/","title":{"rendered":"Vi syns i media"},"content":{"rendered":"\n<figure class=\"wp-block-image size-full is-resized\"><img loading=\"lazy\" decoding=\"async\" src=\"https:\/\/dhr.se\/sodertalje\/wp-content\/uploads\/sites\/68\/2022\/02\/Inbjudan.jpg\" alt=\"\" class=\"wp-image-2286\" width=\"664\" height=\"465\" srcset=\"https:\/\/dhr.se\/sodertalje\/wp-content\/uploads\/sites\/68\/2022\/02\/Inbjudan.jpg 888w, https:\/\/dhr.se\/sodertalje\/wp-content\/uploads\/sites\/68\/2022\/02\/Inbjudan-300x210.jpg 300w, https:\/\/dhr.se\/sodertalje\/wp-content\/uploads\/sites\/68\/2022\/02\/Inbjudan-768x538.jpg 768w\" sizes=\"auto, (max-width: 664px) 100vw, 664px\" \/><figcaption>S\u00f6dert\u00e4ljetidningen 2022-02-02<\/figcaption><\/figure>\n\n\n<section class=\"block-simple-text\">\n    <div class=\"main\">\n        <div class=\"main-inner\">\n            <div class=\"ingress text-darker\"><p>Inbjudan till tv\u00e5 \u00f6ppna m\u00f6ten, den 10 och 24 mars 2022.<\/p>\n<\/div>\n            <div class=\"content\"><\/div>\n        <\/div>\n    <\/div>\n<\/section>","protected":false},"excerpt":{"rendered":"","protected":false},"author":63,"featured_media":0,"parent":0,"menu_order":0,"comment_status":"closed","ping_status":"closed","template":"","meta":{"_acf_changed":false,"_monsterinsights_skip_tracking":false,"_monsterinsights_sitenote_active":false,"_monsterinsights_sitenote_note":"","_monsterinsights_sitenote_category":0,"footnotes":""},"class_list":["post-2285","page","type-page","status-publish","hentry"],"acf":[],"yoast_head":"<!-- This site is optimized with the Yoast SEO plugin v27.2 - https:\/\/yoast.com\/product\/yoast-seo-wordpress\/ -->\n<title>Vi syns i media - DHR - S\u00f6dert\u00e4lje<\/title>\n<meta name=\"robots\" content=\"index, follow, max-snippet:-1, max-image-preview:large, max-video-preview:-1\" \/>\n<link rel=\"canonical\" href=\"https:\/\/dhr.se\/sodertalje\/vi-syns-i-media\/\" \/>\n<meta property=\"og:locale\" content=\"sv_SE\" \/>\n<meta property=\"og:type\" content=\"article\" \/>\n<meta property=\"og:title\" content=\"Vi syns i media - DHR - S\u00f6dert\u00e4lje\" \/>\n<meta property=\"og:url\" content=\"https:\/\/dhr.se\/sodertalje\/vi-syns-i-media\/\" \/>\n<meta property=\"og:site_name\" content=\"DHR - S\u00f6dert\u00e4lje\" \/>\n<meta property=\"article:modified_time\" content=\"2022-02-03T10:21:30+00:00\" \/>\n<meta property=\"og:image\" content=\"https:\/\/dhr.se\/sodertalje\/wp-content\/uploads\/sites\/68\/2022\/02\/Inbjudan.jpg\" \/>\n<meta name=\"twitter:card\" content=\"summary_large_image\" \/>\n<meta name=\"twitter:label1\" content=\"Ber\u00e4knad l\u00e4stid\" \/>\n\t<meta name=\"twitter:data1\" content=\"1 minut\" \/>\n<script type=\"application\/ld+json\" class=\"yoast-schema-graph\">{\"@context\":\"https:\/\/schema.org\",\"@graph\":[{\"@type\":\"WebPage\",\"@id\":\"https:\/\/dhr.se\/sodertalje\/vi-syns-i-media\/\",\"url\":\"https:\/\/dhr.se\/sodertalje\/vi-syns-i-media\/\",\"name\":\"Vi syns i media - DHR - S\u00f6dert\u00e4lje\",\"isPartOf\":{\"@id\":\"https:\/\/dhr.se\/sodertalje\/#website\"},\"primaryImageOfPage\":{\"@id\":\"https:\/\/dhr.se\/sodertalje\/vi-syns-i-media\/#primaryimage\"},\"image\":{\"@id\":\"https:\/\/dhr.se\/sodertalje\/vi-syns-i-media\/#primaryimage\"},\"thumbnailUrl\":\"https:\/\/dhr.se\/sodertalje\/wp-content\/uploads\/sites\/68\/2022\/02\/Inbjudan.jpg\",\"datePublished\":\"2022-02-03T10:00:10+00:00\",\"dateModified\":\"2022-02-03T10:21:30+00:00\",\"breadcrumb\":{\"@id\":\"https:\/\/dhr.se\/sodertalje\/vi-syns-i-media\/#breadcrumb\"},\"inLanguage\":\"sv-SE\",\"potentialAction\":[{\"@type\":\"ReadAction\",\"target\":[\"https:\/\/dhr.se\/sodertalje\/vi-syns-i-media\/\"]}]},{\"@type\":\"ImageObject\",\"inLanguage\":\"sv-SE\",\"@id\":\"https:\/\/dhr.se\/sodertalje\/vi-syns-i-media\/#primaryimage\",\"url\":\"https:\/\/dhr.se\/sodertalje\/wp-content\/uploads\/sites\/68\/2022\/02\/Inbjudan.jpg\",\"contentUrl\":\"https:\/\/dhr.se\/sodertalje\/wp-content\/uploads\/sites\/68\/2022\/02\/Inbjudan.jpg\",\"width\":888,\"height\":622},{\"@type\":\"BreadcrumbList\",\"@id\":\"https:\/\/dhr.se\/sodertalje\/vi-syns-i-media\/#breadcrumb\",\"itemListElement\":[{\"@type\":\"ListItem\",\"position\":1,\"name\":\"Hem\",\"item\":\"https:\/\/dhr.se\/sodertalje\/\"},{\"@type\":\"ListItem\",\"position\":2,\"name\":\"Vi syns i media\"}]},{\"@type\":\"WebSite\",\"@id\":\"https:\/\/dhr.se\/sodertalje\/#website\",\"url\":\"https:\/\/dhr.se\/sodertalje\/\",\"name\":\"DHR - S\u00f6dert\u00e4lje\",\"description\":\"Delaktighet, r\u00f6relsefrihet och handlingskraft\",\"potentialAction\":[{\"@type\":\"SearchAction\",\"target\":{\"@type\":\"EntryPoint\",\"urlTemplate\":\"https:\/\/dhr.se\/sodertalje\/?s={search_term_string}\"},\"query-input\":{\"@type\":\"PropertyValueSpecification\",\"valueRequired\":true,\"valueName\":\"search_term_string\"}}],\"inLanguage\":\"sv-SE\"}]}<\/script>\n<!-- \/ Yoast SEO plugin. -->","yoast_head_json":{"title":"Vi syns i media - DHR - S\u00f6dert\u00e4lje","robots":{"index":"index","follow":"follow","max-snippet":"max-snippet:-1","max-image-preview":"max-image-preview:large","max-video-preview":"max-video-preview:-1"},"canonical":"https:\/\/dhr.se\/sodertalje\/vi-syns-i-media\/","og_locale":"sv_SE","og_type":"article","og_title":"Vi syns i media - DHR - S\u00f6dert\u00e4lje","og_url":"https:\/\/dhr.se\/sodertalje\/vi-syns-i-media\/","og_site_name":"DHR - S\u00f6dert\u00e4lje","article_modified_time":"2022-02-03T10:21:30+00:00","og_image":[{"url":"https:\/\/dhr.se\/sodertalje\/wp-content\/uploads\/sites\/68\/2022\/02\/Inbjudan.jpg","type":"","width":"","height":""}],"twitter_card":"summary_large_image","twitter_misc":{"Ber\u00e4knad l\u00e4stid":"1 minut"},"schema":{"@context":"https:\/\/schema.org","@graph":[{"@type":"WebPage","@id":"https:\/\/dhr.se\/sodertalje\/vi-syns-i-media\/","url":"https:\/\/dhr.se\/sodertalje\/vi-syns-i-media\/","name":"Vi syns i media - DHR - S\u00f6dert\u00e4lje","isPartOf":{"@id":"https:\/\/dhr.se\/sodertalje\/#website"},"primaryImageOfPage":{"@id":"https:\/\/dhr.se\/sodertalje\/vi-syns-i-media\/#primaryimage"},"image":{"@id":"https:\/\/dhr.se\/sodertalje\/vi-syns-i-media\/#primaryimage"},"thumbnailUrl":"https:\/\/dhr.se\/sodertalje\/wp-content\/uploads\/sites\/68\/2022\/02\/Inbjudan.jpg","datePublished":"2022-02-03T10:00:10+00:00","dateModified":"2022-02-03T10:21:30+00:00","breadcrumb":{"@id":"https:\/\/dhr.se\/sodertalje\/vi-syns-i-media\/#breadcrumb"},"inLanguage":"sv-SE","potentialAction":[{"@type":"ReadAction","target":["https:\/\/dhr.se\/sodertalje\/vi-syns-i-media\/"]}]},{"@type":"ImageObject","inLanguage":"sv-SE","@id":"https:\/\/dhr.se\/sodertalje\/vi-syns-i-media\/#primaryimage","url":"https:\/\/dhr.se\/sodertalje\/wp-content\/uploads\/sites\/68\/2022\/02\/Inbjudan.jpg","contentUrl":"https:\/\/dhr.se\/sodertalje\/wp-content\/uploads\/sites\/68\/2022\/02\/Inbjudan.jpg","width":888,"height":622},{"@type":"BreadcrumbList","@id":"https:\/\/dhr.se\/sodertalje\/vi-syns-i-media\/#breadcrumb","itemListElement":[{"@type":"ListItem","position":1,"name":"Hem","item":"https:\/\/dhr.se\/sodertalje\/"},{"@type":"ListItem","position":2,"name":"Vi syns i media"}]},{"@type":"WebSite","@id":"https:\/\/dhr.se\/sodertalje\/#website","url":"https:\/\/dhr.se\/sodertalje\/","name":"DHR - S\u00f6dert\u00e4lje","description":"Delaktighet, r\u00f6relsefrihet och handlingskraft","potentialAction":[{"@type":"SearchAction","target":{"@type":"EntryPoint","urlTemplate":"https:\/\/dhr.se\/sodertalje\/?s={search_term_string}"},"query-input":{"@type":"PropertyValueSpecification","valueRequired":true,"valueName":"search_term_string"}}],"inLanguage":"sv-SE"}]}},"publishpress_future_workflow_manual_trigger":{"enabledWorkflows":[]},"_links":{"self":[{"href":"https:\/\/dhr.se\/sodertalje\/wp-json\/wp\/v2\/pages\/2285","targetHints":{"allow":["GET"]}}],"collection":[{"href":"https:\/\/dhr.se\/sodertalje\/wp-json\/wp\/v2\/pages"}],"about":[{"href":"https:\/\/dhr.se\/sodertalje\/wp-json\/wp\/v2\/types\/page"}],"author":[{"embeddable":true,"href":"https:\/\/dhr.se\/sodertalje\/wp-json\/wp\/v2\/users\/63"}],"replies":[{"embeddable":true,"href":"https:\/\/dhr.se\/sodertalje\/wp-json\/wp\/v2\/comments?post=2285"}],"version-history":[{"count":0,"href":"https:\/\/dhr.se\/sodertalje\/wp-json\/wp\/v2\/pages\/2285\/revisions"}],"wp:attachment":[{"href":"https:\/\/dhr.se\/sodertalje\/wp-json\/wp\/v2\/media?parent=2285"}],"curies":[{"name":"wp","href":"https:\/\/api.w.org\/{rel}","templated":true}]}}