{"id":1444,"date":"2020-04-22T19:53:29","date_gmt":"2020-04-22T17:53:29","guid":{"rendered":"http:\/\/dhr.se\/stockholmslan\/?page_id=1444"},"modified":"2026-03-25T14:44:41","modified_gmt":"2026-03-25T13:44:41","slug":"kontakt","status":"publish","type":"page","link":"https:\/\/dhr.se\/stockholmslan\/om-dhr-stockholms-lans-distrikt\/kontakt\/","title":{"rendered":"Kontakt"},"content":{"rendered":"<section class=\"block-hero\" style=\"background-image:url(https:\/\/dhr.se\/stockholmslan\/wp-content\/uploads\/sites\/5\/2025\/08\/Kontakt-oss.jpg);\">\n\n<video autoplay loop playsinline muted loop>\n    <source src=\"\" type=\"video\/mp4\">\n    Your browser does not support HTML5 video.\n<\/video>\n\n<div class=\"overlay overlay-accent\"><\/div>\n    <div class=\"main\">\n        <div class=\"main-inner\">\n            <p class=\"small-title\"><\/p>\n            <h1>Kontakta oss<\/h1>\n            <p class=\"text\"><b>E-post: regionstockholm@dhr.se<br \/>\r\nTelefon &#8211; 08-120 556 80<br \/>\r\n<br \/>\r\nTelefontider:  M\u00e5ndag-Onsdag kl. 10:00-15:00<br \/>\r\n(lunch kl. 12:00 -13:00)<br \/>\r\n<br \/>\r\nOrganisationsnummer: 80 20 06-5259<br \/>\r\nBankgiro 5077-8307<\/b><\/p>\n\n\n            \n\n\n\n        <\/div>\n    <\/div>\n<\/section>\n\n<section class=\"block-one-two\">\n    <div class=\"main\">\n        <div class=\"main-inner\">\n        <h2>Hitta oss<\/h2>\n\n            <div class=\"flex-container\">\n                <div class=\"col-small\">\n                    <div class=\"content\"><p><img loading=\"lazy\" decoding=\"async\" class=\"alignnone wp-image-1930 size-full\" src=\"https:\/\/dhr.se\/stockholmslan\/wp-content\/uploads\/sites\/5\/2020\/04\/Karta-Rissne-e1623157271630.jpg\" alt=\"\" width=\"518\" height=\"562\" srcset=\"https:\/\/dhr.se\/stockholmslan\/wp-content\/uploads\/sites\/5\/2020\/04\/Karta-Rissne-e1623157271630.jpg 518w, https:\/\/dhr.se\/stockholmslan\/wp-content\/uploads\/sites\/5\/2020\/04\/Karta-Rissne-e1623157271630-277x300.jpg 277w\" sizes=\"auto, (max-width: 518px) 100vw, 518px\" \/><\/p>\n<p style=\"text-align: left\"><strong><a href=\"https:\/\/www.google.com\/maps\/place\/Kavalleriv%C3%A4gen+30,+174+58+Sundbyberg\/@59.3758274,17.9405069,18z\/data=!4m5!3m4!1s0x465f9e6eeaf5ef19:0xae924776ada69fd1!8m2!3d59.3759654!4d17.9415905?hl=sv\">Hitta hit!<\/a><\/strong><\/p>\n<\/div>\n                <\/div>\n                <div class=\"col-big\">\n                    <div class=\"content\"><p>DHR Region Stockholms kansli finns p\u00e5 Kavalleriv\u00e4gen 30 i Rissne och du kan komma hit p\u00e5 olika s\u00e4tt:<\/p>\n<ul>\n<li><strong>Adress:<\/strong> Kavalleriv\u00e4gen 30, 174 58 Sundbyberg<\/li>\n<li><strong>Buss:\u00a0<\/strong>H\u00e5llplats Rissne med Buss 118, 155, 157, 504 och 512.<\/li>\n<li><strong>Tunnelbana: <\/strong>Rissne med Linje 10 Hjulsta \u2013 Kungstr\u00e4dg\u00e5rden<\/li>\n<li><strong>Pendelt\u00e5g:\u00a0<\/strong>Sundbybergs station med Linje 35 Nyn\u00e4shamn-B\u00e5lsta. Byt till T-bana mot Hjulsta till station Rissne.<\/li>\n<li><strong>Parkering<\/strong>: L\u00e4ngs Kavalleriv\u00e4gen och utanf\u00f6r Hemk\u00f6p finns 2 stycken handikapparkeringa<\/li>\n<\/ul>\n<p><strong><a href=\"https:\/\/www.google.com\/maps\/place\/Kavalleriv%C3%A4gen+30,+174+58+Sundbyberg\/@59.3758274,17.9405069,18z\/data=!4m5!3m4!1s0x465f9e6eeaf5ef19:0xae924776ada69fd1!8m2!3d59.3759654!4d17.9415905?hl=sv\">Hitta hit!<\/a><\/strong><\/p>\n<\/div>\n                <\/div>\n            <\/div>\n            \n        <\/div>\n    <\/div>\n<\/section>\n\n\n<h2 class=\"wp-block-heading has-text-align-center\">   Vi p\u00e5 kansliet:<\/h2>\n\n\n<section class=\"block-staff\">\n    <div class=\"main\">\n        <div class=\"main-inner\">\n            <h3><\/h3>\n\n            <div class=\"flex-container\">\n\n                \n\n                        <div class=\"person\">\n                            \n                                                            <img decoding=\"async\" src=\"https:\/\/dhr.se\/stockholmslan\/wp-content\/uploads\/sites\/5\/2024\/10\/Stefan-Sundquist.jpg\" alt=\"\" \/>\n                            \n                            <h4>Stefan<\/h4>\n                            <h4>Sundquist<\/h4>\n                            <p class=\"description\">Kanslisamordnare<\/p>\n                            <p class=\"phone\"><\/p>\n\t\t\t\t\t\t\t                            <a class=\"text-link\" href=\"mailto:stefan.sundquist@dhr.se\">Maila mig<\/a>\n\t\t\t\t\t\t\t                        <\/div>\n\n\n                        \n\n                        <div class=\"person\">\n                            \n                                                            <img decoding=\"async\" src=\"https:\/\/dhr.se\/stockholmslan\/wp-content\/uploads\/sites\/5\/2021\/04\/Sari-och-Ingela-scaled-e1755090379780.jpg\" alt=\"\" \/>\n                            \n                            <h4>Sari<\/h4>\n                            <h4>Nykvist<\/h4>\n                            <p class=\"description\">Ombudsman &#8211; intressepolitik<\/p>\n                            <p class=\"phone\"><\/p>\n\t\t\t\t\t\t\t                            <a class=\"text-link\" href=\"mailto:sari.nykvist@dhr.se\">Maila mig<\/a>\n\t\t\t\t\t\t\t                        <\/div>\n\n\n                        \n\n                        <div class=\"person\">\n                            \n                            \n                            <h4>Herman<\/h4>\n                            <h4>Grafstr\u00f6m<\/h4>\n                            <p class=\"description\">Kommunikat\u00f6r<\/p>\n                            <p class=\"phone\"><\/p>\n\t\t\t\t\t\t\t                            <a class=\"text-link\" href=\"mailto:herman.grafstrom@dhr.se\">Maila mig<\/a>\n\t\t\t\t\t\t\t                        <\/div>\n\n\n                        \n            <\/div>\n        <\/div>\n    <\/div>\n<\/section>\n\n\n<h2 class=\"wp-block-heading has-text-align-center\">DHR Region Stockholms styrelse<\/h2>\n\n\n<section class=\"block-staff\">\n    <div class=\"main\">\n        <div class=\"main-inner\">\n            <h3><\/h3>\n\n            <div class=\"flex-container\">\n\n                \n\n                        <div class=\"person\">\n                            \n                                                            <img decoding=\"async\" src=\"https:\/\/dhr.se\/stockholmslan\/wp-content\/uploads\/sites\/5\/2021\/04\/Liza-1.jpg\" alt=\"\" \/>\n                            \n                            <h4>Liza <\/h4>\n                            <h4>Syeda<\/h4>\n                            <p class=\"description\">Ordf\u00f6rande<\/p>\n                            <p class=\"phone\">Kontaktperson till samtliga avdelningar<\/p>\n\t\t\t\t\t\t\t                            <a class=\"text-link\" href=\"mailto:liza.syeda@dhr.se\">Maila mig<\/a>\n\t\t\t\t\t\t\t                        <\/div>\n\n\n                        \n\n                        <div class=\"person\">\n                            \n                                                            <img decoding=\"async\" src=\"https:\/\/dhr.se\/stockholmslan\/wp-content\/uploads\/sites\/5\/2022\/05\/Magnus-kvadrat-scaled.jpg\" alt=\"\" \/>\n                            \n                            <h4>Magnus <\/h4>\n                            <h4>Lindmark<\/h4>\n                            <p class=\"description\">Vice ordf\u00f6rande<\/p>\n                            <p class=\"phone\">Kontaktperson till Huddingeavdelningen<\/p>\n\t\t\t\t\t\t\t                            <a class=\"text-link\" href=\"mailto:magnus.lindmark@dhr.se\">Maila mig<\/a>\n\t\t\t\t\t\t\t                        <\/div>\n\n\n                        \n\n                        <div class=\"person\">\n                            \n                                                            <img decoding=\"async\" src=\"https:\/\/dhr.se\/stockholmslan\/wp-content\/uploads\/sites\/5\/2021\/04\/Yvonne-Bjorkman.jpg\" alt=\"\" \/>\n                            \n                            <h4>Yvonne<\/h4>\n                            <h4>Bj\u00f6rkman<\/h4>\n                            <p class=\"description\">2:e vice ordf\u00f6rande och Kass\u00f6r<\/p>\n                            <p class=\"phone\">Kontaktperson till Nyn\u00e4shamn-Haningeavdelningen<\/p>\n\t\t\t\t\t\t\t                            <a class=\"text-link\" href=\"mailto:yvonne.bjorkman@dhr.se\">Maila mig<\/a>\n\t\t\t\t\t\t\t                        <\/div>\n\n\n                        \n\n                        <div class=\"person\">\n                            \n                                                            <img decoding=\"async\" src=\"https:\/\/dhr.se\/stockholmslan\/wp-content\/uploads\/sites\/5\/2025\/03\/Patrick-Englund.jpg\" alt=\"\" \/>\n                            \n                            <h4>Patrick <\/h4>\n                            <h4>Englund<\/h4>\n                            <p class=\"description\">Ledamot<\/p>\n                            <p class=\"phone\">Kontaktperson till Nacka-V\u00e4rmd\u00f6avdelningen<\/p>\n\t\t\t\t\t\t\t                            <a class=\"text-link\" href=\"mailto:patrick.englund@dhr.se\">Maila mig<\/a>\n\t\t\t\t\t\t\t                        <\/div>\n\n\n                        \n\n                        <div class=\"person\">\n                            \n                                                            <img decoding=\"async\" src=\"https:\/\/dhr.se\/stockholmslan\/wp-content\/uploads\/sites\/5\/2022\/12\/received_1001422873921262.jpeg\" alt=\"\" \/>\n                            \n                            <h4>Anna <\/h4>\n                            <h4>Westerberg<\/h4>\n                            <p class=\"description\">Ledamot<\/p>\n                            <p class=\"phone\">Kontaktperson till Stockholmsavdelningen<\/p>\n\t\t\t\t\t\t\t                            <a class=\"text-link\" href=\"mailto:anna.westerberg@dhr.se\">Maila mig<\/a>\n\t\t\t\t\t\t\t                        <\/div>\n\n\n                        \n\n                        <div class=\"person\">\n                            \n                                                            <img decoding=\"async\" src=\"https:\/\/dhr.se\/stockholmslan\/wp-content\/uploads\/sites\/5\/2025\/03\/Patrick-Forslin-webben-1-scaled.jpg\" alt=\"\" \/>\n                            \n                            <h4>Patrick <\/h4>\n                            <h4>Forslin<\/h4>\n                            <p class=\"description\">Ledamot<\/p>\n                            <p class=\"phone\"><\/p>\n\t\t\t\t\t\t\t                            <a class=\"text-link\" href=\"mailto:patrick.forslin@dhr.se\">Maila mig<\/a>\n\t\t\t\t\t\t\t                        <\/div>\n\n\n                        \n\n                        <div class=\"person\">\n                            \n                            \n                            <h4>gunnel<\/h4>\n                            <h4>R\u00f6nn<\/h4>\n                            <p class=\"description\">Ledamot<\/p>\n                            <p class=\"phone\"><\/p>\n\t\t\t\t\t\t\t                            <a class=\"text-link\" href=\"mailto:gunnel.ronn@dhr.se\">Maila mig<\/a>\n\t\t\t\t\t\t\t                        <\/div>\n\n\n                        \n\n                        <div class=\"person\">\n                            \n                            \n                            <h4>Lena<\/h4>\n                            <h4>Byttner<\/h4>\n                            <p class=\"description\">Ledamot<\/p>\n                            <p class=\"phone\"><\/p>\n\t\t\t\t\t\t\t                            <a class=\"text-link\" href=\"mailto:lena.byttner@dhr.se\">Maila mig<\/a>\n\t\t\t\t\t\t\t                        <\/div>\n\n\n                        \n            <\/div>\n        <\/div>\n    <\/div>\n<\/section>","protected":false},"excerpt":{"rendered":"<p>Vi p\u00e5 kansliet: DHR Region Stockholms styrelse<\/p>\n","protected":false},"author":9,"featured_media":0,"parent":936,"menu_order":0,"comment_status":"closed","ping_status":"closed","template":"","meta":{"_acf_changed":false,"_monsterinsights_skip_tracking":false,"_monsterinsights_sitenote_active":false,"_monsterinsights_sitenote_note":"","_monsterinsights_sitenote_category":0,"footnotes":""},"class_list":["post-1444","page","type-page","status-publish","hentry"],"acf":[],"yoast_head":"<!-- This site is optimized with the Yoast SEO plugin v27.2 - https:\/\/yoast.com\/product\/yoast-seo-wordpress\/ -->\n<title>Kontakt - DHR - Region Stockholm<\/title>\n<meta name=\"robots\" content=\"index, follow, max-snippet:-1, max-image-preview:large, max-video-preview:-1\" \/>\n<link rel=\"canonical\" href=\"https:\/\/dhr.se\/stockholmslan\/om-dhr-stockholms-lans-distrikt\/kontakt\/\" \/>\n<meta property=\"og:locale\" content=\"sv_SE\" \/>\n<meta property=\"og:type\" content=\"article\" \/>\n<meta property=\"og:title\" content=\"Kontakt - DHR - Region Stockholm\" \/>\n<meta property=\"og:description\" content=\"Vi p\u00e5 kansliet: DHR Region Stockholms styrelse\" \/>\n<meta property=\"og:url\" content=\"https:\/\/dhr.se\/stockholmslan\/om-dhr-stockholms-lans-distrikt\/kontakt\/\" \/>\n<meta property=\"og:site_name\" content=\"DHR - Region Stockholm\" \/>\n<meta property=\"article:publisher\" content=\"https:\/\/www.facebook.com\/DHRStockholmsLan\" \/>\n<meta property=\"article:modified_time\" content=\"2026-03-25T13:44:41+00:00\" \/>\n<meta name=\"twitter:card\" content=\"summary_large_image\" \/>\n<meta name=\"twitter:label1\" content=\"Ber\u00e4knad l\u00e4stid\" \/>\n\t<meta name=\"twitter:data1\" content=\"1 minut\" \/>\n<script type=\"application\/ld+json\" class=\"yoast-schema-graph\">{\"@context\":\"https:\/\/schema.org\",\"@graph\":[{\"@type\":\"WebPage\",\"@id\":\"https:\/\/dhr.se\/stockholmslan\/om-dhr-stockholms-lans-distrikt\/kontakt\/\",\"url\":\"https:\/\/dhr.se\/stockholmslan\/om-dhr-stockholms-lans-distrikt\/kontakt\/\",\"name\":\"Kontakt - DHR - Region Stockholm\",\"isPartOf\":{\"@id\":\"https:\/\/dhr.se\/stockholmslan\/#website\"},\"datePublished\":\"2020-04-22T17:53:29+00:00\",\"dateModified\":\"2026-03-25T13:44:41+00:00\",\"breadcrumb\":{\"@id\":\"https:\/\/dhr.se\/stockholmslan\/om-dhr-stockholms-lans-distrikt\/kontakt\/#breadcrumb\"},\"inLanguage\":\"sv-SE\",\"potentialAction\":[{\"@type\":\"ReadAction\",\"target\":[\"https:\/\/dhr.se\/stockholmslan\/om-dhr-stockholms-lans-distrikt\/kontakt\/\"]}]},{\"@type\":\"BreadcrumbList\",\"@id\":\"https:\/\/dhr.se\/stockholmslan\/om-dhr-stockholms-lans-distrikt\/kontakt\/#breadcrumb\",\"itemListElement\":[{\"@type\":\"ListItem\",\"position\":1,\"name\":\"Hem\",\"item\":\"https:\/\/dhr.se\/stockholmslan\/\"},{\"@type\":\"ListItem\",\"position\":2,\"name\":\"Om oss\",\"item\":\"https:\/\/dhr.se\/stockholmslan\/om-dhr-stockholms-lans-distrikt\/\"},{\"@type\":\"ListItem\",\"position\":3,\"name\":\"Kontakt\"}]},{\"@type\":\"WebSite\",\"@id\":\"https:\/\/dhr.se\/stockholmslan\/#website\",\"url\":\"https:\/\/dhr.se\/stockholmslan\/\",\"name\":\"DHR - Region Stockholm\",\"description\":\"Delaktighet - Handlingskraft - R\u00f6relsefrihet\",\"publisher\":{\"@id\":\"https:\/\/dhr.se\/stockholmslan\/#organization\"},\"potentialAction\":[{\"@type\":\"SearchAction\",\"target\":{\"@type\":\"EntryPoint\",\"urlTemplate\":\"https:\/\/dhr.se\/stockholmslan\/?s={search_term_string}\"},\"query-input\":{\"@type\":\"PropertyValueSpecification\",\"valueRequired\":true,\"valueName\":\"search_term_string\"}}],\"inLanguage\":\"sv-SE\"},{\"@type\":\"Organization\",\"@id\":\"https:\/\/dhr.se\/stockholmslan\/#organization\",\"name\":\"DHR Region Stockholm\",\"url\":\"https:\/\/dhr.se\/stockholmslan\/\",\"logo\":{\"@type\":\"ImageObject\",\"inLanguage\":\"sv-SE\",\"@id\":\"https:\/\/dhr.se\/stockholmslan\/#\/schema\/logo\/image\/\",\"url\":\"https:\/\/dhr.se\/stockholmslan\/wp-content\/uploads\/sites\/5\/2021\/12\/REGION-STOCKHOLM-orange-48-p.jpg\",\"contentUrl\":\"https:\/\/dhr.se\/stockholmslan\/wp-content\/uploads\/sites\/5\/2021\/12\/REGION-STOCKHOLM-orange-48-p.jpg\",\"width\":891,\"height\":694,\"caption\":\"DHR Region Stockholm\"},\"image\":{\"@id\":\"https:\/\/dhr.se\/stockholmslan\/#\/schema\/logo\/image\/\"},\"sameAs\":[\"https:\/\/www.facebook.com\/DHRStockholmsLan\",\"https:\/\/www.instagram.com\/dhr_sld\/\"]}]}<\/script>\n<!-- \/ Yoast SEO plugin. -->","yoast_head_json":{"title":"Kontakt - DHR - Region Stockholm","robots":{"index":"index","follow":"follow","max-snippet":"max-snippet:-1","max-image-preview":"max-image-preview:large","max-video-preview":"max-video-preview:-1"},"canonical":"https:\/\/dhr.se\/stockholmslan\/om-dhr-stockholms-lans-distrikt\/kontakt\/","og_locale":"sv_SE","og_type":"article","og_title":"Kontakt - DHR - Region Stockholm","og_description":"Vi p\u00e5 kansliet: DHR Region Stockholms styrelse","og_url":"https:\/\/dhr.se\/stockholmslan\/om-dhr-stockholms-lans-distrikt\/kontakt\/","og_site_name":"DHR - Region Stockholm","article_publisher":"https:\/\/www.facebook.com\/DHRStockholmsLan","article_modified_time":"2026-03-25T13:44:41+00:00","twitter_card":"summary_large_image","twitter_misc":{"Ber\u00e4knad l\u00e4stid":"1 minut"},"schema":{"@context":"https:\/\/schema.org","@graph":[{"@type":"WebPage","@id":"https:\/\/dhr.se\/stockholmslan\/om-dhr-stockholms-lans-distrikt\/kontakt\/","url":"https:\/\/dhr.se\/stockholmslan\/om-dhr-stockholms-lans-distrikt\/kontakt\/","name":"Kontakt - DHR - Region Stockholm","isPartOf":{"@id":"https:\/\/dhr.se\/stockholmslan\/#website"},"datePublished":"2020-04-22T17:53:29+00:00","dateModified":"2026-03-25T13:44:41+00:00","breadcrumb":{"@id":"https:\/\/dhr.se\/stockholmslan\/om-dhr-stockholms-lans-distrikt\/kontakt\/#breadcrumb"},"inLanguage":"sv-SE","potentialAction":[{"@type":"ReadAction","target":["https:\/\/dhr.se\/stockholmslan\/om-dhr-stockholms-lans-distrikt\/kontakt\/"]}]},{"@type":"BreadcrumbList","@id":"https:\/\/dhr.se\/stockholmslan\/om-dhr-stockholms-lans-distrikt\/kontakt\/#breadcrumb","itemListElement":[{"@type":"ListItem","position":1,"name":"Hem","item":"https:\/\/dhr.se\/stockholmslan\/"},{"@type":"ListItem","position":2,"name":"Om oss","item":"https:\/\/dhr.se\/stockholmslan\/om-dhr-stockholms-lans-distrikt\/"},{"@type":"ListItem","position":3,"name":"Kontakt"}]},{"@type":"WebSite","@id":"https:\/\/dhr.se\/stockholmslan\/#website","url":"https:\/\/dhr.se\/stockholmslan\/","name":"DHR - Region Stockholm","description":"Delaktighet - Handlingskraft - R\u00f6relsefrihet","publisher":{"@id":"https:\/\/dhr.se\/stockholmslan\/#organization"},"potentialAction":[{"@type":"SearchAction","target":{"@type":"EntryPoint","urlTemplate":"https:\/\/dhr.se\/stockholmslan\/?s={search_term_string}"},"query-input":{"@type":"PropertyValueSpecification","valueRequired":true,"valueName":"search_term_string"}}],"inLanguage":"sv-SE"},{"@type":"Organization","@id":"https:\/\/dhr.se\/stockholmslan\/#organization","name":"DHR Region Stockholm","url":"https:\/\/dhr.se\/stockholmslan\/","logo":{"@type":"ImageObject","inLanguage":"sv-SE","@id":"https:\/\/dhr.se\/stockholmslan\/#\/schema\/logo\/image\/","url":"https:\/\/dhr.se\/stockholmslan\/wp-content\/uploads\/sites\/5\/2021\/12\/REGION-STOCKHOLM-orange-48-p.jpg","contentUrl":"https:\/\/dhr.se\/stockholmslan\/wp-content\/uploads\/sites\/5\/2021\/12\/REGION-STOCKHOLM-orange-48-p.jpg","width":891,"height":694,"caption":"DHR Region Stockholm"},"image":{"@id":"https:\/\/dhr.se\/stockholmslan\/#\/schema\/logo\/image\/"},"sameAs":["https:\/\/www.facebook.com\/DHRStockholmsLan","https:\/\/www.instagram.com\/dhr_sld\/"]}]}},"publishpress_future_action":{"enabled":false,"date":"2026-04-30 22:15:12","action":"change-status","newStatus":"draft","terms":[],"taxonomy":"translation_priority","extraData":[]},"publishpress_future_workflow_manual_trigger":{"enabledWorkflows":[]},"_links":{"self":[{"href":"https:\/\/dhr.se\/stockholmslan\/wp-json\/wp\/v2\/pages\/1444","targetHints":{"allow":["GET"]}}],"collection":[{"href":"https:\/\/dhr.se\/stockholmslan\/wp-json\/wp\/v2\/pages"}],"about":[{"href":"https:\/\/dhr.se\/stockholmslan\/wp-json\/wp\/v2\/types\/page"}],"author":[{"embeddable":true,"href":"https:\/\/dhr.se\/stockholmslan\/wp-json\/wp\/v2\/users\/9"}],"replies":[{"embeddable":true,"href":"https:\/\/dhr.se\/stockholmslan\/wp-json\/wp\/v2\/comments?post=1444"}],"version-history":[{"count":5,"href":"https:\/\/dhr.se\/stockholmslan\/wp-json\/wp\/v2\/pages\/1444\/revisions"}],"predecessor-version":[{"id":7282,"href":"https:\/\/dhr.se\/stockholmslan\/wp-json\/wp\/v2\/pages\/1444\/revisions\/7282"}],"up":[{"embeddable":true,"href":"https:\/\/dhr.se\/stockholmslan\/wp-json\/wp\/v2\/pages\/936"}],"wp:attachment":[{"href":"https:\/\/dhr.se\/stockholmslan\/wp-json\/wp\/v2\/media?parent=1444"}],"curies":[{"name":"wp","href":"https:\/\/api.w.org\/{rel}","templated":true}]}}