{"id":1549,"date":"2019-10-12T15:55:08","date_gmt":"2019-10-12T13:55:08","guid":{"rendered":"http:\/\/dhr.se\/stockholmslan\/?page_id=1549"},"modified":"2025-10-14T12:58:15","modified_gmt":"2025-10-14T10:58:15","slug":"fardtjanst","status":"publish","type":"page","link":"https:\/\/dhr.se\/stockholmslan\/vi-paverkar\/fardtjanst\/","title":{"rendered":"F\u00e4rdtj\u00e4nst"},"content":{"rendered":"<section class=\"block-simple-text\">\n    <div class=\"main\">\n        <div class=\"main-inner\">\n            <div class=\"ingress text-darker\"><p>F\u00e4rdtj\u00e4nst \u00e4r en del av kollektivtrafiken och \u00e4r till f\u00f6r personer som har v\u00e4sentliga sv\u00e5righeter att ta sig till eller \u00e5ka med den allm\u00e4nna kollektivtrafiken. Reglerna f\u00f6r f\u00e4rdtj\u00e4nst finns i f\u00e4rdtj\u00e4nstlagen som \u00e4r en trafiklag.<\/p>\n<p>L\u00e4nsorganisationerna DHR, SRF och Funktionsr\u00e4tt samverkar med trafikf\u00f6rvaltningen om tillg\u00e4nglighet i f\u00e4rdtj\u00e4nst f\u00f6r hela region Stockholm. Medlemmars positiva och negativa<br \/>\nerfarenheter i F\u00e4rdtj\u00e4nst hj\u00e4lper oss att p\u00e5verka politiker i Stockholms region om vad som beh\u00f6vs f\u00f6r att F\u00e4rdtj\u00e4nst skall fungera f\u00f6r alla. Samarbetsavtalet med Stockholms Region ger oss m\u00f6jlighet att samverka om tillg\u00e4nglighet samt bevaka v\u00e5ra intressefr\u00e5gor inom F\u00e4rdtj\u00e4nst.<\/p>\n<\/div>\n            <div class=\"content\"><p>&nbsp;<\/p>\n<figure id=\"attachment_2739\" aria-describedby=\"caption-attachment-2739\" style=\"width: 640px\" class=\"wp-caption aligncenter\"><img loading=\"lazy\" decoding=\"async\" class=\"wp-image-2739 size-large\" src=\"http:\/\/dhr.se\/stockholmslan\/wp-content\/uploads\/sites\/5\/2021\/04\/IMG_20161129_1215421-1024x768.jpg\" alt=\"\" width=\"640\" height=\"480\" srcset=\"https:\/\/dhr.se\/stockholmslan\/wp-content\/uploads\/sites\/5\/2021\/04\/IMG_20161129_1215421-1024x768.jpg 1024w, https:\/\/dhr.se\/stockholmslan\/wp-content\/uploads\/sites\/5\/2021\/04\/IMG_20161129_1215421-300x225.jpg 300w, https:\/\/dhr.se\/stockholmslan\/wp-content\/uploads\/sites\/5\/2021\/04\/IMG_20161129_1215421-768x576.jpg 768w, https:\/\/dhr.se\/stockholmslan\/wp-content\/uploads\/sites\/5\/2021\/04\/IMG_20161129_1215421-1536x1152.jpg 1536w, https:\/\/dhr.se\/stockholmslan\/wp-content\/uploads\/sites\/5\/2021\/04\/IMG_20161129_1215421-2048x1536.jpg 2048w, https:\/\/dhr.se\/stockholmslan\/wp-content\/uploads\/sites\/5\/2021\/04\/IMG_20161129_1215421-1600x1200.jpg 1600w\" sizes=\"auto, (max-width: 640px) 100vw, 640px\" \/><figcaption id=\"caption-attachment-2739\" class=\"wp-caption-text\">Foto: Anna Westerberg h\u00e5ller upp en skylt d\u00e4r det st\u00e5r &#8221;NU!&#8221; (vid en f\u00e4rdtj\u00e4nstmanifestation utanf\u00f6r Landstingshuset.)<\/figcaption><\/figure>\n<p><strong>Distriktet representeras i Trafikf\u00f6rvaltningens resursgrupp F\u00e4rdtj\u00e4nst (F\u00e4rdtj\u00e4nstn\u00e4mnden) av<\/strong>:<br \/>\nOrdinarie Patrick Englund. Ers\u00e4ttare Lisa Syeda och Johan dibb<\/p>\n<p><strong>Resursgruppens protokoll l\u00e4gger vi upp h\u00e4r vartefter de varit uppe som rapport vid styrelsem\u00f6te<\/strong>:<\/p>\n<p>&nbsp;<\/p>\n<\/div>\n        <\/div>\n    <\/div>\n<\/section>","protected":false},"excerpt":{"rendered":"","protected":false},"author":9,"featured_media":0,"parent":5060,"menu_order":0,"comment_status":"closed","ping_status":"closed","template":"template-side-menu.php","meta":{"_acf_changed":false,"_monsterinsights_skip_tracking":false,"_monsterinsights_sitenote_active":false,"_monsterinsights_sitenote_note":"","_monsterinsights_sitenote_category":0,"footnotes":""},"class_list":["post-1549","page","type-page","status-publish","hentry"],"acf":[],"yoast_head":"<!-- This site is optimized with the Yoast SEO plugin v27.2 - https:\/\/yoast.com\/product\/yoast-seo-wordpress\/ -->\n<title>F\u00e4rdtj\u00e4nst - DHR - Region Stockholm<\/title>\n<meta name=\"robots\" content=\"index, follow, max-snippet:-1, max-image-preview:large, max-video-preview:-1\" \/>\n<link rel=\"canonical\" href=\"https:\/\/dhr.se\/stockholmslan\/vi-paverkar\/fardtjanst\/\" \/>\n<meta property=\"og:locale\" content=\"sv_SE\" \/>\n<meta property=\"og:type\" content=\"article\" \/>\n<meta property=\"og:title\" content=\"F\u00e4rdtj\u00e4nst - DHR - Region Stockholm\" \/>\n<meta property=\"og:url\" content=\"https:\/\/dhr.se\/stockholmslan\/vi-paverkar\/fardtjanst\/\" \/>\n<meta property=\"og:site_name\" content=\"DHR - Region Stockholm\" \/>\n<meta property=\"article:publisher\" content=\"https:\/\/www.facebook.com\/DHRStockholmsLan\" \/>\n<meta property=\"article:modified_time\" content=\"2025-10-14T10:58:15+00:00\" \/>\n<meta name=\"twitter:card\" content=\"summary_large_image\" \/>\n<script type=\"application\/ld+json\" class=\"yoast-schema-graph\">{\"@context\":\"https:\/\/schema.org\",\"@graph\":[{\"@type\":\"WebPage\",\"@id\":\"https:\/\/dhr.se\/stockholmslan\/vi-paverkar\/fardtjanst\/\",\"url\":\"https:\/\/dhr.se\/stockholmslan\/vi-paverkar\/fardtjanst\/\",\"name\":\"F\u00e4rdtj\u00e4nst - DHR - Region Stockholm\",\"isPartOf\":{\"@id\":\"https:\/\/dhr.se\/stockholmslan\/#website\"},\"datePublished\":\"2019-10-12T13:55:08+00:00\",\"dateModified\":\"2025-10-14T10:58:15+00:00\",\"breadcrumb\":{\"@id\":\"https:\/\/dhr.se\/stockholmslan\/vi-paverkar\/fardtjanst\/#breadcrumb\"},\"inLanguage\":\"sv-SE\",\"potentialAction\":[{\"@type\":\"ReadAction\",\"target\":[\"https:\/\/dhr.se\/stockholmslan\/vi-paverkar\/fardtjanst\/\"]}]},{\"@type\":\"BreadcrumbList\",\"@id\":\"https:\/\/dhr.se\/stockholmslan\/vi-paverkar\/fardtjanst\/#breadcrumb\",\"itemListElement\":[{\"@type\":\"ListItem\",\"position\":1,\"name\":\"Hem\",\"item\":\"https:\/\/dhr.se\/stockholmslan\/\"},{\"@type\":\"ListItem\",\"position\":2,\"name\":\"Vi p\u00e5verkar\",\"item\":\"https:\/\/dhr.se\/stockholmslan\/vi-paverkar\/\"},{\"@type\":\"ListItem\",\"position\":3,\"name\":\"F\u00e4rdtj\u00e4nst\"}]},{\"@type\":\"WebSite\",\"@id\":\"https:\/\/dhr.se\/stockholmslan\/#website\",\"url\":\"https:\/\/dhr.se\/stockholmslan\/\",\"name\":\"DHR - Region Stockholm\",\"description\":\"Delaktighet - Handlingskraft - R\u00f6relsefrihet\",\"publisher\":{\"@id\":\"https:\/\/dhr.se\/stockholmslan\/#organization\"},\"potentialAction\":[{\"@type\":\"SearchAction\",\"target\":{\"@type\":\"EntryPoint\",\"urlTemplate\":\"https:\/\/dhr.se\/stockholmslan\/?s={search_term_string}\"},\"query-input\":{\"@type\":\"PropertyValueSpecification\",\"valueRequired\":true,\"valueName\":\"search_term_string\"}}],\"inLanguage\":\"sv-SE\"},{\"@type\":\"Organization\",\"@id\":\"https:\/\/dhr.se\/stockholmslan\/#organization\",\"name\":\"DHR Region Stockholm\",\"url\":\"https:\/\/dhr.se\/stockholmslan\/\",\"logo\":{\"@type\":\"ImageObject\",\"inLanguage\":\"sv-SE\",\"@id\":\"https:\/\/dhr.se\/stockholmslan\/#\/schema\/logo\/image\/\",\"url\":\"https:\/\/dhr.se\/stockholmslan\/wp-content\/uploads\/sites\/5\/2021\/12\/REGION-STOCKHOLM-orange-48-p.jpg\",\"contentUrl\":\"https:\/\/dhr.se\/stockholmslan\/wp-content\/uploads\/sites\/5\/2021\/12\/REGION-STOCKHOLM-orange-48-p.jpg\",\"width\":891,\"height\":694,\"caption\":\"DHR Region Stockholm\"},\"image\":{\"@id\":\"https:\/\/dhr.se\/stockholmslan\/#\/schema\/logo\/image\/\"},\"sameAs\":[\"https:\/\/www.facebook.com\/DHRStockholmsLan\",\"https:\/\/www.instagram.com\/dhr_sld\/\"]}]}<\/script>\n<!-- \/ Yoast SEO plugin. -->","yoast_head_json":{"title":"F\u00e4rdtj\u00e4nst - DHR - Region Stockholm","robots":{"index":"index","follow":"follow","max-snippet":"max-snippet:-1","max-image-preview":"max-image-preview:large","max-video-preview":"max-video-preview:-1"},"canonical":"https:\/\/dhr.se\/stockholmslan\/vi-paverkar\/fardtjanst\/","og_locale":"sv_SE","og_type":"article","og_title":"F\u00e4rdtj\u00e4nst - DHR - Region Stockholm","og_url":"https:\/\/dhr.se\/stockholmslan\/vi-paverkar\/fardtjanst\/","og_site_name":"DHR - Region Stockholm","article_publisher":"https:\/\/www.facebook.com\/DHRStockholmsLan","article_modified_time":"2025-10-14T10:58:15+00:00","twitter_card":"summary_large_image","schema":{"@context":"https:\/\/schema.org","@graph":[{"@type":"WebPage","@id":"https:\/\/dhr.se\/stockholmslan\/vi-paverkar\/fardtjanst\/","url":"https:\/\/dhr.se\/stockholmslan\/vi-paverkar\/fardtjanst\/","name":"F\u00e4rdtj\u00e4nst - DHR - Region Stockholm","isPartOf":{"@id":"https:\/\/dhr.se\/stockholmslan\/#website"},"datePublished":"2019-10-12T13:55:08+00:00","dateModified":"2025-10-14T10:58:15+00:00","breadcrumb":{"@id":"https:\/\/dhr.se\/stockholmslan\/vi-paverkar\/fardtjanst\/#breadcrumb"},"inLanguage":"sv-SE","potentialAction":[{"@type":"ReadAction","target":["https:\/\/dhr.se\/stockholmslan\/vi-paverkar\/fardtjanst\/"]}]},{"@type":"BreadcrumbList","@id":"https:\/\/dhr.se\/stockholmslan\/vi-paverkar\/fardtjanst\/#breadcrumb","itemListElement":[{"@type":"ListItem","position":1,"name":"Hem","item":"https:\/\/dhr.se\/stockholmslan\/"},{"@type":"ListItem","position":2,"name":"Vi p\u00e5verkar","item":"https:\/\/dhr.se\/stockholmslan\/vi-paverkar\/"},{"@type":"ListItem","position":3,"name":"F\u00e4rdtj\u00e4nst"}]},{"@type":"WebSite","@id":"https:\/\/dhr.se\/stockholmslan\/#website","url":"https:\/\/dhr.se\/stockholmslan\/","name":"DHR - Region Stockholm","description":"Delaktighet - Handlingskraft - R\u00f6relsefrihet","publisher":{"@id":"https:\/\/dhr.se\/stockholmslan\/#organization"},"potentialAction":[{"@type":"SearchAction","target":{"@type":"EntryPoint","urlTemplate":"https:\/\/dhr.se\/stockholmslan\/?s={search_term_string}"},"query-input":{"@type":"PropertyValueSpecification","valueRequired":true,"valueName":"search_term_string"}}],"inLanguage":"sv-SE"},{"@type":"Organization","@id":"https:\/\/dhr.se\/stockholmslan\/#organization","name":"DHR Region Stockholm","url":"https:\/\/dhr.se\/stockholmslan\/","logo":{"@type":"ImageObject","inLanguage":"sv-SE","@id":"https:\/\/dhr.se\/stockholmslan\/#\/schema\/logo\/image\/","url":"https:\/\/dhr.se\/stockholmslan\/wp-content\/uploads\/sites\/5\/2021\/12\/REGION-STOCKHOLM-orange-48-p.jpg","contentUrl":"https:\/\/dhr.se\/stockholmslan\/wp-content\/uploads\/sites\/5\/2021\/12\/REGION-STOCKHOLM-orange-48-p.jpg","width":891,"height":694,"caption":"DHR Region Stockholm"},"image":{"@id":"https:\/\/dhr.se\/stockholmslan\/#\/schema\/logo\/image\/"},"sameAs":["https:\/\/www.facebook.com\/DHRStockholmsLan","https:\/\/www.instagram.com\/dhr_sld\/"]}]}},"publishpress_future_action":{"enabled":false,"date":"2026-04-30 22:15:59","action":"change-status","newStatus":"draft","terms":[],"taxonomy":"translation_priority","extraData":[]},"publishpress_future_workflow_manual_trigger":{"enabledWorkflows":[]},"_links":{"self":[{"href":"https:\/\/dhr.se\/stockholmslan\/wp-json\/wp\/v2\/pages\/1549","targetHints":{"allow":["GET"]}}],"collection":[{"href":"https:\/\/dhr.se\/stockholmslan\/wp-json\/wp\/v2\/pages"}],"about":[{"href":"https:\/\/dhr.se\/stockholmslan\/wp-json\/wp\/v2\/types\/page"}],"author":[{"embeddable":true,"href":"https:\/\/dhr.se\/stockholmslan\/wp-json\/wp\/v2\/users\/9"}],"replies":[{"embeddable":true,"href":"https:\/\/dhr.se\/stockholmslan\/wp-json\/wp\/v2\/comments?post=1549"}],"version-history":[{"count":0,"href":"https:\/\/dhr.se\/stockholmslan\/wp-json\/wp\/v2\/pages\/1549\/revisions"}],"up":[{"embeddable":true,"href":"https:\/\/dhr.se\/stockholmslan\/wp-json\/wp\/v2\/pages\/5060"}],"wp:attachment":[{"href":"https:\/\/dhr.se\/stockholmslan\/wp-json\/wp\/v2\/media?parent=1549"}],"curies":[{"name":"wp","href":"https:\/\/api.w.org\/{rel}","templated":true}]}}