{"id":1831,"date":"2020-03-19T12:16:05","date_gmt":"2020-03-19T11:16:05","guid":{"rendered":"http:\/\/dhr.se\/stockholmslan\/?page_id=1831"},"modified":"2025-10-14T13:30:43","modified_gmt":"2025-10-14T11:30:43","slug":"natverket-oppna-goteborg","status":"publish","type":"page","link":"https:\/\/dhr.se\/stockholmslan\/natverket-oppna-goteborg\/","title":{"rendered":"Kollektivtrafik"},"content":{"rendered":"\n<figure class=\"wp-block-image alignfull size-large is-style-rounded\"><img loading=\"lazy\" decoding=\"async\" width=\"1024\" height=\"768\" src=\"http:\/\/dhr.se\/stockholmslan\/wp-content\/uploads\/sites\/5\/2021\/04\/26-maj-2012-014-1024x768.jpg\" alt=\"\" class=\"wp-image-2751\" srcset=\"https:\/\/dhr.se\/stockholmslan\/wp-content\/uploads\/sites\/5\/2021\/04\/26-maj-2012-014-1024x768.jpg 1024w, https:\/\/dhr.se\/stockholmslan\/wp-content\/uploads\/sites\/5\/2021\/04\/26-maj-2012-014-300x225.jpg 300w, https:\/\/dhr.se\/stockholmslan\/wp-content\/uploads\/sites\/5\/2021\/04\/26-maj-2012-014-768x576.jpg 768w, https:\/\/dhr.se\/stockholmslan\/wp-content\/uploads\/sites\/5\/2021\/04\/26-maj-2012-014-1536x1152.jpg 1536w, https:\/\/dhr.se\/stockholmslan\/wp-content\/uploads\/sites\/5\/2021\/04\/26-maj-2012-014-2048x1536.jpg 2048w, https:\/\/dhr.se\/stockholmslan\/wp-content\/uploads\/sites\/5\/2021\/04\/26-maj-2012-014-1600x1200.jpg 1600w\" sizes=\"auto, (max-width: 1024px) 100vw, 1024px\" \/><\/figure>\n\n\n<section class=\"block-simple-text\">\n    <div class=\"main\">\n        <div class=\"main-inner\">\n            <div class=\"ingress text-darker\"><p>Distriktsorganisationerna DHR, SRF och Funktionsr\u00e4tt samverkar med trafikf\u00f6rvaltningen om tillg\u00e4nglighet i kollektivtrafik f\u00f6r hela region Stockholm. Medlemmars positiva och negativa erfarenheter i kollektivtrafik och F\u00e4rdtj\u00e4nst hj\u00e4lper oss att p\u00e5verka<br \/>\npolitiker i Stockholms region om vad som beh\u00f6vs f\u00f6r att kollektivtrafik skall fungera f\u00f6r alla. Samarbetsavtalet med Stockholms Region ger oss m\u00f6jlighet att samverka om tillg\u00e4nglighet i kollektivtrafiken.<\/p>\n<\/div>\n            <div class=\"content\"><h2>Distriktet representeras i<br \/>\nTrafikverkets r\u00e5d av:<\/h2>\n<p>Ordinarie: Jaan Kaur. Ers\u00e4ttare: Johan dibb<\/p>\n<p>&nbsp;<\/p>\n<p><strong>R\u00e5dets protokoll l\u00e4gger vi upp h\u00e4r vartefter de varit uppe som rapport vid styrelsem\u00f6te<\/strong>:<\/p>\n<ul>\n<li><\/li>\n<\/ul>\n<h2><\/h2>\n<h2>Distriktet representeras i<br \/>\nTrafikf\u00f6rvaltningens samverkansr\u00e5d av:<\/h2>\n<p>Ordinarie: Jaan Kaur. Ers\u00e4ttare: Patrick Englund<\/p>\n<p><strong>Samverkansr\u00e5dets protokoll l\u00e4gger vi upp h\u00e4r vartefter de varit uppe som rapport vid styrelsem\u00f6te<\/strong>:<\/p>\n<ul>\n<li>\n<h1 class=\"primaryText-515\" title=\"Patrick Englund\" data-log-name=\"DisplayName\"><\/h1>\n<\/li>\n<\/ul>\n<h2>Distriktet representeras i<br \/>\nResursgrupp land och sj\u00f6 av:<\/h2>\n<p>Ordinarie: Jaan Kaur. Ers\u00e4ttare: Patrick Englund<\/p>\n<ul>\n<li><\/li>\n<\/ul>\n<h2>Distriktet representeras i<br \/>\nFUT (f\u00f6rvaltningen f\u00f6r utbyggd tunnelbana) resursgrupp av:<\/h2>\n<p>Ordinarie: Patrick Englund. Ers\u00e4ttare: Jaan Kaur<\/p>\n<ul>\n<li><\/li>\n<\/ul>\n<\/div>\n        <\/div>\n    <\/div>\n<\/section>","protected":false},"excerpt":{"rendered":"","protected":false},"author":1,"featured_media":2751,"parent":0,"menu_order":0,"comment_status":"closed","ping_status":"closed","template":"template-side-menu.php","meta":{"_acf_changed":false,"_monsterinsights_skip_tracking":false,"_monsterinsights_sitenote_active":false,"_monsterinsights_sitenote_note":"","_monsterinsights_sitenote_category":0,"footnotes":""},"class_list":["post-1831","page","type-page","status-publish","has-post-thumbnail","hentry"],"acf":[],"yoast_head":"<!-- This site is optimized with the Yoast SEO plugin v27.2 - https:\/\/yoast.com\/product\/yoast-seo-wordpress\/ -->\n<title>Kollektivtrafik - DHR - Region Stockholm<\/title>\n<meta name=\"robots\" content=\"index, follow, max-snippet:-1, max-image-preview:large, max-video-preview:-1\" \/>\n<link rel=\"canonical\" href=\"https:\/\/dhr.se\/stockholmslan\/natverket-oppna-goteborg\/\" \/>\n<meta property=\"og:locale\" content=\"sv_SE\" \/>\n<meta property=\"og:type\" content=\"article\" \/>\n<meta property=\"og:title\" content=\"Kollektivtrafik - DHR - Region Stockholm\" \/>\n<meta property=\"og:url\" content=\"https:\/\/dhr.se\/stockholmslan\/natverket-oppna-goteborg\/\" \/>\n<meta property=\"og:site_name\" content=\"DHR - Region Stockholm\" \/>\n<meta property=\"article:publisher\" content=\"https:\/\/www.facebook.com\/DHRStockholmsLan\" \/>\n<meta property=\"article:modified_time\" content=\"2025-10-14T11:30:43+00:00\" \/>\n<meta property=\"og:image\" content=\"https:\/\/dhr.se\/stockholmslan\/wp-content\/uploads\/sites\/5\/2021\/04\/26-maj-2012-014-scaled.jpg\" \/>\n\t<meta property=\"og:image:width\" content=\"2560\" \/>\n\t<meta property=\"og:image:height\" content=\"1920\" \/>\n\t<meta property=\"og:image:type\" content=\"image\/jpeg\" \/>\n<meta name=\"twitter:card\" content=\"summary_large_image\" \/>\n<meta name=\"twitter:label1\" content=\"Ber\u00e4knad l\u00e4stid\" \/>\n\t<meta name=\"twitter:data1\" content=\"1 minut\" \/>\n<script type=\"application\/ld+json\" class=\"yoast-schema-graph\">{\"@context\":\"https:\/\/schema.org\",\"@graph\":[{\"@type\":\"WebPage\",\"@id\":\"https:\/\/dhr.se\/stockholmslan\/natverket-oppna-goteborg\/\",\"url\":\"https:\/\/dhr.se\/stockholmslan\/natverket-oppna-goteborg\/\",\"name\":\"Kollektivtrafik - DHR - Region Stockholm\",\"isPartOf\":{\"@id\":\"https:\/\/dhr.se\/stockholmslan\/#website\"},\"primaryImageOfPage\":{\"@id\":\"https:\/\/dhr.se\/stockholmslan\/natverket-oppna-goteborg\/#primaryimage\"},\"image\":{\"@id\":\"https:\/\/dhr.se\/stockholmslan\/natverket-oppna-goteborg\/#primaryimage\"},\"thumbnailUrl\":\"https:\/\/dhr.se\/stockholmslan\/wp-content\/uploads\/sites\/5\/2021\/04\/26-maj-2012-014-scaled.jpg\",\"datePublished\":\"2020-03-19T11:16:05+00:00\",\"dateModified\":\"2025-10-14T11:30:43+00:00\",\"breadcrumb\":{\"@id\":\"https:\/\/dhr.se\/stockholmslan\/natverket-oppna-goteborg\/#breadcrumb\"},\"inLanguage\":\"sv-SE\",\"potentialAction\":[{\"@type\":\"ReadAction\",\"target\":[\"https:\/\/dhr.se\/stockholmslan\/natverket-oppna-goteborg\/\"]}]},{\"@type\":\"ImageObject\",\"inLanguage\":\"sv-SE\",\"@id\":\"https:\/\/dhr.se\/stockholmslan\/natverket-oppna-goteborg\/#primaryimage\",\"url\":\"https:\/\/dhr.se\/stockholmslan\/wp-content\/uploads\/sites\/5\/2021\/04\/26-maj-2012-014-scaled.jpg\",\"contentUrl\":\"https:\/\/dhr.se\/stockholmslan\/wp-content\/uploads\/sites\/5\/2021\/04\/26-maj-2012-014-scaled.jpg\",\"width\":2560,\"height\":1920},{\"@type\":\"BreadcrumbList\",\"@id\":\"https:\/\/dhr.se\/stockholmslan\/natverket-oppna-goteborg\/#breadcrumb\",\"itemListElement\":[{\"@type\":\"ListItem\",\"position\":1,\"name\":\"Hem\",\"item\":\"https:\/\/dhr.se\/stockholmslan\/\"},{\"@type\":\"ListItem\",\"position\":2,\"name\":\"Kollektivtrafik\"}]},{\"@type\":\"WebSite\",\"@id\":\"https:\/\/dhr.se\/stockholmslan\/#website\",\"url\":\"https:\/\/dhr.se\/stockholmslan\/\",\"name\":\"DHR - Region Stockholm\",\"description\":\"Delaktighet - Handlingskraft - R\u00f6relsefrihet\",\"publisher\":{\"@id\":\"https:\/\/dhr.se\/stockholmslan\/#organization\"},\"potentialAction\":[{\"@type\":\"SearchAction\",\"target\":{\"@type\":\"EntryPoint\",\"urlTemplate\":\"https:\/\/dhr.se\/stockholmslan\/?s={search_term_string}\"},\"query-input\":{\"@type\":\"PropertyValueSpecification\",\"valueRequired\":true,\"valueName\":\"search_term_string\"}}],\"inLanguage\":\"sv-SE\"},{\"@type\":\"Organization\",\"@id\":\"https:\/\/dhr.se\/stockholmslan\/#organization\",\"name\":\"DHR Region Stockholm\",\"url\":\"https:\/\/dhr.se\/stockholmslan\/\",\"logo\":{\"@type\":\"ImageObject\",\"inLanguage\":\"sv-SE\",\"@id\":\"https:\/\/dhr.se\/stockholmslan\/#\/schema\/logo\/image\/\",\"url\":\"https:\/\/dhr.se\/stockholmslan\/wp-content\/uploads\/sites\/5\/2021\/12\/REGION-STOCKHOLM-orange-48-p.jpg\",\"contentUrl\":\"https:\/\/dhr.se\/stockholmslan\/wp-content\/uploads\/sites\/5\/2021\/12\/REGION-STOCKHOLM-orange-48-p.jpg\",\"width\":891,\"height\":694,\"caption\":\"DHR Region Stockholm\"},\"image\":{\"@id\":\"https:\/\/dhr.se\/stockholmslan\/#\/schema\/logo\/image\/\"},\"sameAs\":[\"https:\/\/www.facebook.com\/DHRStockholmsLan\",\"https:\/\/www.instagram.com\/dhr_sld\/\"]}]}<\/script>\n<!-- \/ Yoast SEO plugin. -->","yoast_head_json":{"title":"Kollektivtrafik - DHR - Region Stockholm","robots":{"index":"index","follow":"follow","max-snippet":"max-snippet:-1","max-image-preview":"max-image-preview:large","max-video-preview":"max-video-preview:-1"},"canonical":"https:\/\/dhr.se\/stockholmslan\/natverket-oppna-goteborg\/","og_locale":"sv_SE","og_type":"article","og_title":"Kollektivtrafik - DHR - Region Stockholm","og_url":"https:\/\/dhr.se\/stockholmslan\/natverket-oppna-goteborg\/","og_site_name":"DHR - Region Stockholm","article_publisher":"https:\/\/www.facebook.com\/DHRStockholmsLan","article_modified_time":"2025-10-14T11:30:43+00:00","og_image":[{"width":2560,"height":1920,"url":"https:\/\/dhr.se\/stockholmslan\/wp-content\/uploads\/sites\/5\/2021\/04\/26-maj-2012-014-scaled.jpg","type":"image\/jpeg"}],"twitter_card":"summary_large_image","twitter_misc":{"Ber\u00e4knad l\u00e4stid":"1 minut"},"schema":{"@context":"https:\/\/schema.org","@graph":[{"@type":"WebPage","@id":"https:\/\/dhr.se\/stockholmslan\/natverket-oppna-goteborg\/","url":"https:\/\/dhr.se\/stockholmslan\/natverket-oppna-goteborg\/","name":"Kollektivtrafik - DHR - Region Stockholm","isPartOf":{"@id":"https:\/\/dhr.se\/stockholmslan\/#website"},"primaryImageOfPage":{"@id":"https:\/\/dhr.se\/stockholmslan\/natverket-oppna-goteborg\/#primaryimage"},"image":{"@id":"https:\/\/dhr.se\/stockholmslan\/natverket-oppna-goteborg\/#primaryimage"},"thumbnailUrl":"https:\/\/dhr.se\/stockholmslan\/wp-content\/uploads\/sites\/5\/2021\/04\/26-maj-2012-014-scaled.jpg","datePublished":"2020-03-19T11:16:05+00:00","dateModified":"2025-10-14T11:30:43+00:00","breadcrumb":{"@id":"https:\/\/dhr.se\/stockholmslan\/natverket-oppna-goteborg\/#breadcrumb"},"inLanguage":"sv-SE","potentialAction":[{"@type":"ReadAction","target":["https:\/\/dhr.se\/stockholmslan\/natverket-oppna-goteborg\/"]}]},{"@type":"ImageObject","inLanguage":"sv-SE","@id":"https:\/\/dhr.se\/stockholmslan\/natverket-oppna-goteborg\/#primaryimage","url":"https:\/\/dhr.se\/stockholmslan\/wp-content\/uploads\/sites\/5\/2021\/04\/26-maj-2012-014-scaled.jpg","contentUrl":"https:\/\/dhr.se\/stockholmslan\/wp-content\/uploads\/sites\/5\/2021\/04\/26-maj-2012-014-scaled.jpg","width":2560,"height":1920},{"@type":"BreadcrumbList","@id":"https:\/\/dhr.se\/stockholmslan\/natverket-oppna-goteborg\/#breadcrumb","itemListElement":[{"@type":"ListItem","position":1,"name":"Hem","item":"https:\/\/dhr.se\/stockholmslan\/"},{"@type":"ListItem","position":2,"name":"Kollektivtrafik"}]},{"@type":"WebSite","@id":"https:\/\/dhr.se\/stockholmslan\/#website","url":"https:\/\/dhr.se\/stockholmslan\/","name":"DHR - Region Stockholm","description":"Delaktighet - Handlingskraft - R\u00f6relsefrihet","publisher":{"@id":"https:\/\/dhr.se\/stockholmslan\/#organization"},"potentialAction":[{"@type":"SearchAction","target":{"@type":"EntryPoint","urlTemplate":"https:\/\/dhr.se\/stockholmslan\/?s={search_term_string}"},"query-input":{"@type":"PropertyValueSpecification","valueRequired":true,"valueName":"search_term_string"}}],"inLanguage":"sv-SE"},{"@type":"Organization","@id":"https:\/\/dhr.se\/stockholmslan\/#organization","name":"DHR Region Stockholm","url":"https:\/\/dhr.se\/stockholmslan\/","logo":{"@type":"ImageObject","inLanguage":"sv-SE","@id":"https:\/\/dhr.se\/stockholmslan\/#\/schema\/logo\/image\/","url":"https:\/\/dhr.se\/stockholmslan\/wp-content\/uploads\/sites\/5\/2021\/12\/REGION-STOCKHOLM-orange-48-p.jpg","contentUrl":"https:\/\/dhr.se\/stockholmslan\/wp-content\/uploads\/sites\/5\/2021\/12\/REGION-STOCKHOLM-orange-48-p.jpg","width":891,"height":694,"caption":"DHR Region Stockholm"},"image":{"@id":"https:\/\/dhr.se\/stockholmslan\/#\/schema\/logo\/image\/"},"sameAs":["https:\/\/www.facebook.com\/DHRStockholmsLan","https:\/\/www.instagram.com\/dhr_sld\/"]}]}},"publishpress_future_action":{"enabled":false,"date":"2026-04-30 22:15:11","action":"change-status","newStatus":"draft","terms":[],"taxonomy":"translation_priority","extraData":[]},"publishpress_future_workflow_manual_trigger":{"enabledWorkflows":[]},"_links":{"self":[{"href":"https:\/\/dhr.se\/stockholmslan\/wp-json\/wp\/v2\/pages\/1831","targetHints":{"allow":["GET"]}}],"collection":[{"href":"https:\/\/dhr.se\/stockholmslan\/wp-json\/wp\/v2\/pages"}],"about":[{"href":"https:\/\/dhr.se\/stockholmslan\/wp-json\/wp\/v2\/types\/page"}],"author":[{"embeddable":true,"href":"https:\/\/dhr.se\/stockholmslan\/wp-json\/wp\/v2\/users\/1"}],"replies":[{"embeddable":true,"href":"https:\/\/dhr.se\/stockholmslan\/wp-json\/wp\/v2\/comments?post=1831"}],"version-history":[{"count":0,"href":"https:\/\/dhr.se\/stockholmslan\/wp-json\/wp\/v2\/pages\/1831\/revisions"}],"wp:featuredmedia":[{"embeddable":true,"href":"https:\/\/dhr.se\/stockholmslan\/wp-json\/wp\/v2\/media\/2751"}],"wp:attachment":[{"href":"https:\/\/dhr.se\/stockholmslan\/wp-json\/wp\/v2\/media?parent=1831"}],"curies":[{"name":"wp","href":"https:\/\/api.w.org\/{rel}","templated":true}]}}