{"id":1963,"date":"2020-04-23T10:19:46","date_gmt":"2020-04-23T08:19:46","guid":{"rendered":"http:\/\/dhr.se\/stockholmslan\/?page_id=1963"},"modified":"2022-08-16T10:59:23","modified_gmt":"2022-08-16T08:59:23","slug":"ga-var-insiktsutbildning","status":"publish","type":"page","link":"https:\/\/dhr.se\/stockholmslan\/om-dhr-stockholms-lans-distrikt\/ga-var-insiktsutbildning\/","title":{"rendered":"Ta chansen och g\u00e5 v\u00e5r Insiktsutbildning"},"content":{"rendered":"<section class=\"block-simple-text\">\n    <div class=\"main\">\n        <div class=\"main-inner\">\n            <div class=\"ingress text-darker\"><\/div>\n            <div class=\"content\"><\/div>\n        <\/div>\n    <\/div>\n<\/section>\n\n<section class=\"block-simple-text\">\n    <div class=\"main\">\n        <div class=\"main-inner\">\n            <div class=\"ingress text-darker\"><\/div>\n            <div class=\"content\"><p><strong>DHR \u00e4r en id\u00e9buren demokratisk organisation f\u00f6r och av personer med nedsatt r\u00f6relsef\u00f6rm\u00e5ga. Genom att skapa opinion och p\u00e5verka de politiska besluten arbetar vi f\u00f6r ett \u00f6ppet Sverige, d\u00e4r personer med nedsatt r\u00f6relsef\u00f6rm\u00e5ga inte blir utest\u00e4ngda. En av utg\u00e5ngspunkterna i v\u00e5rt arbete \u00e4r FN:s konvention om r\u00e4ttigheter f\u00f6r personer med funktionsneds\u00e4ttning. Vi \u00e4r en rikst\u00e4ckande organisation med cirka 9000 medlemmar.<\/strong><\/p>\n<p>DHR Region Stockholm erbjuder Insiktsutbildningar till bland annat kommuner i l\u00e4net. Syftet med Insiktsutbildningarna \u00e4r att \u00f6ka kunskapen om bland annat livsvillkoren f\u00f6r personer med funktionsneds\u00e4ttning i Sverige i idag. Det g\u00f6r vi genom v\u00e5ra personliga ber\u00e4ttelser kombinerat med fakta om exempelvis tillg\u00e4nglighetskrav vid ny- eller ombyggnation. Tj\u00e4nstem\u00e4n, politik och personal har vid v\u00e5ra utbildningar haft m\u00f6jlighet att prova p\u00e5 att k\u00f6ra en manuell rullstol b\u00e5de inne och ute.<\/p>\n<p>Den feedback vi har f\u00e5tt p\u00e5 utbildningstillf\u00e4llena \u00e4r att de har bidragit till insikt, \u00f6kad kunskap och f\u00f6rst\u00e5else.<\/p>\n<p>Vi \u00e4r \u00f6vertygade om att personal hos er kommer i kontakt med funktionshinderfr\u00e5gor p\u00e5 ett eller annat s\u00e4tt. D\u00e4rf\u00f6r vill vi ge er arbetsgrupp chansen att lyssna p\u00e5 och ta del av v\u00e5ra kunskaper och det helt gratis!<\/p>\n<p>F\u00f6r att boka oss och f\u00f6r fr\u00e5gor om utbildningarna \u00e4r det bara att ringa 08-120 556 80 eller mejla <a href=\"mailto:regionstockholm@dhr.se\">regionstockholm@dhr.se<\/a>.<\/p>\n<p>V\u00e4lkommen att h\u00f6ra av dig!<\/p>\n<\/div>\n        <\/div>\n    <\/div>\n<\/section>","protected":false},"excerpt":{"rendered":"","protected":false},"author":9,"featured_media":0,"parent":936,"menu_order":0,"comment_status":"closed","ping_status":"closed","template":"template-side-menu.php","meta":{"_acf_changed":false,"_monsterinsights_skip_tracking":false,"_monsterinsights_sitenote_active":false,"_monsterinsights_sitenote_note":"","_monsterinsights_sitenote_category":0,"footnotes":""},"class_list":["post-1963","page","type-page","status-publish","hentry"],"acf":[],"yoast_head":"<!-- This site is optimized with the Yoast SEO plugin v27.2 - https:\/\/yoast.com\/product\/yoast-seo-wordpress\/ -->\n<title>Ta chansen och g\u00e5 v\u00e5r Insiktsutbildning - DHR - Region Stockholm<\/title>\n<meta name=\"robots\" content=\"index, follow, max-snippet:-1, max-image-preview:large, max-video-preview:-1\" \/>\n<link rel=\"canonical\" href=\"https:\/\/dhr.se\/stockholmslan\/om-dhr-stockholms-lans-distrikt\/ga-var-insiktsutbildning\/\" \/>\n<meta property=\"og:locale\" content=\"sv_SE\" \/>\n<meta property=\"og:type\" content=\"article\" \/>\n<meta property=\"og:title\" content=\"Ta chansen och g\u00e5 v\u00e5r Insiktsutbildning - DHR - Region Stockholm\" \/>\n<meta property=\"og:url\" content=\"https:\/\/dhr.se\/stockholmslan\/om-dhr-stockholms-lans-distrikt\/ga-var-insiktsutbildning\/\" \/>\n<meta property=\"og:site_name\" content=\"DHR - Region Stockholm\" \/>\n<meta property=\"article:publisher\" content=\"https:\/\/www.facebook.com\/DHRStockholmsLan\" \/>\n<meta property=\"article:modified_time\" content=\"2022-08-16T08:59:23+00:00\" \/>\n<meta name=\"twitter:card\" content=\"summary_large_image\" \/>\n<script type=\"application\/ld+json\" class=\"yoast-schema-graph\">{\"@context\":\"https:\/\/schema.org\",\"@graph\":[{\"@type\":\"WebPage\",\"@id\":\"https:\/\/dhr.se\/stockholmslan\/om-dhr-stockholms-lans-distrikt\/ga-var-insiktsutbildning\/\",\"url\":\"https:\/\/dhr.se\/stockholmslan\/om-dhr-stockholms-lans-distrikt\/ga-var-insiktsutbildning\/\",\"name\":\"Ta chansen och g\u00e5 v\u00e5r Insiktsutbildning - DHR - Region Stockholm\",\"isPartOf\":{\"@id\":\"https:\/\/dhr.se\/stockholmslan\/#website\"},\"datePublished\":\"2020-04-23T08:19:46+00:00\",\"dateModified\":\"2022-08-16T08:59:23+00:00\",\"breadcrumb\":{\"@id\":\"https:\/\/dhr.se\/stockholmslan\/om-dhr-stockholms-lans-distrikt\/ga-var-insiktsutbildning\/#breadcrumb\"},\"inLanguage\":\"sv-SE\",\"potentialAction\":[{\"@type\":\"ReadAction\",\"target\":[\"https:\/\/dhr.se\/stockholmslan\/om-dhr-stockholms-lans-distrikt\/ga-var-insiktsutbildning\/\"]}]},{\"@type\":\"BreadcrumbList\",\"@id\":\"https:\/\/dhr.se\/stockholmslan\/om-dhr-stockholms-lans-distrikt\/ga-var-insiktsutbildning\/#breadcrumb\",\"itemListElement\":[{\"@type\":\"ListItem\",\"position\":1,\"name\":\"Hem\",\"item\":\"https:\/\/dhr.se\/stockholmslan\/\"},{\"@type\":\"ListItem\",\"position\":2,\"name\":\"Om oss\",\"item\":\"https:\/\/dhr.se\/stockholmslan\/om-dhr-stockholms-lans-distrikt\/\"},{\"@type\":\"ListItem\",\"position\":3,\"name\":\"Ta chansen och g\u00e5 v\u00e5r Insiktsutbildning\"}]},{\"@type\":\"WebSite\",\"@id\":\"https:\/\/dhr.se\/stockholmslan\/#website\",\"url\":\"https:\/\/dhr.se\/stockholmslan\/\",\"name\":\"DHR - Region Stockholm\",\"description\":\"Delaktighet - Handlingskraft - R\u00f6relsefrihet\",\"publisher\":{\"@id\":\"https:\/\/dhr.se\/stockholmslan\/#organization\"},\"potentialAction\":[{\"@type\":\"SearchAction\",\"target\":{\"@type\":\"EntryPoint\",\"urlTemplate\":\"https:\/\/dhr.se\/stockholmslan\/?s={search_term_string}\"},\"query-input\":{\"@type\":\"PropertyValueSpecification\",\"valueRequired\":true,\"valueName\":\"search_term_string\"}}],\"inLanguage\":\"sv-SE\"},{\"@type\":\"Organization\",\"@id\":\"https:\/\/dhr.se\/stockholmslan\/#organization\",\"name\":\"DHR Region Stockholm\",\"url\":\"https:\/\/dhr.se\/stockholmslan\/\",\"logo\":{\"@type\":\"ImageObject\",\"inLanguage\":\"sv-SE\",\"@id\":\"https:\/\/dhr.se\/stockholmslan\/#\/schema\/logo\/image\/\",\"url\":\"https:\/\/dhr.se\/stockholmslan\/wp-content\/uploads\/sites\/5\/2021\/12\/REGION-STOCKHOLM-orange-48-p.jpg\",\"contentUrl\":\"https:\/\/dhr.se\/stockholmslan\/wp-content\/uploads\/sites\/5\/2021\/12\/REGION-STOCKHOLM-orange-48-p.jpg\",\"width\":891,\"height\":694,\"caption\":\"DHR Region Stockholm\"},\"image\":{\"@id\":\"https:\/\/dhr.se\/stockholmslan\/#\/schema\/logo\/image\/\"},\"sameAs\":[\"https:\/\/www.facebook.com\/DHRStockholmsLan\",\"https:\/\/www.instagram.com\/dhr_sld\/\"]}]}<\/script>\n<!-- \/ Yoast SEO plugin. -->","yoast_head_json":{"title":"Ta chansen och g\u00e5 v\u00e5r Insiktsutbildning - DHR - Region Stockholm","robots":{"index":"index","follow":"follow","max-snippet":"max-snippet:-1","max-image-preview":"max-image-preview:large","max-video-preview":"max-video-preview:-1"},"canonical":"https:\/\/dhr.se\/stockholmslan\/om-dhr-stockholms-lans-distrikt\/ga-var-insiktsutbildning\/","og_locale":"sv_SE","og_type":"article","og_title":"Ta chansen och g\u00e5 v\u00e5r Insiktsutbildning - DHR - Region Stockholm","og_url":"https:\/\/dhr.se\/stockholmslan\/om-dhr-stockholms-lans-distrikt\/ga-var-insiktsutbildning\/","og_site_name":"DHR - Region Stockholm","article_publisher":"https:\/\/www.facebook.com\/DHRStockholmsLan","article_modified_time":"2022-08-16T08:59:23+00:00","twitter_card":"summary_large_image","schema":{"@context":"https:\/\/schema.org","@graph":[{"@type":"WebPage","@id":"https:\/\/dhr.se\/stockholmslan\/om-dhr-stockholms-lans-distrikt\/ga-var-insiktsutbildning\/","url":"https:\/\/dhr.se\/stockholmslan\/om-dhr-stockholms-lans-distrikt\/ga-var-insiktsutbildning\/","name":"Ta chansen och g\u00e5 v\u00e5r Insiktsutbildning - DHR - Region Stockholm","isPartOf":{"@id":"https:\/\/dhr.se\/stockholmslan\/#website"},"datePublished":"2020-04-23T08:19:46+00:00","dateModified":"2022-08-16T08:59:23+00:00","breadcrumb":{"@id":"https:\/\/dhr.se\/stockholmslan\/om-dhr-stockholms-lans-distrikt\/ga-var-insiktsutbildning\/#breadcrumb"},"inLanguage":"sv-SE","potentialAction":[{"@type":"ReadAction","target":["https:\/\/dhr.se\/stockholmslan\/om-dhr-stockholms-lans-distrikt\/ga-var-insiktsutbildning\/"]}]},{"@type":"BreadcrumbList","@id":"https:\/\/dhr.se\/stockholmslan\/om-dhr-stockholms-lans-distrikt\/ga-var-insiktsutbildning\/#breadcrumb","itemListElement":[{"@type":"ListItem","position":1,"name":"Hem","item":"https:\/\/dhr.se\/stockholmslan\/"},{"@type":"ListItem","position":2,"name":"Om oss","item":"https:\/\/dhr.se\/stockholmslan\/om-dhr-stockholms-lans-distrikt\/"},{"@type":"ListItem","position":3,"name":"Ta chansen och g\u00e5 v\u00e5r Insiktsutbildning"}]},{"@type":"WebSite","@id":"https:\/\/dhr.se\/stockholmslan\/#website","url":"https:\/\/dhr.se\/stockholmslan\/","name":"DHR - Region Stockholm","description":"Delaktighet - Handlingskraft - R\u00f6relsefrihet","publisher":{"@id":"https:\/\/dhr.se\/stockholmslan\/#organization"},"potentialAction":[{"@type":"SearchAction","target":{"@type":"EntryPoint","urlTemplate":"https:\/\/dhr.se\/stockholmslan\/?s={search_term_string}"},"query-input":{"@type":"PropertyValueSpecification","valueRequired":true,"valueName":"search_term_string"}}],"inLanguage":"sv-SE"},{"@type":"Organization","@id":"https:\/\/dhr.se\/stockholmslan\/#organization","name":"DHR Region Stockholm","url":"https:\/\/dhr.se\/stockholmslan\/","logo":{"@type":"ImageObject","inLanguage":"sv-SE","@id":"https:\/\/dhr.se\/stockholmslan\/#\/schema\/logo\/image\/","url":"https:\/\/dhr.se\/stockholmslan\/wp-content\/uploads\/sites\/5\/2021\/12\/REGION-STOCKHOLM-orange-48-p.jpg","contentUrl":"https:\/\/dhr.se\/stockholmslan\/wp-content\/uploads\/sites\/5\/2021\/12\/REGION-STOCKHOLM-orange-48-p.jpg","width":891,"height":694,"caption":"DHR Region Stockholm"},"image":{"@id":"https:\/\/dhr.se\/stockholmslan\/#\/schema\/logo\/image\/"},"sameAs":["https:\/\/www.facebook.com\/DHRStockholmsLan","https:\/\/www.instagram.com\/dhr_sld\/"]}]}},"publishpress_future_action":{"enabled":false,"date":"2026-04-29 04:10:45","action":"change-status","newStatus":"draft","terms":[],"taxonomy":"translation_priority","extraData":[]},"publishpress_future_workflow_manual_trigger":{"enabledWorkflows":[]},"_links":{"self":[{"href":"https:\/\/dhr.se\/stockholmslan\/wp-json\/wp\/v2\/pages\/1963","targetHints":{"allow":["GET"]}}],"collection":[{"href":"https:\/\/dhr.se\/stockholmslan\/wp-json\/wp\/v2\/pages"}],"about":[{"href":"https:\/\/dhr.se\/stockholmslan\/wp-json\/wp\/v2\/types\/page"}],"author":[{"embeddable":true,"href":"https:\/\/dhr.se\/stockholmslan\/wp-json\/wp\/v2\/users\/9"}],"replies":[{"embeddable":true,"href":"https:\/\/dhr.se\/stockholmslan\/wp-json\/wp\/v2\/comments?post=1963"}],"version-history":[{"count":0,"href":"https:\/\/dhr.se\/stockholmslan\/wp-json\/wp\/v2\/pages\/1963\/revisions"}],"up":[{"embeddable":true,"href":"https:\/\/dhr.se\/stockholmslan\/wp-json\/wp\/v2\/pages\/936"}],"wp:attachment":[{"href":"https:\/\/dhr.se\/stockholmslan\/wp-json\/wp\/v2\/media?parent=1963"}],"curies":[{"name":"wp","href":"https:\/\/api.w.org\/{rel}","templated":true}]}}